{"id":7301,"date":"2025-10-15T15:57:13","date_gmt":"2025-10-15T07:57:13","guid":{"rendered":"https:\/\/zleyholdings.com\/?post_type=product&#038;p=7301"},"modified":"2025-10-28T13:52:01","modified_gmt":"2025-10-28T05:52:01","slug":"salicilato-de-etilenoglicol","status":"publish","type":"product","link":"https:\/\/zleyholdings.com\/pt\/produtos\/salicilato-de-etilenoglicol\/","title":{"rendered":"Salicilato de etilenoglicol"},"content":{"rendered":"<p>Sin\u00f4nimos: Saliciloxietanol, Salicilato de 2-hidroxietila<br \/>\nN\u00ba CAS: 87-28-5<br \/>\nF\u00f3rmula molecular: C\u2089H\u2081\u2080O\u2084<br \/>\nPeso molecular: 182,17 g\/mol<br \/>\nO salicilato de etilenoglicol \u00e9 um \u00e9ster de \u00e1cido salic\u00edlico e etilenoglicol, amplamente utilizado como ingrediente farmac\u00eautico ativo, intermedi\u00e1rio e excipiente. Apresenta propriedades anti-inflamat\u00f3rias, analg\u00e9sicas e antiss\u00e9pticas leves. Al\u00e9m disso, atua como estabilizante e solvente em formula\u00e7\u00f5es farmac\u00eauticas e produtos cosm\u00e9ticos.<br \/>\nNosso salicilato de etilenoglicol \u00e9 produzido em instala\u00e7\u00f5es de fabrica\u00e7\u00e3o compat\u00edveis com GMP e certificadas pela ISO, garantindo alta pureza, baixas impurezas e fornecimento confi\u00e1vel para aplica\u00e7\u00f5es comerciais e de pesquisa.<\/p>","protected":false},"excerpt":{"rendered":"<p>Synonyms: Salicyloxyethanol, 2-Hydroxyethyl Salicylate CAS No.: 87-28-5 Molecular Formula: C\u2089H\u2081\u2080O\u2084 Molecular Weight: 182.17 g\/mol Ethylene Glycol Salicylate is an ester of salicylic acid and ethylene glycol, widely used as an active pharmaceutical ingredient intermediate, and excipient. It exhibits anti-inflammatory, analgesic, and mild antiseptic properties. In addition, it serves as a stabilizer and solvent in pharmaceutical [&hellip;]<\/p>","protected":false},"featured_media":4038,"comment_status":"open","ping_status":"closed","template":"","meta":{"_acf_changed":false,"site-sidebar-layout":"default","site-content-layout":"","ast-site-content-layout":"default","site-content-style":"default","site-sidebar-style":"default","ast-global-header-display":"","ast-banner-title-visibility":"","ast-main-header-display":"","ast-hfb-above-header-display":"","ast-hfb-below-header-display":"","ast-hfb-mobile-header-display":"","site-post-title":"","ast-breadcrumbs-content":"","ast-featured-img":"","footer-sml-layout":"","theme-transparent-header-meta":"default","adv-header-id-meta":"","stick-header-meta":"default","header-above-stick-meta":"","header-main-stick-meta":"","header-below-stick-meta":"","astra-migrate-meta-layouts":"set","ast-page-background-enabled":"default","ast-page-background-meta":{"desktop":{"background-color":"","background-image":"","background-repeat":"repeat","background-position":"center center","background-size":"auto","background-attachment":"scroll","background-type":"","background-media":"","overlay-type":"","overlay-color":"","overlay-opacity":"","overlay-gradient":""},"tablet":{"background-color":"","background-image":"","background-repeat":"repeat","background-position":"center center","background-size":"auto","background-attachment":"scroll","background-type":"","background-media":"","overlay-type":"","overlay-color":"","overlay-opacity":"","overlay-gradient":""},"mobile":{"background-color":"","background-image":"","background-repeat":"repeat","background-position":"center center","background-size":"auto","background-attachment":"scroll","background-type":"","background-media":"","overlay-type":"","overlay-color":"","overlay-opacity":"","overlay-gradient":""}},"ast-content-background-meta":{"desktop":{"background-color":"var(--ast-global-color-5)","background-image":"","background-repeat":"repeat","background-position":"center center","background-size":"auto","background-attachment":"scroll","background-type":"","background-media":"","overlay-type":"","overlay-color":"","overlay-opacity":"","overlay-gradient":""},"tablet":{"background-color":"var(--ast-global-color-5)","background-image":"","background-repeat":"repeat","background-position":"center center","background-size":"auto","background-attachment":"scroll","background-type":"","background-media":"","overlay-type":"","overlay-color":"","overlay-opacity":"","overlay-gradient":""},"mobile":{"background-color":"var(--ast-global-color-5)","background-image":"","background-repeat":"repeat","background-position":"center center","background-size":"auto","background-attachment":"scroll","background-type":"","background-media":"","overlay-type":"","overlay-color":"","overlay-opacity":"","overlay-gradient":""}}},"product_brand":[],"product_cat":[67],"product_tag":[],"class_list":{"0":"post-7301","1":"product","2":"type-product","3":"status-publish","4":"has-post-thumbnail","6":"product_cat-api","7":"desktop-align-left","8":"tablet-align-left","9":"mobile-align-left","11":"first","12":"instock","13":"shipping-taxable","14":"product-type-simple"},"acf":[],"_links":{"self":[{"href":"https:\/\/zleyholdings.com\/pt\/wp-json\/wp\/v2\/product\/7301","targetHints":{"allow":["GET"]}}],"collection":[{"href":"https:\/\/zleyholdings.com\/pt\/wp-json\/wp\/v2\/product"}],"about":[{"href":"https:\/\/zleyholdings.com\/pt\/wp-json\/wp\/v2\/types\/product"}],"replies":[{"embeddable":true,"href":"https:\/\/zleyholdings.com\/pt\/wp-json\/wp\/v2\/comments?post=7301"}],"wp:featuredmedia":[{"embeddable":true,"href":"https:\/\/zleyholdings.com\/pt\/wp-json\/wp\/v2\/media\/4038"}],"wp:attachment":[{"href":"https:\/\/zleyholdings.com\/pt\/wp-json\/wp\/v2\/media?parent=7301"}],"wp:term":[{"taxonomy":"product_brand","embeddable":true,"href":"https:\/\/zleyholdings.com\/pt\/wp-json\/wp\/v2\/product_brand?post=7301"},{"taxonomy":"product_cat","embeddable":true,"href":"https:\/\/zleyholdings.com\/pt\/wp-json\/wp\/v2\/product_cat?post=7301"},{"taxonomy":"product_tag","embeddable":true,"href":"https:\/\/zleyholdings.com\/pt\/wp-json\/wp\/v2\/product_tag?post=7301"}],"curies":[{"name":"wp","href":"https:\/\/api.w.org\/{rel}","templated":true}]}}