{"id":4333,"date":"2025-08-07T15:42:56","date_gmt":"2025-08-07T07:42:56","guid":{"rendered":"https:\/\/zleyholdings.com\/?post_type=product&#038;p=4333"},"modified":"2025-08-08T15:19:05","modified_gmt":"2025-08-08T07:19:05","slug":"zleycrealumen-pro","status":"publish","type":"product","link":"https:\/\/zleyholdings.com\/pt\/produtos\/zleycrealumen-pro\/","title":{"rendered":"ZLEY\u00aeCREALUMEN-PRO"},"content":{"rendered":"<p>Inibe a produ\u00e7\u00e3o de tirosinase, clareia e equilibra o tom da pele.<\/p>","protected":false},"excerpt":{"rendered":"<table style=\"height: 318px;\" width=\"916\">\n<tbody>\n<tr>\n<td width=\"208\"><strong>INCI:<\/strong><\/td>\n<td width=\"439\">1-Metil-hidanto\u00edna-2-imida, \u00e1cido hidroxietilpiperazina etanossulf\u00f4nico, gluconolactona, pantotenato de c\u00e1lcio, ferulato de arginina, extrato de casca de Salix Alba (salgueiro)<\/td>\n<\/tr>\n<tr>\n<td width=\"208\"><strong>Propriedades:<\/strong><\/td>\n<td width=\"439\">Inibe a produ\u00e7\u00e3o de tirosinase, clareia e equilibra o tom da pele.<\/td>\n<\/tr>\n<tr>\n<td width=\"208\"><strong>Apar\u00eancia:<\/strong><\/td>\n<td width=\"439\">P\u00f3 branco ou esbranqui\u00e7ado<\/td>\n<\/tr>\n<tr>\n<td width=\"208\"><strong>Dosagem recomendada:\u00a0 \u00a0 \u00a0 \u00a0<\/strong><\/td>\n<td width=\"414\">0.5-3.3%<\/td>\n<\/tr>\n<tr>\n<td width=\"208\"><strong>Solubilidade:<\/strong><\/td>\n<td width=\"439\">Sol\u00favel em \u00e1gua<\/td>\n<\/tr>\n<\/tbody>\n<\/table>","protected":false},"featured_media":4335,"comment_status":"open","ping_status":"closed","template":"","meta":{"_acf_changed":false,"site-sidebar-layout":"default","site-content-layout":"","ast-site-content-layout":"default","site-content-style":"default","site-sidebar-style":"default","ast-global-header-display":"","ast-banner-title-visibility":"","ast-main-header-display":"","ast-hfb-above-header-display":"","ast-hfb-below-header-display":"","ast-hfb-mobile-header-display":"","site-post-title":"","ast-breadcrumbs-content":"","ast-featured-img":"","footer-sml-layout":"","theme-transparent-header-meta":"default","adv-header-id-meta":"","stick-header-meta":"default","header-above-stick-meta":"","header-main-stick-meta":"","header-below-stick-meta":"","astra-migrate-meta-layouts":"set","ast-page-background-enabled":"default","ast-page-background-meta":{"desktop":{"background-color":"","background-image":"","background-repeat":"repeat","background-position":"center center","background-size":"auto","background-attachment":"scroll","background-type":"","background-media":"","overlay-type":"","overlay-color":"","overlay-opacity":"","overlay-gradient":""},"tablet":{"background-color":"","background-image":"","background-repeat":"repeat","background-position":"center center","background-size":"auto","background-attachment":"scroll","background-type":"","background-media":"","overlay-type":"","overlay-color":"","overlay-opacity":"","overlay-gradient":""},"mobile":{"background-color":"","background-image":"","background-repeat":"repeat","background-position":"center center","background-size":"auto","background-attachment":"scroll","background-type":"","background-media":"","overlay-type":"","overlay-color":"","overlay-opacity":"","overlay-gradient":""}},"ast-content-background-meta":{"desktop":{"background-color":"var(--ast-global-color-5)","background-image":"","background-repeat":"repeat","background-position":"center center","background-size":"auto","background-attachment":"scroll","background-type":"","background-media":"","overlay-type":"","overlay-color":"","overlay-opacity":"","overlay-gradient":""},"tablet":{"background-color":"var(--ast-global-color-5)","background-image":"","background-repeat":"repeat","background-position":"center center","background-size":"auto","background-attachment":"scroll","background-type":"","background-media":"","overlay-type":"","overlay-color":"","overlay-opacity":"","overlay-gradient":""},"mobile":{"background-color":"var(--ast-global-color-5)","background-image":"","background-repeat":"repeat","background-position":"center center","background-size":"auto","background-attachment":"scroll","background-type":"","background-media":"","overlay-type":"","overlay-color":"","overlay-opacity":"","overlay-gradient":""}}},"product_brand":[],"product_cat":[15],"product_tag":[],"class_list":{"0":"post-4333","1":"product","2":"type-product","3":"status-publish","4":"has-post-thumbnail","6":"product_cat-brightening","7":"desktop-align-left","8":"tablet-align-left","9":"mobile-align-left","11":"first","12":"instock","13":"shipping-taxable","14":"product-type-simple"},"acf":[],"_links":{"self":[{"href":"https:\/\/zleyholdings.com\/pt\/wp-json\/wp\/v2\/product\/4333","targetHints":{"allow":["GET"]}}],"collection":[{"href":"https:\/\/zleyholdings.com\/pt\/wp-json\/wp\/v2\/product"}],"about":[{"href":"https:\/\/zleyholdings.com\/pt\/wp-json\/wp\/v2\/types\/product"}],"replies":[{"embeddable":true,"href":"https:\/\/zleyholdings.com\/pt\/wp-json\/wp\/v2\/comments?post=4333"}],"wp:featuredmedia":[{"embeddable":true,"href":"https:\/\/zleyholdings.com\/pt\/wp-json\/wp\/v2\/media\/4335"}],"wp:attachment":[{"href":"https:\/\/zleyholdings.com\/pt\/wp-json\/wp\/v2\/media?parent=4333"}],"wp:term":[{"taxonomy":"product_brand","embeddable":true,"href":"https:\/\/zleyholdings.com\/pt\/wp-json\/wp\/v2\/product_brand?post=4333"},{"taxonomy":"product_cat","embeddable":true,"href":"https:\/\/zleyholdings.com\/pt\/wp-json\/wp\/v2\/product_cat?post=4333"},{"taxonomy":"product_tag","embeddable":true,"href":"https:\/\/zleyholdings.com\/pt\/wp-json\/wp\/v2\/product_tag?post=4333"}],"curies":[{"name":"wp","href":"https:\/\/api.w.org\/{rel}","templated":true}]}}