{"id":2986,"date":"2025-07-08T11:57:42","date_gmt":"2025-07-08T03:57:42","guid":{"rendered":"https:\/\/zleyholdings.com\/?post_type=product&#038;p=2986"},"modified":"2025-08-05T16:31:36","modified_gmt":"2025-08-05T08:31:36","slug":"zleyfreshenall-pla","status":"publish","type":"product","link":"https:\/\/zleyholdings.com\/pt\/produtos\/zleyfreshenall-pla\/","title":{"rendered":"ZLEY\u00aeFRESHENALL-PLA"},"content":{"rendered":"<p data-start=\"0\" data-end=\"260\"><strong data-start=\"0\" data-end=\"78\">Limpador de odores para humanos e animais de estima\u00e7\u00e3o \u2014 Equil\u00edbrio do microbioma, desodoriza\u00e7\u00e3o 24 horas<\/strong><br data-start=\"78\" data-end=\"81\" \/>Equilibra a microecologia da pele e reduz o crescimento de bact\u00e9rias causadoras de odores para remover odores desagrad\u00e1veis <strong data-start=\"184\" data-end=\"217\">na fonte dentro de 24 horas<\/strong>. <strong data-start=\"219\" data-end=\"232\">Cofre 100%<\/strong> para cuidados com o corpo e animais de estima\u00e7\u00e3o.<\/p>\n<p data-start=\"262\" data-end=\"278\"><strong data-start=\"262\" data-end=\"278\">Principais benef\u00edcios<\/strong><\/p>\n<ul data-start=\"279\" data-end=\"567\">\n<li data-start=\"279\" data-end=\"349\">\n<p data-start=\"281\" data-end=\"349\"><strong data-start=\"281\" data-end=\"306\">Equil\u00edbrio do microbioma:<\/strong> ajuda a restaurar um ambiente de pele saud\u00e1vel<\/p>\n<\/li>\n<li data-start=\"350\" data-end=\"433\">\n<p data-start=\"352\" data-end=\"433\"><strong data-start=\"352\" data-end=\"373\">Controle de bact\u00e9rias:<\/strong> diminui a prolifera\u00e7\u00e3o de micr\u00f3bios nocivos causadores de odores<\/p>\n<\/li>\n<li data-start=\"434\" data-end=\"506\">\n<p data-start=\"436\" data-end=\"506\"><strong data-start=\"436\" data-end=\"456\">Resultados de 24 horas:<\/strong> elimina o odor da raiz, n\u00e3o apenas mascarando<\/p>\n<\/li>\n<li data-start=\"507\" data-end=\"567\">\n<p data-start=\"509\" data-end=\"567\"><strong data-start=\"509\" data-end=\"530\">Seguro para humanos e animais de estima\u00e7\u00e3o:<\/strong> suave para uso di\u00e1rio na pele e no pelo<\/p>\n<\/li>\n<\/ul>","protected":false},"excerpt":{"rendered":"<div class=\"number\">\n<table width=\"647\">\n<tbody>\n<tr>\n<td width=\"208\"><strong>INCI:<\/strong><\/td>\n<td width=\"439\">Vinagre de bambu, inulina, extrato de folha de Biota Orientalis, propanodiol, 1,2-hexanodiol, hidroxiacetofenona, \u00e1gua<\/td>\n<\/tr>\n<tr>\n<td width=\"208\"><strong>Propriedades:<\/strong><\/td>\n<td width=\"439\"><strong><em>LIMPADOR DE ODORES PARA HUMANOS E ANIMAIS DE ESTIMA\u00c7\u00c3O<\/em><\/strong><br \/>\nEquilibra a microecologia da pele e diminui a prolifera\u00e7\u00e3o de bact\u00e9rias nocivas. 24 horas para remover o mau odor da raiz profunda. 100% seguro para cuidados com o corpo e animais de estima\u00e7\u00e3o.<\/td>\n<\/tr>\n<tr>\n<td width=\"208\"><strong>Apar\u00eancia:<\/strong><\/td>\n<td width=\"439\">L\u00edquido marrom<\/td>\n<\/tr>\n<tr>\n<td width=\"208\"><strong>Dosagem recomendada:<\/strong><\/td>\n<td width=\"439\">2.0-10.0%<\/td>\n<\/tr>\n<tr>\n<td width=\"208\"><strong>Solubilidade:<\/strong><\/td>\n<td width=\"439\">Sol\u00favel em \u00e1gua<\/td>\n<\/tr>\n<\/tbody>\n<\/table>\n<\/div>","protected":false},"featured_media":4058,"comment_status":"open","ping_status":"closed","template":"","meta":{"_acf_changed":false,"site-sidebar-layout":"default","site-content-layout":"","ast-site-content-layout":"default","site-content-style":"default","site-sidebar-style":"default","ast-global-header-display":"","ast-banner-title-visibility":"","ast-main-header-display":"","ast-hfb-above-header-display":"","ast-hfb-below-header-display":"","ast-hfb-mobile-header-display":"","site-post-title":"","ast-breadcrumbs-content":"","ast-featured-img":"","footer-sml-layout":"","theme-transparent-header-meta":"default","adv-header-id-meta":"","stick-header-meta":"default","header-above-stick-meta":"","header-main-stick-meta":"","header-below-stick-meta":"","astra-migrate-meta-layouts":"set","ast-page-background-enabled":"default","ast-page-background-meta":{"desktop":{"background-color":"","background-image":"","background-repeat":"repeat","background-position":"center center","background-size":"auto","background-attachment":"scroll","background-type":"","background-media":"","overlay-type":"","overlay-color":"","overlay-opacity":"","overlay-gradient":""},"tablet":{"background-color":"","background-image":"","background-repeat":"repeat","background-position":"center center","background-size":"auto","background-attachment":"scroll","background-type":"","background-media":"","overlay-type":"","overlay-color":"","overlay-opacity":"","overlay-gradient":""},"mobile":{"background-color":"","background-image":"","background-repeat":"repeat","background-position":"center center","background-size":"auto","background-attachment":"scroll","background-type":"","background-media":"","overlay-type":"","overlay-color":"","overlay-opacity":"","overlay-gradient":""}},"ast-content-background-meta":{"desktop":{"background-color":"var(--ast-global-color-5)","background-image":"","background-repeat":"repeat","background-position":"center center","background-size":"auto","background-attachment":"scroll","background-type":"","background-media":"","overlay-type":"","overlay-color":"","overlay-opacity":"","overlay-gradient":""},"tablet":{"background-color":"var(--ast-global-color-5)","background-image":"","background-repeat":"repeat","background-position":"center center","background-size":"auto","background-attachment":"scroll","background-type":"","background-media":"","overlay-type":"","overlay-color":"","overlay-opacity":"","overlay-gradient":""},"mobile":{"background-color":"var(--ast-global-color-5)","background-image":"","background-repeat":"repeat","background-position":"center center","background-size":"auto","background-attachment":"scroll","background-type":"","background-media":"","overlay-type":"","overlay-color":"","overlay-opacity":"","overlay-gradient":""}}},"product_brand":[],"product_cat":[30],"product_tag":[],"class_list":{"0":"post-2986","1":"product","2":"type-product","3":"status-publish","4":"has-post-thumbnail","6":"product_cat-oral-and-deodorization","7":"desktop-align-left","8":"tablet-align-left","9":"mobile-align-left","11":"first","12":"instock","13":"shipping-taxable","14":"product-type-simple"},"acf":[],"_links":{"self":[{"href":"https:\/\/zleyholdings.com\/pt\/wp-json\/wp\/v2\/product\/2986","targetHints":{"allow":["GET"]}}],"collection":[{"href":"https:\/\/zleyholdings.com\/pt\/wp-json\/wp\/v2\/product"}],"about":[{"href":"https:\/\/zleyholdings.com\/pt\/wp-json\/wp\/v2\/types\/product"}],"replies":[{"embeddable":true,"href":"https:\/\/zleyholdings.com\/pt\/wp-json\/wp\/v2\/comments?post=2986"}],"wp:featuredmedia":[{"embeddable":true,"href":"https:\/\/zleyholdings.com\/pt\/wp-json\/wp\/v2\/media\/4058"}],"wp:attachment":[{"href":"https:\/\/zleyholdings.com\/pt\/wp-json\/wp\/v2\/media?parent=2986"}],"wp:term":[{"taxonomy":"product_brand","embeddable":true,"href":"https:\/\/zleyholdings.com\/pt\/wp-json\/wp\/v2\/product_brand?post=2986"},{"taxonomy":"product_cat","embeddable":true,"href":"https:\/\/zleyholdings.com\/pt\/wp-json\/wp\/v2\/product_cat?post=2986"},{"taxonomy":"product_tag","embeddable":true,"href":"https:\/\/zleyholdings.com\/pt\/wp-json\/wp\/v2\/product_tag?post=2986"}],"curies":[{"name":"wp","href":"https:\/\/api.w.org\/{rel}","templated":true}]}}