{"id":2985,"date":"2025-07-08T11:54:07","date_gmt":"2025-07-08T03:54:07","guid":{"rendered":"https:\/\/zleyholdings.com\/?post_type=product&#038;p=2985"},"modified":"2025-09-29T13:53:40","modified_gmt":"2025-09-29T05:53:40","slug":"zleyorafina","status":"publish","type":"product","link":"https:\/\/zleyholdings.com\/pt\/produtos\/zleyorafina\/","title":{"rendered":"ZLEY\u00aeORAFINE"},"content":{"rendered":"<p data-start=\"0\" data-end=\"283\">A hidroxipropilciclodextrina \u00e9 uma ciclodextrina modificada amplamente utilizada em formula\u00e7\u00f5es de cosm\u00e9ticos e cuidados com a pele. Ela atua como um potencializador de libera\u00e7\u00e3o, ajudando os ingredientes ativos a penetrarem na pele com mais efic\u00e1cia e melhorando sua estabilidade.<\/p>\n<p data-start=\"285\" data-end=\"297\"><strong data-start=\"285\" data-end=\"297\">Benef\u00edcios<\/strong><\/p>\n<ul data-start=\"298\" data-end=\"538\">\n<li data-start=\"298\" data-end=\"352\">\n<p data-start=\"300\" data-end=\"352\">Neutraliza\u00e7\u00e3o r\u00e1pida de VSC para al\u00edvio r\u00e1pido da halitose<\/p>\n<\/li>\n<li data-start=\"353\" data-end=\"411\">\n<p data-start=\"355\" data-end=\"411\">Reduz as bact\u00e9rias causadoras de odores para evitar o cheiro rebote<\/p>\n<\/li>\n<li data-start=\"412\" data-end=\"477\">\n<p data-start=\"414\" data-end=\"477\">F\u00f3rmula limpa; uso di\u00e1rio suave (sensa\u00e7\u00e3o n\u00e3o agressiva e confort\u00e1vel)<\/p>\n<\/li>\n<li data-start=\"478\" data-end=\"538\">\n<p data-start=\"480\" data-end=\"538\">Frescor floral natural sem gosto residual avassalador<\/p>\n<\/li>\n<\/ul>","protected":false},"excerpt":{"rendered":"<div class=\"number\">\n<table width=\"647\">\n<tbody>\n<tr>\n<td width=\"208\"><strong>INCI:<\/strong><\/td>\n<td width=\"439\">Vinagre de bambu, hidroxipropil ciclodextrina, \u00e1gua de flor de rosa damascena, 1,2-hexanodiol, hidroxiacetofenona, \u00e1gua<\/td>\n<\/tr>\n<tr>\n<td width=\"208\"><strong>Propriedades:<\/strong><\/td>\n<td width=\"439\"><strong><em>H\u00c1LITO FRESCO, A SORTE COME\u00c7A<\/em><\/strong><\/p>\n<p>Inibe a causa do odor desagrad\u00e1vel em 5 minutos com 99.61%, reduzindo a produ\u00e7\u00e3o de bact\u00e9rias nocivas e VSCs. Aroma naturalmente floral e f\u00f3rmula limpa.<\/td>\n<\/tr>\n<tr>\n<td width=\"208\"><strong>Apar\u00eancia:<\/strong><\/td>\n<td width=\"439\">L\u00edquido marrom<\/td>\n<\/tr>\n<tr>\n<td width=\"208\"><strong>Dosagem recomendada:<\/strong><\/td>\n<td width=\"439\">2.0-9.5%<\/td>\n<\/tr>\n<tr>\n<td width=\"208\"><strong>Solubilidade:<\/strong><\/td>\n<td width=\"439\">Sol\u00favel em \u00e1gua<\/td>\n<\/tr>\n<\/tbody>\n<\/table>\n<\/div>","protected":false},"featured_media":4058,"comment_status":"open","ping_status":"closed","template":"","meta":{"_acf_changed":false,"site-sidebar-layout":"default","site-content-layout":"","ast-site-content-layout":"default","site-content-style":"default","site-sidebar-style":"default","ast-global-header-display":"","ast-banner-title-visibility":"","ast-main-header-display":"","ast-hfb-above-header-display":"","ast-hfb-below-header-display":"","ast-hfb-mobile-header-display":"","site-post-title":"","ast-breadcrumbs-content":"","ast-featured-img":"","footer-sml-layout":"","theme-transparent-header-meta":"default","adv-header-id-meta":"","stick-header-meta":"default","header-above-stick-meta":"","header-main-stick-meta":"","header-below-stick-meta":"","astra-migrate-meta-layouts":"set","ast-page-background-enabled":"default","ast-page-background-meta":{"desktop":{"background-color":"","background-image":"","background-repeat":"repeat","background-position":"center center","background-size":"auto","background-attachment":"scroll","background-type":"","background-media":"","overlay-type":"","overlay-color":"","overlay-opacity":"","overlay-gradient":""},"tablet":{"background-color":"","background-image":"","background-repeat":"repeat","background-position":"center center","background-size":"auto","background-attachment":"scroll","background-type":"","background-media":"","overlay-type":"","overlay-color":"","overlay-opacity":"","overlay-gradient":""},"mobile":{"background-color":"","background-image":"","background-repeat":"repeat","background-position":"center center","background-size":"auto","background-attachment":"scroll","background-type":"","background-media":"","overlay-type":"","overlay-color":"","overlay-opacity":"","overlay-gradient":""}},"ast-content-background-meta":{"desktop":{"background-color":"var(--ast-global-color-5)","background-image":"","background-repeat":"repeat","background-position":"center center","background-size":"auto","background-attachment":"scroll","background-type":"","background-media":"","overlay-type":"","overlay-color":"","overlay-opacity":"","overlay-gradient":""},"tablet":{"background-color":"var(--ast-global-color-5)","background-image":"","background-repeat":"repeat","background-position":"center center","background-size":"auto","background-attachment":"scroll","background-type":"","background-media":"","overlay-type":"","overlay-color":"","overlay-opacity":"","overlay-gradient":""},"mobile":{"background-color":"var(--ast-global-color-5)","background-image":"","background-repeat":"repeat","background-position":"center center","background-size":"auto","background-attachment":"scroll","background-type":"","background-media":"","overlay-type":"","overlay-color":"","overlay-opacity":"","overlay-gradient":""}}},"product_brand":[],"product_cat":[30],"product_tag":[],"class_list":{"0":"post-2985","1":"product","2":"type-product","3":"status-publish","4":"has-post-thumbnail","6":"product_cat-oral-and-deodorization","7":"desktop-align-left","8":"tablet-align-left","9":"mobile-align-left","11":"first","12":"instock","13":"shipping-taxable","14":"product-type-simple"},"acf":[],"_links":{"self":[{"href":"https:\/\/zleyholdings.com\/pt\/wp-json\/wp\/v2\/product\/2985","targetHints":{"allow":["GET"]}}],"collection":[{"href":"https:\/\/zleyholdings.com\/pt\/wp-json\/wp\/v2\/product"}],"about":[{"href":"https:\/\/zleyholdings.com\/pt\/wp-json\/wp\/v2\/types\/product"}],"replies":[{"embeddable":true,"href":"https:\/\/zleyholdings.com\/pt\/wp-json\/wp\/v2\/comments?post=2985"}],"wp:featuredmedia":[{"embeddable":true,"href":"https:\/\/zleyholdings.com\/pt\/wp-json\/wp\/v2\/media\/4058"}],"wp:attachment":[{"href":"https:\/\/zleyholdings.com\/pt\/wp-json\/wp\/v2\/media?parent=2985"}],"wp:term":[{"taxonomy":"product_brand","embeddable":true,"href":"https:\/\/zleyholdings.com\/pt\/wp-json\/wp\/v2\/product_brand?post=2985"},{"taxonomy":"product_cat","embeddable":true,"href":"https:\/\/zleyholdings.com\/pt\/wp-json\/wp\/v2\/product_cat?post=2985"},{"taxonomy":"product_tag","embeddable":true,"href":"https:\/\/zleyholdings.com\/pt\/wp-json\/wp\/v2\/product_tag?post=2985"}],"curies":[{"name":"wp","href":"https:\/\/api.w.org\/{rel}","templated":true}]}}