{"id":2968,"date":"2025-07-08T10:41:34","date_gmt":"2025-07-08T02:41:34","guid":{"rendered":"https:\/\/zleyholdings.com\/?post_type=product&#038;p=2968"},"modified":"2025-09-29T14:14:42","modified_gmt":"2025-09-29T06:14:42","slug":"zleyhpr-10","status":"publish","type":"product","link":"https:\/\/zleyholdings.com\/pt\/produtos\/zleyhpr-10\/","title":{"rendered":"ZLEY\u00aeHPR-10"},"content":{"rendered":"<p><strong data-start=\"121\" data-end=\"194\">Aumenta a produ\u00e7\u00e3o de col\u00e1geno, suaviza rugas e clareia o tom da pele<\/strong><br data-start=\"194\" data-end=\"197\" \/>O Retinoato de Hidroxipinacolona (HPR) \u00e9 uma forma est\u00e1vel de \u00faltima gera\u00e7\u00e3o de derivado da vitamina A, usado em cuidados com a pele para reduzir linhas finas, rugas e tom de pele irregular. Ao contr\u00e1rio do retinol tradicional, o HPR proporciona resultados eficazes com menor irrita\u00e7\u00e3o.<br data-start=\"513\" data-end=\"516\" \/>Al\u00e9m disso, ele <strong data-start=\"532\" data-end=\"563\">inibe a produ\u00e7\u00e3o de melanina<\/strong>, ajudando a <strong data-start=\"576\" data-end=\"617\">atenua manchas escuras e hiperpigmenta\u00e7\u00e3o<\/strong> ao mesmo tempo em que melhora a clareza e a luminosidade da pele.<br data-start=\"660\" data-end=\"663\" \/>Ideal para quem busca uma vis\u00e3o completa <strong data-start=\"703\" data-end=\"751\">solu\u00e7\u00e3o antienvelhecimento e iluminadora para cuidados com a pele<\/strong>.<\/p>","protected":false},"excerpt":{"rendered":"<div class=\"number\">\n<table width=\"622\">\n<tbody>\n<tr>\n<td width=\"208\"><strong>INCI:<\/strong><\/td>\n<td width=\"414\">Retinoato de hidroxipinacolona, dimetil isossorbida<\/td>\n<\/tr>\n<tr>\n<td width=\"208\"><strong>Propriedades:<\/strong><\/td>\n<td width=\"414\">Promove a s\u00edntese de col\u00e1geno da pele e reduz rugas e linhas finas. Uma \u00f3tima recomenda\u00e7\u00e3o para acelerar o metabolismo dos queratin\u00f3citos e inibir a produ\u00e7\u00e3o de melanina.<\/td>\n<\/tr>\n<tr>\n<td width=\"208\"><strong>Apar\u00eancia:<\/strong><\/td>\n<td width=\"414\">L\u00edquido amarelo<\/td>\n<\/tr>\n<tr>\n<td width=\"208\"><strong>Dosagem recomendada:<\/strong><\/td>\n<td width=\"414\">0.01-3.0%<\/td>\n<\/tr>\n<tr>\n<td width=\"208\"><strong>Solubilidade:<\/strong><\/td>\n<td width=\"414\">Sol\u00favel em \u00f3leo<\/td>\n<\/tr>\n<\/tbody>\n<\/table>\n<\/div>","protected":false},"featured_media":4031,"comment_status":"open","ping_status":"closed","template":"","meta":{"_acf_changed":false,"site-sidebar-layout":"default","site-content-layout":"","ast-site-content-layout":"default","site-content-style":"default","site-sidebar-style":"default","ast-global-header-display":"","ast-banner-title-visibility":"","ast-main-header-display":"","ast-hfb-above-header-display":"","ast-hfb-below-header-display":"","ast-hfb-mobile-header-display":"","site-post-title":"","ast-breadcrumbs-content":"","ast-featured-img":"","footer-sml-layout":"","theme-transparent-header-meta":"default","adv-header-id-meta":"","stick-header-meta":"default","header-above-stick-meta":"","header-main-stick-meta":"","header-below-stick-meta":"","astra-migrate-meta-layouts":"set","ast-page-background-enabled":"default","ast-page-background-meta":{"desktop":{"background-color":"","background-image":"","background-repeat":"repeat","background-position":"center center","background-size":"auto","background-attachment":"scroll","background-type":"","background-media":"","overlay-type":"","overlay-color":"","overlay-opacity":"","overlay-gradient":""},"tablet":{"background-color":"","background-image":"","background-repeat":"repeat","background-position":"center center","background-size":"auto","background-attachment":"scroll","background-type":"","background-media":"","overlay-type":"","overlay-color":"","overlay-opacity":"","overlay-gradient":""},"mobile":{"background-color":"","background-image":"","background-repeat":"repeat","background-position":"center center","background-size":"auto","background-attachment":"scroll","background-type":"","background-media":"","overlay-type":"","overlay-color":"","overlay-opacity":"","overlay-gradient":""}},"ast-content-background-meta":{"desktop":{"background-color":"var(--ast-global-color-5)","background-image":"","background-repeat":"repeat","background-position":"center center","background-size":"auto","background-attachment":"scroll","background-type":"","background-media":"","overlay-type":"","overlay-color":"","overlay-opacity":"","overlay-gradient":""},"tablet":{"background-color":"var(--ast-global-color-5)","background-image":"","background-repeat":"repeat","background-position":"center center","background-size":"auto","background-attachment":"scroll","background-type":"","background-media":"","overlay-type":"","overlay-color":"","overlay-opacity":"","overlay-gradient":""},"mobile":{"background-color":"var(--ast-global-color-5)","background-image":"","background-repeat":"repeat","background-position":"center center","background-size":"auto","background-attachment":"scroll","background-type":"","background-media":"","overlay-type":"","overlay-color":"","overlay-opacity":"","overlay-gradient":""}}},"product_brand":[],"product_cat":[25],"product_tag":[],"class_list":{"0":"post-2968","1":"product","2":"type-product","3":"status-publish","4":"has-post-thumbnail","6":"product_cat-anti-photoageing","7":"desktop-align-left","8":"tablet-align-left","9":"mobile-align-left","11":"first","12":"instock","13":"shipping-taxable","14":"product-type-simple"},"acf":[],"_links":{"self":[{"href":"https:\/\/zleyholdings.com\/pt\/wp-json\/wp\/v2\/product\/2968","targetHints":{"allow":["GET"]}}],"collection":[{"href":"https:\/\/zleyholdings.com\/pt\/wp-json\/wp\/v2\/product"}],"about":[{"href":"https:\/\/zleyholdings.com\/pt\/wp-json\/wp\/v2\/types\/product"}],"replies":[{"embeddable":true,"href":"https:\/\/zleyholdings.com\/pt\/wp-json\/wp\/v2\/comments?post=2968"}],"wp:featuredmedia":[{"embeddable":true,"href":"https:\/\/zleyholdings.com\/pt\/wp-json\/wp\/v2\/media\/4031"}],"wp:attachment":[{"href":"https:\/\/zleyholdings.com\/pt\/wp-json\/wp\/v2\/media?parent=2968"}],"wp:term":[{"taxonomy":"product_brand","embeddable":true,"href":"https:\/\/zleyholdings.com\/pt\/wp-json\/wp\/v2\/product_brand?post=2968"},{"taxonomy":"product_cat","embeddable":true,"href":"https:\/\/zleyholdings.com\/pt\/wp-json\/wp\/v2\/product_cat?post=2968"},{"taxonomy":"product_tag","embeddable":true,"href":"https:\/\/zleyholdings.com\/pt\/wp-json\/wp\/v2\/product_tag?post=2968"}],"curies":[{"name":"wp","href":"https:\/\/api.w.org\/{rel}","templated":true}]}}