{"id":2967,"date":"2025-07-08T10:38:31","date_gmt":"2025-07-08T02:38:31","guid":{"rendered":"https:\/\/zleyholdings.com\/?post_type=product&#038;p=2967"},"modified":"2025-09-01T14:14:02","modified_gmt":"2025-09-01T06:14:02","slug":"zleyluxaigis","status":"publish","type":"product","link":"https:\/\/zleyholdings.com\/pt\/produtos\/zleyluxaigis\/","title":{"rendered":"ZLEY\u00aeLUXAIGIS"},"content":{"rendered":"<p data-start=\"29\" data-end=\"162\"><strong data-start=\"29\" data-end=\"84\">AMPK Cell Charger e PPARs Skin\u2011Barrier Repair S\u00e9rum<\/strong><br data-start=\"84\" data-end=\"87\" \/>Enriquecida com uma mistura tripla de \u00f3leos bot\u00e2nicos ricos em \u00f4mega, esta f\u00f3rmula avan\u00e7ada:<\/p>\n<ol data-start=\"164\" data-end=\"556\">\n<li data-start=\"164\" data-end=\"282\">\n<p data-start=\"167\" data-end=\"282\"><strong data-start=\"167\" data-end=\"205\">Neutraliza estressores inflamat\u00f3rios<\/strong> em tr\u00eas etapas espec\u00edficas, purificando os poros e bloqueando os danos dos radicais livres.<\/p>\n<\/li>\n<li data-start=\"283\" data-end=\"431\">\n<p data-start=\"286\" data-end=\"431\"><strong data-start=\"286\" data-end=\"324\">Reativa as vias celulares da AMPK<\/strong> e <strong data-start=\"329\" data-end=\"355\">Sinaliza\u00e7\u00e3o lip\u00eddica de PPARs<\/strong>, estimulando a renova\u00e7\u00e3o celular saud\u00e1vel para uma pele visivelmente mais forte e lisa.<\/p>\n<\/li>\n<li data-start=\"432\" data-end=\"556\">\n<p data-start=\"435\" data-end=\"556\"><strong data-start=\"435\" data-end=\"486\">Rep\u00f5e ceramidas essenciais e \u00e1cidos graxos<\/strong>, restaurando o reservat\u00f3rio de umidade da barreira da pele de dentro para fora.<\/p>\n<\/li>\n<\/ol>\n<p data-start=\"558\" data-end=\"745\">Clinicamente comprovado que atenua a vermelhid\u00e3o, repara microfissuras e reduz linhas finas, o s\u00e9rum proporciona uma recupera\u00e7\u00e3o r\u00e1pida e sem irrita\u00e7\u00e3o para peles propensas \u00e0 acne, sensibilizadas e envelhecidas prematuramente.<\/p>","protected":false},"excerpt":{"rendered":"<div class=\"number\">\n<table width=\"622\">\n<tbody>\n<tr>\n<td width=\"208\"><strong>INCI:<\/strong><\/td>\n<td width=\"414\">\u00c1cido fer\u00falico, dietilhexil siringilidenomalonato, triglicer\u00eddeo capr\u00edlico\/c\u00e1prico, dimetil isossorbida<\/td>\n<\/tr>\n<tr>\n<td width=\"208\"><strong>Propriedades:<\/strong><\/td>\n<td width=\"414\"><strong><em>CHAVE PARA ESTIMULAR A VIA DE SINALIZA\u00c7\u00c3O Nrf2<\/em><\/strong><\/p>\n<p>A Nova Era do \u00c1cido Fer\u00falico \u2013 Estabilidade Superior, Melhor Absor\u00e7\u00e3o pela Pele. Desenvolvido para peles fatigadas e danificadas por raios UV.<\/td>\n<\/tr>\n<tr>\n<td width=\"208\"><strong>Apar\u00eancia:<\/strong><\/td>\n<td width=\"414\">L\u00edquido amarelo claro<\/td>\n<\/tr>\n<tr>\n<td width=\"208\"><strong>Dosagem recomendada:<\/strong><\/td>\n<td width=\"414\">1.0-5.0%<\/td>\n<\/tr>\n<tr>\n<td width=\"208\"><strong>Solubilidade:<\/strong><\/td>\n<td width=\"414\">Sol\u00favel em \u00e1lcool<\/td>\n<\/tr>\n<\/tbody>\n<\/table>\n<\/div>","protected":false},"featured_media":4016,"comment_status":"open","ping_status":"closed","template":"","meta":{"_acf_changed":false,"site-sidebar-layout":"default","site-content-layout":"","ast-site-content-layout":"default","site-content-style":"default","site-sidebar-style":"default","ast-global-header-display":"","ast-banner-title-visibility":"","ast-main-header-display":"","ast-hfb-above-header-display":"","ast-hfb-below-header-display":"","ast-hfb-mobile-header-display":"","site-post-title":"","ast-breadcrumbs-content":"","ast-featured-img":"","footer-sml-layout":"","theme-transparent-header-meta":"default","adv-header-id-meta":"","stick-header-meta":"default","header-above-stick-meta":"","header-main-stick-meta":"","header-below-stick-meta":"","astra-migrate-meta-layouts":"set","ast-page-background-enabled":"default","ast-page-background-meta":{"desktop":{"background-color":"","background-image":"","background-repeat":"repeat","background-position":"center center","background-size":"auto","background-attachment":"scroll","background-type":"","background-media":"","overlay-type":"","overlay-color":"","overlay-opacity":"","overlay-gradient":""},"tablet":{"background-color":"","background-image":"","background-repeat":"repeat","background-position":"center center","background-size":"auto","background-attachment":"scroll","background-type":"","background-media":"","overlay-type":"","overlay-color":"","overlay-opacity":"","overlay-gradient":""},"mobile":{"background-color":"","background-image":"","background-repeat":"repeat","background-position":"center center","background-size":"auto","background-attachment":"scroll","background-type":"","background-media":"","overlay-type":"","overlay-color":"","overlay-opacity":"","overlay-gradient":""}},"ast-content-background-meta":{"desktop":{"background-color":"var(--ast-global-color-5)","background-image":"","background-repeat":"repeat","background-position":"center center","background-size":"auto","background-attachment":"scroll","background-type":"","background-media":"","overlay-type":"","overlay-color":"","overlay-opacity":"","overlay-gradient":""},"tablet":{"background-color":"var(--ast-global-color-5)","background-image":"","background-repeat":"repeat","background-position":"center center","background-size":"auto","background-attachment":"scroll","background-type":"","background-media":"","overlay-type":"","overlay-color":"","overlay-opacity":"","overlay-gradient":""},"mobile":{"background-color":"var(--ast-global-color-5)","background-image":"","background-repeat":"repeat","background-position":"center center","background-size":"auto","background-attachment":"scroll","background-type":"","background-media":"","overlay-type":"","overlay-color":"","overlay-opacity":"","overlay-gradient":""}}},"product_brand":[],"product_cat":[25],"product_tag":[],"class_list":{"0":"post-2967","1":"product","2":"type-product","3":"status-publish","4":"has-post-thumbnail","6":"product_cat-anti-photoageing","7":"desktop-align-left","8":"tablet-align-left","9":"mobile-align-left","11":"first","12":"instock","13":"shipping-taxable","14":"product-type-simple"},"acf":[],"_links":{"self":[{"href":"https:\/\/zleyholdings.com\/pt\/wp-json\/wp\/v2\/product\/2967","targetHints":{"allow":["GET"]}}],"collection":[{"href":"https:\/\/zleyholdings.com\/pt\/wp-json\/wp\/v2\/product"}],"about":[{"href":"https:\/\/zleyholdings.com\/pt\/wp-json\/wp\/v2\/types\/product"}],"replies":[{"embeddable":true,"href":"https:\/\/zleyholdings.com\/pt\/wp-json\/wp\/v2\/comments?post=2967"}],"wp:featuredmedia":[{"embeddable":true,"href":"https:\/\/zleyholdings.com\/pt\/wp-json\/wp\/v2\/media\/4016"}],"wp:attachment":[{"href":"https:\/\/zleyholdings.com\/pt\/wp-json\/wp\/v2\/media?parent=2967"}],"wp:term":[{"taxonomy":"product_brand","embeddable":true,"href":"https:\/\/zleyholdings.com\/pt\/wp-json\/wp\/v2\/product_brand?post=2967"},{"taxonomy":"product_cat","embeddable":true,"href":"https:\/\/zleyholdings.com\/pt\/wp-json\/wp\/v2\/product_cat?post=2967"},{"taxonomy":"product_tag","embeddable":true,"href":"https:\/\/zleyholdings.com\/pt\/wp-json\/wp\/v2\/product_tag?post=2967"}],"curies":[{"name":"wp","href":"https:\/\/api.w.org\/{rel}","templated":true}]}}