{"id":2966,"date":"2025-07-08T10:34:35","date_gmt":"2025-07-08T02:34:35","guid":{"rendered":"https:\/\/zleyholdings.com\/?post_type=product&#038;p=2966"},"modified":"2025-09-01T14:12:49","modified_gmt":"2025-09-01T06:12:49","slug":"zleyfupolurry","status":"publish","type":"product","link":"https:\/\/zleyholdings.com\/pt\/produtos\/zleyfupolurry\/","title":{"rendered":"ZLEY\u00aeFUPOLURY"},"content":{"rendered":"<p><strong data-start=\"225\" data-end=\"279\">Solu\u00e7\u00e3o multifuncional para cuidados com a pele anti-fotodanos<\/strong><br data-start=\"279\" data-end=\"282\" \/>Esta f\u00f3rmula avan\u00e7ada para cuidados com a pele apresenta um <strong data-start=\"324\" data-end=\"355\">sistema de penetra\u00e7\u00e3o patenteado<\/strong> projetado para <strong data-start=\"368\" data-end=\"428\">aumentar a absor\u00e7\u00e3o e efic\u00e1cia do \u00e1cido fer\u00falico<\/strong>, um poderoso antioxidante conhecido por sua capacidade de combater os radicais livres e <strong data-start=\"503\" data-end=\"547\">reparar danos causados pela exposi\u00e7\u00e3o aos raios UV<\/strong>.<br data-start=\"548\" data-end=\"551\" \/>Ao aumentar a entrega de \u00e1cido fer\u00falico profundamente na pele, esta inova\u00e7\u00e3o oferece suporte <strong data-start=\"630\" data-end=\"703\">melhora vis\u00edvel na firmeza, elasticidade e textura geral da pele<\/strong>. Os resultados cl\u00ednicos mostram que com o uso consistente, <strong data-start=\"753\" data-end=\"829\">a pele fica visivelmente mais macia, suave e firme em apenas 4 semanas<\/strong>. Ideal para quem busca <strong data-start=\"855\" data-end=\"878\">benef\u00edcios antienvelhecimento<\/strong> e <strong data-start=\"883\" data-end=\"932\">defesa di\u00e1ria contra estressores ambientais<\/strong>.<\/p>","protected":false},"excerpt":{"rendered":"<div class=\"number\">\n<table width=\"622\">\n<tbody>\n<tr>\n<td width=\"208\"><strong>INCI:<\/strong><\/td>\n<td width=\"414\">\u00c1cido fer\u00falico, dietilhexil siringilidenomalonato, lecitina hidrogenada, triglicer\u00eddeo capr\u00edlico\/c\u00e1prico, cera alba<\/td>\n<\/tr>\n<tr>\n<td width=\"208\"><strong>Propriedades:<\/strong><\/td>\n<td width=\"414\"><strong><em>INOVA\u00c7\u00c3O MULTIFUNCIONAL CONTRA FOTODANOS<\/em><\/strong><\/p>\n<p>Sistema de penetra\u00e7\u00e3o patenteado que potencializa a efic\u00e1cia do \u00e1cido fer\u00falico. Melhora a maciez e a firmeza da pele em 4 semanas.<\/td>\n<\/tr>\n<tr>\n<td width=\"208\"><strong>Apar\u00eancia:<\/strong><\/td>\n<td width=\"414\">Pasta de gel transl\u00facida amarelo claro a amarelo<\/td>\n<\/tr>\n<tr>\n<td width=\"208\"><strong>Dosagem recomendada:<\/strong><\/td>\n<td width=\"414\">0.2-2.5%<\/td>\n<\/tr>\n<tr>\n<td width=\"208\"><strong>Solubilidade:<\/strong><\/td>\n<td width=\"414\">Sol\u00favel em \u00f3leo<\/td>\n<\/tr>\n<\/tbody>\n<\/table>\n<\/div>","protected":false},"featured_media":4013,"comment_status":"open","ping_status":"closed","template":"","meta":{"_acf_changed":false,"site-sidebar-layout":"default","site-content-layout":"","ast-site-content-layout":"default","site-content-style":"default","site-sidebar-style":"default","ast-global-header-display":"","ast-banner-title-visibility":"","ast-main-header-display":"","ast-hfb-above-header-display":"","ast-hfb-below-header-display":"","ast-hfb-mobile-header-display":"","site-post-title":"","ast-breadcrumbs-content":"","ast-featured-img":"","footer-sml-layout":"","theme-transparent-header-meta":"default","adv-header-id-meta":"","stick-header-meta":"default","header-above-stick-meta":"","header-main-stick-meta":"","header-below-stick-meta":"","astra-migrate-meta-layouts":"set","ast-page-background-enabled":"default","ast-page-background-meta":{"desktop":{"background-color":"","background-image":"","background-repeat":"repeat","background-position":"center center","background-size":"auto","background-attachment":"scroll","background-type":"","background-media":"","overlay-type":"","overlay-color":"","overlay-opacity":"","overlay-gradient":""},"tablet":{"background-color":"","background-image":"","background-repeat":"repeat","background-position":"center center","background-size":"auto","background-attachment":"scroll","background-type":"","background-media":"","overlay-type":"","overlay-color":"","overlay-opacity":"","overlay-gradient":""},"mobile":{"background-color":"","background-image":"","background-repeat":"repeat","background-position":"center center","background-size":"auto","background-attachment":"scroll","background-type":"","background-media":"","overlay-type":"","overlay-color":"","overlay-opacity":"","overlay-gradient":""}},"ast-content-background-meta":{"desktop":{"background-color":"var(--ast-global-color-5)","background-image":"","background-repeat":"repeat","background-position":"center center","background-size":"auto","background-attachment":"scroll","background-type":"","background-media":"","overlay-type":"","overlay-color":"","overlay-opacity":"","overlay-gradient":""},"tablet":{"background-color":"var(--ast-global-color-5)","background-image":"","background-repeat":"repeat","background-position":"center center","background-size":"auto","background-attachment":"scroll","background-type":"","background-media":"","overlay-type":"","overlay-color":"","overlay-opacity":"","overlay-gradient":""},"mobile":{"background-color":"var(--ast-global-color-5)","background-image":"","background-repeat":"repeat","background-position":"center center","background-size":"auto","background-attachment":"scroll","background-type":"","background-media":"","overlay-type":"","overlay-color":"","overlay-opacity":"","overlay-gradient":""}}},"product_brand":[],"product_cat":[25],"product_tag":[],"class_list":{"0":"post-2966","1":"product","2":"type-product","3":"status-publish","4":"has-post-thumbnail","6":"product_cat-anti-photoageing","7":"desktop-align-left","8":"tablet-align-left","9":"mobile-align-left","11":"first","12":"instock","13":"shipping-taxable","14":"product-type-simple"},"acf":[],"_links":{"self":[{"href":"https:\/\/zleyholdings.com\/pt\/wp-json\/wp\/v2\/product\/2966","targetHints":{"allow":["GET"]}}],"collection":[{"href":"https:\/\/zleyholdings.com\/pt\/wp-json\/wp\/v2\/product"}],"about":[{"href":"https:\/\/zleyholdings.com\/pt\/wp-json\/wp\/v2\/types\/product"}],"replies":[{"embeddable":true,"href":"https:\/\/zleyholdings.com\/pt\/wp-json\/wp\/v2\/comments?post=2966"}],"wp:featuredmedia":[{"embeddable":true,"href":"https:\/\/zleyholdings.com\/pt\/wp-json\/wp\/v2\/media\/4013"}],"wp:attachment":[{"href":"https:\/\/zleyholdings.com\/pt\/wp-json\/wp\/v2\/media?parent=2966"}],"wp:term":[{"taxonomy":"product_brand","embeddable":true,"href":"https:\/\/zleyholdings.com\/pt\/wp-json\/wp\/v2\/product_brand?post=2966"},{"taxonomy":"product_cat","embeddable":true,"href":"https:\/\/zleyholdings.com\/pt\/wp-json\/wp\/v2\/product_cat?post=2966"},{"taxonomy":"product_tag","embeddable":true,"href":"https:\/\/zleyholdings.com\/pt\/wp-json\/wp\/v2\/product_tag?post=2966"}],"curies":[{"name":"wp","href":"https:\/\/api.w.org\/{rel}","templated":true}]}}