{"id":2963,"date":"2025-07-08T10:16:12","date_gmt":"2025-07-08T02:16:12","guid":{"rendered":"https:\/\/zleyholdings.com\/?post_type=product&#038;p=2963"},"modified":"2025-09-26T15:26:26","modified_gmt":"2025-09-26T07:26:26","slug":"zleylignumcure","status":"publish","type":"product","link":"https:\/\/zleyholdings.com\/pt\/produtos\/zleylignumcure\/","title":{"rendered":"ZLEY\u00aePE503-LIGNUMCURE"},"content":{"rendered":"<p data-start=\"76\" data-end=\"435\">Sulfonato de Guaiazuleno de S\u00f3dio, combinado com Butilenoglicol, \u00e9 um <strong data-start=\"142\" data-end=\"179\">ingrediente natural reparador da pele<\/strong> desenvolvido para peles sens\u00edveis e irritadas. Conhecido por sua <strong data-start=\"237\" data-end=\"270\">poderosas propriedades reparadoras<\/strong>, ajuda a acalmar, suavizar e restaurar a sa\u00fade da pele, mantendo um toque suave, tornando-o ideal para formula\u00e7\u00f5es direcionadas a peles sens\u00edveis, danificadas ou estressadas.<\/p>\n<p data-start=\"437\" data-end=\"798\">Este ingrediente \u00e9 apresentado como um <strong data-start=\"471\" data-end=\"520\">l\u00edquido fluindo variando de azul a azul profundo<\/strong> e \u00e9 <strong data-start=\"528\" data-end=\"548\">sol\u00favel em \u00e1gua<\/strong>, garantindo f\u00e1cil incorpora\u00e7\u00e3o em cremes, s\u00e9runs, m\u00e1scaras e outros produtos de cuidados com a pele \u00e0 base de \u00e1gua. Com um uso recomendado de <strong data-start=\"675\" data-end=\"688\">0,5\u201320,0%<\/strong>, ele oferece op\u00e7\u00f5es de formula\u00e7\u00e3o vers\u00e1teis ao mesmo tempo em que proporciona benef\u00edcios eficazes de repara\u00e7\u00e3o e suaviza\u00e7\u00e3o da pele.<\/p>","protected":false},"excerpt":{"rendered":"<div class=\"number\">\n<table width=\"641\">\n<tbody>\n<tr>\n<td width=\"208\"><strong>INCI:<\/strong><\/td>\n<td width=\"433\">Sulfonato de guaiazuleno de s\u00f3dio, butilenoglicol<\/td>\n<\/tr>\n<tr>\n<td width=\"208\"><strong>Propriedades:<\/strong><\/td>\n<td width=\"433\"><strong><em>PODER DE REPARA\u00c7\u00c3O NATURAL<\/em><\/strong><br \/>\nSuave para peles sens\u00edveis, com poderosas propriedades reparadoras.<\/td>\n<\/tr>\n<tr>\n<td width=\"208\"><strong>Apar\u00eancia:<\/strong><\/td>\n<td width=\"433\">Um l\u00edquido fluido que varia do azul ao azul profundo<\/td>\n<\/tr>\n<tr>\n<td width=\"208\"><strong>Dosagem recomendada:<\/strong><\/td>\n<td width=\"433\">0.5-20.0%<\/td>\n<\/tr>\n<tr>\n<td width=\"208\"><strong>Solubilidade:<\/strong><\/td>\n<td width=\"433\">Sol\u00favel em \u00e1gua<\/td>\n<\/tr>\n<\/tbody>\n<\/table>\n<\/div>","protected":false},"featured_media":4005,"comment_status":"open","ping_status":"closed","template":"","meta":{"_acf_changed":false,"site-sidebar-layout":"default","site-content-layout":"","ast-site-content-layout":"default","site-content-style":"default","site-sidebar-style":"default","ast-global-header-display":"","ast-banner-title-visibility":"","ast-main-header-display":"","ast-hfb-above-header-display":"","ast-hfb-below-header-display":"","ast-hfb-mobile-header-display":"","site-post-title":"","ast-breadcrumbs-content":"","ast-featured-img":"","footer-sml-layout":"","theme-transparent-header-meta":"default","adv-header-id-meta":"","stick-header-meta":"default","header-above-stick-meta":"","header-main-stick-meta":"","header-below-stick-meta":"","astra-migrate-meta-layouts":"set","ast-page-background-enabled":"default","ast-page-background-meta":{"desktop":{"background-color":"","background-image":"","background-repeat":"repeat","background-position":"center center","background-size":"auto","background-attachment":"scroll","background-type":"","background-media":"","overlay-type":"","overlay-color":"","overlay-opacity":"","overlay-gradient":""},"tablet":{"background-color":"","background-image":"","background-repeat":"repeat","background-position":"center center","background-size":"auto","background-attachment":"scroll","background-type":"","background-media":"","overlay-type":"","overlay-color":"","overlay-opacity":"","overlay-gradient":""},"mobile":{"background-color":"","background-image":"","background-repeat":"repeat","background-position":"center center","background-size":"auto","background-attachment":"scroll","background-type":"","background-media":"","overlay-type":"","overlay-color":"","overlay-opacity":"","overlay-gradient":""}},"ast-content-background-meta":{"desktop":{"background-color":"var(--ast-global-color-5)","background-image":"","background-repeat":"repeat","background-position":"center center","background-size":"auto","background-attachment":"scroll","background-type":"","background-media":"","overlay-type":"","overlay-color":"","overlay-opacity":"","overlay-gradient":""},"tablet":{"background-color":"var(--ast-global-color-5)","background-image":"","background-repeat":"repeat","background-position":"center center","background-size":"auto","background-attachment":"scroll","background-type":"","background-media":"","overlay-type":"","overlay-color":"","overlay-opacity":"","overlay-gradient":""},"mobile":{"background-color":"var(--ast-global-color-5)","background-image":"","background-repeat":"repeat","background-position":"center center","background-size":"auto","background-attachment":"scroll","background-type":"","background-media":"","overlay-type":"","overlay-color":"","overlay-opacity":"","overlay-gradient":""}}},"product_brand":[],"product_cat":[54],"product_tag":[],"class_list":{"0":"post-2963","1":"product","2":"type-product","3":"status-publish","4":"has-post-thumbnail","6":"product_cat-well-agin-and-repairing","7":"desktop-align-left","8":"tablet-align-left","9":"mobile-align-left","11":"first","12":"instock","13":"shipping-taxable","14":"product-type-simple"},"acf":[],"_links":{"self":[{"href":"https:\/\/zleyholdings.com\/pt\/wp-json\/wp\/v2\/product\/2963","targetHints":{"allow":["GET"]}}],"collection":[{"href":"https:\/\/zleyholdings.com\/pt\/wp-json\/wp\/v2\/product"}],"about":[{"href":"https:\/\/zleyholdings.com\/pt\/wp-json\/wp\/v2\/types\/product"}],"replies":[{"embeddable":true,"href":"https:\/\/zleyholdings.com\/pt\/wp-json\/wp\/v2\/comments?post=2963"}],"wp:featuredmedia":[{"embeddable":true,"href":"https:\/\/zleyholdings.com\/pt\/wp-json\/wp\/v2\/media\/4005"}],"wp:attachment":[{"href":"https:\/\/zleyholdings.com\/pt\/wp-json\/wp\/v2\/media?parent=2963"}],"wp:term":[{"taxonomy":"product_brand","embeddable":true,"href":"https:\/\/zleyholdings.com\/pt\/wp-json\/wp\/v2\/product_brand?post=2963"},{"taxonomy":"product_cat","embeddable":true,"href":"https:\/\/zleyholdings.com\/pt\/wp-json\/wp\/v2\/product_cat?post=2963"},{"taxonomy":"product_tag","embeddable":true,"href":"https:\/\/zleyholdings.com\/pt\/wp-json\/wp\/v2\/product_tag?post=2963"}],"curies":[{"name":"wp","href":"https:\/\/api.w.org\/{rel}","templated":true}]}}