{"id":2369,"date":"2025-06-18T17:25:19","date_gmt":"2025-06-18T09:25:19","guid":{"rendered":"https:\/\/zleyholdings.com\/?post_type=product&#038;p=2369"},"modified":"2025-09-26T15:27:05","modified_gmt":"2025-09-26T07:27:05","slug":"zleyhprelm-2","status":"publish","type":"product","link":"https:\/\/zleyholdings.com\/pt\/produtos\/zleyhprelm-2\/","title":{"rendered":"ZLEY\u00aeHPRELM"},"content":{"rendered":"<p data-start=\"83\" data-end=\"511\">Esta formula\u00e7\u00e3o avan\u00e7ada combina <strong data-start=\"118\" data-end=\"240\">Retinoato de hidroxipinacolona, extrato de raiz de Ulmus Davidiana, dimetilmetoxi cromanol e triglicer\u00eddeo capr\u00edlico\/c\u00e1prico<\/strong> para fornecer um <strong data-start=\"254\" data-end=\"290\">ativo multifuncional para cuidados com a pele<\/strong> que ilumina a tez e protege contra o fotoenvelhecimento. Oferece <strong data-start=\"370\" data-end=\"437\">benef\u00edcios antioxidantes, anti-inflamat\u00f3rios e de suporte de barreira<\/strong>, tornando-o adequado para peles sens\u00edveis, mantendo alta efic\u00e1cia.<\/p>\n<p data-start=\"513\" data-end=\"879\">Apresentado como um <strong data-start=\"528\" data-end=\"557\">l\u00edquido amarelo transparente<\/strong>, este complexo de ingredientes \u00e9 <strong data-start=\"586\" data-end=\"621\">sol\u00favel em \u00f3leo e \u00e1lcool<\/strong>, oferecendo op\u00e7\u00f5es vers\u00e1teis de formula\u00e7\u00e3o para s\u00e9runs, cremes e outros produtos para a pele \u00e0 base de \u00f3leo ou \u00e1lcool. Com um uso recomendado de <strong data-start=\"761\" data-end=\"775\">at\u00e9 2.0%<\/strong>, proporciona clareamento eficaz da pele e desempenho antienvelhecimento, permanecendo suave e est\u00e1vel.<\/p>","protected":false},"excerpt":{"rendered":"<div class=\"number\">\n<table width=\"621\">\n<tbody>\n<tr>\n<td width=\"208\"><strong>INCI:<\/strong><\/td>\n<td width=\"413\">Retinoato de hidroxipinacolona, extrato de raiz de Ulmus Davidiana, dimetilmetoxi cromanol, triglicer\u00eddeo capr\u00edlico\/c\u00e1prico<\/td>\n<\/tr>\n<tr>\n<td width=\"208\"><strong>Propriedades:<\/strong><\/td>\n<td width=\"413\">Ilumina e protege contra o fotoenvelhecimento. Antioxidante, anti-inflamat\u00f3rio e refor\u00e7a a barreira cut\u00e2nea. Suave, est\u00e1vel e eficaz.<\/td>\n<\/tr>\n<tr>\n<td width=\"208\"><strong>Apar\u00eancia:<\/strong><\/td>\n<td width=\"413\">L\u00edquido amarelo transparente<\/td>\n<\/tr>\n<tr>\n<td width=\"208\"><strong>Dosagem recomendada:<\/strong><\/td>\n<td width=\"413\">NMT2.0%<\/td>\n<\/tr>\n<tr>\n<td width=\"208\"><strong>Solubilidade:<\/strong><\/td>\n<td width=\"413\">Sol\u00favel em \u00f3leo, sol\u00favel em \u00e1lcool<\/td>\n<\/tr>\n<\/tbody>\n<\/table>\n<\/div>","protected":false},"featured_media":4058,"comment_status":"open","ping_status":"closed","template":"","meta":{"_acf_changed":false,"site-sidebar-layout":"default","site-content-layout":"","ast-site-content-layout":"default","site-content-style":"default","site-sidebar-style":"default","ast-global-header-display":"","ast-banner-title-visibility":"","ast-main-header-display":"","ast-hfb-above-header-display":"","ast-hfb-below-header-display":"","ast-hfb-mobile-header-display":"","site-post-title":"","ast-breadcrumbs-content":"","ast-featured-img":"","footer-sml-layout":"","theme-transparent-header-meta":"default","adv-header-id-meta":"","stick-header-meta":"default","header-above-stick-meta":"","header-main-stick-meta":"","header-below-stick-meta":"","astra-migrate-meta-layouts":"set","ast-page-background-enabled":"default","ast-page-background-meta":{"desktop":{"background-color":"","background-image":"","background-repeat":"repeat","background-position":"center center","background-size":"auto","background-attachment":"scroll","background-type":"","background-media":"","overlay-type":"","overlay-color":"","overlay-opacity":"","overlay-gradient":""},"tablet":{"background-color":"","background-image":"","background-repeat":"repeat","background-position":"center center","background-size":"auto","background-attachment":"scroll","background-type":"","background-media":"","overlay-type":"","overlay-color":"","overlay-opacity":"","overlay-gradient":""},"mobile":{"background-color":"","background-image":"","background-repeat":"repeat","background-position":"center center","background-size":"auto","background-attachment":"scroll","background-type":"","background-media":"","overlay-type":"","overlay-color":"","overlay-opacity":"","overlay-gradient":""}},"ast-content-background-meta":{"desktop":{"background-color":"var(--ast-global-color-5)","background-image":"","background-repeat":"repeat","background-position":"center center","background-size":"auto","background-attachment":"scroll","background-type":"","background-media":"","overlay-type":"","overlay-color":"","overlay-opacity":"","overlay-gradient":""},"tablet":{"background-color":"var(--ast-global-color-5)","background-image":"","background-repeat":"repeat","background-position":"center center","background-size":"auto","background-attachment":"scroll","background-type":"","background-media":"","overlay-type":"","overlay-color":"","overlay-opacity":"","overlay-gradient":""},"mobile":{"background-color":"var(--ast-global-color-5)","background-image":"","background-repeat":"repeat","background-position":"center center","background-size":"auto","background-attachment":"scroll","background-type":"","background-media":"","overlay-type":"","overlay-color":"","overlay-opacity":"","overlay-gradient":""}}},"product_brand":[],"product_cat":[54],"product_tag":[],"class_list":{"0":"post-2369","1":"product","2":"type-product","3":"status-publish","4":"has-post-thumbnail","6":"product_cat-well-agin-and-repairing","7":"desktop-align-left","8":"tablet-align-left","9":"mobile-align-left","11":"first","12":"instock","13":"shipping-taxable","14":"product-type-simple"},"acf":[],"_links":{"self":[{"href":"https:\/\/zleyholdings.com\/pt\/wp-json\/wp\/v2\/product\/2369","targetHints":{"allow":["GET"]}}],"collection":[{"href":"https:\/\/zleyholdings.com\/pt\/wp-json\/wp\/v2\/product"}],"about":[{"href":"https:\/\/zleyholdings.com\/pt\/wp-json\/wp\/v2\/types\/product"}],"replies":[{"embeddable":true,"href":"https:\/\/zleyholdings.com\/pt\/wp-json\/wp\/v2\/comments?post=2369"}],"wp:featuredmedia":[{"embeddable":true,"href":"https:\/\/zleyholdings.com\/pt\/wp-json\/wp\/v2\/media\/4058"}],"wp:attachment":[{"href":"https:\/\/zleyholdings.com\/pt\/wp-json\/wp\/v2\/media?parent=2369"}],"wp:term":[{"taxonomy":"product_brand","embeddable":true,"href":"https:\/\/zleyholdings.com\/pt\/wp-json\/wp\/v2\/product_brand?post=2369"},{"taxonomy":"product_cat","embeddable":true,"href":"https:\/\/zleyholdings.com\/pt\/wp-json\/wp\/v2\/product_cat?post=2369"},{"taxonomy":"product_tag","embeddable":true,"href":"https:\/\/zleyholdings.com\/pt\/wp-json\/wp\/v2\/product_tag?post=2369"}],"curies":[{"name":"wp","href":"https:\/\/api.w.org\/{rel}","templated":true}]}}