{"id":2355,"date":"2025-06-18T16:35:16","date_gmt":"2025-06-18T08:35:16","guid":{"rendered":"https:\/\/zleyholdings.com\/?post_type=product&#038;p=2355"},"modified":"2025-09-26T15:27:42","modified_gmt":"2025-09-26T07:27:42","slug":"zleybrc-ws","status":"publish","type":"product","link":"https:\/\/zleyholdings.com\/pt\/produtos\/zleybrc-ws\/","title":{"rendered":"ZLEY\u00aeBRC-WS"},"content":{"rendered":"<p data-start=\"79\" data-end=\"469\">Esta mistura inovadora de ingredientes combina <strong data-start=\"121\" data-end=\"217\">4-Butilresorcinol, Propilenoglicol, Hidroxipropil Ciclodextrina, Bissulfito de S\u00f3dio e \u00c1gua<\/strong> para entregar um <strong data-start=\"231\" data-end=\"282\">solu\u00e7\u00e3o altamente eficaz para clarear o tom da pele<\/strong>. Utilizando tecnologia patenteada, o BRC aumenta a estabilidade e a biodisponibilidade do 4-butilresorcinol, garantindo uma a\u00e7\u00e3o mais eficiente <strong data-start=\"408\" data-end=\"433\">inibi\u00e7\u00e3o da tirosinase<\/strong> para melhoria vis\u00edvel do brilho.<\/p>\n<p data-start=\"471\" data-end=\"828\">Este complexo \u00e9 <strong data-start=\"487\" data-end=\"535\">l\u00edquido transparente incolor a amarelo claro<\/strong>, <strong data-start=\"537\" data-end=\"557\">sol\u00favel em \u00e1gua<\/strong>, e adequado para diversas formula\u00e7\u00f5es cosm\u00e9ticas e de cuidados com a pele, incluindo s\u00e9runs, cremes e lo\u00e7\u00f5es. Com um uso recomendado de <strong data-start=\"687\" data-end=\"699\">1,0\u20138,0%<\/strong>, ele fornece <strong data-start=\"713\" data-end=\"777\">efeitos de clareamento sem fototoxicidade ou irrita\u00e7\u00e3o da pele<\/strong>, tornando-o seguro para aplica\u00e7\u00f5es em peles sens\u00edveis.<\/p>","protected":false},"excerpt":{"rendered":"<div class=\"number\">\n<table width=\"647\">\n<tbody>\n<tr>\n<td width=\"208\"><strong>INCI:<\/strong><\/td>\n<td width=\"439\">4-butilreorcinol, propilenoglicol, hidroxipropil ciclodextrina, bissulfito de s\u00f3dio, \u00e1gua<\/td>\n<\/tr>\n<tr>\n<td width=\"208\"><strong>Propriedades:<\/strong><\/td>\n<td width=\"439\"><strong><em>PODER INOVADOR DE TONIFICA\u00c7\u00c3O<\/em><\/strong><br \/>\nTecnologia patenteada para tornar a aplica\u00e7\u00e3o do BRC mais eficaz em diversas formula\u00e7\u00f5es. Aumenta o brilho e proporciona alta efici\u00eancia na degrada\u00e7\u00e3o da tirosinase. Sem fototoxicidade nem rea\u00e7\u00f5es al\u00e9rgicas na pele.<\/td>\n<\/tr>\n<tr>\n<td width=\"208\"><strong>Apar\u00eancia:<\/strong><\/td>\n<td width=\"439\">L\u00edquido transparente incolor ou amarelo claro<\/td>\n<\/tr>\n<tr>\n<td width=\"208\"><strong>Dosagem recomendada:<\/strong><\/td>\n<td width=\"439\">1.0-8.0%<\/td>\n<\/tr>\n<tr>\n<td width=\"208\"><strong>Solubilidade:<\/strong><\/td>\n<td width=\"439\">Sol\u00favel em \u00e1gua<\/td>\n<\/tr>\n<\/tbody>\n<\/table>\n<\/div>","protected":false},"featured_media":4045,"comment_status":"open","ping_status":"closed","template":"","meta":{"_acf_changed":false,"site-sidebar-layout":"default","site-content-layout":"","ast-site-content-layout":"default","site-content-style":"default","site-sidebar-style":"default","ast-global-header-display":"","ast-banner-title-visibility":"","ast-main-header-display":"","ast-hfb-above-header-display":"","ast-hfb-below-header-display":"","ast-hfb-mobile-header-display":"","site-post-title":"","ast-breadcrumbs-content":"","ast-featured-img":"","footer-sml-layout":"","theme-transparent-header-meta":"default","adv-header-id-meta":"","stick-header-meta":"default","header-above-stick-meta":"","header-main-stick-meta":"","header-below-stick-meta":"","astra-migrate-meta-layouts":"set","ast-page-background-enabled":"default","ast-page-background-meta":{"desktop":{"background-color":"","background-image":"","background-repeat":"repeat","background-position":"center center","background-size":"auto","background-attachment":"scroll","background-type":"","background-media":"","overlay-type":"","overlay-color":"","overlay-opacity":"","overlay-gradient":""},"tablet":{"background-color":"","background-image":"","background-repeat":"repeat","background-position":"center center","background-size":"auto","background-attachment":"scroll","background-type":"","background-media":"","overlay-type":"","overlay-color":"","overlay-opacity":"","overlay-gradient":""},"mobile":{"background-color":"","background-image":"","background-repeat":"repeat","background-position":"center center","background-size":"auto","background-attachment":"scroll","background-type":"","background-media":"","overlay-type":"","overlay-color":"","overlay-opacity":"","overlay-gradient":""}},"ast-content-background-meta":{"desktop":{"background-color":"var(--ast-global-color-5)","background-image":"","background-repeat":"repeat","background-position":"center center","background-size":"auto","background-attachment":"scroll","background-type":"","background-media":"","overlay-type":"","overlay-color":"","overlay-opacity":"","overlay-gradient":""},"tablet":{"background-color":"var(--ast-global-color-5)","background-image":"","background-repeat":"repeat","background-position":"center center","background-size":"auto","background-attachment":"scroll","background-type":"","background-media":"","overlay-type":"","overlay-color":"","overlay-opacity":"","overlay-gradient":""},"mobile":{"background-color":"var(--ast-global-color-5)","background-image":"","background-repeat":"repeat","background-position":"center center","background-size":"auto","background-attachment":"scroll","background-type":"","background-media":"","overlay-type":"","overlay-color":"","overlay-opacity":"","overlay-gradient":""}}},"product_brand":[],"product_cat":[15],"product_tag":[],"class_list":{"0":"post-2355","1":"product","2":"type-product","3":"status-publish","4":"has-post-thumbnail","6":"product_cat-brightening","7":"desktop-align-left","8":"tablet-align-left","9":"mobile-align-left","11":"first","12":"instock","13":"shipping-taxable","14":"product-type-simple"},"acf":[],"_links":{"self":[{"href":"https:\/\/zleyholdings.com\/pt\/wp-json\/wp\/v2\/product\/2355","targetHints":{"allow":["GET"]}}],"collection":[{"href":"https:\/\/zleyholdings.com\/pt\/wp-json\/wp\/v2\/product"}],"about":[{"href":"https:\/\/zleyholdings.com\/pt\/wp-json\/wp\/v2\/types\/product"}],"replies":[{"embeddable":true,"href":"https:\/\/zleyholdings.com\/pt\/wp-json\/wp\/v2\/comments?post=2355"}],"wp:featuredmedia":[{"embeddable":true,"href":"https:\/\/zleyholdings.com\/pt\/wp-json\/wp\/v2\/media\/4045"}],"wp:attachment":[{"href":"https:\/\/zleyholdings.com\/pt\/wp-json\/wp\/v2\/media?parent=2355"}],"wp:term":[{"taxonomy":"product_brand","embeddable":true,"href":"https:\/\/zleyholdings.com\/pt\/wp-json\/wp\/v2\/product_brand?post=2355"},{"taxonomy":"product_cat","embeddable":true,"href":"https:\/\/zleyholdings.com\/pt\/wp-json\/wp\/v2\/product_cat?post=2355"},{"taxonomy":"product_tag","embeddable":true,"href":"https:\/\/zleyholdings.com\/pt\/wp-json\/wp\/v2\/product_tag?post=2355"}],"curies":[{"name":"wp","href":"https:\/\/api.w.org\/{rel}","templated":true}]}}