{"id":2352,"date":"2025-06-18T16:21:53","date_gmt":"2025-06-18T08:21:53","guid":{"rendered":"https:\/\/zleyholdings.com\/?post_type=product&#038;p=2352"},"modified":"2025-09-26T15:28:47","modified_gmt":"2025-09-26T07:28:47","slug":"zleyelmtrifun","status":"publish","type":"product","link":"https:\/\/zleyholdings.com\/pt\/produtos\/zleyelmtrifun\/","title":{"rendered":"ZLEY\u00aePE601-ELMTRIFUN"},"content":{"rendered":"<p data-start=\"84\" data-end=\"570\">Esta mistura de extratos bot\u00e2nicos, composta por <strong data-start=\"128\" data-end=\"183\">Extrato de raiz de Ulmus Davidiana, butanodiol e \u00e1gua<\/strong>, atua como um <strong data-start=\"195\" data-end=\"226\">alternativa natural ao retinol<\/strong> com m\u00faltiplos benef\u00edcios para a pele. \u00c9 eficaz <strong data-start=\"271\" data-end=\"330\">estimula a s\u00edntese de col\u00e1geno tipo I e elastina<\/strong>, promovendo uma pele mais firme e resistente. Al\u00e9m disso, proporciona <strong data-start=\"397\" data-end=\"476\">efeitos anti-inflamat\u00f3rios at\u00e9 10 vezes mais fortes que os ativos convencionais<\/strong>, oferecendo uma solu\u00e7\u00e3o de cuidados com a pele tr\u00eas em um: <strong data-start=\"523\" data-end=\"567\">antioxidante, antienvelhecimento e controle de oleosidade<\/strong>.<\/p>\n<p data-start=\"572\" data-end=\"889\">O ingrediente \u00e9 apresentado como um <strong data-start=\"605\" data-end=\"638\">l\u00edquido amarelo a amarelo-acastanhado<\/strong> e \u00e9 <strong data-start=\"646\" data-end=\"668\">sol\u00favel em \u00e1lcool<\/strong>, tornando-o adequado para incorpora\u00e7\u00e3o em s\u00e9runs, cremes e outras formula\u00e7\u00f5es de cuidados com a pele \u00e0 base de \u00e1lcool. Com um uso recomendado de <strong data-start=\"803\" data-end=\"815\">0,5\u20132,0%<\/strong>, oferece efic\u00e1cia potente, mantendo uma a\u00e7\u00e3o suave na pele.<\/p>","protected":false},"excerpt":{"rendered":"<div class=\"number\">\n<table width=\"642\">\n<tbody>\n<tr>\n<td width=\"208\"><strong>INCI:<\/strong><\/td>\n<td width=\"434\">Extrato de raiz de Ulmus Davidiana, butanodiol, \u00e1gua<\/td>\n<\/tr>\n<tr>\n<td width=\"208\"><strong>Propriedades:<\/strong><\/td>\n<td width=\"434\"><strong><em>NOVO RETINOL BOT\u00c2NICO<\/em><\/strong><br \/>\nEstimula eficazmente a s\u00edntese de col\u00e1geno tipo I e elastina. Poder natural para reduzir a inflama\u00e7\u00e3o em 10 vezes e proporcionar tr\u00eas benef\u00edcios em um s\u00f3 cuidado com a pele: antioxidante, antienvelhecimento e controle da oleosidade.<\/td>\n<\/tr>\n<tr>\n<td width=\"208\"><strong>Apar\u00eancia:<\/strong><\/td>\n<td width=\"434\">L\u00edquido amarelo a amarelo-acastanhado<\/td>\n<\/tr>\n<tr>\n<td width=\"208\"><strong>Dosagem recomendada:<\/strong><\/td>\n<td width=\"434\">0.5-2.0%<\/td>\n<\/tr>\n<tr>\n<td width=\"208\"><strong>Solubilidade:<\/strong><\/td>\n<td width=\"434\">Sol\u00favel em \u00e1lcool<\/td>\n<\/tr>\n<\/tbody>\n<\/table>\n<\/div>","protected":false},"featured_media":4007,"comment_status":"open","ping_status":"closed","template":"","meta":{"_acf_changed":false,"site-sidebar-layout":"default","site-content-layout":"","ast-site-content-layout":"default","site-content-style":"default","site-sidebar-style":"default","ast-global-header-display":"","ast-banner-title-visibility":"","ast-main-header-display":"","ast-hfb-above-header-display":"","ast-hfb-below-header-display":"","ast-hfb-mobile-header-display":"","site-post-title":"","ast-breadcrumbs-content":"","ast-featured-img":"","footer-sml-layout":"","theme-transparent-header-meta":"default","adv-header-id-meta":"","stick-header-meta":"default","header-above-stick-meta":"","header-main-stick-meta":"","header-below-stick-meta":"","astra-migrate-meta-layouts":"set","ast-page-background-enabled":"default","ast-page-background-meta":{"desktop":{"background-color":"","background-image":"","background-repeat":"repeat","background-position":"center center","background-size":"auto","background-attachment":"scroll","background-type":"","background-media":"","overlay-type":"","overlay-color":"","overlay-opacity":"","overlay-gradient":""},"tablet":{"background-color":"","background-image":"","background-repeat":"repeat","background-position":"center center","background-size":"auto","background-attachment":"scroll","background-type":"","background-media":"","overlay-type":"","overlay-color":"","overlay-opacity":"","overlay-gradient":""},"mobile":{"background-color":"","background-image":"","background-repeat":"repeat","background-position":"center center","background-size":"auto","background-attachment":"scroll","background-type":"","background-media":"","overlay-type":"","overlay-color":"","overlay-opacity":"","overlay-gradient":""}},"ast-content-background-meta":{"desktop":{"background-color":"var(--ast-global-color-5)","background-image":"","background-repeat":"repeat","background-position":"center center","background-size":"auto","background-attachment":"scroll","background-type":"","background-media":"","overlay-type":"","overlay-color":"","overlay-opacity":"","overlay-gradient":""},"tablet":{"background-color":"var(--ast-global-color-5)","background-image":"","background-repeat":"repeat","background-position":"center center","background-size":"auto","background-attachment":"scroll","background-type":"","background-media":"","overlay-type":"","overlay-color":"","overlay-opacity":"","overlay-gradient":""},"mobile":{"background-color":"var(--ast-global-color-5)","background-image":"","background-repeat":"repeat","background-position":"center center","background-size":"auto","background-attachment":"scroll","background-type":"","background-media":"","overlay-type":"","overlay-color":"","overlay-opacity":"","overlay-gradient":""}}},"product_brand":[],"product_cat":[54],"product_tag":[],"class_list":{"0":"post-2352","1":"product","2":"type-product","3":"status-publish","4":"has-post-thumbnail","6":"product_cat-well-agin-and-repairing","7":"desktop-align-left","8":"tablet-align-left","9":"mobile-align-left","11":"first","12":"instock","13":"shipping-taxable","14":"product-type-simple"},"acf":[],"_links":{"self":[{"href":"https:\/\/zleyholdings.com\/pt\/wp-json\/wp\/v2\/product\/2352","targetHints":{"allow":["GET"]}}],"collection":[{"href":"https:\/\/zleyholdings.com\/pt\/wp-json\/wp\/v2\/product"}],"about":[{"href":"https:\/\/zleyholdings.com\/pt\/wp-json\/wp\/v2\/types\/product"}],"replies":[{"embeddable":true,"href":"https:\/\/zleyholdings.com\/pt\/wp-json\/wp\/v2\/comments?post=2352"}],"wp:featuredmedia":[{"embeddable":true,"href":"https:\/\/zleyholdings.com\/pt\/wp-json\/wp\/v2\/media\/4007"}],"wp:attachment":[{"href":"https:\/\/zleyholdings.com\/pt\/wp-json\/wp\/v2\/media?parent=2352"}],"wp:term":[{"taxonomy":"product_brand","embeddable":true,"href":"https:\/\/zleyholdings.com\/pt\/wp-json\/wp\/v2\/product_brand?post=2352"},{"taxonomy":"product_cat","embeddable":true,"href":"https:\/\/zleyholdings.com\/pt\/wp-json\/wp\/v2\/product_cat?post=2352"},{"taxonomy":"product_tag","embeddable":true,"href":"https:\/\/zleyholdings.com\/pt\/wp-json\/wp\/v2\/product_tag?post=2352"}],"curies":[{"name":"wp","href":"https:\/\/api.w.org\/{rel}","templated":true}]}}