{"id":2348,"date":"2025-06-18T16:15:37","date_gmt":"2025-06-18T08:15:37","guid":{"rendered":"https:\/\/zleyholdings.com\/?post_type=product&#038;p=2348"},"modified":"2025-09-26T15:29:18","modified_gmt":"2025-09-26T07:29:18","slug":"zleyhprelm","status":"publish","type":"product","link":"https:\/\/zleyholdings.com\/pt\/produtos\/zleyhprelm\/","title":{"rendered":"ZLEY\u00aeHPR"},"content":{"rendered":"<p data-start=\"81\" data-end=\"479\">O retinoato de hidroxipinacolona (HPR) \u00e9 um <strong data-start=\"120\" data-end=\"148\">retinoide de \u00faltima gera\u00e7\u00e3o<\/strong> amplamente utilizado em formula\u00e7\u00f5es avan\u00e7adas de cuidados com a pele por sua <strong data-start=\"203\" data-end=\"246\">propriedades antienvelhecimento e renovadoras da pele<\/strong>. Efetivamente <strong data-start=\"263\" data-end=\"294\">promove a s\u00edntese de col\u00e1geno<\/strong>, ajudando a reduzir o aparecimento de <strong data-start=\"332\" data-end=\"359\">rugas e linhas finas<\/strong>, ao mesmo tempo que acelera <strong data-start=\"385\" data-end=\"412\">metabolismo dos queratin\u00f3citos<\/strong> e inibindo <strong data-start=\"428\" data-end=\"450\">produ\u00e7\u00e3o de melanina<\/strong> para um tom de pele mais uniforme.<\/p>\n<p data-start=\"481\" data-end=\"823\">Este ingrediente ativo \u00e9 fornecido como um <strong data-start=\"521\" data-end=\"550\">p\u00f3 cristalino amarelo<\/strong> e \u00e9 <strong data-start=\"558\" data-end=\"580\">sol\u00favel em \u00e1lcool<\/strong>, facilitando sua incorpora\u00e7\u00e3o em s\u00e9runs, cremes e outros produtos para a pele \u00e0 base de \u00e1lcool. Com um uso recomendado de <strong data-start=\"704\" data-end=\"717\">0,01\u20130,3%<\/strong>, ele proporciona efic\u00e1cia potente em baixa dosagem, proporcionando resultados vis\u00edveis e estabilidade de formula\u00e7\u00e3o.<\/p>","protected":false},"excerpt":{"rendered":"<div class=\"number\">\n<table width=\"622\">\n<tbody>\n<tr>\n<td width=\"208\"><strong>INCI:<\/strong><\/td>\n<td width=\"414\">Retinoato de hidroxipinacolona<\/td>\n<\/tr>\n<tr>\n<td width=\"208\"><strong>Propriedades:<\/strong><\/td>\n<td width=\"414\">Promove a s\u00edntese de col\u00e1geno da pele e reduz rugas e linhas finas. Uma \u00f3tima recomenda\u00e7\u00e3o para acelerar o metabolismo dos queratin\u00f3citos e inibir a produ\u00e7\u00e3o de melanina.<\/td>\n<\/tr>\n<tr>\n<td width=\"208\"><strong>Apar\u00eancia:<\/strong><\/td>\n<td width=\"414\">P\u00f3 cristalino amarelo<\/td>\n<\/tr>\n<tr>\n<td width=\"208\"><strong>Dosagem recomendada:<\/strong><\/td>\n<td width=\"414\">0.01-0.3%<\/td>\n<\/tr>\n<tr>\n<td width=\"208\"><strong>Solubilidade:<\/strong><\/td>\n<td width=\"414\">Sol\u00favel em \u00e1lcool<\/td>\n<\/tr>\n<\/tbody>\n<\/table>\n<\/div>","protected":false},"featured_media":4028,"comment_status":"open","ping_status":"closed","template":"","meta":{"_acf_changed":false,"site-sidebar-layout":"default","site-content-layout":"","ast-site-content-layout":"default","site-content-style":"default","site-sidebar-style":"default","ast-global-header-display":"","ast-banner-title-visibility":"","ast-main-header-display":"","ast-hfb-above-header-display":"","ast-hfb-below-header-display":"","ast-hfb-mobile-header-display":"","site-post-title":"","ast-breadcrumbs-content":"","ast-featured-img":"","footer-sml-layout":"","theme-transparent-header-meta":"default","adv-header-id-meta":"","stick-header-meta":"default","header-above-stick-meta":"","header-main-stick-meta":"","header-below-stick-meta":"","astra-migrate-meta-layouts":"set","ast-page-background-enabled":"default","ast-page-background-meta":{"desktop":{"background-color":"","background-image":"","background-repeat":"repeat","background-position":"center center","background-size":"auto","background-attachment":"scroll","background-type":"","background-media":"","overlay-type":"","overlay-color":"","overlay-opacity":"","overlay-gradient":""},"tablet":{"background-color":"","background-image":"","background-repeat":"repeat","background-position":"center center","background-size":"auto","background-attachment":"scroll","background-type":"","background-media":"","overlay-type":"","overlay-color":"","overlay-opacity":"","overlay-gradient":""},"mobile":{"background-color":"","background-image":"","background-repeat":"repeat","background-position":"center center","background-size":"auto","background-attachment":"scroll","background-type":"","background-media":"","overlay-type":"","overlay-color":"","overlay-opacity":"","overlay-gradient":""}},"ast-content-background-meta":{"desktop":{"background-color":"var(--ast-global-color-5)","background-image":"","background-repeat":"repeat","background-position":"center center","background-size":"auto","background-attachment":"scroll","background-type":"","background-media":"","overlay-type":"","overlay-color":"","overlay-opacity":"","overlay-gradient":""},"tablet":{"background-color":"var(--ast-global-color-5)","background-image":"","background-repeat":"repeat","background-position":"center center","background-size":"auto","background-attachment":"scroll","background-type":"","background-media":"","overlay-type":"","overlay-color":"","overlay-opacity":"","overlay-gradient":""},"mobile":{"background-color":"var(--ast-global-color-5)","background-image":"","background-repeat":"repeat","background-position":"center center","background-size":"auto","background-attachment":"scroll","background-type":"","background-media":"","overlay-type":"","overlay-color":"","overlay-opacity":"","overlay-gradient":""}}},"product_brand":[],"product_cat":[25],"product_tag":[],"class_list":{"0":"post-2348","1":"product","2":"type-product","3":"status-publish","4":"has-post-thumbnail","6":"product_cat-anti-photoageing","7":"desktop-align-left","8":"tablet-align-left","9":"mobile-align-left","11":"first","12":"instock","13":"shipping-taxable","14":"product-type-simple"},"acf":[],"_links":{"self":[{"href":"https:\/\/zleyholdings.com\/pt\/wp-json\/wp\/v2\/product\/2348","targetHints":{"allow":["GET"]}}],"collection":[{"href":"https:\/\/zleyholdings.com\/pt\/wp-json\/wp\/v2\/product"}],"about":[{"href":"https:\/\/zleyholdings.com\/pt\/wp-json\/wp\/v2\/types\/product"}],"replies":[{"embeddable":true,"href":"https:\/\/zleyholdings.com\/pt\/wp-json\/wp\/v2\/comments?post=2348"}],"wp:featuredmedia":[{"embeddable":true,"href":"https:\/\/zleyholdings.com\/pt\/wp-json\/wp\/v2\/media\/4028"}],"wp:attachment":[{"href":"https:\/\/zleyholdings.com\/pt\/wp-json\/wp\/v2\/media?parent=2348"}],"wp:term":[{"taxonomy":"product_brand","embeddable":true,"href":"https:\/\/zleyholdings.com\/pt\/wp-json\/wp\/v2\/product_brand?post=2348"},{"taxonomy":"product_cat","embeddable":true,"href":"https:\/\/zleyholdings.com\/pt\/wp-json\/wp\/v2\/product_cat?post=2348"},{"taxonomy":"product_tag","embeddable":true,"href":"https:\/\/zleyholdings.com\/pt\/wp-json\/wp\/v2\/product_tag?post=2348"}],"curies":[{"name":"wp","href":"https:\/\/api.w.org\/{rel}","templated":true}]}}