{"id":2254,"date":"2025-06-17T13:48:25","date_gmt":"2025-06-17T05:48:25","guid":{"rendered":"https:\/\/zleyholdings.com\/?post_type=product&#038;p=2254"},"modified":"2025-09-26T15:30:55","modified_gmt":"2025-09-26T07:30:55","slug":"4-butilresorcinol","status":"publish","type":"product","link":"https:\/\/zleyholdings.com\/pt\/produtos\/4-butilresorcinol\/","title":{"rendered":"ZLEY\u00aeBRC"},"content":{"rendered":"<p data-start=\"65\" data-end=\"382\">4-Butilresorcinol \u00e9 um <strong data-start=\"88\" data-end=\"116\">derivado do resorcinol<\/strong> amplamente utilizado em formula\u00e7\u00f5es cosm\u00e9ticas para <strong data-start=\"158\" data-end=\"200\">clareamento da pele e anti-pigmenta\u00e7\u00e3o<\/strong>. Efetivamente <strong data-start=\"217\" data-end=\"249\">inibe a atividade da tirosinase<\/strong>, reduz a oxida\u00e7\u00e3o da melanina e promove a degrada\u00e7\u00e3o da tirosinase, ajudando a melhorar o tom irregular da pele e aumentar a luminosidade geral.<\/p>\n<p data-start=\"384\" data-end=\"738\">Este ingrediente ativo \u00e9 fornecido como um <strong data-start=\"424\" data-end=\"453\">p\u00f3 branco a esbranqui\u00e7ado<\/strong> e \u00e9 <strong data-start=\"461\" data-end=\"496\">sol\u00favel em \u00f3leo e \u00e1lcool<\/strong>, tornando-o vers\u00e1til para incorpora\u00e7\u00e3o em cremes, s\u00e9runs, lo\u00e7\u00f5es e outras formula\u00e7\u00f5es \u00e0 base de \u00f3leo ou \u00e1lcool. Com um uso recomendado de <strong data-start=\"640\" data-end=\"652\">0,1\u20132,2%<\/strong>, proporciona efeitos de clareamento eficientes, mantendo a estabilidade da formula\u00e7\u00e3o.<\/p>","protected":false},"excerpt":{"rendered":"<div class=\"number\">\n<table width=\"622\">\n<tbody>\n<tr>\n<td width=\"208\"><strong>INCI:<\/strong><\/td>\n<td width=\"414\">4-Butilreorcinol<\/td>\n<\/tr>\n<tr>\n<td width=\"208\"><strong>Propriedades:<\/strong><\/td>\n<td width=\"414\">Derivado do resorcinol, inibi\u00e7\u00e3o da atividade da tirosinase e da oxida\u00e7\u00e3o da melanina. Promo\u00e7\u00e3o do metabolismo e da degrada\u00e7\u00e3o da tirosinase.<\/td>\n<\/tr>\n<tr>\n<td width=\"208\"><strong>Apar\u00eancia:<\/strong><\/td>\n<td width=\"414\">P\u00f3 branco ou esbranqui\u00e7ado<\/td>\n<\/tr>\n<tr>\n<td width=\"208\"><strong>Dosagem recomendada:<\/strong><\/td>\n<td width=\"414\">0.1-2.2%<\/td>\n<\/tr>\n<tr>\n<td width=\"208\"><strong>Solubilidade:<\/strong><\/td>\n<td width=\"414\">Sol\u00favel em \u00f3leo, sol\u00favel em \u00e1lcool<\/td>\n<\/tr>\n<\/tbody>\n<\/table>\n<\/div>","protected":false},"featured_media":4025,"comment_status":"open","ping_status":"closed","template":"","meta":{"_acf_changed":false,"site-sidebar-layout":"default","site-content-layout":"","ast-site-content-layout":"default","site-content-style":"default","site-sidebar-style":"default","ast-global-header-display":"","ast-banner-title-visibility":"","ast-main-header-display":"","ast-hfb-above-header-display":"","ast-hfb-below-header-display":"","ast-hfb-mobile-header-display":"","site-post-title":"","ast-breadcrumbs-content":"","ast-featured-img":"","footer-sml-layout":"","theme-transparent-header-meta":"default","adv-header-id-meta":"","stick-header-meta":"default","header-above-stick-meta":"","header-main-stick-meta":"","header-below-stick-meta":"","astra-migrate-meta-layouts":"set","ast-page-background-enabled":"default","ast-page-background-meta":{"desktop":{"background-color":"","background-image":"","background-repeat":"repeat","background-position":"center center","background-size":"auto","background-attachment":"scroll","background-type":"","background-media":"","overlay-type":"","overlay-color":"","overlay-opacity":"","overlay-gradient":""},"tablet":{"background-color":"","background-image":"","background-repeat":"repeat","background-position":"center center","background-size":"auto","background-attachment":"scroll","background-type":"","background-media":"","overlay-type":"","overlay-color":"","overlay-opacity":"","overlay-gradient":""},"mobile":{"background-color":"","background-image":"","background-repeat":"repeat","background-position":"center center","background-size":"auto","background-attachment":"scroll","background-type":"","background-media":"","overlay-type":"","overlay-color":"","overlay-opacity":"","overlay-gradient":""}},"ast-content-background-meta":{"desktop":{"background-color":"var(--ast-global-color-5)","background-image":"","background-repeat":"repeat","background-position":"center center","background-size":"auto","background-attachment":"scroll","background-type":"","background-media":"","overlay-type":"","overlay-color":"","overlay-opacity":"","overlay-gradient":""},"tablet":{"background-color":"var(--ast-global-color-5)","background-image":"","background-repeat":"repeat","background-position":"center center","background-size":"auto","background-attachment":"scroll","background-type":"","background-media":"","overlay-type":"","overlay-color":"","overlay-opacity":"","overlay-gradient":""},"mobile":{"background-color":"var(--ast-global-color-5)","background-image":"","background-repeat":"repeat","background-position":"center center","background-size":"auto","background-attachment":"scroll","background-type":"","background-media":"","overlay-type":"","overlay-color":"","overlay-opacity":"","overlay-gradient":""}}},"product_brand":[],"product_cat":[15],"product_tag":[],"class_list":{"0":"post-2254","1":"product","2":"type-product","3":"status-publish","4":"has-post-thumbnail","6":"product_cat-brightening","7":"desktop-align-left","8":"tablet-align-left","9":"mobile-align-left","11":"first","12":"instock","13":"shipping-taxable","14":"product-type-simple"},"acf":[],"_links":{"self":[{"href":"https:\/\/zleyholdings.com\/pt\/wp-json\/wp\/v2\/product\/2254","targetHints":{"allow":["GET"]}}],"collection":[{"href":"https:\/\/zleyholdings.com\/pt\/wp-json\/wp\/v2\/product"}],"about":[{"href":"https:\/\/zleyholdings.com\/pt\/wp-json\/wp\/v2\/types\/product"}],"replies":[{"embeddable":true,"href":"https:\/\/zleyholdings.com\/pt\/wp-json\/wp\/v2\/comments?post=2254"}],"wp:featuredmedia":[{"embeddable":true,"href":"https:\/\/zleyholdings.com\/pt\/wp-json\/wp\/v2\/media\/4025"}],"wp:attachment":[{"href":"https:\/\/zleyholdings.com\/pt\/wp-json\/wp\/v2\/media?parent=2254"}],"wp:term":[{"taxonomy":"product_brand","embeddable":true,"href":"https:\/\/zleyholdings.com\/pt\/wp-json\/wp\/v2\/product_brand?post=2254"},{"taxonomy":"product_cat","embeddable":true,"href":"https:\/\/zleyholdings.com\/pt\/wp-json\/wp\/v2\/product_cat?post=2254"},{"taxonomy":"product_tag","embeddable":true,"href":"https:\/\/zleyholdings.com\/pt\/wp-json\/wp\/v2\/product_tag?post=2254"}],"curies":[{"name":"wp","href":"https:\/\/api.w.org\/{rel}","templated":true}]}}