{"id":2250,"date":"2025-06-17T11:57:19","date_gmt":"2025-06-17T03:57:19","guid":{"rendered":"https:\/\/zleyholdings.com\/?post_type=product&#038;p=2250"},"modified":"2025-09-26T16:08:40","modified_gmt":"2025-09-26T08:08:40","slug":"3-o-acido-etil-ascorbico","status":"publish","type":"product","link":"https:\/\/zleyholdings.com\/pt\/produtos\/3-o-acido-etil-ascorbico\/","title":{"rendered":"ZLEY\u00aeVCE"},"content":{"rendered":"<p data-start=\"71\" data-end=\"474\">O \u00e1cido 3-O-etil asc\u00f3rbico \u00e9 um <strong data-start=\"100\" data-end=\"134\">derivado est\u00e1vel da vitamina C,<\/strong> renomado por sua <strong data-start=\"152\" data-end=\"205\">propriedades clareadoras da pele e antipigmentantes<\/strong>. Efetivamente <strong data-start=\"222\" data-end=\"254\">inibe a atividade da tirosinase<\/strong> e interrompe a forma\u00e7\u00e3o de melanina, ajudando a melhorar o tom irregular da pele e a aumentar a luminosidade da pele. Gra\u00e7as \u00e0 sua <strong data-start=\"364\" data-end=\"410\">excelente permeabilidade e biodisponibilidade<\/strong>, este ingrediente ativo proporciona resultados vis\u00edveis de forma eficiente.<\/p>\n<p data-start=\"476\" data-end=\"787\">Fornecido como um <strong data-start=\"490\" data-end=\"531\">p\u00f3 cristalino branco a esbranqui\u00e7ado<\/strong>, isso \u00e9 <strong data-start=\"539\" data-end=\"559\">sol\u00favel em \u00e1gua<\/strong>, tornando-o adequado para incorpora\u00e7\u00e3o em soros, cremes, lo\u00e7\u00f5es e outras formula\u00e7\u00f5es \u00e0 base de \u00e1gua. Com um uso recomendado de <strong data-start=\"692\" data-end=\"704\">0,5\u20133,0%<\/strong>, proporciona efeitos clareadores potentes, mantendo a estabilidade da formula\u00e7\u00e3o.<\/p>","protected":false},"excerpt":{"rendered":"<div class=\"number\">\n<table width=\"647\">\n<tbody>\n<tr>\n<td width=\"208\"><strong>INCI:<\/strong><\/td>\n<td width=\"439\">\u00c1cido 3-O-Etil Asc\u00f3rbico<\/td>\n<\/tr>\n<tr>\n<td width=\"208\"><strong>Propriedades:<\/strong><\/td>\n<td width=\"439\">Derivado da vitamina C, inibe a produ\u00e7\u00e3o de tirosinase e interrompe a forma\u00e7\u00e3o de melanina. \u00d3tima permeabilidade e biodisponibilidade.<\/td>\n<\/tr>\n<tr>\n<td width=\"208\"><strong>Apar\u00eancia:<\/strong><\/td>\n<td width=\"439\">P\u00f3 cristalino branco a esbranqui\u00e7ado<\/td>\n<\/tr>\n<tr>\n<td width=\"208\"><strong>Dosagem recomendada:<\/strong><\/td>\n<td width=\"439\">0.5-3.0%<\/td>\n<\/tr>\n<tr>\n<td width=\"208\"><strong>Solubilidade:<\/strong><\/td>\n<td width=\"439\">Sol\u00favel em \u00e1gua<\/td>\n<\/tr>\n<\/tbody>\n<\/table>\n<\/div>","protected":false},"featured_media":4048,"comment_status":"open","ping_status":"closed","template":"","meta":{"_acf_changed":false,"site-sidebar-layout":"default","site-content-layout":"","ast-site-content-layout":"default","site-content-style":"default","site-sidebar-style":"default","ast-global-header-display":"","ast-banner-title-visibility":"","ast-main-header-display":"","ast-hfb-above-header-display":"","ast-hfb-below-header-display":"","ast-hfb-mobile-header-display":"","site-post-title":"","ast-breadcrumbs-content":"","ast-featured-img":"","footer-sml-layout":"","theme-transparent-header-meta":"default","adv-header-id-meta":"","stick-header-meta":"default","header-above-stick-meta":"","header-main-stick-meta":"","header-below-stick-meta":"","astra-migrate-meta-layouts":"set","ast-page-background-enabled":"default","ast-page-background-meta":{"desktop":{"background-color":"","background-image":"","background-repeat":"repeat","background-position":"center center","background-size":"auto","background-attachment":"scroll","background-type":"","background-media":"","overlay-type":"","overlay-color":"","overlay-opacity":"","overlay-gradient":""},"tablet":{"background-color":"","background-image":"","background-repeat":"repeat","background-position":"center center","background-size":"auto","background-attachment":"scroll","background-type":"","background-media":"","overlay-type":"","overlay-color":"","overlay-opacity":"","overlay-gradient":""},"mobile":{"background-color":"","background-image":"","background-repeat":"repeat","background-position":"center center","background-size":"auto","background-attachment":"scroll","background-type":"","background-media":"","overlay-type":"","overlay-color":"","overlay-opacity":"","overlay-gradient":""}},"ast-content-background-meta":{"desktop":{"background-color":"var(--ast-global-color-5)","background-image":"","background-repeat":"repeat","background-position":"center center","background-size":"auto","background-attachment":"scroll","background-type":"","background-media":"","overlay-type":"","overlay-color":"","overlay-opacity":"","overlay-gradient":""},"tablet":{"background-color":"var(--ast-global-color-5)","background-image":"","background-repeat":"repeat","background-position":"center center","background-size":"auto","background-attachment":"scroll","background-type":"","background-media":"","overlay-type":"","overlay-color":"","overlay-opacity":"","overlay-gradient":""},"mobile":{"background-color":"var(--ast-global-color-5)","background-image":"","background-repeat":"repeat","background-position":"center center","background-size":"auto","background-attachment":"scroll","background-type":"","background-media":"","overlay-type":"","overlay-color":"","overlay-opacity":"","overlay-gradient":""}}},"product_brand":[],"product_cat":[15],"product_tag":[],"class_list":{"0":"post-2250","1":"product","2":"type-product","3":"status-publish","4":"has-post-thumbnail","6":"product_cat-brightening","7":"desktop-align-left","8":"tablet-align-left","9":"mobile-align-left","11":"first","12":"instock","13":"shipping-taxable","14":"product-type-simple"},"acf":[],"_links":{"self":[{"href":"https:\/\/zleyholdings.com\/pt\/wp-json\/wp\/v2\/product\/2250","targetHints":{"allow":["GET"]}}],"collection":[{"href":"https:\/\/zleyholdings.com\/pt\/wp-json\/wp\/v2\/product"}],"about":[{"href":"https:\/\/zleyholdings.com\/pt\/wp-json\/wp\/v2\/types\/product"}],"replies":[{"embeddable":true,"href":"https:\/\/zleyholdings.com\/pt\/wp-json\/wp\/v2\/comments?post=2250"}],"wp:featuredmedia":[{"embeddable":true,"href":"https:\/\/zleyholdings.com\/pt\/wp-json\/wp\/v2\/media\/4048"}],"wp:attachment":[{"href":"https:\/\/zleyholdings.com\/pt\/wp-json\/wp\/v2\/media?parent=2250"}],"wp:term":[{"taxonomy":"product_brand","embeddable":true,"href":"https:\/\/zleyholdings.com\/pt\/wp-json\/wp\/v2\/product_brand?post=2250"},{"taxonomy":"product_cat","embeddable":true,"href":"https:\/\/zleyholdings.com\/pt\/wp-json\/wp\/v2\/product_cat?post=2250"},{"taxonomy":"product_tag","embeddable":true,"href":"https:\/\/zleyholdings.com\/pt\/wp-json\/wp\/v2\/product_tag?post=2250"}],"curies":[{"name":"wp","href":"https:\/\/api.w.org\/{rel}","templated":true}]}}