{"id":2242,"date":"2025-06-17T11:45:34","date_gmt":"2025-06-17T03:45:34","guid":{"rendered":"https:\/\/zleyholdings.com\/?post_type=product&#038;p=2242"},"modified":"2025-09-01T14:19:24","modified_gmt":"2025-09-01T06:19:24","slug":"zleycoburrhy","status":"publish","type":"product","link":"https:\/\/zleyholdings.com\/pt\/produtos\/zleycoburrhy\/","title":{"rendered":"ZLEY\u00aePE701-COBURRHY"},"content":{"rendered":"<p>Descri\u00e7\u00e3o do produto:<\/p>\n<div><img decoding=\"async\" src=\"https:\/\/ueeshop.ly200-cdn.com\/u_file\/UPAN\/UPAN198\/2412\/photo\/3eacba48e1.png?x-oss-process=image\/format,webp\" alt=\"\" title=\"\"><\/div>\n<div>ZLEY-PE701-Coburrhy \u00e9 composto de extrato de Sparganium Stoloniferum e 1,2-pentanodiol.<\/div>\n<div>\n<div>Poderoso - Rico em forte energia clareadora, seguindo a abordagem cient\u00edfica de &quot;1 Clareamento, 2 Suaviza\u00e7\u00e3o da Vermelhid\u00e3o, 3 Antiescurid\u00e3o&quot;, ele decifra de forma revolucion\u00e1ria os quatro problemas dos tons de pele: vermelho, escuro, amarelo e opaco. N\u00e3o apenas clareia e atenua manchas, como tamb\u00e9m deixa a pele mais delicada e radiante.<\/div>\n<p>As principais propriedades do ZLEY\u00aeCoburrhy:<\/p>\n<p>1. Clareamento<br \/>\n2. Calmante da vermelhid\u00e3o<br \/>\n3. Anti-escurid\u00e3o<\/p>\n<\/div>","protected":false},"excerpt":{"rendered":"<table width=\"653\">\n<tbody>\n<tr>\n<td width=\"208\"><strong>INCI:<\/strong><\/td>\n<td width=\"445\">Extrato de Sparganium Stoloniferum, Pentilenoglicol<\/td>\n<\/tr>\n<tr>\n<td width=\"208\"><strong>Propriedades:<\/strong><\/td>\n<td width=\"445\"><em><strong>ILUMINADOR NATURAL DA PELE<\/strong><\/em><br \/>\nO ingrediente perfeito para uniformizar o tom da pele, iluminando-a em 3 etapas de dentro para fora \u2014 sem risco de hiperpigmenta\u00e7\u00e3o rebote.<\/td>\n<\/tr>\n<tr>\n<td width=\"208\"><strong>Apar\u00eancia:<\/strong><\/td>\n<td width=\"445\">L\u00edquido marrom avermelhado<\/td>\n<\/tr>\n<tr>\n<td width=\"208\"><strong>Dosagem recomendada:<\/strong><\/td>\n<td width=\"445\">0.1-1.0%<\/td>\n<\/tr>\n<tr>\n<td width=\"208\"><strong>Solubilidade:<\/strong><\/td>\n<td width=\"445\">Sol\u00favel em \u00e1lcool<\/td>\n<\/tr>\n<\/tbody>\n<\/table>","protected":false},"featured_media":4009,"comment_status":"open","ping_status":"closed","template":"","meta":{"_acf_changed":false,"site-sidebar-layout":"default","site-content-layout":"","ast-site-content-layout":"default","site-content-style":"default","site-sidebar-style":"default","ast-global-header-display":"","ast-banner-title-visibility":"","ast-main-header-display":"","ast-hfb-above-header-display":"","ast-hfb-below-header-display":"","ast-hfb-mobile-header-display":"","site-post-title":"","ast-breadcrumbs-content":"","ast-featured-img":"","footer-sml-layout":"","theme-transparent-header-meta":"default","adv-header-id-meta":"","stick-header-meta":"default","header-above-stick-meta":"","header-main-stick-meta":"","header-below-stick-meta":"","astra-migrate-meta-layouts":"set","ast-page-background-enabled":"default","ast-page-background-meta":{"desktop":{"background-color":"","background-image":"","background-repeat":"repeat","background-position":"center center","background-size":"auto","background-attachment":"scroll","background-type":"","background-media":"","overlay-type":"","overlay-color":"","overlay-opacity":"","overlay-gradient":""},"tablet":{"background-color":"","background-image":"","background-repeat":"repeat","background-position":"center center","background-size":"auto","background-attachment":"scroll","background-type":"","background-media":"","overlay-type":"","overlay-color":"","overlay-opacity":"","overlay-gradient":""},"mobile":{"background-color":"","background-image":"","background-repeat":"repeat","background-position":"center center","background-size":"auto","background-attachment":"scroll","background-type":"","background-media":"","overlay-type":"","overlay-color":"","overlay-opacity":"","overlay-gradient":""}},"ast-content-background-meta":{"desktop":{"background-color":"var(--ast-global-color-5)","background-image":"","background-repeat":"repeat","background-position":"center center","background-size":"auto","background-attachment":"scroll","background-type":"","background-media":"","overlay-type":"","overlay-color":"","overlay-opacity":"","overlay-gradient":""},"tablet":{"background-color":"var(--ast-global-color-5)","background-image":"","background-repeat":"repeat","background-position":"center center","background-size":"auto","background-attachment":"scroll","background-type":"","background-media":"","overlay-type":"","overlay-color":"","overlay-opacity":"","overlay-gradient":""},"mobile":{"background-color":"var(--ast-global-color-5)","background-image":"","background-repeat":"repeat","background-position":"center center","background-size":"auto","background-attachment":"scroll","background-type":"","background-media":"","overlay-type":"","overlay-color":"","overlay-opacity":"","overlay-gradient":""}}},"product_brand":[],"product_cat":[15],"product_tag":[],"class_list":{"0":"post-2242","1":"product","2":"type-product","3":"status-publish","4":"has-post-thumbnail","6":"product_cat-brightening","7":"desktop-align-left","8":"tablet-align-left","9":"mobile-align-left","11":"first","12":"instock","13":"shipping-taxable","14":"product-type-simple"},"acf":[],"_links":{"self":[{"href":"https:\/\/zleyholdings.com\/pt\/wp-json\/wp\/v2\/product\/2242","targetHints":{"allow":["GET"]}}],"collection":[{"href":"https:\/\/zleyholdings.com\/pt\/wp-json\/wp\/v2\/product"}],"about":[{"href":"https:\/\/zleyholdings.com\/pt\/wp-json\/wp\/v2\/types\/product"}],"replies":[{"embeddable":true,"href":"https:\/\/zleyholdings.com\/pt\/wp-json\/wp\/v2\/comments?post=2242"}],"wp:featuredmedia":[{"embeddable":true,"href":"https:\/\/zleyholdings.com\/pt\/wp-json\/wp\/v2\/media\/4009"}],"wp:attachment":[{"href":"https:\/\/zleyholdings.com\/pt\/wp-json\/wp\/v2\/media?parent=2242"}],"wp:term":[{"taxonomy":"product_brand","embeddable":true,"href":"https:\/\/zleyholdings.com\/pt\/wp-json\/wp\/v2\/product_brand?post=2242"},{"taxonomy":"product_cat","embeddable":true,"href":"https:\/\/zleyholdings.com\/pt\/wp-json\/wp\/v2\/product_cat?post=2242"},{"taxonomy":"product_tag","embeddable":true,"href":"https:\/\/zleyholdings.com\/pt\/wp-json\/wp\/v2\/product_tag?post=2242"}],"curies":[{"name":"wp","href":"https:\/\/api.w.org\/{rel}","templated":true}]}}