{"id":2239,"date":"2025-06-17T11:39:33","date_gmt":"2025-06-17T03:39:33","guid":{"rendered":"https:\/\/zleyholdings.com\/?post_type=product&#038;p=2239"},"modified":"2025-09-26T15:34:19","modified_gmt":"2025-09-26T07:34:19","slug":"tetraisopalmitato-de-ascorbila","status":"publish","type":"product","link":"https:\/\/zleyholdings.com\/pt\/produtos\/tetraisopalmitato-de-ascorbila\/","title":{"rendered":"ZLEY\u00aeVCIP"},"content":{"rendered":"<p data-start=\"74\" data-end=\"451\">O tetraisopalmitato de ascorbila \u00e9 um <strong data-start=\"106\" data-end=\"153\">derivado est\u00e1vel e sol\u00favel em \u00f3leo da vitamina C<\/strong> conhecido por seu <strong data-start=\"168\" data-end=\"231\">alta efic\u00e1cia no clareamento da pele e na redu\u00e7\u00e3o da pigmenta\u00e7\u00e3o<\/strong>. Comparado com a vitamina C convencional, \u00e9 <strong data-start=\"275\" data-end=\"327\">mais suave, mais est\u00e1vel e menos sujeito \u00e0 oxida\u00e7\u00e3o<\/strong>, enquanto efetivamente <strong data-start=\"347\" data-end=\"381\">inibindo a atividade da tirosinase<\/strong> e diminuindo a produ\u00e7\u00e3o de melanina para promover um tom de pele mais uniforme.<\/p>\n<p data-start=\"453\" data-end=\"772\">Fornecido como um <strong data-start=\"467\" data-end=\"502\">l\u00edquido incolor a amarelo claro<\/strong>, isso \u00e9 <strong data-start=\"510\" data-end=\"528\">sol\u00favel em \u00f3leo<\/strong>, tornando-o adequado para incorpora\u00e7\u00e3o em s\u00e9runs, cremes, \u00f3leos e outras formula\u00e7\u00f5es de cuidados com a pele \u00e0 base de \u00f3leo. Com uma dosagem recomendada de <strong data-start=\"666\" data-end=\"678\">0,5\u20134,0%<\/strong>, proporciona efeitos clareadores potentes, mantendo a estabilidade e a seguran\u00e7a da formula\u00e7\u00e3o.<\/p>","protected":false},"excerpt":{"rendered":"<div class=\"number\">\n<table width=\"647\">\n<tbody>\n<tr>\n<td width=\"208\"><strong>INCI:<\/strong><\/td>\n<td width=\"439\">Tetraisopalmitato de ascorbila<\/td>\n<\/tr>\n<tr>\n<td width=\"208\"><strong>Propriedades:<\/strong><\/td>\n<td width=\"439\">Mais suave e est\u00e1vel que o VC, excelente efic\u00e1cia na inibi\u00e7\u00e3o da atividade da tirosinase e redu\u00e7\u00e3o da melanina.<\/td>\n<\/tr>\n<tr>\n<td width=\"208\"><strong>Apar\u00eancia:<\/strong><\/td>\n<td width=\"439\">L\u00edquido incolor a amarelo claro<\/td>\n<\/tr>\n<tr>\n<td width=\"208\"><strong>Dosagem recomendada:<\/strong><\/td>\n<td width=\"439\">0.5-4.0%<\/td>\n<\/tr>\n<tr>\n<td width=\"208\"><strong>Solubilidade:<\/strong><\/td>\n<td width=\"439\">Sol\u00favel em \u00f3leo<\/td>\n<\/tr>\n<\/tbody>\n<\/table>\n<\/div>","protected":false},"featured_media":4045,"comment_status":"open","ping_status":"closed","template":"","meta":{"_acf_changed":false,"site-sidebar-layout":"default","site-content-layout":"","ast-site-content-layout":"default","site-content-style":"default","site-sidebar-style":"default","ast-global-header-display":"","ast-banner-title-visibility":"","ast-main-header-display":"","ast-hfb-above-header-display":"","ast-hfb-below-header-display":"","ast-hfb-mobile-header-display":"","site-post-title":"","ast-breadcrumbs-content":"","ast-featured-img":"","footer-sml-layout":"","theme-transparent-header-meta":"default","adv-header-id-meta":"","stick-header-meta":"default","header-above-stick-meta":"","header-main-stick-meta":"","header-below-stick-meta":"","astra-migrate-meta-layouts":"set","ast-page-background-enabled":"default","ast-page-background-meta":{"desktop":{"background-color":"","background-image":"","background-repeat":"repeat","background-position":"center center","background-size":"auto","background-attachment":"scroll","background-type":"","background-media":"","overlay-type":"","overlay-color":"","overlay-opacity":"","overlay-gradient":""},"tablet":{"background-color":"","background-image":"","background-repeat":"repeat","background-position":"center center","background-size":"auto","background-attachment":"scroll","background-type":"","background-media":"","overlay-type":"","overlay-color":"","overlay-opacity":"","overlay-gradient":""},"mobile":{"background-color":"","background-image":"","background-repeat":"repeat","background-position":"center center","background-size":"auto","background-attachment":"scroll","background-type":"","background-media":"","overlay-type":"","overlay-color":"","overlay-opacity":"","overlay-gradient":""}},"ast-content-background-meta":{"desktop":{"background-color":"var(--ast-global-color-5)","background-image":"","background-repeat":"repeat","background-position":"center center","background-size":"auto","background-attachment":"scroll","background-type":"","background-media":"","overlay-type":"","overlay-color":"","overlay-opacity":"","overlay-gradient":""},"tablet":{"background-color":"var(--ast-global-color-5)","background-image":"","background-repeat":"repeat","background-position":"center center","background-size":"auto","background-attachment":"scroll","background-type":"","background-media":"","overlay-type":"","overlay-color":"","overlay-opacity":"","overlay-gradient":""},"mobile":{"background-color":"var(--ast-global-color-5)","background-image":"","background-repeat":"repeat","background-position":"center center","background-size":"auto","background-attachment":"scroll","background-type":"","background-media":"","overlay-type":"","overlay-color":"","overlay-opacity":"","overlay-gradient":""}}},"product_brand":[],"product_cat":[15],"product_tag":[],"class_list":{"0":"post-2239","1":"product","2":"type-product","3":"status-publish","4":"has-post-thumbnail","6":"product_cat-brightening","7":"desktop-align-left","8":"tablet-align-left","9":"mobile-align-left","11":"first","12":"instock","13":"shipping-taxable","14":"product-type-simple"},"acf":[],"_links":{"self":[{"href":"https:\/\/zleyholdings.com\/pt\/wp-json\/wp\/v2\/product\/2239","targetHints":{"allow":["GET"]}}],"collection":[{"href":"https:\/\/zleyholdings.com\/pt\/wp-json\/wp\/v2\/product"}],"about":[{"href":"https:\/\/zleyholdings.com\/pt\/wp-json\/wp\/v2\/types\/product"}],"replies":[{"embeddable":true,"href":"https:\/\/zleyholdings.com\/pt\/wp-json\/wp\/v2\/comments?post=2239"}],"wp:featuredmedia":[{"embeddable":true,"href":"https:\/\/zleyholdings.com\/pt\/wp-json\/wp\/v2\/media\/4045"}],"wp:attachment":[{"href":"https:\/\/zleyholdings.com\/pt\/wp-json\/wp\/v2\/media?parent=2239"}],"wp:term":[{"taxonomy":"product_brand","embeddable":true,"href":"https:\/\/zleyholdings.com\/pt\/wp-json\/wp\/v2\/product_brand?post=2239"},{"taxonomy":"product_cat","embeddable":true,"href":"https:\/\/zleyholdings.com\/pt\/wp-json\/wp\/v2\/product_cat?post=2239"},{"taxonomy":"product_tag","embeddable":true,"href":"https:\/\/zleyholdings.com\/pt\/wp-json\/wp\/v2\/product_tag?post=2239"}],"curies":[{"name":"wp","href":"https:\/\/api.w.org\/{rel}","templated":true}]}}