{"id":2227,"date":"2025-06-17T10:44:50","date_gmt":"2025-06-17T02:44:50","guid":{"rendered":"https:\/\/zleyholdings.com\/?post_type=product&#038;p=2227"},"modified":"2025-09-26T15:36:39","modified_gmt":"2025-09-26T07:36:39","slug":"po-de-piroctona-olamina","status":"publish","type":"product","link":"https:\/\/zleyholdings.com\/pt\/produtos\/po-de-piroctona-olamina\/","title":{"rendered":"ZLEY\u00aeBIOCARE-OUT"},"content":{"rendered":"<p data-start=\"65\" data-end=\"483\">Piroctona Olamina \u00e9 uma subst\u00e2ncia vers\u00e1til <strong data-start=\"98\" data-end=\"149\">ingrediente ativo antimicrobiano e desodorizante<\/strong> comumente usado em produtos de cuidados pessoais. Ele fornece <strong data-start=\"203\" data-end=\"261\">esteriliza\u00e7\u00e3o eficaz, al\u00edvio da coceira e controle de odores<\/strong>, tornando-o ideal para <strong data-start=\"283\" data-end=\"335\">formula\u00e7\u00f5es de produtos de higiene pessoal, xampus e desodorantes<\/strong>. Al\u00e9m disso, pode servir como um <strong data-start=\"369\" data-end=\"410\">alternativa conservante em cosm\u00e9ticos<\/strong>, ajudando a reduzir os custos de formula\u00e7\u00e3o e, ao mesmo tempo, mantendo a seguran\u00e7a do produto.<\/p>\n<p data-start=\"485\" data-end=\"782\">Este ingrediente \u00e9 fornecido como um <strong data-start=\"518\" data-end=\"546\">p\u00f3 cristalino branco<\/strong> e \u00e9 <strong data-start=\"554\" data-end=\"576\">sol\u00favel em \u00e1lcool<\/strong>, permitindo f\u00e1cil incorpora\u00e7\u00e3o em uma ampla gama de formula\u00e7\u00f5es. Com um uso recomendado de <strong data-start=\"669\" data-end=\"682\">0,01\u20130,5%<\/strong>, proporciona efeitos antimicrobianos e desodorizantes confi\u00e1veis com excelente estabilidade de formula\u00e7\u00e3o.<\/p>","protected":false},"excerpt":{"rendered":"<div class=\"number\">\n<table width=\"647\">\n<tbody>\n<tr>\n<td width=\"208\"><strong>INCI:<\/strong><\/td>\n<td width=\"439\">Piroctona Olamina<\/td>\n<\/tr>\n<tr>\n<td width=\"208\"><strong>Propriedades:<\/strong><\/td>\n<td width=\"439\">As fun\u00e7\u00f5es de esteriliza\u00e7\u00e3o, al\u00edvio da coceira e desodoriza\u00e7\u00e3o funcionam eficazmente em produtos de higiene pessoal, xampus e desodorizantes. Tamb\u00e9m podem substituir conservantes em cosm\u00e9ticos e reduzir custos.<\/td>\n<\/tr>\n<tr>\n<td width=\"208\"><strong>Apar\u00eancia:<\/strong><\/td>\n<td width=\"439\">P\u00f3 cristalino branco<\/td>\n<\/tr>\n<tr>\n<td width=\"208\"><strong>Dosagem recomendada:<\/strong><\/td>\n<td width=\"439\">0.01-0.5%<\/td>\n<\/tr>\n<tr>\n<td width=\"208\"><strong>Solubilidade:<\/strong><\/td>\n<td width=\"439\">Sol\u00favel em \u00e1lcool<\/td>\n<\/tr>\n<\/tbody>\n<\/table>\n<\/div>","protected":false},"featured_media":4078,"comment_status":"open","ping_status":"closed","template":"","meta":{"_acf_changed":false,"site-sidebar-layout":"default","site-content-layout":"","ast-site-content-layout":"default","site-content-style":"default","site-sidebar-style":"default","ast-global-header-display":"","ast-banner-title-visibility":"","ast-main-header-display":"","ast-hfb-above-header-display":"","ast-hfb-below-header-display":"","ast-hfb-mobile-header-display":"","site-post-title":"","ast-breadcrumbs-content":"","ast-featured-img":"","footer-sml-layout":"","theme-transparent-header-meta":"default","adv-header-id-meta":"","stick-header-meta":"default","header-above-stick-meta":"","header-main-stick-meta":"","header-below-stick-meta":"","astra-migrate-meta-layouts":"set","ast-page-background-enabled":"default","ast-page-background-meta":{"desktop":{"background-color":"","background-image":"","background-repeat":"repeat","background-position":"center center","background-size":"auto","background-attachment":"scroll","background-type":"","background-media":"","overlay-type":"","overlay-color":"","overlay-opacity":"","overlay-gradient":""},"tablet":{"background-color":"","background-image":"","background-repeat":"repeat","background-position":"center center","background-size":"auto","background-attachment":"scroll","background-type":"","background-media":"","overlay-type":"","overlay-color":"","overlay-opacity":"","overlay-gradient":""},"mobile":{"background-color":"","background-image":"","background-repeat":"repeat","background-position":"center center","background-size":"auto","background-attachment":"scroll","background-type":"","background-media":"","overlay-type":"","overlay-color":"","overlay-opacity":"","overlay-gradient":""}},"ast-content-background-meta":{"desktop":{"background-color":"var(--ast-global-color-5)","background-image":"","background-repeat":"repeat","background-position":"center center","background-size":"auto","background-attachment":"scroll","background-type":"","background-media":"","overlay-type":"","overlay-color":"","overlay-opacity":"","overlay-gradient":""},"tablet":{"background-color":"var(--ast-global-color-5)","background-image":"","background-repeat":"repeat","background-position":"center center","background-size":"auto","background-attachment":"scroll","background-type":"","background-media":"","overlay-type":"","overlay-color":"","overlay-opacity":"","overlay-gradient":""},"mobile":{"background-color":"var(--ast-global-color-5)","background-image":"","background-repeat":"repeat","background-position":"center center","background-size":"auto","background-attachment":"scroll","background-type":"","background-media":"","overlay-type":"","overlay-color":"","overlay-opacity":"","overlay-gradient":""}}},"product_brand":[],"product_cat":[29],"product_tag":[],"class_list":{"0":"post-2227","1":"product","2":"type-product","3":"status-publish","4":"has-post-thumbnail","6":"product_cat-preservative","7":"desktop-align-left","8":"tablet-align-left","9":"mobile-align-left","11":"first","12":"instock","13":"shipping-taxable","14":"product-type-simple"},"acf":[],"_links":{"self":[{"href":"https:\/\/zleyholdings.com\/pt\/wp-json\/wp\/v2\/product\/2227","targetHints":{"allow":["GET"]}}],"collection":[{"href":"https:\/\/zleyholdings.com\/pt\/wp-json\/wp\/v2\/product"}],"about":[{"href":"https:\/\/zleyholdings.com\/pt\/wp-json\/wp\/v2\/types\/product"}],"replies":[{"embeddable":true,"href":"https:\/\/zleyholdings.com\/pt\/wp-json\/wp\/v2\/comments?post=2227"}],"wp:featuredmedia":[{"embeddable":true,"href":"https:\/\/zleyholdings.com\/pt\/wp-json\/wp\/v2\/media\/4078"}],"wp:attachment":[{"href":"https:\/\/zleyholdings.com\/pt\/wp-json\/wp\/v2\/media?parent=2227"}],"wp:term":[{"taxonomy":"product_brand","embeddable":true,"href":"https:\/\/zleyholdings.com\/pt\/wp-json\/wp\/v2\/product_brand?post=2227"},{"taxonomy":"product_cat","embeddable":true,"href":"https:\/\/zleyholdings.com\/pt\/wp-json\/wp\/v2\/product_cat?post=2227"},{"taxonomy":"product_tag","embeddable":true,"href":"https:\/\/zleyholdings.com\/pt\/wp-json\/wp\/v2\/product_tag?post=2227"}],"curies":[{"name":"wp","href":"https:\/\/api.w.org\/{rel}","templated":true}]}}