{"id":2223,"date":"2025-06-17T10:40:46","date_gmt":"2025-06-17T02:40:46","guid":{"rendered":"https:\/\/zleyholdings.com\/?post_type=product&#038;p=2223"},"modified":"2025-09-26T15:37:21","modified_gmt":"2025-09-26T07:37:21","slug":"o-cimen-5-ol","status":"publish","type":"product","link":"https:\/\/zleyholdings.com\/pt\/produtos\/o-cimen-5-ol\/","title":{"rendered":"ZLEY\u00aeBIOCARE-IPMP"},"content":{"rendered":"<p data-start=\"60\" data-end=\"416\">O-Cymen-5-OL \u00e9 um medicamento altamente eficaz <strong data-start=\"95\" data-end=\"152\">ingrediente ativo anti-inflamat\u00f3rio e antibacteriano<\/strong> projetado para aplica\u00e7\u00f5es cosm\u00e9ticas e de cuidados com a pele. Ajuda <strong data-start=\"211\" data-end=\"258\">aliviar inflama\u00e7\u00e3o, vermelhid\u00e3o e incha\u00e7o<\/strong>, ao mesmo tempo em que oferece <strong data-start=\"275\" data-end=\"310\">forte prote\u00e7\u00e3o antibacteriana<\/strong>. Sua natureza gentil o torna <strong data-start=\"339\" data-end=\"366\">seguro e n\u00e3o irritante<\/strong>, adequado at\u00e9 mesmo para formula\u00e7\u00f5es de peles sens\u00edveis.<\/p>\n<p data-start=\"418\" data-end=\"777\">Este ingrediente \u00e9 fornecido como <strong data-start=\"449\" data-end=\"479\">cristais brancos em forma de agulha<\/strong> e \u00e9 <strong data-start=\"487\" data-end=\"522\">sol\u00favel em \u00e1lcool e \u00f3leo<\/strong>, permitindo f\u00e1cil incorpora\u00e7\u00e3o em s\u00e9runs, cremes, lo\u00e7\u00f5es e outras formula\u00e7\u00f5es \u00e0 base de \u00f3leo ou \u00e1lcool. Com um uso recomendado de <strong data-start=\"656\" data-end=\"669\">0,01\u20130,1%<\/strong>, proporciona potentes benef\u00edcios anti-inflamat\u00f3rios e antibacterianos, mantendo a estabilidade da formula\u00e7\u00e3o.<\/p>","protected":false},"excerpt":{"rendered":"<div class=\"number\">\n<table width=\"647\">\n<tbody>\n<tr>\n<td width=\"208\"><strong>INCI:<\/strong><\/td>\n<td width=\"439\">O-Cymen-5-OL<\/td>\n<\/tr>\n<tr>\n<td width=\"208\"><strong>Propriedades:<\/strong><\/td>\n<td width=\"439\">Alivia inflama\u00e7\u00e3o, vermelhid\u00e3o, incha\u00e7o, etc. Alta efici\u00eancia com forte poder antibacteriano. Seguro e n\u00e3o irritante.<\/td>\n<\/tr>\n<tr>\n<td width=\"208\"><strong>Apar\u00eancia:<\/strong><\/td>\n<td width=\"439\">Cristais brancos em forma de agulha<\/td>\n<\/tr>\n<tr>\n<td width=\"208\"><strong>Dosagem recomendada:<\/strong><\/td>\n<td width=\"439\">0.01-0.1%<\/td>\n<\/tr>\n<tr>\n<td width=\"208\"><strong>Solubilidade:<\/strong><\/td>\n<td width=\"439\">Sol\u00favel em \u00e1lcool, sol\u00favel em \u00f3leo<\/td>\n<\/tr>\n<\/tbody>\n<\/table>\n<\/div>","protected":false},"featured_media":4020,"comment_status":"open","ping_status":"closed","template":"","meta":{"_acf_changed":false,"site-sidebar-layout":"default","site-content-layout":"","ast-site-content-layout":"default","site-content-style":"default","site-sidebar-style":"default","ast-global-header-display":"","ast-banner-title-visibility":"","ast-main-header-display":"","ast-hfb-above-header-display":"","ast-hfb-below-header-display":"","ast-hfb-mobile-header-display":"","site-post-title":"","ast-breadcrumbs-content":"","ast-featured-img":"","footer-sml-layout":"","theme-transparent-header-meta":"default","adv-header-id-meta":"","stick-header-meta":"default","header-above-stick-meta":"","header-main-stick-meta":"","header-below-stick-meta":"","astra-migrate-meta-layouts":"set","ast-page-background-enabled":"default","ast-page-background-meta":{"desktop":{"background-color":"","background-image":"","background-repeat":"repeat","background-position":"center center","background-size":"auto","background-attachment":"scroll","background-type":"","background-media":"","overlay-type":"","overlay-color":"","overlay-opacity":"","overlay-gradient":""},"tablet":{"background-color":"","background-image":"","background-repeat":"repeat","background-position":"center center","background-size":"auto","background-attachment":"scroll","background-type":"","background-media":"","overlay-type":"","overlay-color":"","overlay-opacity":"","overlay-gradient":""},"mobile":{"background-color":"","background-image":"","background-repeat":"repeat","background-position":"center center","background-size":"auto","background-attachment":"scroll","background-type":"","background-media":"","overlay-type":"","overlay-color":"","overlay-opacity":"","overlay-gradient":""}},"ast-content-background-meta":{"desktop":{"background-color":"var(--ast-global-color-5)","background-image":"","background-repeat":"repeat","background-position":"center center","background-size":"auto","background-attachment":"scroll","background-type":"","background-media":"","overlay-type":"","overlay-color":"","overlay-opacity":"","overlay-gradient":""},"tablet":{"background-color":"var(--ast-global-color-5)","background-image":"","background-repeat":"repeat","background-position":"center center","background-size":"auto","background-attachment":"scroll","background-type":"","background-media":"","overlay-type":"","overlay-color":"","overlay-opacity":"","overlay-gradient":""},"mobile":{"background-color":"var(--ast-global-color-5)","background-image":"","background-repeat":"repeat","background-position":"center center","background-size":"auto","background-attachment":"scroll","background-type":"","background-media":"","overlay-type":"","overlay-color":"","overlay-opacity":"","overlay-gradient":""}}},"product_brand":[],"product_cat":[29],"product_tag":[],"class_list":{"0":"post-2223","1":"product","2":"type-product","3":"status-publish","4":"has-post-thumbnail","6":"product_cat-preservative","7":"desktop-align-left","8":"tablet-align-left","9":"mobile-align-left","11":"first","12":"instock","13":"shipping-taxable","14":"product-type-simple"},"acf":[],"_links":{"self":[{"href":"https:\/\/zleyholdings.com\/pt\/wp-json\/wp\/v2\/product\/2223","targetHints":{"allow":["GET"]}}],"collection":[{"href":"https:\/\/zleyholdings.com\/pt\/wp-json\/wp\/v2\/product"}],"about":[{"href":"https:\/\/zleyholdings.com\/pt\/wp-json\/wp\/v2\/types\/product"}],"replies":[{"embeddable":true,"href":"https:\/\/zleyholdings.com\/pt\/wp-json\/wp\/v2\/comments?post=2223"}],"wp:featuredmedia":[{"embeddable":true,"href":"https:\/\/zleyholdings.com\/pt\/wp-json\/wp\/v2\/media\/4020"}],"wp:attachment":[{"href":"https:\/\/zleyholdings.com\/pt\/wp-json\/wp\/v2\/media?parent=2223"}],"wp:term":[{"taxonomy":"product_brand","embeddable":true,"href":"https:\/\/zleyholdings.com\/pt\/wp-json\/wp\/v2\/product_brand?post=2223"},{"taxonomy":"product_cat","embeddable":true,"href":"https:\/\/zleyholdings.com\/pt\/wp-json\/wp\/v2\/product_cat?post=2223"},{"taxonomy":"product_tag","embeddable":true,"href":"https:\/\/zleyholdings.com\/pt\/wp-json\/wp\/v2\/product_tag?post=2223"}],"curies":[{"name":"wp","href":"https:\/\/api.w.org\/{rel}","templated":true}]}}