{"id":2211,"date":"2025-06-17T10:16:35","date_gmt":"2025-06-17T02:16:35","guid":{"rendered":"https:\/\/zleyholdings.com\/?post_type=product&#038;p=2211"},"modified":"2025-09-26T15:39:37","modified_gmt":"2025-09-26T07:39:37","slug":"extrato-de-raiz-de-stephania-tetranda-agua-butilenoglicol","status":"publish","type":"product","link":"https:\/\/zleyholdings.com\/pt\/produtos\/extrato-de-raiz-de-stephania-tetranda-agua-butilenoglicol\/","title":{"rendered":"ZLEY\u00aePE401-PHEACNE"},"content":{"rendered":"<p data-start=\"75\" data-end=\"478\">O Extrato de Stephania Tetrandra, combinado com Butilenoglicol e \u00c1gua, \u00e9 um <strong data-start=\"150\" data-end=\"198\">ingrediente ativo de ervas tradicionais chinesas<\/strong> conhecido por seu <strong data-start=\"213\" data-end=\"255\">propriedades calmantes e reparadoras da pele<\/strong>. Isso \u00e9 <strong data-start=\"263\" data-end=\"288\">seguro e ecol\u00f3gico<\/strong>, apoiando eficazmente a repara\u00e7\u00e3o do <strong data-start=\"331\" data-end=\"355\">barreira da pele danificada<\/strong> e aumentando a resist\u00eancia da pele aos agressores externos, tornando-o ideal para formula\u00e7\u00f5es para peles sens\u00edveis ou estressadas.<\/p>\n<p data-start=\"480\" data-end=\"814\">Este ingrediente \u00e9 fornecido como um <strong data-start=\"513\" data-end=\"545\">l\u00edquido transparente incolor<\/strong> e \u00e9 <strong data-start=\"553\" data-end=\"573\">sol\u00favel em \u00e1gua<\/strong>, permitindo f\u00e1cil incorpora\u00e7\u00e3o em s\u00e9runs, cremes, m\u00e1scaras e outros produtos de cuidados com a pele \u00e0 base de \u00e1gua. Com uma faixa de uso recomendada de <strong data-start=\"706\" data-end=\"719\">0,5\u201335,7%<\/strong>, oferece op\u00e7\u00f5es de formula\u00e7\u00e3o vers\u00e1teis para solu\u00e7\u00f5es suaves, por\u00e9m eficazes, para acalmar a pele.<\/p>","protected":false},"excerpt":{"rendered":"<div class=\"number\">\n<table width=\"667\">\n<tbody>\n<tr>\n<td width=\"208\"><strong>INCI:<\/strong><\/td>\n<td width=\"458\">Extrato de Stephania Tetrandra, Butilenoglicol, \u00c1gua<\/td>\n<\/tr>\n<tr>\n<td width=\"208\"><strong>Propriedades:<\/strong><\/td>\n<td width=\"458\"><em><strong>ERVAS TRADICIONAIS CHINESAS CALMANTES<\/strong><\/em><br \/>\nSeguro e ecol\u00f3gico, ajuda a reparar a barreira cut\u00e2nea danificada e fortalece a resist\u00eancia aos agressores externos.<\/td>\n<\/tr>\n<tr>\n<td width=\"208\"><strong>Apar\u00eancia:<\/strong><\/td>\n<td width=\"458\">L\u00edquido transparente incolor<\/td>\n<\/tr>\n<tr>\n<td width=\"208\"><strong>Dosagem recomendada:<\/strong><\/td>\n<td width=\"458\">0.5-35.7%<\/td>\n<\/tr>\n<tr>\n<td width=\"208\"><strong>Solubilidade:<\/strong><\/td>\n<td width=\"458\">Sol\u00favel em \u00e1gua<\/td>\n<\/tr>\n<\/tbody>\n<\/table>\n<\/div>","protected":false},"featured_media":4003,"comment_status":"open","ping_status":"closed","template":"","meta":{"_acf_changed":false,"site-sidebar-layout":"default","site-content-layout":"","ast-site-content-layout":"default","site-content-style":"default","site-sidebar-style":"default","ast-global-header-display":"","ast-banner-title-visibility":"","ast-main-header-display":"","ast-hfb-above-header-display":"","ast-hfb-below-header-display":"","ast-hfb-mobile-header-display":"","site-post-title":"","ast-breadcrumbs-content":"","ast-featured-img":"","footer-sml-layout":"","theme-transparent-header-meta":"default","adv-header-id-meta":"","stick-header-meta":"default","header-above-stick-meta":"","header-main-stick-meta":"","header-below-stick-meta":"","astra-migrate-meta-layouts":"set","ast-page-background-enabled":"default","ast-page-background-meta":{"desktop":{"background-color":"","background-image":"","background-repeat":"repeat","background-position":"center center","background-size":"auto","background-attachment":"scroll","background-type":"","background-media":"","overlay-type":"","overlay-color":"","overlay-opacity":"","overlay-gradient":""},"tablet":{"background-color":"","background-image":"","background-repeat":"repeat","background-position":"center center","background-size":"auto","background-attachment":"scroll","background-type":"","background-media":"","overlay-type":"","overlay-color":"","overlay-opacity":"","overlay-gradient":""},"mobile":{"background-color":"","background-image":"","background-repeat":"repeat","background-position":"center center","background-size":"auto","background-attachment":"scroll","background-type":"","background-media":"","overlay-type":"","overlay-color":"","overlay-opacity":"","overlay-gradient":""}},"ast-content-background-meta":{"desktop":{"background-color":"var(--ast-global-color-5)","background-image":"","background-repeat":"repeat","background-position":"center center","background-size":"auto","background-attachment":"scroll","background-type":"","background-media":"","overlay-type":"","overlay-color":"","overlay-opacity":"","overlay-gradient":""},"tablet":{"background-color":"var(--ast-global-color-5)","background-image":"","background-repeat":"repeat","background-position":"center center","background-size":"auto","background-attachment":"scroll","background-type":"","background-media":"","overlay-type":"","overlay-color":"","overlay-opacity":"","overlay-gradient":""},"mobile":{"background-color":"var(--ast-global-color-5)","background-image":"","background-repeat":"repeat","background-position":"center center","background-size":"auto","background-attachment":"scroll","background-type":"","background-media":"","overlay-type":"","overlay-color":"","overlay-opacity":"","overlay-gradient":""}}},"product_brand":[],"product_cat":[28],"product_tag":[],"class_list":{"0":"post-2211","1":"product","2":"type-product","3":"status-publish","4":"has-post-thumbnail","6":"product_cat-soothing","7":"desktop-align-left","8":"tablet-align-left","9":"mobile-align-left","11":"first","12":"instock","13":"shipping-taxable","14":"product-type-simple"},"acf":[],"_links":{"self":[{"href":"https:\/\/zleyholdings.com\/pt\/wp-json\/wp\/v2\/product\/2211","targetHints":{"allow":["GET"]}}],"collection":[{"href":"https:\/\/zleyholdings.com\/pt\/wp-json\/wp\/v2\/product"}],"about":[{"href":"https:\/\/zleyholdings.com\/pt\/wp-json\/wp\/v2\/types\/product"}],"replies":[{"embeddable":true,"href":"https:\/\/zleyholdings.com\/pt\/wp-json\/wp\/v2\/comments?post=2211"}],"wp:featuredmedia":[{"embeddable":true,"href":"https:\/\/zleyholdings.com\/pt\/wp-json\/wp\/v2\/media\/4003"}],"wp:attachment":[{"href":"https:\/\/zleyholdings.com\/pt\/wp-json\/wp\/v2\/media?parent=2211"}],"wp:term":[{"taxonomy":"product_brand","embeddable":true,"href":"https:\/\/zleyholdings.com\/pt\/wp-json\/wp\/v2\/product_brand?post=2211"},{"taxonomy":"product_cat","embeddable":true,"href":"https:\/\/zleyholdings.com\/pt\/wp-json\/wp\/v2\/product_cat?post=2211"},{"taxonomy":"product_tag","embeddable":true,"href":"https:\/\/zleyholdings.com\/pt\/wp-json\/wp\/v2\/product_tag?post=2211"}],"curies":[{"name":"wp","href":"https:\/\/api.w.org\/{rel}","templated":true}]}}