{"id":2208,"date":"2025-06-17T10:02:44","date_gmt":"2025-06-17T02:02:44","guid":{"rendered":"https:\/\/zleyholdings.com\/?post_type=product&#038;p=2208"},"modified":"2025-09-26T15:40:20","modified_gmt":"2025-09-26T07:40:20","slug":"extrato-de-raiz-de-stephania-tetranda-triglicerideo-caprilico-caprico","status":"publish","type":"product","link":"https:\/\/zleyholdings.com\/pt\/produtos\/extrato-de-raiz-de-stephania-tetranda-triglicerideo-caprilico-caprico\/","title":{"rendered":"ZLEY\u00aePE402-PHEACNE-\u00d3LEO"},"content":{"rendered":"<p data-start=\"107\" data-end=\"479\">Esta formula\u00e7\u00e3o combina <strong data-start=\"133\" data-end=\"164\">Extrato de Stephania Tetrandra<\/strong> com <strong data-start=\"170\" data-end=\"202\">Triglicer\u00eddeo Capr\u00edlico\/C\u00e1prico<\/strong> para criar um <strong data-start=\"215\" data-end=\"255\">100% ingrediente ativo derivado de plantas<\/strong> conhecido por seu <strong data-start=\"270\" data-end=\"319\">propriedades naturais calmantes e anti-irritantes<\/strong>. \u00c9 ideal para acalmar peles sens\u00edveis ou estressadas, ajudando a <strong data-start=\"384\" data-end=\"432\">reduzir a irrita\u00e7\u00e3o e refor\u00e7ar o conforto da pele<\/strong> mantendo um perfil gentil e seguro.<\/p>\n<p data-start=\"481\" data-end=\"804\">Fornecido como um <strong data-start=\"495\" data-end=\"527\">l\u00edquido transparente incolor<\/strong>, este ingrediente \u00e9 <strong data-start=\"548\" data-end=\"566\">sol\u00favel em \u00f3leo<\/strong>, tornando-o adequado para incorpora\u00e7\u00e3o em \u00f3leos, s\u00e9runs, cremes e outras formula\u00e7\u00f5es de cuidados com a pele \u00e0 base de \u00f3leo. Com um uso recomendado de <strong data-start=\"703\" data-end=\"716\">at\u00e9 90%<\/strong>, oferece op\u00e7\u00f5es de formula\u00e7\u00e3o flex\u00edveis ao mesmo tempo em que proporciona benef\u00edcios calmantes eficazes.<\/p>","protected":false},"excerpt":{"rendered":"<div class=\"number\">\n<table width=\"667\">\n<tbody>\n<tr>\n<td width=\"208\"><strong>INCI:<\/strong><\/td>\n<td width=\"458\">Extrato de Stephania Tetrandra, Triglicer\u00eddeo Capr\u00edlico\/C\u00e1prico<\/td>\n<\/tr>\n<tr>\n<td width=\"208\"><strong>Propriedades:<\/strong><\/td>\n<td width=\"458\">Ingredientes derivados de plantas 100% com propriedades naturais calmantes e anti-irritantes.<\/td>\n<\/tr>\n<tr>\n<td width=\"208\"><strong>Apar\u00eancia:<\/strong><\/td>\n<td width=\"458\">L\u00edquido transparente incolor<\/td>\n<\/tr>\n<tr>\n<td width=\"208\"><strong>Dosagem recomendada:<\/strong><\/td>\n<td width=\"458\">NMT90%<\/td>\n<\/tr>\n<tr>\n<td width=\"208\"><strong>Solubilidade:<\/strong><\/td>\n<td width=\"458\">Sol\u00favel em \u00f3leo<\/td>\n<\/tr>\n<\/tbody>\n<\/table>\n<\/div>","protected":false},"featured_media":4045,"comment_status":"open","ping_status":"closed","template":"","meta":{"_acf_changed":false,"site-sidebar-layout":"default","site-content-layout":"","ast-site-content-layout":"default","site-content-style":"default","site-sidebar-style":"default","ast-global-header-display":"","ast-banner-title-visibility":"","ast-main-header-display":"","ast-hfb-above-header-display":"","ast-hfb-below-header-display":"","ast-hfb-mobile-header-display":"","site-post-title":"","ast-breadcrumbs-content":"","ast-featured-img":"","footer-sml-layout":"","theme-transparent-header-meta":"default","adv-header-id-meta":"","stick-header-meta":"default","header-above-stick-meta":"","header-main-stick-meta":"","header-below-stick-meta":"","astra-migrate-meta-layouts":"set","ast-page-background-enabled":"default","ast-page-background-meta":{"desktop":{"background-color":"","background-image":"","background-repeat":"repeat","background-position":"center center","background-size":"auto","background-attachment":"scroll","background-type":"","background-media":"","overlay-type":"","overlay-color":"","overlay-opacity":"","overlay-gradient":""},"tablet":{"background-color":"","background-image":"","background-repeat":"repeat","background-position":"center center","background-size":"auto","background-attachment":"scroll","background-type":"","background-media":"","overlay-type":"","overlay-color":"","overlay-opacity":"","overlay-gradient":""},"mobile":{"background-color":"","background-image":"","background-repeat":"repeat","background-position":"center center","background-size":"auto","background-attachment":"scroll","background-type":"","background-media":"","overlay-type":"","overlay-color":"","overlay-opacity":"","overlay-gradient":""}},"ast-content-background-meta":{"desktop":{"background-color":"var(--ast-global-color-5)","background-image":"","background-repeat":"repeat","background-position":"center center","background-size":"auto","background-attachment":"scroll","background-type":"","background-media":"","overlay-type":"","overlay-color":"","overlay-opacity":"","overlay-gradient":""},"tablet":{"background-color":"var(--ast-global-color-5)","background-image":"","background-repeat":"repeat","background-position":"center center","background-size":"auto","background-attachment":"scroll","background-type":"","background-media":"","overlay-type":"","overlay-color":"","overlay-opacity":"","overlay-gradient":""},"mobile":{"background-color":"var(--ast-global-color-5)","background-image":"","background-repeat":"repeat","background-position":"center center","background-size":"auto","background-attachment":"scroll","background-type":"","background-media":"","overlay-type":"","overlay-color":"","overlay-opacity":"","overlay-gradient":""}}},"product_brand":[],"product_cat":[28],"product_tag":[],"class_list":{"0":"post-2208","1":"product","2":"type-product","3":"status-publish","4":"has-post-thumbnail","6":"product_cat-soothing","7":"desktop-align-left","8":"tablet-align-left","9":"mobile-align-left","11":"first","12":"instock","13":"shipping-taxable","14":"product-type-simple"},"acf":[],"_links":{"self":[{"href":"https:\/\/zleyholdings.com\/pt\/wp-json\/wp\/v2\/product\/2208","targetHints":{"allow":["GET"]}}],"collection":[{"href":"https:\/\/zleyholdings.com\/pt\/wp-json\/wp\/v2\/product"}],"about":[{"href":"https:\/\/zleyholdings.com\/pt\/wp-json\/wp\/v2\/types\/product"}],"replies":[{"embeddable":true,"href":"https:\/\/zleyholdings.com\/pt\/wp-json\/wp\/v2\/comments?post=2208"}],"wp:featuredmedia":[{"embeddable":true,"href":"https:\/\/zleyholdings.com\/pt\/wp-json\/wp\/v2\/media\/4045"}],"wp:attachment":[{"href":"https:\/\/zleyholdings.com\/pt\/wp-json\/wp\/v2\/media?parent=2208"}],"wp:term":[{"taxonomy":"product_brand","embeddable":true,"href":"https:\/\/zleyholdings.com\/pt\/wp-json\/wp\/v2\/product_brand?post=2208"},{"taxonomy":"product_cat","embeddable":true,"href":"https:\/\/zleyholdings.com\/pt\/wp-json\/wp\/v2\/product_cat?post=2208"},{"taxonomy":"product_tag","embeddable":true,"href":"https:\/\/zleyholdings.com\/pt\/wp-json\/wp\/v2\/product_tag?post=2208"}],"curies":[{"name":"wp","href":"https:\/\/api.w.org\/{rel}","templated":true}]}}