{"id":2124,"date":"2025-06-11T10:41:18","date_gmt":"2025-06-11T02:41:18","guid":{"rendered":"https:\/\/zleyholdings.com\/?post_type=product&#038;p=2124"},"modified":"2025-09-26T15:42:50","modified_gmt":"2025-09-26T07:42:50","slug":"etilhexil-glicerina","status":"publish","type":"product","link":"https:\/\/zleyholdings.com\/pt\/produtos\/etilhexil-glicerina\/","title":{"rendered":"ZLEY\u00aeBIOCARE-ZEHG"},"content":{"rendered":"<p data-start=\"66\" data-end=\"402\">A etilhexilglicerina \u00e9 um composto multifuncional <strong data-start=\"106\" data-end=\"155\">refor\u00e7o conservante e ativo amigo da pele<\/strong> que aumenta a efic\u00e1cia dos sistemas conservantes. Por <strong data-start=\"211\" data-end=\"301\">reduzindo a tens\u00e3o superficial das paredes celulares microbianas e inibindo a atividade bacteriana<\/strong>, ajuda os conservantes a agirem de forma mais eficiente e r\u00e1pida, garantindo uma seguran\u00e7a mais duradoura do produto.<\/p>\n<p data-start=\"404\" data-end=\"781\">Fornecido como um <strong data-start=\"418\" data-end=\"450\">l\u00edquido transparente incolor<\/strong>, Etilhexilglicerina \u00e9 <strong data-start=\"474\" data-end=\"509\">sol\u00favel em \u00e1lcool e \u00f3leo<\/strong>, tornando-o adequado para uma ampla gama de formula\u00e7\u00f5es, incluindo cremes, s\u00e9runs, lo\u00e7\u00f5es e outros produtos para a pele \u00e0 base de \u00f3leo ou \u00e1lcool. Com um uso recomendado de <strong data-start=\"678\" data-end=\"690\">0,2\u20132,0%<\/strong>, proporciona um refor\u00e7o conservante eficaz, mantendo a estabilidade da formula\u00e7\u00e3o.<\/p>","protected":false},"excerpt":{"rendered":"<div class=\"number\">\n<table width=\"659\">\n<tbody>\n<tr>\n<td width=\"208\"><strong>INCI:<\/strong><\/td>\n<td width=\"451\">Etilhexilglicerina<\/td>\n<\/tr>\n<tr>\n<td width=\"208\"><strong>Propriedades:<\/strong><\/td>\n<td width=\"451\">Ao reduzir a tens\u00e3o superficial da parede celular dos microrganismos e as atividades bacterianas, tornando o sistema de conserva\u00e7\u00e3o mais eficaz e r\u00e1pido.<\/td>\n<\/tr>\n<tr>\n<td width=\"208\"><strong>Apar\u00eancia:<\/strong><\/td>\n<td width=\"451\">L\u00edquido transparente incolor<\/td>\n<\/tr>\n<tr>\n<td width=\"208\"><strong>Dosagem recomendada:<\/strong><\/td>\n<td width=\"451\">0.2-2.0%<\/td>\n<\/tr>\n<tr>\n<td width=\"208\"><strong>Solubilidade:<\/strong><\/td>\n<td width=\"451\">Sol\u00favel em \u00e1lcool, sol\u00favel em \u00f3leo<\/td>\n<\/tr>\n<\/tbody>\n<\/table>\n<\/div>","protected":false},"featured_media":4045,"comment_status":"open","ping_status":"closed","template":"","meta":{"_acf_changed":false,"site-sidebar-layout":"default","site-content-layout":"","ast-site-content-layout":"default","site-content-style":"default","site-sidebar-style":"default","ast-global-header-display":"","ast-banner-title-visibility":"","ast-main-header-display":"","ast-hfb-above-header-display":"","ast-hfb-below-header-display":"","ast-hfb-mobile-header-display":"","site-post-title":"","ast-breadcrumbs-content":"","ast-featured-img":"","footer-sml-layout":"","theme-transparent-header-meta":"default","adv-header-id-meta":"","stick-header-meta":"default","header-above-stick-meta":"","header-main-stick-meta":"","header-below-stick-meta":"","astra-migrate-meta-layouts":"set","ast-page-background-enabled":"default","ast-page-background-meta":{"desktop":{"background-color":"","background-image":"","background-repeat":"repeat","background-position":"center center","background-size":"auto","background-attachment":"scroll","background-type":"","background-media":"","overlay-type":"","overlay-color":"","overlay-opacity":"","overlay-gradient":""},"tablet":{"background-color":"","background-image":"","background-repeat":"repeat","background-position":"center center","background-size":"auto","background-attachment":"scroll","background-type":"","background-media":"","overlay-type":"","overlay-color":"","overlay-opacity":"","overlay-gradient":""},"mobile":{"background-color":"","background-image":"","background-repeat":"repeat","background-position":"center center","background-size":"auto","background-attachment":"scroll","background-type":"","background-media":"","overlay-type":"","overlay-color":"","overlay-opacity":"","overlay-gradient":""}},"ast-content-background-meta":{"desktop":{"background-color":"var(--ast-global-color-5)","background-image":"","background-repeat":"repeat","background-position":"center center","background-size":"auto","background-attachment":"scroll","background-type":"","background-media":"","overlay-type":"","overlay-color":"","overlay-opacity":"","overlay-gradient":""},"tablet":{"background-color":"var(--ast-global-color-5)","background-image":"","background-repeat":"repeat","background-position":"center center","background-size":"auto","background-attachment":"scroll","background-type":"","background-media":"","overlay-type":"","overlay-color":"","overlay-opacity":"","overlay-gradient":""},"mobile":{"background-color":"var(--ast-global-color-5)","background-image":"","background-repeat":"repeat","background-position":"center center","background-size":"auto","background-attachment":"scroll","background-type":"","background-media":"","overlay-type":"","overlay-color":"","overlay-opacity":"","overlay-gradient":""}}},"product_brand":[],"product_cat":[29],"product_tag":[],"class_list":{"0":"post-2124","1":"product","2":"type-product","3":"status-publish","4":"has-post-thumbnail","6":"product_cat-preservative","7":"desktop-align-left","8":"tablet-align-left","9":"mobile-align-left","11":"first","12":"instock","13":"shipping-taxable","14":"product-type-simple"},"acf":[],"_links":{"self":[{"href":"https:\/\/zleyholdings.com\/pt\/wp-json\/wp\/v2\/product\/2124","targetHints":{"allow":["GET"]}}],"collection":[{"href":"https:\/\/zleyholdings.com\/pt\/wp-json\/wp\/v2\/product"}],"about":[{"href":"https:\/\/zleyholdings.com\/pt\/wp-json\/wp\/v2\/types\/product"}],"replies":[{"embeddable":true,"href":"https:\/\/zleyholdings.com\/pt\/wp-json\/wp\/v2\/comments?post=2124"}],"wp:featuredmedia":[{"embeddable":true,"href":"https:\/\/zleyholdings.com\/pt\/wp-json\/wp\/v2\/media\/4045"}],"wp:attachment":[{"href":"https:\/\/zleyholdings.com\/pt\/wp-json\/wp\/v2\/media?parent=2124"}],"wp:term":[{"taxonomy":"product_brand","embeddable":true,"href":"https:\/\/zleyholdings.com\/pt\/wp-json\/wp\/v2\/product_brand?post=2124"},{"taxonomy":"product_cat","embeddable":true,"href":"https:\/\/zleyholdings.com\/pt\/wp-json\/wp\/v2\/product_cat?post=2124"},{"taxonomy":"product_tag","embeddable":true,"href":"https:\/\/zleyholdings.com\/pt\/wp-json\/wp\/v2\/product_tag?post=2124"}],"curies":[{"name":"wp","href":"https:\/\/api.w.org\/{rel}","templated":true}]}}