{"id":2639,"date":"2025-06-25T12:00:10","date_gmt":"2025-06-25T04:00:10","guid":{"rendered":"https:\/\/zleyholdings.com\/?page_id=2639"},"modified":"2025-06-25T13:43:42","modified_gmt":"2025-06-25T05:43:42","slug":"politica-de-privacidade","status":"publish","type":"page","link":"https:\/\/zleyholdings.com\/pt\/politica-de-privacidade\/","title":{"rendered":"pol\u00edtica de Privacidade"},"content":{"rendered":"<div data-elementor-type=\"wp-page\" data-elementor-id=\"2639\" class=\"elementor elementor-2639\" data-elementor-settings=\"{&quot;element_pack_global_tooltip_width&quot;:{&quot;unit&quot;:&quot;px&quot;,&quot;size&quot;:&quot;&quot;,&quot;sizes&quot;:[]},&quot;element_pack_global_tooltip_width_tablet&quot;:{&quot;unit&quot;:&quot;px&quot;,&quot;size&quot;:&quot;&quot;,&quot;sizes&quot;:[]},&quot;element_pack_global_tooltip_width_mobile&quot;:{&quot;unit&quot;:&quot;px&quot;,&quot;size&quot;:&quot;&quot;,&quot;sizes&quot;:[]},&quot;element_pack_global_tooltip_padding&quot;:{&quot;unit&quot;:&quot;px&quot;,&quot;top&quot;:&quot;&quot;,&quot;right&quot;:&quot;&quot;,&quot;bottom&quot;:&quot;&quot;,&quot;left&quot;:&quot;&quot;,&quot;isLinked&quot;:true},&quot;element_pack_global_tooltip_padding_tablet&quot;:{&quot;unit&quot;:&quot;px&quot;,&quot;top&quot;:&quot;&quot;,&quot;right&quot;:&quot;&quot;,&quot;bottom&quot;:&quot;&quot;,&quot;left&quot;:&quot;&quot;,&quot;isLinked&quot;:true},&quot;element_pack_global_tooltip_padding_mobile&quot;:{&quot;unit&quot;:&quot;px&quot;,&quot;top&quot;:&quot;&quot;,&quot;right&quot;:&quot;&quot;,&quot;bottom&quot;:&quot;&quot;,&quot;left&quot;:&quot;&quot;,&quot;isLinked&quot;:true},&quot;element_pack_global_tooltip_border_radius&quot;:{&quot;unit&quot;:&quot;px&quot;,&quot;top&quot;:&quot;&quot;,&quot;right&quot;:&quot;&quot;,&quot;bottom&quot;:&quot;&quot;,&quot;left&quot;:&quot;&quot;,&quot;isLinked&quot;:true},&quot;element_pack_global_tooltip_border_radius_tablet&quot;:{&quot;unit&quot;:&quot;px&quot;,&quot;top&quot;:&quot;&quot;,&quot;right&quot;:&quot;&quot;,&quot;bottom&quot;:&quot;&quot;,&quot;left&quot;:&quot;&quot;,&quot;isLinked&quot;:true},&quot;element_pack_global_tooltip_border_radius_mobile&quot;:{&quot;unit&quot;:&quot;px&quot;,&quot;top&quot;:&quot;&quot;,&quot;right&quot;:&quot;&quot;,&quot;bottom&quot;:&quot;&quot;,&quot;left&quot;:&quot;&quot;,&quot;isLinked&quot;:true}}\" data-elementor-post-type=\"page\">\n\t\t\t\t<div class=\"elementor-element elementor-element-3428455 e-flex e-con-boxed e-con e-parent\" data-id=\"3428455\" data-element_type=\"container\" data-e-type=\"container\">\n\t\t\t\t\t<div class=\"e-con-inner\">\n\t\t\t\t<div class=\"elementor-element elementor-element-3e0e420 elementor-widget elementor-widget-heading\" data-id=\"3e0e420\" data-element_type=\"widget\" data-e-type=\"widget\" data-widget_type=\"heading.default\">\n\t\t\t\t<div class=\"elementor-widget-container\">\n\t\t\t\t\t<h1 class=\"elementor-heading-title elementor-size-default\">pol\u00edtica de Privacidade<\/h1>\t\t\t\t<\/div>\n\t\t\t\t<\/div>\n\t\t\t\t<div class=\"elementor-element elementor-element-e7ce641 elementor-widget elementor-widget-breadcrumbs\" data-id=\"e7ce641\" data-element_type=\"widget\" data-e-type=\"widget\" data-widget_type=\"breadcrumbs.default\">\n\t\t\t\t<div class=\"elementor-widget-container\">\n\t\t\t\t\t<nav aria-label=\"migalhas de p\u00e3o\" class=\"rank-math-breadcrumb\"><p><span class=\"last\">Lar<\/span><\/p><\/nav>\t\t\t\t<\/div>\n\t\t\t\t<\/div>\n\t\t\t\t<div class=\"elementor-element elementor-element-318afc9 elementor-widget elementor-widget-text-editor\" data-id=\"318afc9\" data-element_type=\"widget\" data-e-type=\"widget\" data-widget_type=\"text-editor.default\">\n\t\t\t\t<div class=\"elementor-widget-container\">\n\t\t\t\t\t\t\t\t\t<p>Atualizado em 10 de maio de 2023<\/p><p>Obrigado por nos visitar! Valorizamos o relacionamento com nossos clientes e priorizamos sua privacidade. Este aviso de privacidade da Zleyholdings tem como objetivo inform\u00e1-lo sobre como coletamos informa\u00e7\u00f5es, os tipos de informa\u00e7\u00f5es que coletamos e os poss\u00edveis usos dessas informa\u00e7\u00f5es. Utilizamos todos os recursos e informa\u00e7\u00f5es dispon\u00edveis para aprimorar continuamente os servi\u00e7os que prestamos a voc\u00ea e obter insights sobre nossas pr\u00e1ticas e dados de marketing. Nosso lema \u00e9 nos empenhar continuamente para ser o melhor e mais l\u00edder fornecedor do setor.<\/p><p>Valorizamos sua privacidade e jamais vendemos suas informa\u00e7\u00f5es. Queremos garantir que suas informa\u00e7\u00f5es pessoais estejam protegidas contra uso acidental, ilegal ou n\u00e3o autorizado, destrui\u00e7\u00e3o, perda, altera\u00e7\u00e3o, acesso e divulga\u00e7\u00e3o. Toda coleta de dados visa o aprimoramento de nossos servi\u00e7os, e qualquer informa\u00e7\u00e3o que compartilhamos limita-se \u00e0s nossas afiliadas comerciais, provedores de servi\u00e7os, plataformas e partes envolvidas em transa\u00e7\u00f5es e intera\u00e7\u00f5es que tornam nossos servi\u00e7os poss\u00edveis para voc\u00ea, empresas de publicidade e outros terceiros, como para fins de prote\u00e7\u00e3o ao consumidor. Voc\u00ea tem o direito de optar por n\u00e3o participar de servi\u00e7os com os quais n\u00e3o concorda, como cancelamentos de e-mail e rejei\u00e7\u00e3o ou personaliza\u00e7\u00e3o de cookies, entre outras op\u00e7\u00f5es.<\/p><p>Leia esta Pol\u00edtica de Privacidade com aten\u00e7\u00e3o para entender nossas pol\u00edticas e pr\u00e1ticas em rela\u00e7\u00e3o \u00e0s suas informa\u00e7\u00f5es e como as trataremos. Se voc\u00ea n\u00e3o concordar com nossas pol\u00edticas e pr\u00e1ticas, n\u00e3o utilize nosso Site. Ao acessar ou utilizar este Site, voc\u00ea concorda com esta Pol\u00edtica de Privacidade. Podemos revisar e atualizar nossa Pol\u00edtica de Privacidade periodicamente, e todas as atualiza\u00e7\u00f5es ser\u00e3o publicadas nesta p\u00e1gina. A menos que exigido por lei, o uso cont\u00ednuo deste Site ap\u00f3s efetuarmos altera\u00e7\u00f5es \u00e9 considerado aceita\u00e7\u00e3o dessas altera\u00e7\u00f5es. Portanto, verifique a Pol\u00edtica de Privacidade periodicamente para obter atualiza\u00e7\u00f5es. Se ainda tiver d\u00favidas ou preocupa\u00e7\u00f5es, entre em contato conosco pelo e-mail services@zleyholdings.com.<\/p><h2>1. Informa\u00e7\u00f5es que coletamos<\/h2><p>A Zley Holdings coleta suas informa\u00e7\u00f5es pessoais quando voc\u00ea navega em nosso site, utiliza nossas ferramentas de contato online, nos envia e-mails ou se comunica conosco de alguma outra forma. Essas informa\u00e7\u00f5es pessoais podem incluir, entre outras, seu nome e informa\u00e7\u00f5es de contato, como nome real, endere\u00e7o comercial, n\u00famero de telefone, endere\u00e7o de protocolo de internet, endere\u00e7o de e-mail e n\u00fameros de telefone comercial.<\/p><h2>2. Como usamos suas informa\u00e7\u00f5es?<\/h2><p>Suas informa\u00e7\u00f5es, sejam p\u00fablicas ou privadas, n\u00e3o ser\u00e3o vendidas, trocadas, transferidas ou fornecidas a nenhuma outra empresa sem o seu consentimento, exceto conforme especificado nesta Pol\u00edtica de Privacidade. Usaremos suas Informa\u00e7\u00f5es Pessoais para nossos interesses leg\u00edtimos, ou seja, nossos interesses em conduzir nossos neg\u00f3cios, atender pedidos e processar transa\u00e7\u00f5es, e gerenciar e fornecer servi\u00e7os a voc\u00ea, que incluem o seguinte:<\/p><ul><li>Fornecer, manter e melhorar nossos neg\u00f3cios;<\/li><li>Gerenciar e fornecer servi\u00e7os a voc\u00ea;<\/li><li>Responder \u00e0s suas perguntas, preocupa\u00e7\u00f5es e outras solicita\u00e7\u00f5es de assist\u00eancia;<\/li><li>Mant\u00ea-lo informado sobre mudan\u00e7as administrativas em nosso site, incluindo mudan\u00e7as em nossos termos e condi\u00e7\u00f5es e outras pol\u00edticas, e outras informa\u00e7\u00f5es relacionadas ao site;<\/li><li>Analisamos estat\u00edsticas do site, como uso e experi\u00eancias que impactam sua experi\u00eancia de navega\u00e7\u00e3o. Usamos essas informa\u00e7\u00f5es para corrigir bugs e resolver outros problemas, proporcionando a voc\u00ea a melhor experi\u00eancia de navega\u00e7\u00e3o poss\u00edvel.<\/li><li>Realizar pesquisas de mercado, que embasam nossa estrat\u00e9gia de marketing e nos permitem oferecer a voc\u00ea uma experi\u00eancia de navega\u00e7\u00e3o personalizada de acordo com seus interesses. Por exemplo, criamos perfis de usu\u00e1rio para permitir comunica\u00e7\u00f5es personalizadas de marketing direto;<\/li><li>Preven\u00e7\u00e3o de fraudes, atividades criminosas e uso indevido do nosso Site. Tamb\u00e9m usamos essas informa\u00e7\u00f5es para bloquear o acesso de revendedores proibidos ao nosso site e para proteger a seguran\u00e7a deste Site, bem como a seguran\u00e7a da nossa infraestrutura;<\/li><li>Cumprir obriga\u00e7\u00f5es e processos legais e proteger nossos direitos, privacidade, seguran\u00e7a e propriedade, bem como seus direitos, privacidade, seguran\u00e7a e propriedade, e os de nossas afiliadas e terceiros;<\/li><li>Permitir que publiquemos suas avalia\u00e7\u00f5es, fotos, v\u00eddeos e outros conte\u00fados;<\/li><li>Comunicar-se com voc\u00ea, inclusive por e-mail. Podemos usar o endere\u00e7o de e-mail fornecido para processamento de pedidos para enviar informa\u00e7\u00f5es e atualiza\u00e7\u00f5es sobre seus pedidos, bem como not\u00edcias, atualiza\u00e7\u00f5es e informa\u00e7\u00f5es ocasionais sobre nossa empresa e produtos e servi\u00e7os relacionados.<\/li><\/ul><h2>3. Como protegemos suas informa\u00e7\u00f5es?<\/h2><p>Estamos comprometidos em garantir que sua privacidade seja protegida quando voc\u00ea usa nosso Site e quando coletamos informa\u00e7\u00f5es suas. Levamos a seguran\u00e7a de suas informa\u00e7\u00f5es a s\u00e9rio e implementamos uma variedade de medidas de seguran\u00e7a para manter a seguran\u00e7a de todas as Informa\u00e7\u00f5es Pessoais que voc\u00ea fornece. Suas informa\u00e7\u00f5es pessoais est\u00e3o contidas em redes seguras e s\u00e3o acess\u00edveis apenas por um n\u00famero limitado de pessoas que t\u00eam direitos especiais de acesso a tais sistemas e s\u00e3o obrigadas a manter as informa\u00e7\u00f5es confidenciais. Quando voc\u00ea acessa suas informa\u00e7\u00f5es pessoais, oferecemos o uso de um servidor seguro. Todas as informa\u00e7\u00f5es confidenciais que voc\u00ea fornece s\u00e3o transmitidas via tecnologia Secure Socket Layer (SSL) e, em seguida, criptografadas em nossos bancos de dados para serem acessadas apenas conforme indicado acima.<\/p><h2>4. Divulga\u00e7\u00e3o a terceiros<\/h2><p>N\u00e3o vendemos, comercializamos ou transferimos a terceiros suas informa\u00e7\u00f5es de identifica\u00e7\u00e3o pessoal, a menos que o avisemos com anteced\u00eancia, exceto conforme descrito abaixo. O termo &quot;terceiros&quot; n\u00e3o inclui parceiros de hospedagem de sites e outras partes que nos auxiliam na opera\u00e7\u00e3o do nosso site, na condu\u00e7\u00e3o dos nossos neg\u00f3cios ou na presta\u00e7\u00e3o de servi\u00e7os a voc\u00ea, desde que essas partes concordem em manter essas informa\u00e7\u00f5es confidenciais. Tamb\u00e9m podemos divulgar suas informa\u00e7\u00f5es quando acreditarmos que a divulga\u00e7\u00e3o seja apropriada para cumprir a lei, aplicar as pol\u00edticas do nosso Site ou proteger nossos direitos, propriedade ou seguran\u00e7a ou os de terceiros.<\/p><h2>5. Biscoitos<\/h2><p>Algumas de nossas p\u00e1ginas utilizam cookies. Os cookies n\u00e3o danificam o seu computador e n\u00e3o cont\u00eam v\u00edrus. Os cookies ajudam a tornar nosso site mais intuitivo, eficiente e seguro. Cookies s\u00e3o pequenos arquivos de texto armazenados no seu computador e salvos pelo seu navegador.<\/p><p>Voc\u00ea pode optar por receber um aviso do seu computador sempre que um cookie for enviado ou desativar todos os cookies. Isso pode ser feito nas configura\u00e7\u00f5es do seu navegador. Cada navegador \u00e9 um pouco diferente, portanto, consulte o menu de Ajuda do seu navegador para saber a maneira correta de modificar seus cookies. Se voc\u00ea desativar os cookies, n\u00e3o ter\u00e1 acesso a muitos recursos que tornam a sua experi\u00eancia no Site mais eficiente e alguns dos nossos servi\u00e7os n\u00e3o funcionar\u00e3o corretamente. No entanto, voc\u00ea ainda pode entrar em contato conosco por e-mail ou pelo formul\u00e1rio de contato.<\/p><h2>6. Altera\u00e7\u00f5es em nossa pol\u00edtica<\/h2><p>Caso decidamos alterar nossa pol\u00edtica de privacidade, publicaremos essas altera\u00e7\u00f5es nesta p\u00e1gina. As altera\u00e7\u00f5es na pol\u00edtica ser\u00e3o aplicadas somente \u00e0s informa\u00e7\u00f5es coletadas ap\u00f3s a data da altera\u00e7\u00e3o.<\/p>\t\t\t\t\t\t\t\t<\/div>\n\t\t\t\t<\/div>\n\t\t\t\t\t<\/div>\n\t\t\t\t<\/div>\n\t\t\t\t<\/div>","protected":false},"excerpt":{"rendered":"<p>Privacy Policy Home Updated on May 10, 2023 Thank you for visiting us! We value our relationship with our customers, and we place top priority on your privacy. This privacy notice for Zleyholdings aims to inform you about how we collect information, the types of information we collect, and the potential uses of that information. [&hellip;]<\/p>","protected":false},"author":1,"featured_media":0,"parent":0,"menu_order":0,"comment_status":"closed","ping_status":"closed","template":"","meta":{"_acf_changed":false,"site-sidebar-layout":"no-sidebar","site-content-layout":"page-builder","ast-site-content-layout":"full-width-container","site-content-style":"default","site-sidebar-style":"default","ast-global-header-display":"","ast-banner-title-visibility":"","ast-main-header-display":"","ast-hfb-above-header-display":"","ast-hfb-below-header-display":"","ast-hfb-mobile-header-display":"","site-post-title":"disabled","ast-breadcrumbs-content":"","ast-featured-img":"disabled","footer-sml-layout":"","theme-transparent-header-meta":"","adv-header-id-meta":"","stick-header-meta":"","header-above-stick-meta":"","header-main-stick-meta":"","header-below-stick-meta":"","astra-migrate-meta-layouts":"set","ast-page-background-enabled":"default","ast-page-background-meta":{"desktop":{"background-color":"","background-image":"","background-repeat":"repeat","background-position":"center center","background-size":"auto","background-attachment":"scroll","background-type":"","background-media":"","overlay-type":"","overlay-color":"","overlay-opacity":"","overlay-gradient":""},"tablet":{"background-color":"","background-image":"","background-repeat":"repeat","background-position":"center center","background-size":"auto","background-attachment":"scroll","background-type":"","background-media":"","overlay-type":"","overlay-color":"","overlay-opacity":"","overlay-gradient":""},"mobile":{"background-color":"","background-image":"","background-repeat":"repeat","background-position":"center center","background-size":"auto","background-attachment":"scroll","background-type":"","background-media":"","overlay-type":"","overlay-color":"","overlay-opacity":"","overlay-gradient":""}},"ast-content-background-meta":{"desktop":{"background-color":"var(--ast-global-color-5)","background-image":"","background-repeat":"repeat","background-position":"center center","background-size":"auto","background-attachment":"scroll","background-type":"","background-media":"","overlay-type":"","overlay-color":"","overlay-opacity":"","overlay-gradient":""},"tablet":{"background-color":"var(--ast-global-color-5)","background-image":"","background-repeat":"repeat","background-position":"center center","background-size":"auto","background-attachment":"scroll","background-type":"","background-media":"","overlay-type":"","overlay-color":"","overlay-opacity":"","overlay-gradient":""},"mobile":{"background-color":"var(--ast-global-color-5)","background-image":"","background-repeat":"repeat","background-position":"center center","background-size":"auto","background-attachment":"scroll","background-type":"","background-media":"","overlay-type":"","overlay-color":"","overlay-opacity":"","overlay-gradient":""}},"footnotes":""},"class_list":["post-2639","page","type-page","status-publish","hentry"],"acf":[],"_links":{"self":[{"href":"https:\/\/zleyholdings.com\/pt\/wp-json\/wp\/v2\/pages\/2639","targetHints":{"allow":["GET"]}}],"collection":[{"href":"https:\/\/zleyholdings.com\/pt\/wp-json\/wp\/v2\/pages"}],"about":[{"href":"https:\/\/zleyholdings.com\/pt\/wp-json\/wp\/v2\/types\/page"}],"author":[{"embeddable":true,"href":"https:\/\/zleyholdings.com\/pt\/wp-json\/wp\/v2\/users\/1"}],"replies":[{"embeddable":true,"href":"https:\/\/zleyholdings.com\/pt\/wp-json\/wp\/v2\/comments?post=2639"}],"version-history":[{"count":0,"href":"https:\/\/zleyholdings.com\/pt\/wp-json\/wp\/v2\/pages\/2639\/revisions"}],"wp:attachment":[{"href":"https:\/\/zleyholdings.com\/pt\/wp-json\/wp\/v2\/media?parent=2639"}],"curies":[{"name":"wp","href":"https:\/\/api.w.org\/{rel}","templated":true}]}}