{"id":7302,"date":"2025-10-15T15:58:20","date_gmt":"2025-10-15T07:58:20","guid":{"rendered":"https:\/\/zleyholdings.com\/?post_type=product&#038;p=7302"},"modified":"2025-10-28T13:49:56","modified_gmt":"2025-10-28T05:49:56","slug":"creatinine","status":"publish","type":"product","link":"https:\/\/zleyholdings.com\/fr\/produits\/creatinine\/","title":{"rendered":"Cr\u00e9atinine"},"content":{"rendered":"<p>N\u00b0 CAS : 60-27-5<br \/>\nFormule mol\u00e9culaire : C\u2084H\u2087N\u2083O<br \/>\nPoids mol\u00e9culaire : 113,12 g\/mol<br \/>\nLa cr\u00e9atinine est un compos\u00e9 organique naturellement pr\u00e9sent dans le tissu musculaire, m\u00e9tabolis\u00e9 par la cr\u00e9atine. Dans les applications pharmaceutiques et biochimiques, elle est largement utilis\u00e9e comme \u00e9talon de r\u00e9f\u00e9rence, r\u00e9actif biochimique et mati\u00e8re premi\u00e8re dans les kits de diagnostic pour l&#039;\u00e9valuation de la fonction r\u00e9nale.<\/p>\n<p>Notre cr\u00e9atinine est produite dans des installations de fabrication conformes aux BPF et certifi\u00e9es ISO pour garantir une puret\u00e9 sup\u00e9rieure, une qualit\u00e9 constante et une tra\u00e7abilit\u00e9 compl\u00e8te de la production \u00e0 la livraison.<\/p>","protected":false},"excerpt":{"rendered":"<p>CAS No.: 60-27-5 Molecular Formula: C\u2084H\u2087N\u2083O Molecular Weight: 113.12 g\/mol Creatinine is a naturally occurring organic compound formed as a metabolic product of creatine in muscle tissue. In pharmaceutical and biochemical applications, Creatinine is widely used as a reference standard, biochemical reagent, and raw material in diagnostic test kits for kidney function evaluation. Our Creatinine [&hellip;]<\/p>","protected":false},"featured_media":4328,"comment_status":"open","ping_status":"closed","template":"","meta":{"_acf_changed":false,"site-sidebar-layout":"default","site-content-layout":"","ast-site-content-layout":"default","site-content-style":"default","site-sidebar-style":"default","ast-global-header-display":"","ast-banner-title-visibility":"","ast-main-header-display":"","ast-hfb-above-header-display":"","ast-hfb-below-header-display":"","ast-hfb-mobile-header-display":"","site-post-title":"","ast-breadcrumbs-content":"","ast-featured-img":"","footer-sml-layout":"","theme-transparent-header-meta":"default","adv-header-id-meta":"","stick-header-meta":"default","header-above-stick-meta":"","header-main-stick-meta":"","header-below-stick-meta":"","astra-migrate-meta-layouts":"set","ast-page-background-enabled":"default","ast-page-background-meta":{"desktop":{"background-color":"","background-image":"","background-repeat":"repeat","background-position":"center center","background-size":"auto","background-attachment":"scroll","background-type":"","background-media":"","overlay-type":"","overlay-color":"","overlay-opacity":"","overlay-gradient":""},"tablet":{"background-color":"","background-image":"","background-repeat":"repeat","background-position":"center center","background-size":"auto","background-attachment":"scroll","background-type":"","background-media":"","overlay-type":"","overlay-color":"","overlay-opacity":"","overlay-gradient":""},"mobile":{"background-color":"","background-image":"","background-repeat":"repeat","background-position":"center center","background-size":"auto","background-attachment":"scroll","background-type":"","background-media":"","overlay-type":"","overlay-color":"","overlay-opacity":"","overlay-gradient":""}},"ast-content-background-meta":{"desktop":{"background-color":"var(--ast-global-color-5)","background-image":"","background-repeat":"repeat","background-position":"center center","background-size":"auto","background-attachment":"scroll","background-type":"","background-media":"","overlay-type":"","overlay-color":"","overlay-opacity":"","overlay-gradient":""},"tablet":{"background-color":"var(--ast-global-color-5)","background-image":"","background-repeat":"repeat","background-position":"center center","background-size":"auto","background-attachment":"scroll","background-type":"","background-media":"","overlay-type":"","overlay-color":"","overlay-opacity":"","overlay-gradient":""},"mobile":{"background-color":"var(--ast-global-color-5)","background-image":"","background-repeat":"repeat","background-position":"center center","background-size":"auto","background-attachment":"scroll","background-type":"","background-media":"","overlay-type":"","overlay-color":"","overlay-opacity":"","overlay-gradient":""}}},"product_brand":[],"product_cat":[67],"product_tag":[],"class_list":{"0":"post-7302","1":"product","2":"type-product","3":"status-publish","4":"has-post-thumbnail","6":"product_cat-api","7":"desktop-align-left","8":"tablet-align-left","9":"mobile-align-left","11":"first","12":"instock","13":"shipping-taxable","14":"product-type-simple"},"acf":[],"_links":{"self":[{"href":"https:\/\/zleyholdings.com\/fr\/wp-json\/wp\/v2\/product\/7302","targetHints":{"allow":["GET"]}}],"collection":[{"href":"https:\/\/zleyholdings.com\/fr\/wp-json\/wp\/v2\/product"}],"about":[{"href":"https:\/\/zleyholdings.com\/fr\/wp-json\/wp\/v2\/types\/product"}],"replies":[{"embeddable":true,"href":"https:\/\/zleyholdings.com\/fr\/wp-json\/wp\/v2\/comments?post=7302"}],"wp:featuredmedia":[{"embeddable":true,"href":"https:\/\/zleyholdings.com\/fr\/wp-json\/wp\/v2\/media\/4328"}],"wp:attachment":[{"href":"https:\/\/zleyholdings.com\/fr\/wp-json\/wp\/v2\/media?parent=7302"}],"wp:term":[{"taxonomy":"product_brand","embeddable":true,"href":"https:\/\/zleyholdings.com\/fr\/wp-json\/wp\/v2\/product_brand?post=7302"},{"taxonomy":"product_cat","embeddable":true,"href":"https:\/\/zleyholdings.com\/fr\/wp-json\/wp\/v2\/product_cat?post=7302"},{"taxonomy":"product_tag","embeddable":true,"href":"https:\/\/zleyholdings.com\/fr\/wp-json\/wp\/v2\/product_tag?post=7302"}],"curies":[{"name":"wp","href":"https:\/\/api.w.org\/{rel}","templated":true}]}}