{"id":4334,"date":"2025-08-07T15:37:42","date_gmt":"2025-08-07T07:37:42","guid":{"rendered":"https:\/\/zleyholdings.com\/?post_type=product&#038;p=4334"},"modified":"2025-09-26T16:04:07","modified_gmt":"2025-09-26T08:04:07","slug":"methoxysalicylate-de-potassium","status":"publish","type":"product","link":"https:\/\/zleyholdings.com\/fr\/produits\/methoxysalicylate-de-potassium\/","title":{"rendered":"ZLEY\u00aeM\u00e9thoxysalicylate de potassium"},"content":{"rendered":"<p>Le 4MSK, un d\u00e9riv\u00e9 de l&#039;acide saponique, est doux et peu irritant, avec un taux antibact\u00e9rien de 99,991 TP3T contre Propionibacterium acnes et Malassezia. C&#039;est un liquide incolore ou jaune clair dont la dose recommand\u00e9e est de 0,1 \u00e0 0,51 TP3T. Il est soluble dans l&#039;alcool et l&#039;huile.<\/p>","protected":false},"excerpt":{"rendered":"<table width=\"647\">\n<tbody>\n<tr>\n<td width=\"208\"><strong>INCI:<\/strong><\/td>\n<td width=\"439\">M\u00e9thoxysalicylate de potassium<\/td>\n<\/tr>\n<tr>\n<td width=\"208\"><strong>Propri\u00e9t\u00e9s:<\/strong><\/td>\n<td width=\"439\">\u00c9claircit et unifie le teint, et att\u00e9nue les taches brunes et les taches de vieillesse. Inhibe l&#039;activit\u00e9 de l&#039;enzyme tyrosinase, essentielle \u00e0 la production de m\u00e9lanine.<\/td>\n<\/tr>\n<tr>\n<td width=\"208\"><strong>Apparence:<\/strong><\/td>\n<td width=\"439\">Poudre blanche ou blanc cass\u00e9<\/td>\n<\/tr>\n<tr>\n<td width=\"208\"><strong>Posologie recommand\u00e9e :<\/strong><\/td>\n<td width=\"439\">0.1-3.0%<\/td>\n<\/tr>\n<tr>\n<td width=\"208\"><strong>Solubilit\u00e9:<\/strong><\/td>\n<td width=\"439\">Soluble dans l&#039;eau<\/td>\n<\/tr>\n<\/tbody>\n<\/table>","protected":false},"featured_media":4042,"comment_status":"open","ping_status":"closed","template":"","meta":{"_acf_changed":false,"site-sidebar-layout":"default","site-content-layout":"","ast-site-content-layout":"default","site-content-style":"default","site-sidebar-style":"default","ast-global-header-display":"","ast-banner-title-visibility":"","ast-main-header-display":"","ast-hfb-above-header-display":"","ast-hfb-below-header-display":"","ast-hfb-mobile-header-display":"","site-post-title":"","ast-breadcrumbs-content":"","ast-featured-img":"","footer-sml-layout":"","theme-transparent-header-meta":"default","adv-header-id-meta":"","stick-header-meta":"default","header-above-stick-meta":"","header-main-stick-meta":"","header-below-stick-meta":"","astra-migrate-meta-layouts":"set","ast-page-background-enabled":"default","ast-page-background-meta":{"desktop":{"background-color":"","background-image":"","background-repeat":"repeat","background-position":"center center","background-size":"auto","background-attachment":"scroll","background-type":"","background-media":"","overlay-type":"","overlay-color":"","overlay-opacity":"","overlay-gradient":""},"tablet":{"background-color":"","background-image":"","background-repeat":"repeat","background-position":"center center","background-size":"auto","background-attachment":"scroll","background-type":"","background-media":"","overlay-type":"","overlay-color":"","overlay-opacity":"","overlay-gradient":""},"mobile":{"background-color":"","background-image":"","background-repeat":"repeat","background-position":"center center","background-size":"auto","background-attachment":"scroll","background-type":"","background-media":"","overlay-type":"","overlay-color":"","overlay-opacity":"","overlay-gradient":""}},"ast-content-background-meta":{"desktop":{"background-color":"var(--ast-global-color-5)","background-image":"","background-repeat":"repeat","background-position":"center center","background-size":"auto","background-attachment":"scroll","background-type":"","background-media":"","overlay-type":"","overlay-color":"","overlay-opacity":"","overlay-gradient":""},"tablet":{"background-color":"var(--ast-global-color-5)","background-image":"","background-repeat":"repeat","background-position":"center center","background-size":"auto","background-attachment":"scroll","background-type":"","background-media":"","overlay-type":"","overlay-color":"","overlay-opacity":"","overlay-gradient":""},"mobile":{"background-color":"var(--ast-global-color-5)","background-image":"","background-repeat":"repeat","background-position":"center center","background-size":"auto","background-attachment":"scroll","background-type":"","background-media":"","overlay-type":"","overlay-color":"","overlay-opacity":"","overlay-gradient":""}}},"product_brand":[],"product_cat":[15],"product_tag":[],"class_list":{"0":"post-4334","1":"product","2":"type-product","3":"status-publish","4":"has-post-thumbnail","6":"product_cat-brightening","7":"desktop-align-left","8":"tablet-align-left","9":"mobile-align-left","11":"first","12":"instock","13":"shipping-taxable","14":"product-type-simple"},"acf":[],"_links":{"self":[{"href":"https:\/\/zleyholdings.com\/fr\/wp-json\/wp\/v2\/product\/4334","targetHints":{"allow":["GET"]}}],"collection":[{"href":"https:\/\/zleyholdings.com\/fr\/wp-json\/wp\/v2\/product"}],"about":[{"href":"https:\/\/zleyholdings.com\/fr\/wp-json\/wp\/v2\/types\/product"}],"replies":[{"embeddable":true,"href":"https:\/\/zleyholdings.com\/fr\/wp-json\/wp\/v2\/comments?post=4334"}],"wp:featuredmedia":[{"embeddable":true,"href":"https:\/\/zleyholdings.com\/fr\/wp-json\/wp\/v2\/media\/4042"}],"wp:attachment":[{"href":"https:\/\/zleyholdings.com\/fr\/wp-json\/wp\/v2\/media?parent=4334"}],"wp:term":[{"taxonomy":"product_brand","embeddable":true,"href":"https:\/\/zleyholdings.com\/fr\/wp-json\/wp\/v2\/product_brand?post=4334"},{"taxonomy":"product_cat","embeddable":true,"href":"https:\/\/zleyholdings.com\/fr\/wp-json\/wp\/v2\/product_cat?post=4334"},{"taxonomy":"product_tag","embeddable":true,"href":"https:\/\/zleyholdings.com\/fr\/wp-json\/wp\/v2\/product_tag?post=4334"}],"curies":[{"name":"wp","href":"https:\/\/api.w.org\/{rel}","templated":true}]}}