{"id":2986,"date":"2025-07-08T11:57:42","date_gmt":"2025-07-08T03:57:42","guid":{"rendered":"https:\/\/zleyholdings.com\/?post_type=product&#038;p=2986"},"modified":"2025-08-05T16:31:36","modified_gmt":"2025-08-05T08:31:36","slug":"zleyfreshenall-pla","status":"publish","type":"product","link":"https:\/\/zleyholdings.com\/fr\/produits\/zleyfreshenall-pla\/","title":{"rendered":"ZLEY\u00aeFRESHENALL-PLA"},"content":{"rendered":"<p data-start=\"0\" data-end=\"260\"><strong data-start=\"0\" data-end=\"78\">Nettoyant anti-odeurs pour humains et animaux \u2014 \u00c9quilibre le microbiome, d\u00e9sodorise 24 h\/24<\/strong><br data-start=\"78\" data-end=\"81\" \/>\u00c9quilibre la micro\u00e9cologie de la peau et r\u00e9duit la croissance des bact\u00e9ries responsables des odeurs pour \u00e9liminer les mauvaises odeurs <strong data-start=\"184\" data-end=\"217\">\u00e0 la source dans les 24 heures<\/strong>. <strong data-start=\"219\" data-end=\"232\">Coffre-fort 100%<\/strong> pour les soins du corps et des animaux de compagnie.<\/p>\n<p data-start=\"262\" data-end=\"278\"><strong data-start=\"262\" data-end=\"278\">Principaux avantages<\/strong><\/p>\n<ul data-start=\"279\" data-end=\"567\">\n<li data-start=\"279\" data-end=\"349\">\n<p data-start=\"281\" data-end=\"349\"><strong data-start=\"281\" data-end=\"306\">\u00c9quilibrage du microbiome :<\/strong> aide \u00e0 restaurer un environnement cutan\u00e9 sain<\/p>\n<\/li>\n<li data-start=\"350\" data-end=\"433\">\n<p data-start=\"352\" data-end=\"433\"><strong data-start=\"352\" data-end=\"373\">Contr\u00f4le des bact\u00e9ries :<\/strong> diminue la prolif\u00e9ration des microbes nocifs responsables des odeurs<\/p>\n<\/li>\n<li data-start=\"434\" data-end=\"506\">\n<p data-start=\"436\" data-end=\"506\"><strong data-start=\"436\" data-end=\"456\">R\u00e9sultats sur 24 heures :<\/strong> \u00e9limine les odeurs \u00e0 la racine, pas seulement les masquer<\/p>\n<\/li>\n<li data-start=\"507\" data-end=\"567\">\n<p data-start=\"509\" data-end=\"567\"><strong data-start=\"509\" data-end=\"530\">Sans danger pour les humains et les animaux de compagnie :<\/strong> doux pour une utilisation quotidienne sur la peau et la fourrure<\/p>\n<\/li>\n<\/ul>","protected":false},"excerpt":{"rendered":"<div class=\"number\">\n<table width=\"647\">\n<tbody>\n<tr>\n<td width=\"208\"><strong>INCI:<\/strong><\/td>\n<td width=\"439\">Vinaigre de bambou, inuline, extrait de feuille de Biota Orientalis, propanediol, 1,2-hexanediol, hydroxyac\u00e9toph\u00e9none, eau<\/td>\n<\/tr>\n<tr>\n<td width=\"208\"><strong>Propri\u00e9t\u00e9s:<\/strong><\/td>\n<td width=\"439\"><strong><em>NETTOYANT ANTI-ODEURS POUR HUMAINS ET ANIMAUX DE COMPAGNIE<\/em><\/strong><br \/>\n\u00c9quilibre la micro\u00e9cologie de la peau et diminue la prolif\u00e9ration des bact\u00e9ries nocives. 24 heures pour \u00e9liminer les mauvaises odeurs de la racine profonde. 100% sans danger pour les soins du corps et des animaux de compagnie.<\/td>\n<\/tr>\n<tr>\n<td width=\"208\"><strong>Apparence:<\/strong><\/td>\n<td width=\"439\">Liquide brun<\/td>\n<\/tr>\n<tr>\n<td width=\"208\"><strong>Posologie recommand\u00e9e :<\/strong><\/td>\n<td width=\"439\">2.0-10.0%<\/td>\n<\/tr>\n<tr>\n<td width=\"208\"><strong>Solubilit\u00e9:<\/strong><\/td>\n<td width=\"439\">Soluble dans l&#039;eau<\/td>\n<\/tr>\n<\/tbody>\n<\/table>\n<\/div>","protected":false},"featured_media":4058,"comment_status":"open","ping_status":"closed","template":"","meta":{"_acf_changed":false,"site-sidebar-layout":"default","site-content-layout":"","ast-site-content-layout":"default","site-content-style":"default","site-sidebar-style":"default","ast-global-header-display":"","ast-banner-title-visibility":"","ast-main-header-display":"","ast-hfb-above-header-display":"","ast-hfb-below-header-display":"","ast-hfb-mobile-header-display":"","site-post-title":"","ast-breadcrumbs-content":"","ast-featured-img":"","footer-sml-layout":"","theme-transparent-header-meta":"default","adv-header-id-meta":"","stick-header-meta":"default","header-above-stick-meta":"","header-main-stick-meta":"","header-below-stick-meta":"","astra-migrate-meta-layouts":"set","ast-page-background-enabled":"default","ast-page-background-meta":{"desktop":{"background-color":"","background-image":"","background-repeat":"repeat","background-position":"center center","background-size":"auto","background-attachment":"scroll","background-type":"","background-media":"","overlay-type":"","overlay-color":"","overlay-opacity":"","overlay-gradient":""},"tablet":{"background-color":"","background-image":"","background-repeat":"repeat","background-position":"center center","background-size":"auto","background-attachment":"scroll","background-type":"","background-media":"","overlay-type":"","overlay-color":"","overlay-opacity":"","overlay-gradient":""},"mobile":{"background-color":"","background-image":"","background-repeat":"repeat","background-position":"center center","background-size":"auto","background-attachment":"scroll","background-type":"","background-media":"","overlay-type":"","overlay-color":"","overlay-opacity":"","overlay-gradient":""}},"ast-content-background-meta":{"desktop":{"background-color":"var(--ast-global-color-5)","background-image":"","background-repeat":"repeat","background-position":"center center","background-size":"auto","background-attachment":"scroll","background-type":"","background-media":"","overlay-type":"","overlay-color":"","overlay-opacity":"","overlay-gradient":""},"tablet":{"background-color":"var(--ast-global-color-5)","background-image":"","background-repeat":"repeat","background-position":"center center","background-size":"auto","background-attachment":"scroll","background-type":"","background-media":"","overlay-type":"","overlay-color":"","overlay-opacity":"","overlay-gradient":""},"mobile":{"background-color":"var(--ast-global-color-5)","background-image":"","background-repeat":"repeat","background-position":"center center","background-size":"auto","background-attachment":"scroll","background-type":"","background-media":"","overlay-type":"","overlay-color":"","overlay-opacity":"","overlay-gradient":""}}},"product_brand":[],"product_cat":[30],"product_tag":[],"class_list":{"0":"post-2986","1":"product","2":"type-product","3":"status-publish","4":"has-post-thumbnail","6":"product_cat-oral-and-deodorization","7":"desktop-align-left","8":"tablet-align-left","9":"mobile-align-left","11":"first","12":"instock","13":"shipping-taxable","14":"product-type-simple"},"acf":[],"_links":{"self":[{"href":"https:\/\/zleyholdings.com\/fr\/wp-json\/wp\/v2\/product\/2986","targetHints":{"allow":["GET"]}}],"collection":[{"href":"https:\/\/zleyholdings.com\/fr\/wp-json\/wp\/v2\/product"}],"about":[{"href":"https:\/\/zleyholdings.com\/fr\/wp-json\/wp\/v2\/types\/product"}],"replies":[{"embeddable":true,"href":"https:\/\/zleyholdings.com\/fr\/wp-json\/wp\/v2\/comments?post=2986"}],"wp:featuredmedia":[{"embeddable":true,"href":"https:\/\/zleyholdings.com\/fr\/wp-json\/wp\/v2\/media\/4058"}],"wp:attachment":[{"href":"https:\/\/zleyholdings.com\/fr\/wp-json\/wp\/v2\/media?parent=2986"}],"wp:term":[{"taxonomy":"product_brand","embeddable":true,"href":"https:\/\/zleyholdings.com\/fr\/wp-json\/wp\/v2\/product_brand?post=2986"},{"taxonomy":"product_cat","embeddable":true,"href":"https:\/\/zleyholdings.com\/fr\/wp-json\/wp\/v2\/product_cat?post=2986"},{"taxonomy":"product_tag","embeddable":true,"href":"https:\/\/zleyholdings.com\/fr\/wp-json\/wp\/v2\/product_tag?post=2986"}],"curies":[{"name":"wp","href":"https:\/\/api.w.org\/{rel}","templated":true}]}}