{"id":2985,"date":"2025-07-08T11:54:07","date_gmt":"2025-07-08T03:54:07","guid":{"rendered":"https:\/\/zleyholdings.com\/?post_type=product&#038;p=2985"},"modified":"2025-09-29T13:53:40","modified_gmt":"2025-09-29T05:53:40","slug":"zleyorafine","status":"publish","type":"product","link":"https:\/\/zleyholdings.com\/fr\/produits\/zleyorafine\/","title":{"rendered":"ZLEY\u00aeORAFINE"},"content":{"rendered":"<p data-start=\"0\" data-end=\"283\">L&#039;hydroxypropylcyclodextrine est une cyclodextrine modifi\u00e9e largement utilis\u00e9e dans les formules cosm\u00e9tiques et de soins de la peau. Elle agit comme un activateur de lib\u00e9ration, favorisant une meilleure p\u00e9n\u00e9tration des ingr\u00e9dients actifs dans la peau et am\u00e9liorant leur stabilit\u00e9.<\/p>\n<p data-start=\"285\" data-end=\"297\"><strong data-start=\"285\" data-end=\"297\">Avantages<\/strong><\/p>\n<ul data-start=\"298\" data-end=\"538\">\n<li data-start=\"298\" data-end=\"352\">\n<p data-start=\"300\" data-end=\"352\">Neutralisation rapide des VSC pour un soulagement rapide de l&#039;halitose<\/p>\n<\/li>\n<li data-start=\"353\" data-end=\"411\">\n<p data-start=\"355\" data-end=\"411\">R\u00e9duit les bact\u00e9ries responsables des odeurs pour \u00e9viter les odeurs de rebond<\/p>\n<\/li>\n<li data-start=\"412\" data-end=\"477\">\n<p data-start=\"414\" data-end=\"477\">Formule propre ; utilisation quotidienne douce (non agressive, sensation confortable)<\/p>\n<\/li>\n<li data-start=\"478\" data-end=\"538\">\n<p data-start=\"480\" data-end=\"538\">Fra\u00eecheur naturellement florale sans arri\u00e8re-go\u00fbt envahissant<\/p>\n<\/li>\n<\/ul>","protected":false},"excerpt":{"rendered":"<div class=\"number\">\n<table width=\"647\">\n<tbody>\n<tr>\n<td width=\"208\"><strong>INCI:<\/strong><\/td>\n<td width=\"439\">Vinaigre de bambou, hydroxypropylcyclodextrine, eau florale de Rosa Damascena, 1,2-hexanediol, hydroxyac\u00e9toph\u00e9none, eau<\/td>\n<\/tr>\n<tr>\n<td width=\"208\"><strong>Propri\u00e9t\u00e9s:<\/strong><\/td>\n<td width=\"439\"><strong><em>SOUFFLE FRA\u00ceCHE, LA CHANCE COMMENCE<\/em><\/strong><\/p>\n<p>Inhibe la cause des odeurs de pral en 5 minutes gr\u00e2ce \u00e0 99,61% et r\u00e9duit la production de bact\u00e9ries nocives et de CSV. Parfum naturellement fleuri et formule propre.<\/td>\n<\/tr>\n<tr>\n<td width=\"208\"><strong>Apparence:<\/strong><\/td>\n<td width=\"439\">Liquide brun<\/td>\n<\/tr>\n<tr>\n<td width=\"208\"><strong>Posologie recommand\u00e9e :<\/strong><\/td>\n<td width=\"439\">2.0-9.5%<\/td>\n<\/tr>\n<tr>\n<td width=\"208\"><strong>Solubilit\u00e9:<\/strong><\/td>\n<td width=\"439\">Soluble dans l&#039;eau<\/td>\n<\/tr>\n<\/tbody>\n<\/table>\n<\/div>","protected":false},"featured_media":4058,"comment_status":"open","ping_status":"closed","template":"","meta":{"_acf_changed":false,"site-sidebar-layout":"default","site-content-layout":"","ast-site-content-layout":"default","site-content-style":"default","site-sidebar-style":"default","ast-global-header-display":"","ast-banner-title-visibility":"","ast-main-header-display":"","ast-hfb-above-header-display":"","ast-hfb-below-header-display":"","ast-hfb-mobile-header-display":"","site-post-title":"","ast-breadcrumbs-content":"","ast-featured-img":"","footer-sml-layout":"","theme-transparent-header-meta":"default","adv-header-id-meta":"","stick-header-meta":"default","header-above-stick-meta":"","header-main-stick-meta":"","header-below-stick-meta":"","astra-migrate-meta-layouts":"set","ast-page-background-enabled":"default","ast-page-background-meta":{"desktop":{"background-color":"","background-image":"","background-repeat":"repeat","background-position":"center center","background-size":"auto","background-attachment":"scroll","background-type":"","background-media":"","overlay-type":"","overlay-color":"","overlay-opacity":"","overlay-gradient":""},"tablet":{"background-color":"","background-image":"","background-repeat":"repeat","background-position":"center center","background-size":"auto","background-attachment":"scroll","background-type":"","background-media":"","overlay-type":"","overlay-color":"","overlay-opacity":"","overlay-gradient":""},"mobile":{"background-color":"","background-image":"","background-repeat":"repeat","background-position":"center center","background-size":"auto","background-attachment":"scroll","background-type":"","background-media":"","overlay-type":"","overlay-color":"","overlay-opacity":"","overlay-gradient":""}},"ast-content-background-meta":{"desktop":{"background-color":"var(--ast-global-color-5)","background-image":"","background-repeat":"repeat","background-position":"center center","background-size":"auto","background-attachment":"scroll","background-type":"","background-media":"","overlay-type":"","overlay-color":"","overlay-opacity":"","overlay-gradient":""},"tablet":{"background-color":"var(--ast-global-color-5)","background-image":"","background-repeat":"repeat","background-position":"center center","background-size":"auto","background-attachment":"scroll","background-type":"","background-media":"","overlay-type":"","overlay-color":"","overlay-opacity":"","overlay-gradient":""},"mobile":{"background-color":"var(--ast-global-color-5)","background-image":"","background-repeat":"repeat","background-position":"center center","background-size":"auto","background-attachment":"scroll","background-type":"","background-media":"","overlay-type":"","overlay-color":"","overlay-opacity":"","overlay-gradient":""}}},"product_brand":[],"product_cat":[30],"product_tag":[],"class_list":{"0":"post-2985","1":"product","2":"type-product","3":"status-publish","4":"has-post-thumbnail","6":"product_cat-oral-and-deodorization","7":"desktop-align-left","8":"tablet-align-left","9":"mobile-align-left","11":"first","12":"instock","13":"shipping-taxable","14":"product-type-simple"},"acf":[],"_links":{"self":[{"href":"https:\/\/zleyholdings.com\/fr\/wp-json\/wp\/v2\/product\/2985","targetHints":{"allow":["GET"]}}],"collection":[{"href":"https:\/\/zleyholdings.com\/fr\/wp-json\/wp\/v2\/product"}],"about":[{"href":"https:\/\/zleyholdings.com\/fr\/wp-json\/wp\/v2\/types\/product"}],"replies":[{"embeddable":true,"href":"https:\/\/zleyholdings.com\/fr\/wp-json\/wp\/v2\/comments?post=2985"}],"wp:featuredmedia":[{"embeddable":true,"href":"https:\/\/zleyholdings.com\/fr\/wp-json\/wp\/v2\/media\/4058"}],"wp:attachment":[{"href":"https:\/\/zleyholdings.com\/fr\/wp-json\/wp\/v2\/media?parent=2985"}],"wp:term":[{"taxonomy":"product_brand","embeddable":true,"href":"https:\/\/zleyholdings.com\/fr\/wp-json\/wp\/v2\/product_brand?post=2985"},{"taxonomy":"product_cat","embeddable":true,"href":"https:\/\/zleyholdings.com\/fr\/wp-json\/wp\/v2\/product_cat?post=2985"},{"taxonomy":"product_tag","embeddable":true,"href":"https:\/\/zleyholdings.com\/fr\/wp-json\/wp\/v2\/product_tag?post=2985"}],"curies":[{"name":"wp","href":"https:\/\/api.w.org\/{rel}","templated":true}]}}