{"id":2982,"date":"2025-07-08T11:44:19","date_gmt":"2025-07-08T03:44:19","guid":{"rendered":"https:\/\/zleyholdings.com\/?post_type=product&#038;p=2982"},"modified":"2025-09-26T15:22:37","modified_gmt":"2025-09-26T07:22:37","slug":"zleymhi","status":"publish","type":"product","link":"https:\/\/zleyholdings.com\/fr\/produits\/zleymhi\/","title":{"rendered":"ZLEY\u00aeMHI"},"content":{"rendered":"<p data-start=\"73\" data-end=\"475\">Le 1-m\u00e9thylhydanto\u00efne-2-imide est un produit innovant <strong data-start=\"116\" data-end=\"154\">ingr\u00e9dient actif \u00e9claircissant pour la peau<\/strong> con\u00e7u pour cibler les probl\u00e8mes de pigmentation. Par <strong data-start=\"200\" data-end=\"234\">inhibant l&#039;activit\u00e9 de la tyrosinase<\/strong>Il r\u00e9gule efficacement la synth\u00e8se de m\u00e9lanine, contribuant ainsi \u00e0 r\u00e9duire l&#039;apparence des taches brunes et des irr\u00e9gularit\u00e9s du teint. Il est donc un ingr\u00e9dient pr\u00e9cieux dans les formules visant \u00e0 obtenir un teint uniforme. <strong data-start=\"421\" data-end=\"472\">teint plus clair, plus lumineux et plus \u00e9quilibr\u00e9<\/strong>.<\/p>\n<p data-start=\"477\" data-end=\"814\">Pr\u00e9sent\u00e9 comme un <strong data-start=\"492\" data-end=\"521\">poudre blanche \u00e0 blanc cass\u00e9<\/strong>, cet ingr\u00e9dient est <strong data-start=\"542\" data-end=\"562\">soluble dans l&#039;eau<\/strong>, offrant une excellente compatibilit\u00e9 avec une large gamme de formules cosm\u00e9tiques et de soins de la peau, notamment les s\u00e9rums, les lotions et les cr\u00e8mes. Avec un dosage recommand\u00e9 flexible de <strong data-start=\"730\" data-end=\"743\">0,05\u20135,0%<\/strong>, il offre une polyvalence de formulation tout en garantissant une forte efficacit\u00e9.<\/p>","protected":false},"excerpt":{"rendered":"<div class=\"number\">\n<table width=\"647\">\n<tbody>\n<tr>\n<td width=\"208\"><strong>INCI:<\/strong><\/td>\n<td width=\"439\">1-m\u00e9thylhydanto\u00efne-2-imide<\/td>\n<\/tr>\n<tr>\n<td width=\"208\"><strong>Propri\u00e9t\u00e9s:<\/strong><\/td>\n<td width=\"439\">Inhibe la production de l&#039;enzyme tyrosinase.<\/td>\n<\/tr>\n<tr>\n<td width=\"208\"><strong>Apparence:<\/strong><\/td>\n<td width=\"439\">Poudre blanche ou blanc cass\u00e9<\/td>\n<\/tr>\n<tr>\n<td width=\"208\"><strong>Posologie recommand\u00e9e :<\/strong><\/td>\n<td width=\"439\">0.05-5.0%<\/td>\n<\/tr>\n<tr>\n<td width=\"208\"><strong>Solubilit\u00e9:<\/strong><\/td>\n<td width=\"439\">Soluble dans l&#039;eau<\/td>\n<\/tr>\n<\/tbody>\n<\/table>\n<\/div>","protected":false},"featured_media":4042,"comment_status":"open","ping_status":"closed","template":"","meta":{"_acf_changed":false,"site-sidebar-layout":"default","site-content-layout":"","ast-site-content-layout":"default","site-content-style":"default","site-sidebar-style":"default","ast-global-header-display":"","ast-banner-title-visibility":"","ast-main-header-display":"","ast-hfb-above-header-display":"","ast-hfb-below-header-display":"","ast-hfb-mobile-header-display":"","site-post-title":"","ast-breadcrumbs-content":"","ast-featured-img":"","footer-sml-layout":"","theme-transparent-header-meta":"default","adv-header-id-meta":"","stick-header-meta":"default","header-above-stick-meta":"","header-main-stick-meta":"","header-below-stick-meta":"","astra-migrate-meta-layouts":"set","ast-page-background-enabled":"default","ast-page-background-meta":{"desktop":{"background-color":"","background-image":"","background-repeat":"repeat","background-position":"center center","background-size":"auto","background-attachment":"scroll","background-type":"","background-media":"","overlay-type":"","overlay-color":"","overlay-opacity":"","overlay-gradient":""},"tablet":{"background-color":"","background-image":"","background-repeat":"repeat","background-position":"center center","background-size":"auto","background-attachment":"scroll","background-type":"","background-media":"","overlay-type":"","overlay-color":"","overlay-opacity":"","overlay-gradient":""},"mobile":{"background-color":"","background-image":"","background-repeat":"repeat","background-position":"center center","background-size":"auto","background-attachment":"scroll","background-type":"","background-media":"","overlay-type":"","overlay-color":"","overlay-opacity":"","overlay-gradient":""}},"ast-content-background-meta":{"desktop":{"background-color":"var(--ast-global-color-5)","background-image":"","background-repeat":"repeat","background-position":"center center","background-size":"auto","background-attachment":"scroll","background-type":"","background-media":"","overlay-type":"","overlay-color":"","overlay-opacity":"","overlay-gradient":""},"tablet":{"background-color":"var(--ast-global-color-5)","background-image":"","background-repeat":"repeat","background-position":"center center","background-size":"auto","background-attachment":"scroll","background-type":"","background-media":"","overlay-type":"","overlay-color":"","overlay-opacity":"","overlay-gradient":""},"mobile":{"background-color":"var(--ast-global-color-5)","background-image":"","background-repeat":"repeat","background-position":"center center","background-size":"auto","background-attachment":"scroll","background-type":"","background-media":"","overlay-type":"","overlay-color":"","overlay-opacity":"","overlay-gradient":""}}},"product_brand":[],"product_cat":[15],"product_tag":[],"class_list":{"0":"post-2982","1":"product","2":"type-product","3":"status-publish","4":"has-post-thumbnail","6":"product_cat-brightening","7":"desktop-align-left","8":"tablet-align-left","9":"mobile-align-left","11":"first","12":"instock","13":"shipping-taxable","14":"product-type-simple"},"acf":[],"_links":{"self":[{"href":"https:\/\/zleyholdings.com\/fr\/wp-json\/wp\/v2\/product\/2982","targetHints":{"allow":["GET"]}}],"collection":[{"href":"https:\/\/zleyholdings.com\/fr\/wp-json\/wp\/v2\/product"}],"about":[{"href":"https:\/\/zleyholdings.com\/fr\/wp-json\/wp\/v2\/types\/product"}],"replies":[{"embeddable":true,"href":"https:\/\/zleyholdings.com\/fr\/wp-json\/wp\/v2\/comments?post=2982"}],"wp:featuredmedia":[{"embeddable":true,"href":"https:\/\/zleyholdings.com\/fr\/wp-json\/wp\/v2\/media\/4042"}],"wp:attachment":[{"href":"https:\/\/zleyholdings.com\/fr\/wp-json\/wp\/v2\/media?parent=2982"}],"wp:term":[{"taxonomy":"product_brand","embeddable":true,"href":"https:\/\/zleyholdings.com\/fr\/wp-json\/wp\/v2\/product_brand?post=2982"},{"taxonomy":"product_cat","embeddable":true,"href":"https:\/\/zleyholdings.com\/fr\/wp-json\/wp\/v2\/product_cat?post=2982"},{"taxonomy":"product_tag","embeddable":true,"href":"https:\/\/zleyholdings.com\/fr\/wp-json\/wp\/v2\/product_tag?post=2982"}],"curies":[{"name":"wp","href":"https:\/\/api.w.org\/{rel}","templated":true}]}}