{"id":2980,"date":"2025-07-08T11:34:44","date_gmt":"2025-07-08T03:34:44","guid":{"rendered":"https:\/\/zleyholdings.com\/?post_type=product&#038;p=2980"},"modified":"2025-09-29T14:01:35","modified_gmt":"2025-09-29T06:01:35","slug":"zleyug","status":"publish","type":"product","link":"https:\/\/zleyholdings.com\/fr\/produits\/zleyug\/","title":{"rendered":"ZLEY\u00aeUG"},"content":{"rendered":"<p data-start=\"0\" data-end=\"224\">L&#039;und\u00e9cyl\u00e9noyl glycine est un ingr\u00e9dient de soin reconnu pour sa capacit\u00e9 \u00e0 r\u00e9guler la production de s\u00e9bum et \u00e0 favoriser une peau nette et \u00e9quilibr\u00e9e. Il agit en r\u00e9gulant le s\u00e9bum et en procurant des effets antimicrobiens doux.<\/p>\n<ul data-start=\"226\" data-end=\"447\">\n<li data-start=\"226\" data-end=\"290\">\n<p data-start=\"228\" data-end=\"290\">Inhibe les bact\u00e9ries responsables de l&#039;acn\u00e9 et les champignons responsables des pellicules<\/p>\n<\/li>\n<li data-start=\"291\" data-end=\"346\">\n<p data-start=\"293\" data-end=\"346\">Contr\u00f4le l&#039;exc\u00e8s de s\u00e9bum ; minimise la brillance et la congestion<\/p>\n<\/li>\n<li data-start=\"347\" data-end=\"395\">\n<p data-start=\"349\" data-end=\"395\">Calme les irritations ; r\u00e9duit les squames et les rougeurs<\/p>\n<\/li>\n<li data-start=\"396\" data-end=\"447\">\n<p data-start=\"398\" data-end=\"447\">Favorise un teint plus clair et un cuir chevelu plus sain<\/p>\n<\/li>\n<\/ul>","protected":false},"excerpt":{"rendered":"<div class=\"number\">\n<table width=\"622\">\n<tbody>\n<tr>\n<td width=\"208\"><strong>INCI:<\/strong><\/td>\n<td width=\"414\">Und\u00e9cyl\u00e9noyl glycine<\/td>\n<\/tr>\n<tr>\n<td width=\"208\"><strong>Propri\u00e9t\u00e9s:<\/strong><\/td>\n<td width=\"414\">Inhibe les bact\u00e9ries responsables de l&#039;acn\u00e9 et offre des bienfaits antipelliculaires. Contr\u00f4le l&#039;exc\u00e8s de s\u00e9bum.<\/td>\n<\/tr>\n<tr>\n<td width=\"208\"><strong>Apparence:<\/strong><\/td>\n<td width=\"414\">Poudre blanche ou blanc cass\u00e9<\/td>\n<\/tr>\n<tr>\n<td width=\"208\"><strong>Posologie recommand\u00e9e :<\/strong><\/td>\n<td width=\"414\">NMT0.5%<\/td>\n<\/tr>\n<tr>\n<td width=\"208\"><strong>Solubilit\u00e9:<\/strong><\/td>\n<td width=\"414\">Soluble dans l&#039;huile<\/td>\n<\/tr>\n<\/tbody>\n<\/table>\n<\/div>","protected":false},"featured_media":4061,"comment_status":"open","ping_status":"closed","template":"","meta":{"_acf_changed":false,"site-sidebar-layout":"default","site-content-layout":"","ast-site-content-layout":"default","site-content-style":"default","site-sidebar-style":"default","ast-global-header-display":"","ast-banner-title-visibility":"","ast-main-header-display":"","ast-hfb-above-header-display":"","ast-hfb-below-header-display":"","ast-hfb-mobile-header-display":"","site-post-title":"","ast-breadcrumbs-content":"","ast-featured-img":"","footer-sml-layout":"","theme-transparent-header-meta":"default","adv-header-id-meta":"","stick-header-meta":"default","header-above-stick-meta":"","header-main-stick-meta":"","header-below-stick-meta":"","astra-migrate-meta-layouts":"set","ast-page-background-enabled":"default","ast-page-background-meta":{"desktop":{"background-color":"","background-image":"","background-repeat":"repeat","background-position":"center center","background-size":"auto","background-attachment":"scroll","background-type":"","background-media":"","overlay-type":"","overlay-color":"","overlay-opacity":"","overlay-gradient":""},"tablet":{"background-color":"","background-image":"","background-repeat":"repeat","background-position":"center center","background-size":"auto","background-attachment":"scroll","background-type":"","background-media":"","overlay-type":"","overlay-color":"","overlay-opacity":"","overlay-gradient":""},"mobile":{"background-color":"","background-image":"","background-repeat":"repeat","background-position":"center center","background-size":"auto","background-attachment":"scroll","background-type":"","background-media":"","overlay-type":"","overlay-color":"","overlay-opacity":"","overlay-gradient":""}},"ast-content-background-meta":{"desktop":{"background-color":"var(--ast-global-color-5)","background-image":"","background-repeat":"repeat","background-position":"center center","background-size":"auto","background-attachment":"scroll","background-type":"","background-media":"","overlay-type":"","overlay-color":"","overlay-opacity":"","overlay-gradient":""},"tablet":{"background-color":"var(--ast-global-color-5)","background-image":"","background-repeat":"repeat","background-position":"center center","background-size":"auto","background-attachment":"scroll","background-type":"","background-media":"","overlay-type":"","overlay-color":"","overlay-opacity":"","overlay-gradient":""},"mobile":{"background-color":"var(--ast-global-color-5)","background-image":"","background-repeat":"repeat","background-position":"center center","background-size":"auto","background-attachment":"scroll","background-type":"","background-media":"","overlay-type":"","overlay-color":"","overlay-opacity":"","overlay-gradient":""}}},"product_brand":[],"product_cat":[26],"product_tag":[],"class_list":{"0":"post-2980","1":"product","2":"type-product","3":"status-publish","4":"has-post-thumbnail","6":"product_cat-oil-controlacne","7":"desktop-align-left","8":"tablet-align-left","9":"mobile-align-left","11":"first","12":"instock","13":"shipping-taxable","14":"product-type-simple"},"acf":[],"_links":{"self":[{"href":"https:\/\/zleyholdings.com\/fr\/wp-json\/wp\/v2\/product\/2980","targetHints":{"allow":["GET"]}}],"collection":[{"href":"https:\/\/zleyholdings.com\/fr\/wp-json\/wp\/v2\/product"}],"about":[{"href":"https:\/\/zleyholdings.com\/fr\/wp-json\/wp\/v2\/types\/product"}],"replies":[{"embeddable":true,"href":"https:\/\/zleyholdings.com\/fr\/wp-json\/wp\/v2\/comments?post=2980"}],"wp:featuredmedia":[{"embeddable":true,"href":"https:\/\/zleyholdings.com\/fr\/wp-json\/wp\/v2\/media\/4061"}],"wp:attachment":[{"href":"https:\/\/zleyholdings.com\/fr\/wp-json\/wp\/v2\/media?parent=2980"}],"wp:term":[{"taxonomy":"product_brand","embeddable":true,"href":"https:\/\/zleyholdings.com\/fr\/wp-json\/wp\/v2\/product_brand?post=2980"},{"taxonomy":"product_cat","embeddable":true,"href":"https:\/\/zleyholdings.com\/fr\/wp-json\/wp\/v2\/product_cat?post=2980"},{"taxonomy":"product_tag","embeddable":true,"href":"https:\/\/zleyholdings.com\/fr\/wp-json\/wp\/v2\/product_tag?post=2980"}],"curies":[{"name":"wp","href":"https:\/\/api.w.org\/{rel}","templated":true}]}}