{"id":2978,"date":"2025-07-08T11:29:36","date_gmt":"2025-07-08T03:29:36","guid":{"rendered":"https:\/\/zleyholdings.com\/?post_type=product&#038;p=2978"},"modified":"2025-09-29T14:03:20","modified_gmt":"2025-09-29T06:03:20","slug":"ether-butylique-de-zleyvanillyle","status":"publish","type":"product","link":"https:\/\/zleyholdings.com\/fr\/produits\/ether-butylique-de-zleyvanillyle\/","title":{"rendered":"ZLEY\u00ae\u00c9THER VANILLYL BUTYLIQUE"},"content":{"rendered":"<p data-start=\"0\" data-end=\"67\">L&#039;\u00e9ther vanillylbutylique est un ingr\u00e9dient cosm\u00e9tique couramment utilis\u00e9 dans les soins de la peau et du corps pour ses effets chauffants et stimulants. Il procure une douce sensation de chaleur sur la peau et peut favoriser l&#039;absorption d&#039;autres ingr\u00e9dients actifs.<\/p>\n<p data-start=\"354\" data-end=\"366\"><strong data-start=\"354\" data-end=\"366\">Avantages<\/strong><\/p>\n<ul data-start=\"367\" data-end=\"563\">\n<li data-start=\"367\" data-end=\"406\">\n<p data-start=\"369\" data-end=\"406\">Effet chauffant agr\u00e9able et contr\u00f4l\u00e9<\/p>\n<\/li>\n<li data-start=\"407\" data-end=\"460\">\n<p data-start=\"409\" data-end=\"460\">Favorise la microcirculation pour une sensation revitalis\u00e9e<\/p>\n<\/li>\n<li data-start=\"461\" data-end=\"507\">\n<p data-start=\"463\" data-end=\"507\">Propre, non toxique, respectueux de l&#039;environnement<\/p>\n<\/li>\n<li data-start=\"508\" data-end=\"563\">\n<p data-start=\"510\" data-end=\"563\">Ajoute de la vanille authentique <strong data-start=\"533\" data-end=\"553\">parfum\/saveur<\/strong> personnage<\/p>\n<\/li>\n<\/ul>","protected":false},"excerpt":{"rendered":"<div class=\"number\">\n<table width=\"622\">\n<tbody>\n<tr>\n<td width=\"208\"><strong>INCI:<\/strong><\/td>\n<td width=\"414\">\u00c9ther vanillylbutylique<\/td>\n<\/tr>\n<tr>\n<td width=\"208\"><strong>Propri\u00e9t\u00e9s:<\/strong><\/td>\n<td width=\"414\">Procure une sensation de chaleur et am\u00e9liore la circulation sanguine ; \u00e9cologique et non toxique, et contribue grandement \u00e0 la saveur et au parfum caract\u00e9ristiques de la vanille.<\/td>\n<\/tr>\n<tr>\n<td width=\"208\"><strong>Apparence:<\/strong><\/td>\n<td width=\"414\">Liquide incolore ou l\u00e9g\u00e8rement jaune<\/td>\n<\/tr>\n<tr>\n<td width=\"208\"><strong>Posologie recommand\u00e9e :<\/strong><\/td>\n<td width=\"414\">0.01-0.2%<\/td>\n<\/tr>\n<tr>\n<td width=\"208\"><strong>Solubilit\u00e9:<\/strong><\/td>\n<td width=\"414\">Soluble dans l&#039;alcool, soluble dans l&#039;eau<\/td>\n<\/tr>\n<\/tbody>\n<\/table>\n<\/div>","protected":false},"featured_media":4003,"comment_status":"open","ping_status":"closed","template":"","meta":{"_acf_changed":false,"site-sidebar-layout":"default","site-content-layout":"","ast-site-content-layout":"default","site-content-style":"default","site-sidebar-style":"default","ast-global-header-display":"","ast-banner-title-visibility":"","ast-main-header-display":"","ast-hfb-above-header-display":"","ast-hfb-below-header-display":"","ast-hfb-mobile-header-display":"","site-post-title":"","ast-breadcrumbs-content":"","ast-featured-img":"","footer-sml-layout":"","theme-transparent-header-meta":"default","adv-header-id-meta":"","stick-header-meta":"default","header-above-stick-meta":"","header-main-stick-meta":"","header-below-stick-meta":"","astra-migrate-meta-layouts":"set","ast-page-background-enabled":"default","ast-page-background-meta":{"desktop":{"background-color":"","background-image":"","background-repeat":"repeat","background-position":"center center","background-size":"auto","background-attachment":"scroll","background-type":"","background-media":"","overlay-type":"","overlay-color":"","overlay-opacity":"","overlay-gradient":""},"tablet":{"background-color":"","background-image":"","background-repeat":"repeat","background-position":"center center","background-size":"auto","background-attachment":"scroll","background-type":"","background-media":"","overlay-type":"","overlay-color":"","overlay-opacity":"","overlay-gradient":""},"mobile":{"background-color":"","background-image":"","background-repeat":"repeat","background-position":"center center","background-size":"auto","background-attachment":"scroll","background-type":"","background-media":"","overlay-type":"","overlay-color":"","overlay-opacity":"","overlay-gradient":""}},"ast-content-background-meta":{"desktop":{"background-color":"var(--ast-global-color-5)","background-image":"","background-repeat":"repeat","background-position":"center center","background-size":"auto","background-attachment":"scroll","background-type":"","background-media":"","overlay-type":"","overlay-color":"","overlay-opacity":"","overlay-gradient":""},"tablet":{"background-color":"var(--ast-global-color-5)","background-image":"","background-repeat":"repeat","background-position":"center center","background-size":"auto","background-attachment":"scroll","background-type":"","background-media":"","overlay-type":"","overlay-color":"","overlay-opacity":"","overlay-gradient":""},"mobile":{"background-color":"var(--ast-global-color-5)","background-image":"","background-repeat":"repeat","background-position":"center center","background-size":"auto","background-attachment":"scroll","background-type":"","background-media":"","overlay-type":"","overlay-color":"","overlay-opacity":"","overlay-gradient":""}}},"product_brand":[],"product_cat":[26],"product_tag":[],"class_list":{"0":"post-2978","1":"product","2":"type-product","3":"status-publish","4":"has-post-thumbnail","6":"product_cat-oil-controlacne","7":"desktop-align-left","8":"tablet-align-left","9":"mobile-align-left","11":"first","12":"instock","13":"shipping-taxable","14":"product-type-simple"},"acf":[],"_links":{"self":[{"href":"https:\/\/zleyholdings.com\/fr\/wp-json\/wp\/v2\/product\/2978","targetHints":{"allow":["GET"]}}],"collection":[{"href":"https:\/\/zleyholdings.com\/fr\/wp-json\/wp\/v2\/product"}],"about":[{"href":"https:\/\/zleyholdings.com\/fr\/wp-json\/wp\/v2\/types\/product"}],"replies":[{"embeddable":true,"href":"https:\/\/zleyholdings.com\/fr\/wp-json\/wp\/v2\/comments?post=2978"}],"wp:featuredmedia":[{"embeddable":true,"href":"https:\/\/zleyholdings.com\/fr\/wp-json\/wp\/v2\/media\/4003"}],"wp:attachment":[{"href":"https:\/\/zleyholdings.com\/fr\/wp-json\/wp\/v2\/media?parent=2978"}],"wp:term":[{"taxonomy":"product_brand","embeddable":true,"href":"https:\/\/zleyholdings.com\/fr\/wp-json\/wp\/v2\/product_brand?post=2978"},{"taxonomy":"product_cat","embeddable":true,"href":"https:\/\/zleyholdings.com\/fr\/wp-json\/wp\/v2\/product_cat?post=2978"},{"taxonomy":"product_tag","embeddable":true,"href":"https:\/\/zleyholdings.com\/fr\/wp-json\/wp\/v2\/product_tag?post=2978"}],"curies":[{"name":"wp","href":"https:\/\/api.w.org\/{rel}","templated":true}]}}