{"id":2967,"date":"2025-07-08T10:38:31","date_gmt":"2025-07-08T02:38:31","guid":{"rendered":"https:\/\/zleyholdings.com\/?post_type=product&#038;p=2967"},"modified":"2025-09-01T14:14:02","modified_gmt":"2025-09-01T06:14:02","slug":"zleyluxaigis","status":"publish","type":"product","link":"https:\/\/zleyholdings.com\/fr\/produits\/zleyluxaigis\/","title":{"rendered":"ZLEY\u00aeLUXAIGIS"},"content":{"rendered":"<p data-start=\"29\" data-end=\"162\"><strong data-start=\"29\" data-end=\"84\">S\u00e9rum r\u00e9parateur de la barri\u00e8re cutan\u00e9e AMPK Cell Charger &amp; PPARs<\/strong><br data-start=\"84\" data-end=\"87\" \/>Aliment\u00e9e par un triple m\u00e9lange d\u2019huiles botaniques riches en om\u00e9ga, cette formule avanc\u00e9e\u00a0:<\/p>\n<ol data-start=\"164\" data-end=\"556\">\n<li data-start=\"164\" data-end=\"282\">\n<p data-start=\"167\" data-end=\"282\"><strong data-start=\"167\" data-end=\"205\">Neutralise les facteurs de stress inflammatoires<\/strong> en trois \u00e9tapes cibl\u00e9es, purifiant les pores et bloquant les dommages caus\u00e9s par les radicaux libres.<\/p>\n<\/li>\n<li data-start=\"283\" data-end=\"431\">\n<p data-start=\"286\" data-end=\"431\"><strong data-start=\"286\" data-end=\"324\">R\u00e9active les voies cellulaires AMPK<\/strong> et <strong data-start=\"329\" data-end=\"355\">signalisation lipidique des PPAR<\/strong>, stimule le renouvellement cellulaire sain pour une peau visiblement plus forte et plus lisse.<\/p>\n<\/li>\n<li data-start=\"432\" data-end=\"556\">\n<p data-start=\"435\" data-end=\"556\"><strong data-start=\"435\" data-end=\"486\">R\u00e9approvisionne les c\u00e9ramides et les acides gras essentiels<\/strong>, en restaurant le r\u00e9servoir d&#039;hydratation de la barri\u00e8re cutan\u00e9e de l&#039;int\u00e9rieur vers l&#039;ext\u00e9rieur.<\/p>\n<\/li>\n<\/ol>\n<p data-start=\"558\" data-end=\"745\">Cliniquement prouv\u00e9 pour att\u00e9nuer les rougeurs, r\u00e9parer les micro-d\u00e9chirures et r\u00e9duire les ridules, le s\u00e9rum offre une r\u00e9cup\u00e9ration rapide et sans irritation pour les peaux \u00e0 tendance acn\u00e9ique, sensibilis\u00e9es et pr\u00e9matur\u00e9ment vieillies.<\/p>","protected":false},"excerpt":{"rendered":"<div class=\"number\">\n<table width=\"622\">\n<tbody>\n<tr>\n<td width=\"208\"><strong>INCI:<\/strong><\/td>\n<td width=\"414\">Acide f\u00e9rulique, syringylid\u00e8nemalonate de di\u00e9thylhexyle, triglyc\u00e9ride caprylique\/caprique, dim\u00e9thyl isosorbide<\/td>\n<\/tr>\n<tr>\n<td width=\"208\"><strong>Propri\u00e9t\u00e9s:<\/strong><\/td>\n<td width=\"414\"><strong><em>CL\u00c9 POUR STIMULER LA VOIE DE SIGNALISATION Nrf2<\/em><\/strong><\/p>\n<p>Nouvelle \u00e8re de l&#039;acide f\u00e9rulique \u2013 Stabilit\u00e9 sup\u00e9rieure, meilleure absorption cutan\u00e9e. Con\u00e7u pour les peaux fatigu\u00e9es et ab\u00eem\u00e9es par les UV.<\/td>\n<\/tr>\n<tr>\n<td width=\"208\"><strong>Apparence:<\/strong><\/td>\n<td width=\"414\">Liquide jaune clair<\/td>\n<\/tr>\n<tr>\n<td width=\"208\"><strong>Posologie recommand\u00e9e :<\/strong><\/td>\n<td width=\"414\">1.0-5.0%<\/td>\n<\/tr>\n<tr>\n<td width=\"208\"><strong>Solubilit\u00e9:<\/strong><\/td>\n<td width=\"414\">Soluble dans l&#039;alcool<\/td>\n<\/tr>\n<\/tbody>\n<\/table>\n<\/div>","protected":false},"featured_media":4016,"comment_status":"open","ping_status":"closed","template":"","meta":{"_acf_changed":false,"site-sidebar-layout":"default","site-content-layout":"","ast-site-content-layout":"default","site-content-style":"default","site-sidebar-style":"default","ast-global-header-display":"","ast-banner-title-visibility":"","ast-main-header-display":"","ast-hfb-above-header-display":"","ast-hfb-below-header-display":"","ast-hfb-mobile-header-display":"","site-post-title":"","ast-breadcrumbs-content":"","ast-featured-img":"","footer-sml-layout":"","theme-transparent-header-meta":"default","adv-header-id-meta":"","stick-header-meta":"default","header-above-stick-meta":"","header-main-stick-meta":"","header-below-stick-meta":"","astra-migrate-meta-layouts":"set","ast-page-background-enabled":"default","ast-page-background-meta":{"desktop":{"background-color":"","background-image":"","background-repeat":"repeat","background-position":"center center","background-size":"auto","background-attachment":"scroll","background-type":"","background-media":"","overlay-type":"","overlay-color":"","overlay-opacity":"","overlay-gradient":""},"tablet":{"background-color":"","background-image":"","background-repeat":"repeat","background-position":"center center","background-size":"auto","background-attachment":"scroll","background-type":"","background-media":"","overlay-type":"","overlay-color":"","overlay-opacity":"","overlay-gradient":""},"mobile":{"background-color":"","background-image":"","background-repeat":"repeat","background-position":"center center","background-size":"auto","background-attachment":"scroll","background-type":"","background-media":"","overlay-type":"","overlay-color":"","overlay-opacity":"","overlay-gradient":""}},"ast-content-background-meta":{"desktop":{"background-color":"var(--ast-global-color-5)","background-image":"","background-repeat":"repeat","background-position":"center center","background-size":"auto","background-attachment":"scroll","background-type":"","background-media":"","overlay-type":"","overlay-color":"","overlay-opacity":"","overlay-gradient":""},"tablet":{"background-color":"var(--ast-global-color-5)","background-image":"","background-repeat":"repeat","background-position":"center center","background-size":"auto","background-attachment":"scroll","background-type":"","background-media":"","overlay-type":"","overlay-color":"","overlay-opacity":"","overlay-gradient":""},"mobile":{"background-color":"var(--ast-global-color-5)","background-image":"","background-repeat":"repeat","background-position":"center center","background-size":"auto","background-attachment":"scroll","background-type":"","background-media":"","overlay-type":"","overlay-color":"","overlay-opacity":"","overlay-gradient":""}}},"product_brand":[],"product_cat":[25],"product_tag":[],"class_list":{"0":"post-2967","1":"product","2":"type-product","3":"status-publish","4":"has-post-thumbnail","6":"product_cat-anti-photoageing","7":"desktop-align-left","8":"tablet-align-left","9":"mobile-align-left","11":"first","12":"instock","13":"shipping-taxable","14":"product-type-simple"},"acf":[],"_links":{"self":[{"href":"https:\/\/zleyholdings.com\/fr\/wp-json\/wp\/v2\/product\/2967","targetHints":{"allow":["GET"]}}],"collection":[{"href":"https:\/\/zleyholdings.com\/fr\/wp-json\/wp\/v2\/product"}],"about":[{"href":"https:\/\/zleyholdings.com\/fr\/wp-json\/wp\/v2\/types\/product"}],"replies":[{"embeddable":true,"href":"https:\/\/zleyholdings.com\/fr\/wp-json\/wp\/v2\/comments?post=2967"}],"wp:featuredmedia":[{"embeddable":true,"href":"https:\/\/zleyholdings.com\/fr\/wp-json\/wp\/v2\/media\/4016"}],"wp:attachment":[{"href":"https:\/\/zleyholdings.com\/fr\/wp-json\/wp\/v2\/media?parent=2967"}],"wp:term":[{"taxonomy":"product_brand","embeddable":true,"href":"https:\/\/zleyholdings.com\/fr\/wp-json\/wp\/v2\/product_brand?post=2967"},{"taxonomy":"product_cat","embeddable":true,"href":"https:\/\/zleyholdings.com\/fr\/wp-json\/wp\/v2\/product_cat?post=2967"},{"taxonomy":"product_tag","embeddable":true,"href":"https:\/\/zleyholdings.com\/fr\/wp-json\/wp\/v2\/product_tag?post=2967"}],"curies":[{"name":"wp","href":"https:\/\/api.w.org\/{rel}","templated":true}]}}