{"id":2966,"date":"2025-07-08T10:34:35","date_gmt":"2025-07-08T02:34:35","guid":{"rendered":"https:\/\/zleyholdings.com\/?post_type=product&#038;p=2966"},"modified":"2025-09-01T14:12:49","modified_gmt":"2025-09-01T06:12:49","slug":"zleyfupolurry","status":"publish","type":"product","link":"https:\/\/zleyholdings.com\/fr\/produits\/zleyfupolurry\/","title":{"rendered":"ZLEY\u00aeFUPOLURRY"},"content":{"rendered":"<p><strong data-start=\"225\" data-end=\"279\">Solution de soin multifonctionnelle anti-photodommages<\/strong><br data-start=\"279\" data-end=\"282\" \/>Cette formule de soin avanc\u00e9e contient un <strong data-start=\"324\" data-end=\"355\">syst\u00e8me de p\u00e9n\u00e9tration brevet\u00e9<\/strong> con\u00e7u pour <strong data-start=\"368\" data-end=\"428\">am\u00e9liorer l&#039;absorption et l&#039;efficacit\u00e9 de l&#039;acide f\u00e9rulique<\/strong>, un puissant antioxydant connu pour sa capacit\u00e9 \u00e0 combattre les radicaux libres et <strong data-start=\"503\" data-end=\"547\">r\u00e9parer les photodommages caus\u00e9s par l&#039;exposition aux UV<\/strong>.<br data-start=\"548\" data-end=\"551\" \/>En augmentant l&#039;apport d&#039;acide f\u00e9rulique en profondeur dans la peau, cette innovation soutient <strong data-start=\"630\" data-end=\"703\">am\u00e9lioration visible de la fermet\u00e9, de l&#039;\u00e9lasticit\u00e9 et de la texture g\u00e9n\u00e9rale de la peau<\/strong>Les r\u00e9sultats cliniques montrent qu\u2019avec une utilisation r\u00e9guli\u00e8re, <strong data-start=\"753\" data-end=\"829\">la peau devient sensiblement plus douce, plus lisse et plus ferme en seulement 4 semaines<\/strong>Id\u00e9al pour ceux qui recherchent <strong data-start=\"855\" data-end=\"878\">bienfaits anti-\u00e2ge<\/strong> et <strong data-start=\"883\" data-end=\"932\">d\u00e9fense quotidienne contre les facteurs de stress environnementaux<\/strong>.<\/p>","protected":false},"excerpt":{"rendered":"<div class=\"number\">\n<table width=\"622\">\n<tbody>\n<tr>\n<td width=\"208\"><strong>INCI:<\/strong><\/td>\n<td width=\"414\">Acide f\u00e9rulique, syringylid\u00e8nemalonate de di\u00e9thylhexyle, l\u00e9cithine hydrog\u00e9n\u00e9e, triglyc\u00e9ride caprylique\/caprique, Cera Alba<\/td>\n<\/tr>\n<tr>\n<td width=\"208\"><strong>Propri\u00e9t\u00e9s:<\/strong><\/td>\n<td width=\"414\"><strong><em>INNOVATION MULTIFONCTIONNELLE CONTRE LES PHOTODOMMAGES<\/em><\/strong><\/p>\n<p>Le syst\u00e8me de p\u00e9n\u00e9tration brevet\u00e9 renforce l&#039;efficacit\u00e9 de l&#039;acide f\u00e9rulique. Am\u00e9liore la douceur et la fermet\u00e9 de la peau en 4 semaines.<\/td>\n<\/tr>\n<tr>\n<td width=\"208\"><strong>Apparence:<\/strong><\/td>\n<td width=\"414\">P\u00e2te de gel translucide jaune clair \u00e0 jaune<\/td>\n<\/tr>\n<tr>\n<td width=\"208\"><strong>Posologie recommand\u00e9e :<\/strong><\/td>\n<td width=\"414\">0.2-2.5%<\/td>\n<\/tr>\n<tr>\n<td width=\"208\"><strong>Solubilit\u00e9:<\/strong><\/td>\n<td width=\"414\">Soluble dans l&#039;huile<\/td>\n<\/tr>\n<\/tbody>\n<\/table>\n<\/div>","protected":false},"featured_media":4013,"comment_status":"open","ping_status":"closed","template":"","meta":{"_acf_changed":false,"site-sidebar-layout":"default","site-content-layout":"","ast-site-content-layout":"default","site-content-style":"default","site-sidebar-style":"default","ast-global-header-display":"","ast-banner-title-visibility":"","ast-main-header-display":"","ast-hfb-above-header-display":"","ast-hfb-below-header-display":"","ast-hfb-mobile-header-display":"","site-post-title":"","ast-breadcrumbs-content":"","ast-featured-img":"","footer-sml-layout":"","theme-transparent-header-meta":"default","adv-header-id-meta":"","stick-header-meta":"default","header-above-stick-meta":"","header-main-stick-meta":"","header-below-stick-meta":"","astra-migrate-meta-layouts":"set","ast-page-background-enabled":"default","ast-page-background-meta":{"desktop":{"background-color":"","background-image":"","background-repeat":"repeat","background-position":"center center","background-size":"auto","background-attachment":"scroll","background-type":"","background-media":"","overlay-type":"","overlay-color":"","overlay-opacity":"","overlay-gradient":""},"tablet":{"background-color":"","background-image":"","background-repeat":"repeat","background-position":"center center","background-size":"auto","background-attachment":"scroll","background-type":"","background-media":"","overlay-type":"","overlay-color":"","overlay-opacity":"","overlay-gradient":""},"mobile":{"background-color":"","background-image":"","background-repeat":"repeat","background-position":"center center","background-size":"auto","background-attachment":"scroll","background-type":"","background-media":"","overlay-type":"","overlay-color":"","overlay-opacity":"","overlay-gradient":""}},"ast-content-background-meta":{"desktop":{"background-color":"var(--ast-global-color-5)","background-image":"","background-repeat":"repeat","background-position":"center center","background-size":"auto","background-attachment":"scroll","background-type":"","background-media":"","overlay-type":"","overlay-color":"","overlay-opacity":"","overlay-gradient":""},"tablet":{"background-color":"var(--ast-global-color-5)","background-image":"","background-repeat":"repeat","background-position":"center center","background-size":"auto","background-attachment":"scroll","background-type":"","background-media":"","overlay-type":"","overlay-color":"","overlay-opacity":"","overlay-gradient":""},"mobile":{"background-color":"var(--ast-global-color-5)","background-image":"","background-repeat":"repeat","background-position":"center center","background-size":"auto","background-attachment":"scroll","background-type":"","background-media":"","overlay-type":"","overlay-color":"","overlay-opacity":"","overlay-gradient":""}}},"product_brand":[],"product_cat":[25],"product_tag":[],"class_list":{"0":"post-2966","1":"product","2":"type-product","3":"status-publish","4":"has-post-thumbnail","6":"product_cat-anti-photoageing","7":"desktop-align-left","8":"tablet-align-left","9":"mobile-align-left","11":"first","12":"instock","13":"shipping-taxable","14":"product-type-simple"},"acf":[],"_links":{"self":[{"href":"https:\/\/zleyholdings.com\/fr\/wp-json\/wp\/v2\/product\/2966","targetHints":{"allow":["GET"]}}],"collection":[{"href":"https:\/\/zleyholdings.com\/fr\/wp-json\/wp\/v2\/product"}],"about":[{"href":"https:\/\/zleyholdings.com\/fr\/wp-json\/wp\/v2\/types\/product"}],"replies":[{"embeddable":true,"href":"https:\/\/zleyholdings.com\/fr\/wp-json\/wp\/v2\/comments?post=2966"}],"wp:featuredmedia":[{"embeddable":true,"href":"https:\/\/zleyholdings.com\/fr\/wp-json\/wp\/v2\/media\/4013"}],"wp:attachment":[{"href":"https:\/\/zleyholdings.com\/fr\/wp-json\/wp\/v2\/media?parent=2966"}],"wp:term":[{"taxonomy":"product_brand","embeddable":true,"href":"https:\/\/zleyholdings.com\/fr\/wp-json\/wp\/v2\/product_brand?post=2966"},{"taxonomy":"product_cat","embeddable":true,"href":"https:\/\/zleyholdings.com\/fr\/wp-json\/wp\/v2\/product_cat?post=2966"},{"taxonomy":"product_tag","embeddable":true,"href":"https:\/\/zleyholdings.com\/fr\/wp-json\/wp\/v2\/product_tag?post=2966"}],"curies":[{"name":"wp","href":"https:\/\/api.w.org\/{rel}","templated":true}]}}