{"id":2965,"date":"2025-07-08T10:26:30","date_gmt":"2025-07-08T02:26:30","guid":{"rendered":"https:\/\/zleyholdings.com\/?post_type=product&#038;p=2965"},"modified":"2025-08-29T18:07:34","modified_gmt":"2025-08-29T10:07:34","slug":"zleyholellia","status":"publish","type":"product","link":"https:\/\/zleyholdings.com\/fr\/produits\/zleyholellia\/","title":{"rendered":"ZLEY\u00aePE910-HOLELLIA"},"content":{"rendered":"<p data-start=\"29\" data-end=\"162\"><strong data-start=\"29\" data-end=\"84\">S\u00e9rum r\u00e9parateur de la barri\u00e8re cutan\u00e9e AMPK Cell Charger &amp; PPARs<\/strong><br data-start=\"84\" data-end=\"87\" \/>Aliment\u00e9e par un triple m\u00e9lange d\u2019huiles botaniques riches en om\u00e9ga, cette formule avanc\u00e9e\u00a0:<\/p>\n<ol data-start=\"164\" data-end=\"556\">\n<li data-start=\"164\" data-end=\"282\">\n<p data-start=\"167\" data-end=\"282\"><strong data-start=\"167\" data-end=\"205\">Neutralise les facteurs de stress inflammatoires<\/strong> en trois \u00e9tapes cibl\u00e9es, purifiant les pores et bloquant les dommages caus\u00e9s par les radicaux libres.<\/p>\n<\/li>\n<li data-start=\"283\" data-end=\"431\">\n<p data-start=\"286\" data-end=\"431\"><strong data-start=\"286\" data-end=\"324\">R\u00e9active les voies cellulaires AMPK<\/strong> et <strong data-start=\"329\" data-end=\"355\">signalisation lipidique des PPAR<\/strong>, stimule le renouvellement cellulaire sain pour une peau visiblement plus forte et plus lisse.<\/p>\n<\/li>\n<li data-start=\"432\" data-end=\"556\">\n<p data-start=\"435\" data-end=\"556\"><strong data-start=\"435\" data-end=\"486\">R\u00e9approvisionne les c\u00e9ramides et les acides gras essentiels<\/strong>, en restaurant le r\u00e9servoir d\u2019hydratation de la barri\u00e8re cutan\u00e9e de l\u2019int\u00e9rieur vers l\u2019ext\u00e9rieur.<\/p>\n<\/li>\n<\/ol>\n<p data-start=\"558\" data-end=\"745\">Cliniquement prouv\u00e9 pour att\u00e9nuer les rougeurs, r\u00e9parer les micro-d\u00e9chirures et r\u00e9duire les ridules, le s\u00e9rum offre une r\u00e9cup\u00e9ration rapide et sans irritation pour les peaux \u00e0 tendance acn\u00e9ique, sensibilis\u00e9es et pr\u00e9matur\u00e9ment vieillies.<\/p>","protected":false},"excerpt":{"rendered":"<div class=\"number\">\n<table width=\"657\">\n<tbody>\n<tr>\n<td width=\"208\"><strong>INCI:<\/strong><\/td>\n<td width=\"448\">Huile de graines de Camellia Reticulata, insaponifiables d&#039;huile d&#039;Olea Europaea (olive), phytost\u00e9rols, oryzanol, tocoph\u00e9rol<\/td>\n<\/tr>\n<tr>\n<td width=\"208\"><strong>Propri\u00e9t\u00e9s:<\/strong><\/td>\n<td width=\"448\"><strong><em>R\u00c9PARATION DE LA BARRI\u00c8RE DU CHARGEUR DE CELLULES AMPK ET DES PPAR<\/em><\/strong><br \/>\nFormul\u00e9 avec un m\u00e9lange d&#039;huiles v\u00e9g\u00e9tales multifonctionnelles pour r\u00e9parer les dommages cutan\u00e9s de l&#039;int\u00e9rieur. Action en trois \u00e9tapes pour neutraliser les facteurs inflammatoires, favoriser une activit\u00e9 cellulaire saine et reconstituer les lipides cutan\u00e9s.<\/td>\n<\/tr>\n<tr>\n<td width=\"208\"><strong>Apparence:<\/strong><\/td>\n<td width=\"448\">P\u00e2te de gel translucide jaune clair \u00e0 jaune<\/td>\n<\/tr>\n<tr>\n<td width=\"208\"><strong>Posologie recommand\u00e9e :<\/strong><\/td>\n<td width=\"448\">0.5-3.0%<\/td>\n<\/tr>\n<tr>\n<td width=\"208\"><strong>Solubilit\u00e9:<\/strong><\/td>\n<td width=\"448\">Soluble dans l&#039;huile<\/td>\n<\/tr>\n<\/tbody>\n<\/table>\n<\/div>","protected":false},"featured_media":4087,"comment_status":"open","ping_status":"closed","template":"","meta":{"_acf_changed":false,"site-sidebar-layout":"default","site-content-layout":"","ast-site-content-layout":"default","site-content-style":"default","site-sidebar-style":"default","ast-global-header-display":"","ast-banner-title-visibility":"","ast-main-header-display":"","ast-hfb-above-header-display":"","ast-hfb-below-header-display":"","ast-hfb-mobile-header-display":"","site-post-title":"","ast-breadcrumbs-content":"","ast-featured-img":"","footer-sml-layout":"","theme-transparent-header-meta":"default","adv-header-id-meta":"","stick-header-meta":"default","header-above-stick-meta":"","header-main-stick-meta":"","header-below-stick-meta":"","astra-migrate-meta-layouts":"set","ast-page-background-enabled":"default","ast-page-background-meta":{"desktop":{"background-color":"","background-image":"","background-repeat":"repeat","background-position":"center center","background-size":"auto","background-attachment":"scroll","background-type":"","background-media":"","overlay-type":"","overlay-color":"","overlay-opacity":"","overlay-gradient":""},"tablet":{"background-color":"","background-image":"","background-repeat":"repeat","background-position":"center center","background-size":"auto","background-attachment":"scroll","background-type":"","background-media":"","overlay-type":"","overlay-color":"","overlay-opacity":"","overlay-gradient":""},"mobile":{"background-color":"","background-image":"","background-repeat":"repeat","background-position":"center center","background-size":"auto","background-attachment":"scroll","background-type":"","background-media":"","overlay-type":"","overlay-color":"","overlay-opacity":"","overlay-gradient":""}},"ast-content-background-meta":{"desktop":{"background-color":"var(--ast-global-color-5)","background-image":"","background-repeat":"repeat","background-position":"center center","background-size":"auto","background-attachment":"scroll","background-type":"","background-media":"","overlay-type":"","overlay-color":"","overlay-opacity":"","overlay-gradient":""},"tablet":{"background-color":"var(--ast-global-color-5)","background-image":"","background-repeat":"repeat","background-position":"center center","background-size":"auto","background-attachment":"scroll","background-type":"","background-media":"","overlay-type":"","overlay-color":"","overlay-opacity":"","overlay-gradient":""},"mobile":{"background-color":"var(--ast-global-color-5)","background-image":"","background-repeat":"repeat","background-position":"center center","background-size":"auto","background-attachment":"scroll","background-type":"","background-media":"","overlay-type":"","overlay-color":"","overlay-opacity":"","overlay-gradient":""}}},"product_brand":[],"product_cat":[54],"product_tag":[],"class_list":{"0":"post-2965","1":"product","2":"type-product","3":"status-publish","4":"has-post-thumbnail","6":"product_cat-well-agin-and-repairing","7":"desktop-align-left","8":"tablet-align-left","9":"mobile-align-left","11":"first","12":"instock","13":"shipping-taxable","14":"product-type-simple"},"acf":[],"_links":{"self":[{"href":"https:\/\/zleyholdings.com\/fr\/wp-json\/wp\/v2\/product\/2965","targetHints":{"allow":["GET"]}}],"collection":[{"href":"https:\/\/zleyholdings.com\/fr\/wp-json\/wp\/v2\/product"}],"about":[{"href":"https:\/\/zleyholdings.com\/fr\/wp-json\/wp\/v2\/types\/product"}],"replies":[{"embeddable":true,"href":"https:\/\/zleyholdings.com\/fr\/wp-json\/wp\/v2\/comments?post=2965"}],"wp:featuredmedia":[{"embeddable":true,"href":"https:\/\/zleyholdings.com\/fr\/wp-json\/wp\/v2\/media\/4087"}],"wp:attachment":[{"href":"https:\/\/zleyholdings.com\/fr\/wp-json\/wp\/v2\/media?parent=2965"}],"wp:term":[{"taxonomy":"product_brand","embeddable":true,"href":"https:\/\/zleyholdings.com\/fr\/wp-json\/wp\/v2\/product_brand?post=2965"},{"taxonomy":"product_cat","embeddable":true,"href":"https:\/\/zleyholdings.com\/fr\/wp-json\/wp\/v2\/product_cat?post=2965"},{"taxonomy":"product_tag","embeddable":true,"href":"https:\/\/zleyholdings.com\/fr\/wp-json\/wp\/v2\/product_tag?post=2965"}],"curies":[{"name":"wp","href":"https:\/\/api.w.org\/{rel}","templated":true}]}}