{"id":2963,"date":"2025-07-08T10:16:12","date_gmt":"2025-07-08T02:16:12","guid":{"rendered":"https:\/\/zleyholdings.com\/?post_type=product&#038;p=2963"},"modified":"2025-09-26T15:26:26","modified_gmt":"2025-09-26T07:26:26","slug":"cure-de-zleylignum","status":"publish","type":"product","link":"https:\/\/zleyholdings.com\/fr\/produits\/cure-de-zleylignum\/","title":{"rendered":"ZLEY\u00aePE503-LIGNUMCURE"},"content":{"rendered":"<p data-start=\"76\" data-end=\"435\">Le guaiazul\u00e8ne sulfonate de sodium, associ\u00e9 au butyl\u00e8ne glycol, est un <strong data-start=\"142\" data-end=\"179\">ingr\u00e9dient naturel r\u00e9parateur de la peau<\/strong> con\u00e7u pour les peaux sensibles et irrit\u00e9es. Connu pour ses <strong data-start=\"237\" data-end=\"270\">puissantes propri\u00e9t\u00e9s r\u00e9paratrices<\/strong>, il aide \u00e0 apaiser, calmer et restaurer la sant\u00e9 de la peau tout en conservant un toucher doux, ce qui le rend id\u00e9al pour les formulations ciblant les peaux sensibles, ab\u00eem\u00e9es ou stress\u00e9es.<\/p>\n<p data-start=\"437\" data-end=\"798\">Cet ingr\u00e9dient est pr\u00e9sent\u00e9 comme un <strong data-start=\"471\" data-end=\"520\">liquide fluide allant du bleu au bleu profond<\/strong> et est <strong data-start=\"528\" data-end=\"548\">soluble dans l&#039;eau<\/strong>, assurant une incorporation facile dans les cr\u00e8mes, s\u00e9rums, masques et autres soins \u00e0 base d&#039;eau. Avec une utilisation recommand\u00e9e de <strong data-start=\"675\" data-end=\"688\">0,5\u201320,0%<\/strong>, il offre des options de formulation polyvalentes tout en offrant des bienfaits efficaces pour apaiser et r\u00e9parer la peau.<\/p>","protected":false},"excerpt":{"rendered":"<div class=\"number\">\n<table width=\"641\">\n<tbody>\n<tr>\n<td width=\"208\"><strong>INCI:<\/strong><\/td>\n<td width=\"433\">Guaiazul\u00e8ne sulfonate de sodium, butyl\u00e8ne glycol<\/td>\n<\/tr>\n<tr>\n<td width=\"208\"><strong>Propri\u00e9t\u00e9s:<\/strong><\/td>\n<td width=\"433\"><strong><em>POUVOIR DE R\u00c9PARATION NATURELLE<\/em><\/strong><br \/>\nDoux pour les peaux sensibles, avec de puissantes propri\u00e9t\u00e9s r\u00e9paratrices.<\/td>\n<\/tr>\n<tr>\n<td width=\"208\"><strong>Apparence:<\/strong><\/td>\n<td width=\"433\">Un liquide fluide allant du bleu au bleu profond<\/td>\n<\/tr>\n<tr>\n<td width=\"208\"><strong>Posologie recommand\u00e9e :<\/strong><\/td>\n<td width=\"433\">0.5-20.0%<\/td>\n<\/tr>\n<tr>\n<td width=\"208\"><strong>Solubilit\u00e9:<\/strong><\/td>\n<td width=\"433\">Soluble dans l&#039;eau<\/td>\n<\/tr>\n<\/tbody>\n<\/table>\n<\/div>","protected":false},"featured_media":4005,"comment_status":"open","ping_status":"closed","template":"","meta":{"_acf_changed":false,"site-sidebar-layout":"default","site-content-layout":"","ast-site-content-layout":"default","site-content-style":"default","site-sidebar-style":"default","ast-global-header-display":"","ast-banner-title-visibility":"","ast-main-header-display":"","ast-hfb-above-header-display":"","ast-hfb-below-header-display":"","ast-hfb-mobile-header-display":"","site-post-title":"","ast-breadcrumbs-content":"","ast-featured-img":"","footer-sml-layout":"","theme-transparent-header-meta":"default","adv-header-id-meta":"","stick-header-meta":"default","header-above-stick-meta":"","header-main-stick-meta":"","header-below-stick-meta":"","astra-migrate-meta-layouts":"set","ast-page-background-enabled":"default","ast-page-background-meta":{"desktop":{"background-color":"","background-image":"","background-repeat":"repeat","background-position":"center center","background-size":"auto","background-attachment":"scroll","background-type":"","background-media":"","overlay-type":"","overlay-color":"","overlay-opacity":"","overlay-gradient":""},"tablet":{"background-color":"","background-image":"","background-repeat":"repeat","background-position":"center center","background-size":"auto","background-attachment":"scroll","background-type":"","background-media":"","overlay-type":"","overlay-color":"","overlay-opacity":"","overlay-gradient":""},"mobile":{"background-color":"","background-image":"","background-repeat":"repeat","background-position":"center center","background-size":"auto","background-attachment":"scroll","background-type":"","background-media":"","overlay-type":"","overlay-color":"","overlay-opacity":"","overlay-gradient":""}},"ast-content-background-meta":{"desktop":{"background-color":"var(--ast-global-color-5)","background-image":"","background-repeat":"repeat","background-position":"center center","background-size":"auto","background-attachment":"scroll","background-type":"","background-media":"","overlay-type":"","overlay-color":"","overlay-opacity":"","overlay-gradient":""},"tablet":{"background-color":"var(--ast-global-color-5)","background-image":"","background-repeat":"repeat","background-position":"center center","background-size":"auto","background-attachment":"scroll","background-type":"","background-media":"","overlay-type":"","overlay-color":"","overlay-opacity":"","overlay-gradient":""},"mobile":{"background-color":"var(--ast-global-color-5)","background-image":"","background-repeat":"repeat","background-position":"center center","background-size":"auto","background-attachment":"scroll","background-type":"","background-media":"","overlay-type":"","overlay-color":"","overlay-opacity":"","overlay-gradient":""}}},"product_brand":[],"product_cat":[54],"product_tag":[],"class_list":{"0":"post-2963","1":"product","2":"type-product","3":"status-publish","4":"has-post-thumbnail","6":"product_cat-well-agin-and-repairing","7":"desktop-align-left","8":"tablet-align-left","9":"mobile-align-left","11":"first","12":"instock","13":"shipping-taxable","14":"product-type-simple"},"acf":[],"_links":{"self":[{"href":"https:\/\/zleyholdings.com\/fr\/wp-json\/wp\/v2\/product\/2963","targetHints":{"allow":["GET"]}}],"collection":[{"href":"https:\/\/zleyholdings.com\/fr\/wp-json\/wp\/v2\/product"}],"about":[{"href":"https:\/\/zleyholdings.com\/fr\/wp-json\/wp\/v2\/types\/product"}],"replies":[{"embeddable":true,"href":"https:\/\/zleyholdings.com\/fr\/wp-json\/wp\/v2\/comments?post=2963"}],"wp:featuredmedia":[{"embeddable":true,"href":"https:\/\/zleyholdings.com\/fr\/wp-json\/wp\/v2\/media\/4005"}],"wp:attachment":[{"href":"https:\/\/zleyholdings.com\/fr\/wp-json\/wp\/v2\/media?parent=2963"}],"wp:term":[{"taxonomy":"product_brand","embeddable":true,"href":"https:\/\/zleyholdings.com\/fr\/wp-json\/wp\/v2\/product_brand?post=2963"},{"taxonomy":"product_cat","embeddable":true,"href":"https:\/\/zleyholdings.com\/fr\/wp-json\/wp\/v2\/product_cat?post=2963"},{"taxonomy":"product_tag","embeddable":true,"href":"https:\/\/zleyholdings.com\/fr\/wp-json\/wp\/v2\/product_tag?post=2963"}],"curies":[{"name":"wp","href":"https:\/\/api.w.org\/{rel}","templated":true}]}}