{"id":2355,"date":"2025-06-18T16:35:16","date_gmt":"2025-06-18T08:35:16","guid":{"rendered":"https:\/\/zleyholdings.com\/?post_type=product&#038;p=2355"},"modified":"2025-09-26T15:27:42","modified_gmt":"2025-09-26T07:27:42","slug":"zleybrc-ws","status":"publish","type":"product","link":"https:\/\/zleyholdings.com\/fr\/produits\/zleybrc-ws\/","title":{"rendered":"ZLEY\u00aeBRC-WS"},"content":{"rendered":"<p data-start=\"79\" data-end=\"469\">Ce m\u00e9lange d&#039;ingr\u00e9dients innovant combine <strong data-start=\"121\" data-end=\"217\">4-butylr\u00e9sorcinol, propyl\u00e8ne glycol, hydroxypropylcyclodextrine, bisulfite de sodium et eau<\/strong> pour livrer un <strong data-start=\"231\" data-end=\"282\">solution \u00e9claircissante pour le teint tr\u00e8s efficace<\/strong>. En utilisant une technologie brevet\u00e9e, BRC am\u00e9liore la stabilit\u00e9 et la biodisponibilit\u00e9 du 4-butylr\u00e9sorcinol, garantissant ainsi une efficacit\u00e9 accrue <strong data-start=\"408\" data-end=\"433\">inhibition de la tyrosinase<\/strong> pour une am\u00e9lioration visible de l&#039;\u00e9clat.<\/p>\n<p data-start=\"471\" data-end=\"828\">Ce complexe est <strong data-start=\"487\" data-end=\"535\">liquide transparent incolore \u00e0 jaune clair<\/strong>, <strong data-start=\"537\" data-end=\"557\">soluble dans l&#039;eau<\/strong>, et convient \u00e0 diverses formulations cosm\u00e9tiques et de soins de la peau, notamment les s\u00e9rums, les cr\u00e8mes et les lotions. Avec une utilisation recommand\u00e9e de <strong data-start=\"687\" data-end=\"699\">1.0\u20138.0%<\/strong>, il fournit <strong data-start=\"713\" data-end=\"777\">effets \u00e9claircissants sans phototoxicit\u00e9 ni irritation cutan\u00e9e<\/strong>, ce qui le rend sans danger pour les applications sur peau sensible.<\/p>","protected":false},"excerpt":{"rendered":"<div class=\"number\">\n<table width=\"647\">\n<tbody>\n<tr>\n<td width=\"208\"><strong>INCI:<\/strong><\/td>\n<td width=\"439\">4-butylr\u00e9orcinol, propyl\u00e8ne glycol, hydroxypropylcyclodextrine, bisulfite de sodium, eau<\/td>\n<\/tr>\n<tr>\n<td width=\"208\"><strong>Propri\u00e9t\u00e9s:<\/strong><\/td>\n<td width=\"439\"><strong><em>POUVOIR DE TONIFICATION INNOVANT<\/em><\/strong><br \/>\nTechnologie brevet\u00e9e pour une application plus efficace du BRC dans diverses formulations. Effet coup d&#039;\u00e9clat, haute efficacit\u00e9 de d\u00e9gradation de la tyrosinase. Absence de phototoxicit\u00e9 et d&#039;allergie cutan\u00e9e.<\/td>\n<\/tr>\n<tr>\n<td width=\"208\"><strong>Apparence:<\/strong><\/td>\n<td width=\"439\">Liquide transparent incolore ou jaune clair<\/td>\n<\/tr>\n<tr>\n<td width=\"208\"><strong>Posologie recommand\u00e9e :<\/strong><\/td>\n<td width=\"439\">1.0-8.0%<\/td>\n<\/tr>\n<tr>\n<td width=\"208\"><strong>Solubilit\u00e9:<\/strong><\/td>\n<td width=\"439\">Soluble dans l&#039;eau<\/td>\n<\/tr>\n<\/tbody>\n<\/table>\n<\/div>","protected":false},"featured_media":4045,"comment_status":"open","ping_status":"closed","template":"","meta":{"_acf_changed":false,"site-sidebar-layout":"default","site-content-layout":"","ast-site-content-layout":"default","site-content-style":"default","site-sidebar-style":"default","ast-global-header-display":"","ast-banner-title-visibility":"","ast-main-header-display":"","ast-hfb-above-header-display":"","ast-hfb-below-header-display":"","ast-hfb-mobile-header-display":"","site-post-title":"","ast-breadcrumbs-content":"","ast-featured-img":"","footer-sml-layout":"","theme-transparent-header-meta":"default","adv-header-id-meta":"","stick-header-meta":"default","header-above-stick-meta":"","header-main-stick-meta":"","header-below-stick-meta":"","astra-migrate-meta-layouts":"set","ast-page-background-enabled":"default","ast-page-background-meta":{"desktop":{"background-color":"","background-image":"","background-repeat":"repeat","background-position":"center center","background-size":"auto","background-attachment":"scroll","background-type":"","background-media":"","overlay-type":"","overlay-color":"","overlay-opacity":"","overlay-gradient":""},"tablet":{"background-color":"","background-image":"","background-repeat":"repeat","background-position":"center center","background-size":"auto","background-attachment":"scroll","background-type":"","background-media":"","overlay-type":"","overlay-color":"","overlay-opacity":"","overlay-gradient":""},"mobile":{"background-color":"","background-image":"","background-repeat":"repeat","background-position":"center center","background-size":"auto","background-attachment":"scroll","background-type":"","background-media":"","overlay-type":"","overlay-color":"","overlay-opacity":"","overlay-gradient":""}},"ast-content-background-meta":{"desktop":{"background-color":"var(--ast-global-color-5)","background-image":"","background-repeat":"repeat","background-position":"center center","background-size":"auto","background-attachment":"scroll","background-type":"","background-media":"","overlay-type":"","overlay-color":"","overlay-opacity":"","overlay-gradient":""},"tablet":{"background-color":"var(--ast-global-color-5)","background-image":"","background-repeat":"repeat","background-position":"center center","background-size":"auto","background-attachment":"scroll","background-type":"","background-media":"","overlay-type":"","overlay-color":"","overlay-opacity":"","overlay-gradient":""},"mobile":{"background-color":"var(--ast-global-color-5)","background-image":"","background-repeat":"repeat","background-position":"center center","background-size":"auto","background-attachment":"scroll","background-type":"","background-media":"","overlay-type":"","overlay-color":"","overlay-opacity":"","overlay-gradient":""}}},"product_brand":[],"product_cat":[15],"product_tag":[],"class_list":{"0":"post-2355","1":"product","2":"type-product","3":"status-publish","4":"has-post-thumbnail","6":"product_cat-brightening","7":"desktop-align-left","8":"tablet-align-left","9":"mobile-align-left","11":"first","12":"instock","13":"shipping-taxable","14":"product-type-simple"},"acf":[],"_links":{"self":[{"href":"https:\/\/zleyholdings.com\/fr\/wp-json\/wp\/v2\/product\/2355","targetHints":{"allow":["GET"]}}],"collection":[{"href":"https:\/\/zleyholdings.com\/fr\/wp-json\/wp\/v2\/product"}],"about":[{"href":"https:\/\/zleyholdings.com\/fr\/wp-json\/wp\/v2\/types\/product"}],"replies":[{"embeddable":true,"href":"https:\/\/zleyholdings.com\/fr\/wp-json\/wp\/v2\/comments?post=2355"}],"wp:featuredmedia":[{"embeddable":true,"href":"https:\/\/zleyholdings.com\/fr\/wp-json\/wp\/v2\/media\/4045"}],"wp:attachment":[{"href":"https:\/\/zleyholdings.com\/fr\/wp-json\/wp\/v2\/media?parent=2355"}],"wp:term":[{"taxonomy":"product_brand","embeddable":true,"href":"https:\/\/zleyholdings.com\/fr\/wp-json\/wp\/v2\/product_brand?post=2355"},{"taxonomy":"product_cat","embeddable":true,"href":"https:\/\/zleyholdings.com\/fr\/wp-json\/wp\/v2\/product_cat?post=2355"},{"taxonomy":"product_tag","embeddable":true,"href":"https:\/\/zleyholdings.com\/fr\/wp-json\/wp\/v2\/product_tag?post=2355"}],"curies":[{"name":"wp","href":"https:\/\/api.w.org\/{rel}","templated":true}]}}