{"id":2352,"date":"2025-06-18T16:21:53","date_gmt":"2025-06-18T08:21:53","guid":{"rendered":"https:\/\/zleyholdings.com\/?post_type=product&#038;p=2352"},"modified":"2025-09-26T15:28:47","modified_gmt":"2025-09-26T07:28:47","slug":"zleyelmtrifun","status":"publish","type":"product","link":"https:\/\/zleyholdings.com\/fr\/produits\/zleyelmtrifun\/","title":{"rendered":"ZLEY\u00aePE601-ELMTRIFUN"},"content":{"rendered":"<p data-start=\"84\" data-end=\"570\">Ce m\u00e9lange d&#039;extraits botaniques, compos\u00e9 de <strong data-start=\"128\" data-end=\"183\">Extrait de racine d&#039;Ulmus Davidiana, butanediol et eau<\/strong>, agit comme un <strong data-start=\"195\" data-end=\"226\">alternative naturelle au r\u00e9tinol<\/strong> aux multiples bienfaits pour la peau. Il est efficace <strong data-start=\"271\" data-end=\"330\">stimule la synth\u00e8se du collag\u00e8ne de type I et de l&#039;\u00e9lastine<\/strong>, favorisant une peau plus ferme et plus r\u00e9sistante. De plus, il procure <strong data-start=\"397\" data-end=\"476\">effets anti-inflammatoires jusqu&#039;\u00e0 10 fois plus forts que les actifs conventionnels<\/strong>, offrant une solution de soin de la peau trois en un : <strong data-start=\"523\" data-end=\"567\">antioxydant, anti-\u00e2ge et contr\u00f4le du s\u00e9bum<\/strong>.<\/p>\n<p data-start=\"572\" data-end=\"889\">L&#039;ingr\u00e9dient est pr\u00e9sent\u00e9 comme un <strong data-start=\"605\" data-end=\"638\">liquide jaune \u00e0 brun-jaune<\/strong> et est <strong data-start=\"646\" data-end=\"668\">soluble dans l&#039;alcool<\/strong>, ce qui le rend appropri\u00e9 pour \u00eatre incorpor\u00e9 dans les s\u00e9rums, cr\u00e8mes et autres formules de soins \u00e0 base d&#039;alcool. Avec une utilisation recommand\u00e9e de <strong data-start=\"803\" data-end=\"815\">0,5\u20132,0%<\/strong>, il offre une efficacit\u00e9 puissante tout en maintenant une action douce sur la peau.<\/p>","protected":false},"excerpt":{"rendered":"<div class=\"number\">\n<table width=\"642\">\n<tbody>\n<tr>\n<td width=\"208\"><strong>INCI:<\/strong><\/td>\n<td width=\"434\">Extrait de racine d&#039;Ulmus Davidiana, butanediol, eau<\/td>\n<\/tr>\n<tr>\n<td width=\"208\"><strong>Propri\u00e9t\u00e9s:<\/strong><\/td>\n<td width=\"434\"><strong><em>NOUVEAU R\u00c9TINOL BOTANIQUE<\/em><\/strong><br \/>\nStimule efficacement la synth\u00e8se du collag\u00e8ne de type I et de l&#039;\u00e9lastine. Ce soin naturel r\u00e9duit l&#039;inflammation de 10 fois et offre trois bienfaits\u00a0: antioxydant, anti-\u00e2ge et contr\u00f4le du s\u00e9bum.<\/td>\n<\/tr>\n<tr>\n<td width=\"208\"><strong>Apparence:<\/strong><\/td>\n<td width=\"434\">Liquide jaune \u00e0 brun-jaune<\/td>\n<\/tr>\n<tr>\n<td width=\"208\"><strong>Posologie recommand\u00e9e :<\/strong><\/td>\n<td width=\"434\">0.5-2.0%<\/td>\n<\/tr>\n<tr>\n<td width=\"208\"><strong>Solubilit\u00e9:<\/strong><\/td>\n<td width=\"434\">Soluble dans l&#039;alcool<\/td>\n<\/tr>\n<\/tbody>\n<\/table>\n<\/div>","protected":false},"featured_media":4007,"comment_status":"open","ping_status":"closed","template":"","meta":{"_acf_changed":false,"site-sidebar-layout":"default","site-content-layout":"","ast-site-content-layout":"default","site-content-style":"default","site-sidebar-style":"default","ast-global-header-display":"","ast-banner-title-visibility":"","ast-main-header-display":"","ast-hfb-above-header-display":"","ast-hfb-below-header-display":"","ast-hfb-mobile-header-display":"","site-post-title":"","ast-breadcrumbs-content":"","ast-featured-img":"","footer-sml-layout":"","theme-transparent-header-meta":"default","adv-header-id-meta":"","stick-header-meta":"default","header-above-stick-meta":"","header-main-stick-meta":"","header-below-stick-meta":"","astra-migrate-meta-layouts":"set","ast-page-background-enabled":"default","ast-page-background-meta":{"desktop":{"background-color":"","background-image":"","background-repeat":"repeat","background-position":"center center","background-size":"auto","background-attachment":"scroll","background-type":"","background-media":"","overlay-type":"","overlay-color":"","overlay-opacity":"","overlay-gradient":""},"tablet":{"background-color":"","background-image":"","background-repeat":"repeat","background-position":"center center","background-size":"auto","background-attachment":"scroll","background-type":"","background-media":"","overlay-type":"","overlay-color":"","overlay-opacity":"","overlay-gradient":""},"mobile":{"background-color":"","background-image":"","background-repeat":"repeat","background-position":"center center","background-size":"auto","background-attachment":"scroll","background-type":"","background-media":"","overlay-type":"","overlay-color":"","overlay-opacity":"","overlay-gradient":""}},"ast-content-background-meta":{"desktop":{"background-color":"var(--ast-global-color-5)","background-image":"","background-repeat":"repeat","background-position":"center center","background-size":"auto","background-attachment":"scroll","background-type":"","background-media":"","overlay-type":"","overlay-color":"","overlay-opacity":"","overlay-gradient":""},"tablet":{"background-color":"var(--ast-global-color-5)","background-image":"","background-repeat":"repeat","background-position":"center center","background-size":"auto","background-attachment":"scroll","background-type":"","background-media":"","overlay-type":"","overlay-color":"","overlay-opacity":"","overlay-gradient":""},"mobile":{"background-color":"var(--ast-global-color-5)","background-image":"","background-repeat":"repeat","background-position":"center center","background-size":"auto","background-attachment":"scroll","background-type":"","background-media":"","overlay-type":"","overlay-color":"","overlay-opacity":"","overlay-gradient":""}}},"product_brand":[],"product_cat":[54],"product_tag":[],"class_list":{"0":"post-2352","1":"product","2":"type-product","3":"status-publish","4":"has-post-thumbnail","6":"product_cat-well-agin-and-repairing","7":"desktop-align-left","8":"tablet-align-left","9":"mobile-align-left","11":"first","12":"instock","13":"shipping-taxable","14":"product-type-simple"},"acf":[],"_links":{"self":[{"href":"https:\/\/zleyholdings.com\/fr\/wp-json\/wp\/v2\/product\/2352","targetHints":{"allow":["GET"]}}],"collection":[{"href":"https:\/\/zleyholdings.com\/fr\/wp-json\/wp\/v2\/product"}],"about":[{"href":"https:\/\/zleyholdings.com\/fr\/wp-json\/wp\/v2\/types\/product"}],"replies":[{"embeddable":true,"href":"https:\/\/zleyholdings.com\/fr\/wp-json\/wp\/v2\/comments?post=2352"}],"wp:featuredmedia":[{"embeddable":true,"href":"https:\/\/zleyholdings.com\/fr\/wp-json\/wp\/v2\/media\/4007"}],"wp:attachment":[{"href":"https:\/\/zleyholdings.com\/fr\/wp-json\/wp\/v2\/media?parent=2352"}],"wp:term":[{"taxonomy":"product_brand","embeddable":true,"href":"https:\/\/zleyholdings.com\/fr\/wp-json\/wp\/v2\/product_brand?post=2352"},{"taxonomy":"product_cat","embeddable":true,"href":"https:\/\/zleyholdings.com\/fr\/wp-json\/wp\/v2\/product_cat?post=2352"},{"taxonomy":"product_tag","embeddable":true,"href":"https:\/\/zleyholdings.com\/fr\/wp-json\/wp\/v2\/product_tag?post=2352"}],"curies":[{"name":"wp","href":"https:\/\/api.w.org\/{rel}","templated":true}]}}