{"id":2254,"date":"2025-06-17T13:48:25","date_gmt":"2025-06-17T05:48:25","guid":{"rendered":"https:\/\/zleyholdings.com\/?post_type=product&#038;p=2254"},"modified":"2025-09-26T15:30:55","modified_gmt":"2025-09-26T07:30:55","slug":"4-butylresorcinol","status":"publish","type":"product","link":"https:\/\/zleyholdings.com\/fr\/produits\/4-butylresorcinol\/","title":{"rendered":"ZLEY\u00aeBRC"},"content":{"rendered":"<p data-start=\"65\" data-end=\"382\">Le 4-butylr\u00e9sorcinol est un <strong data-start=\"88\" data-end=\"116\">d\u00e9riv\u00e9 du r\u00e9sorcinol<\/strong> largement utilis\u00e9 dans les formulations cosm\u00e9tiques pour <strong data-start=\"158\" data-end=\"200\">\u00e9claircissement de la peau et anti-pigmentation<\/strong>. Il est effectivement <strong data-start=\"217\" data-end=\"249\">inhibe l&#039;activit\u00e9 de la tyrosinase<\/strong>, r\u00e9duit l&#039;oxydation de la m\u00e9lanine et favorise la d\u00e9gradation de la tyrosinase, contribuant ainsi \u00e0 am\u00e9liorer le teint irr\u00e9gulier et \u00e0 rehausser l&#039;\u00e9clat g\u00e9n\u00e9ral.<\/p>\n<p data-start=\"384\" data-end=\"738\">Cet ingr\u00e9dient actif est fourni sous forme de <strong data-start=\"424\" data-end=\"453\">poudre blanche \u00e0 blanc cass\u00e9<\/strong> et est <strong data-start=\"461\" data-end=\"496\">soluble dans l&#039;huile et l&#039;alcool<\/strong>, ce qui le rend polyvalent pour \u00eatre incorpor\u00e9 dans des cr\u00e8mes, s\u00e9rums, lotions et autres formules \u00e0 base d&#039;huile ou d&#039;alcool. Avec une utilisation recommand\u00e9e de <strong data-start=\"640\" data-end=\"652\">0,1\u20132,2%<\/strong>, il offre des effets \u00e9claircissants efficaces tout en maintenant la stabilit\u00e9 de la formulation.<\/p>","protected":false},"excerpt":{"rendered":"<div class=\"number\">\n<table width=\"622\">\n<tbody>\n<tr>\n<td width=\"208\"><strong>INCI:<\/strong><\/td>\n<td width=\"414\">4-butylr\u00e9orcinol<\/td>\n<\/tr>\n<tr>\n<td width=\"208\"><strong>Propri\u00e9t\u00e9s:<\/strong><\/td>\n<td width=\"414\">D\u00e9riv\u00e9 du r\u00e9sorcinol, il inhibe l&#039;activit\u00e9 de la tyrosinase et l&#039;oxydation de la m\u00e9lanine. Il favorise le m\u00e9tabolisme et la d\u00e9gradation de la tyrosinase.<\/td>\n<\/tr>\n<tr>\n<td width=\"208\"><strong>Apparence:<\/strong><\/td>\n<td width=\"414\">Poudre blanche ou blanc cass\u00e9<\/td>\n<\/tr>\n<tr>\n<td width=\"208\"><strong>Posologie recommand\u00e9e :<\/strong><\/td>\n<td width=\"414\">0.1-2.2%<\/td>\n<\/tr>\n<tr>\n<td width=\"208\"><strong>Solubilit\u00e9:<\/strong><\/td>\n<td width=\"414\">Soluble dans l&#039;huile, soluble dans l&#039;alcool<\/td>\n<\/tr>\n<\/tbody>\n<\/table>\n<\/div>","protected":false},"featured_media":4025,"comment_status":"open","ping_status":"closed","template":"","meta":{"_acf_changed":false,"site-sidebar-layout":"default","site-content-layout":"","ast-site-content-layout":"default","site-content-style":"default","site-sidebar-style":"default","ast-global-header-display":"","ast-banner-title-visibility":"","ast-main-header-display":"","ast-hfb-above-header-display":"","ast-hfb-below-header-display":"","ast-hfb-mobile-header-display":"","site-post-title":"","ast-breadcrumbs-content":"","ast-featured-img":"","footer-sml-layout":"","theme-transparent-header-meta":"default","adv-header-id-meta":"","stick-header-meta":"default","header-above-stick-meta":"","header-main-stick-meta":"","header-below-stick-meta":"","astra-migrate-meta-layouts":"set","ast-page-background-enabled":"default","ast-page-background-meta":{"desktop":{"background-color":"","background-image":"","background-repeat":"repeat","background-position":"center center","background-size":"auto","background-attachment":"scroll","background-type":"","background-media":"","overlay-type":"","overlay-color":"","overlay-opacity":"","overlay-gradient":""},"tablet":{"background-color":"","background-image":"","background-repeat":"repeat","background-position":"center center","background-size":"auto","background-attachment":"scroll","background-type":"","background-media":"","overlay-type":"","overlay-color":"","overlay-opacity":"","overlay-gradient":""},"mobile":{"background-color":"","background-image":"","background-repeat":"repeat","background-position":"center center","background-size":"auto","background-attachment":"scroll","background-type":"","background-media":"","overlay-type":"","overlay-color":"","overlay-opacity":"","overlay-gradient":""}},"ast-content-background-meta":{"desktop":{"background-color":"var(--ast-global-color-5)","background-image":"","background-repeat":"repeat","background-position":"center center","background-size":"auto","background-attachment":"scroll","background-type":"","background-media":"","overlay-type":"","overlay-color":"","overlay-opacity":"","overlay-gradient":""},"tablet":{"background-color":"var(--ast-global-color-5)","background-image":"","background-repeat":"repeat","background-position":"center center","background-size":"auto","background-attachment":"scroll","background-type":"","background-media":"","overlay-type":"","overlay-color":"","overlay-opacity":"","overlay-gradient":""},"mobile":{"background-color":"var(--ast-global-color-5)","background-image":"","background-repeat":"repeat","background-position":"center center","background-size":"auto","background-attachment":"scroll","background-type":"","background-media":"","overlay-type":"","overlay-color":"","overlay-opacity":"","overlay-gradient":""}}},"product_brand":[],"product_cat":[15],"product_tag":[],"class_list":{"0":"post-2254","1":"product","2":"type-product","3":"status-publish","4":"has-post-thumbnail","6":"product_cat-brightening","7":"desktop-align-left","8":"tablet-align-left","9":"mobile-align-left","11":"first","12":"instock","13":"shipping-taxable","14":"product-type-simple"},"acf":[],"_links":{"self":[{"href":"https:\/\/zleyholdings.com\/fr\/wp-json\/wp\/v2\/product\/2254","targetHints":{"allow":["GET"]}}],"collection":[{"href":"https:\/\/zleyholdings.com\/fr\/wp-json\/wp\/v2\/product"}],"about":[{"href":"https:\/\/zleyholdings.com\/fr\/wp-json\/wp\/v2\/types\/product"}],"replies":[{"embeddable":true,"href":"https:\/\/zleyholdings.com\/fr\/wp-json\/wp\/v2\/comments?post=2254"}],"wp:featuredmedia":[{"embeddable":true,"href":"https:\/\/zleyholdings.com\/fr\/wp-json\/wp\/v2\/media\/4025"}],"wp:attachment":[{"href":"https:\/\/zleyholdings.com\/fr\/wp-json\/wp\/v2\/media?parent=2254"}],"wp:term":[{"taxonomy":"product_brand","embeddable":true,"href":"https:\/\/zleyholdings.com\/fr\/wp-json\/wp\/v2\/product_brand?post=2254"},{"taxonomy":"product_cat","embeddable":true,"href":"https:\/\/zleyholdings.com\/fr\/wp-json\/wp\/v2\/product_cat?post=2254"},{"taxonomy":"product_tag","embeddable":true,"href":"https:\/\/zleyholdings.com\/fr\/wp-json\/wp\/v2\/product_tag?post=2254"}],"curies":[{"name":"wp","href":"https:\/\/api.w.org\/{rel}","templated":true}]}}