{"id":2250,"date":"2025-06-17T11:57:19","date_gmt":"2025-06-17T03:57:19","guid":{"rendered":"https:\/\/zleyholdings.com\/?post_type=product&#038;p=2250"},"modified":"2025-09-26T16:08:40","modified_gmt":"2025-09-26T08:08:40","slug":"acide-3-o-ethyl-ascorbique","status":"publish","type":"product","link":"https:\/\/zleyholdings.com\/fr\/produits\/acide-3-o-ethyl-ascorbique\/","title":{"rendered":"ZLEY\u00aeVCE"},"content":{"rendered":"<p data-start=\"71\" data-end=\"474\">L&#039;acide 3-O-\u00e9thyl ascorbique est un <strong data-start=\"100\" data-end=\"134\">d\u00e9riv\u00e9 stable de la vitamine C,<\/strong> r\u00e9put\u00e9 pour ses <strong data-start=\"152\" data-end=\"205\">propri\u00e9t\u00e9s \u00e9claircissantes et antipigmentaires pour la peau<\/strong>. Il est effectivement <strong data-start=\"222\" data-end=\"254\">inhibe l&#039;activit\u00e9 de la tyrosinase<\/strong> et perturbe la formation de m\u00e9lanine, contribuant ainsi \u00e0 am\u00e9liorer le teint irr\u00e9gulier et \u00e0 rehausser l&#039;\u00e9clat de la peau. Gr\u00e2ce \u00e0 son <strong data-start=\"364\" data-end=\"410\">excellente perm\u00e9abilit\u00e9 et biodisponibilit\u00e9<\/strong>, cet actif d\u00e9livre des r\u00e9sultats visibles de mani\u00e8re efficace.<\/p>\n<p data-start=\"476\" data-end=\"787\">Fourni en tant que <strong data-start=\"490\" data-end=\"531\">poudre cristalline blanche \u00e0 blanc cass\u00e9<\/strong>, c&#039;est <strong data-start=\"539\" data-end=\"559\">soluble dans l&#039;eau<\/strong>, ce qui le rend appropri\u00e9 \u00e0 l&#039;incorporation dans les s\u00e9rums, cr\u00e8mes, lotions et autres formules \u00e0 base d&#039;eau. Avec une utilisation recommand\u00e9e de <strong data-start=\"692\" data-end=\"704\">0,5\u20133,0%<\/strong>, il offre de puissants effets \u00e9claircissants tout en maintenant la stabilit\u00e9 de la formulation.<\/p>","protected":false},"excerpt":{"rendered":"<div class=\"number\">\n<table width=\"647\">\n<tbody>\n<tr>\n<td width=\"208\"><strong>INCI:<\/strong><\/td>\n<td width=\"439\">Acide 3-O-\u00e9thyl ascorbique<\/td>\n<\/tr>\n<tr>\n<td width=\"208\"><strong>Propri\u00e9t\u00e9s:<\/strong><\/td>\n<td width=\"439\">D\u00e9riv\u00e9 de la vitamine C, il inhibe la production de tyrosinase et interrompt la formation de m\u00e9lanine. Excellente perm\u00e9abilit\u00e9 et biodisponibilit\u00e9.<\/td>\n<\/tr>\n<tr>\n<td width=\"208\"><strong>Apparence:<\/strong><\/td>\n<td width=\"439\">Poudre cristalline blanche \u00e0 blanc cass\u00e9<\/td>\n<\/tr>\n<tr>\n<td width=\"208\"><strong>Posologie recommand\u00e9e :<\/strong><\/td>\n<td width=\"439\">0.5-3.0%<\/td>\n<\/tr>\n<tr>\n<td width=\"208\"><strong>Solubilit\u00e9:<\/strong><\/td>\n<td width=\"439\">Soluble dans l&#039;eau<\/td>\n<\/tr>\n<\/tbody>\n<\/table>\n<\/div>","protected":false},"featured_media":4048,"comment_status":"open","ping_status":"closed","template":"","meta":{"_acf_changed":false,"site-sidebar-layout":"default","site-content-layout":"","ast-site-content-layout":"default","site-content-style":"default","site-sidebar-style":"default","ast-global-header-display":"","ast-banner-title-visibility":"","ast-main-header-display":"","ast-hfb-above-header-display":"","ast-hfb-below-header-display":"","ast-hfb-mobile-header-display":"","site-post-title":"","ast-breadcrumbs-content":"","ast-featured-img":"","footer-sml-layout":"","theme-transparent-header-meta":"default","adv-header-id-meta":"","stick-header-meta":"default","header-above-stick-meta":"","header-main-stick-meta":"","header-below-stick-meta":"","astra-migrate-meta-layouts":"set","ast-page-background-enabled":"default","ast-page-background-meta":{"desktop":{"background-color":"","background-image":"","background-repeat":"repeat","background-position":"center center","background-size":"auto","background-attachment":"scroll","background-type":"","background-media":"","overlay-type":"","overlay-color":"","overlay-opacity":"","overlay-gradient":""},"tablet":{"background-color":"","background-image":"","background-repeat":"repeat","background-position":"center center","background-size":"auto","background-attachment":"scroll","background-type":"","background-media":"","overlay-type":"","overlay-color":"","overlay-opacity":"","overlay-gradient":""},"mobile":{"background-color":"","background-image":"","background-repeat":"repeat","background-position":"center center","background-size":"auto","background-attachment":"scroll","background-type":"","background-media":"","overlay-type":"","overlay-color":"","overlay-opacity":"","overlay-gradient":""}},"ast-content-background-meta":{"desktop":{"background-color":"var(--ast-global-color-5)","background-image":"","background-repeat":"repeat","background-position":"center center","background-size":"auto","background-attachment":"scroll","background-type":"","background-media":"","overlay-type":"","overlay-color":"","overlay-opacity":"","overlay-gradient":""},"tablet":{"background-color":"var(--ast-global-color-5)","background-image":"","background-repeat":"repeat","background-position":"center center","background-size":"auto","background-attachment":"scroll","background-type":"","background-media":"","overlay-type":"","overlay-color":"","overlay-opacity":"","overlay-gradient":""},"mobile":{"background-color":"var(--ast-global-color-5)","background-image":"","background-repeat":"repeat","background-position":"center center","background-size":"auto","background-attachment":"scroll","background-type":"","background-media":"","overlay-type":"","overlay-color":"","overlay-opacity":"","overlay-gradient":""}}},"product_brand":[],"product_cat":[15],"product_tag":[],"class_list":{"0":"post-2250","1":"product","2":"type-product","3":"status-publish","4":"has-post-thumbnail","6":"product_cat-brightening","7":"desktop-align-left","8":"tablet-align-left","9":"mobile-align-left","11":"first","12":"instock","13":"shipping-taxable","14":"product-type-simple"},"acf":[],"_links":{"self":[{"href":"https:\/\/zleyholdings.com\/fr\/wp-json\/wp\/v2\/product\/2250","targetHints":{"allow":["GET"]}}],"collection":[{"href":"https:\/\/zleyholdings.com\/fr\/wp-json\/wp\/v2\/product"}],"about":[{"href":"https:\/\/zleyholdings.com\/fr\/wp-json\/wp\/v2\/types\/product"}],"replies":[{"embeddable":true,"href":"https:\/\/zleyholdings.com\/fr\/wp-json\/wp\/v2\/comments?post=2250"}],"wp:featuredmedia":[{"embeddable":true,"href":"https:\/\/zleyholdings.com\/fr\/wp-json\/wp\/v2\/media\/4048"}],"wp:attachment":[{"href":"https:\/\/zleyholdings.com\/fr\/wp-json\/wp\/v2\/media?parent=2250"}],"wp:term":[{"taxonomy":"product_brand","embeddable":true,"href":"https:\/\/zleyholdings.com\/fr\/wp-json\/wp\/v2\/product_brand?post=2250"},{"taxonomy":"product_cat","embeddable":true,"href":"https:\/\/zleyholdings.com\/fr\/wp-json\/wp\/v2\/product_cat?post=2250"},{"taxonomy":"product_tag","embeddable":true,"href":"https:\/\/zleyholdings.com\/fr\/wp-json\/wp\/v2\/product_tag?post=2250"}],"curies":[{"name":"wp","href":"https:\/\/api.w.org\/{rel}","templated":true}]}}