{"id":2242,"date":"2025-06-17T11:45:34","date_gmt":"2025-06-17T03:45:34","guid":{"rendered":"https:\/\/zleyholdings.com\/?post_type=product&#038;p=2242"},"modified":"2025-09-01T14:19:24","modified_gmt":"2025-09-01T06:19:24","slug":"zleycoburrhy","status":"publish","type":"product","link":"https:\/\/zleyholdings.com\/fr\/produits\/zleycoburrhy\/","title":{"rendered":"ZLEY\u00aePE701-COBURRHY"},"content":{"rendered":"<p>Description du produit:<\/p>\n<div><img decoding=\"async\" src=\"https:\/\/ueeshop.ly200-cdn.com\/u_file\/UPAN\/UPAN198\/2412\/photo\/3eacba48e1.png?x-oss-process=image\/format,webp\" alt=\"\" title=\"\"><\/div>\n<div>ZLEY-PE701-Coburrhy est compos\u00e9 d&#039;extrait de Sparganium Stoloniferum et de 1,2-pentanediol.<\/div>\n<div>\n<div>Puissant - Riche en une puissante \u00e9nergie \u00e9claircissante, il adopte l&#039;approche scientifique \u00ab\u00a01 \u00c9claircissant, 2 Apaise les rougeurs, 3 Anti-cernes\u00a0\u00bb. Il d\u00e9crypte de mani\u00e8re r\u00e9volutionnaire les quatre types de teint\u00a0: rouge, fonc\u00e9, jaune et terne. Non seulement il blanchit et att\u00e9nue les taches, mais il rend \u00e9galement la peau plus d\u00e9licate et \u00e9clatante.<\/div>\n<p>Les principales propri\u00e9t\u00e9s de ZLEY\u00aeCoburrhy :<\/p>\n<p>1. \u00c9claircissement<br \/>\n2. Apaisant les rougeurs<br \/>\n3. Anti-obscurit\u00e9<\/p>\n<\/div>","protected":false},"excerpt":{"rendered":"<table width=\"653\">\n<tbody>\n<tr>\n<td width=\"208\"><strong>INCI:<\/strong><\/td>\n<td width=\"445\">Extrait de Sparganium Stoloniferum, pentyl\u00e8ne glycol<\/td>\n<\/tr>\n<tr>\n<td width=\"208\"><strong>Propri\u00e9t\u00e9s:<\/strong><\/td>\n<td width=\"445\"><em><strong>\u00c9CLAIRCISSANT NATUREL POUR LA PEAU<\/strong><\/em><br \/>\nL&#039;ingr\u00e9dient parfait pour unifier le teint, \u00e9claircissant votre peau en 3 \u00e9tapes de l&#039;int\u00e9rieur vers l&#039;ext\u00e9rieur \u2014 sans risque d&#039;hyperpigmentation rebond.<\/td>\n<\/tr>\n<tr>\n<td width=\"208\"><strong>Apparence:<\/strong><\/td>\n<td width=\"445\">Liquide rouge brun<\/td>\n<\/tr>\n<tr>\n<td width=\"208\"><strong>Posologie recommand\u00e9e :<\/strong><\/td>\n<td width=\"445\">0.1-1.0%<\/td>\n<\/tr>\n<tr>\n<td width=\"208\"><strong>Solubilit\u00e9:<\/strong><\/td>\n<td width=\"445\">Soluble dans l&#039;alcool<\/td>\n<\/tr>\n<\/tbody>\n<\/table>","protected":false},"featured_media":4009,"comment_status":"open","ping_status":"closed","template":"","meta":{"_acf_changed":false,"site-sidebar-layout":"default","site-content-layout":"","ast-site-content-layout":"default","site-content-style":"default","site-sidebar-style":"default","ast-global-header-display":"","ast-banner-title-visibility":"","ast-main-header-display":"","ast-hfb-above-header-display":"","ast-hfb-below-header-display":"","ast-hfb-mobile-header-display":"","site-post-title":"","ast-breadcrumbs-content":"","ast-featured-img":"","footer-sml-layout":"","theme-transparent-header-meta":"default","adv-header-id-meta":"","stick-header-meta":"default","header-above-stick-meta":"","header-main-stick-meta":"","header-below-stick-meta":"","astra-migrate-meta-layouts":"set","ast-page-background-enabled":"default","ast-page-background-meta":{"desktop":{"background-color":"","background-image":"","background-repeat":"repeat","background-position":"center center","background-size":"auto","background-attachment":"scroll","background-type":"","background-media":"","overlay-type":"","overlay-color":"","overlay-opacity":"","overlay-gradient":""},"tablet":{"background-color":"","background-image":"","background-repeat":"repeat","background-position":"center center","background-size":"auto","background-attachment":"scroll","background-type":"","background-media":"","overlay-type":"","overlay-color":"","overlay-opacity":"","overlay-gradient":""},"mobile":{"background-color":"","background-image":"","background-repeat":"repeat","background-position":"center center","background-size":"auto","background-attachment":"scroll","background-type":"","background-media":"","overlay-type":"","overlay-color":"","overlay-opacity":"","overlay-gradient":""}},"ast-content-background-meta":{"desktop":{"background-color":"var(--ast-global-color-5)","background-image":"","background-repeat":"repeat","background-position":"center center","background-size":"auto","background-attachment":"scroll","background-type":"","background-media":"","overlay-type":"","overlay-color":"","overlay-opacity":"","overlay-gradient":""},"tablet":{"background-color":"var(--ast-global-color-5)","background-image":"","background-repeat":"repeat","background-position":"center center","background-size":"auto","background-attachment":"scroll","background-type":"","background-media":"","overlay-type":"","overlay-color":"","overlay-opacity":"","overlay-gradient":""},"mobile":{"background-color":"var(--ast-global-color-5)","background-image":"","background-repeat":"repeat","background-position":"center center","background-size":"auto","background-attachment":"scroll","background-type":"","background-media":"","overlay-type":"","overlay-color":"","overlay-opacity":"","overlay-gradient":""}}},"product_brand":[],"product_cat":[15],"product_tag":[],"class_list":{"0":"post-2242","1":"product","2":"type-product","3":"status-publish","4":"has-post-thumbnail","6":"product_cat-brightening","7":"desktop-align-left","8":"tablet-align-left","9":"mobile-align-left","11":"first","12":"instock","13":"shipping-taxable","14":"product-type-simple"},"acf":[],"_links":{"self":[{"href":"https:\/\/zleyholdings.com\/fr\/wp-json\/wp\/v2\/product\/2242","targetHints":{"allow":["GET"]}}],"collection":[{"href":"https:\/\/zleyholdings.com\/fr\/wp-json\/wp\/v2\/product"}],"about":[{"href":"https:\/\/zleyholdings.com\/fr\/wp-json\/wp\/v2\/types\/product"}],"replies":[{"embeddable":true,"href":"https:\/\/zleyholdings.com\/fr\/wp-json\/wp\/v2\/comments?post=2242"}],"wp:featuredmedia":[{"embeddable":true,"href":"https:\/\/zleyholdings.com\/fr\/wp-json\/wp\/v2\/media\/4009"}],"wp:attachment":[{"href":"https:\/\/zleyholdings.com\/fr\/wp-json\/wp\/v2\/media?parent=2242"}],"wp:term":[{"taxonomy":"product_brand","embeddable":true,"href":"https:\/\/zleyholdings.com\/fr\/wp-json\/wp\/v2\/product_brand?post=2242"},{"taxonomy":"product_cat","embeddable":true,"href":"https:\/\/zleyholdings.com\/fr\/wp-json\/wp\/v2\/product_cat?post=2242"},{"taxonomy":"product_tag","embeddable":true,"href":"https:\/\/zleyholdings.com\/fr\/wp-json\/wp\/v2\/product_tag?post=2242"}],"curies":[{"name":"wp","href":"https:\/\/api.w.org\/{rel}","templated":true}]}}