{"id":2239,"date":"2025-06-17T11:39:33","date_gmt":"2025-06-17T03:39:33","guid":{"rendered":"https:\/\/zleyholdings.com\/?post_type=product&#038;p=2239"},"modified":"2025-09-26T15:34:19","modified_gmt":"2025-09-26T07:34:19","slug":"tetraisopalmitate-dascorbyle","status":"publish","type":"product","link":"https:\/\/zleyholdings.com\/fr\/produits\/tetraisopalmitate-dascorbyle\/","title":{"rendered":"ZLEY\u00aeVCIP"},"content":{"rendered":"<p data-start=\"74\" data-end=\"451\">Le t\u00e9traisopalmitate d&#039;ascorbyle est un <strong data-start=\"106\" data-end=\"153\">d\u00e9riv\u00e9 stable et liposoluble de la vitamine C<\/strong> connu pour ses <strong data-start=\"168\" data-end=\"231\">haute efficacit\u00e9 pour \u00e9claircir la peau et r\u00e9duire la pigmentation<\/strong>. Par rapport \u00e0 la vitamine C conventionnelle, elle est <strong data-start=\"275\" data-end=\"327\">plus doux, plus stable et moins sujet \u00e0 l&#039;oxydation<\/strong>, tout en \u00e9tant efficace <strong data-start=\"347\" data-end=\"381\">inhibant l&#039;activit\u00e9 de la tyrosinase<\/strong> et en diminuant la production de m\u00e9lanine pour favoriser un teint plus uniforme.<\/p>\n<p data-start=\"453\" data-end=\"772\">Fourni en tant que <strong data-start=\"467\" data-end=\"502\">liquide incolore \u00e0 jaune p\u00e2le<\/strong>, c&#039;est <strong data-start=\"510\" data-end=\"528\">soluble dans l&#039;huile<\/strong>, ce qui le rend appropri\u00e9 pour \u00eatre incorpor\u00e9 dans les s\u00e9rums, cr\u00e8mes, huiles et autres formules de soins \u00e0 base d&#039;huile. Avec un dosage recommand\u00e9 de <strong data-start=\"666\" data-end=\"678\">0,5\u20134,0%<\/strong>, il offre de puissants effets \u00e9claircissants tout en maintenant la stabilit\u00e9 et la s\u00e9curit\u00e9 de la formulation.<\/p>","protected":false},"excerpt":{"rendered":"<div class=\"number\">\n<table width=\"647\">\n<tbody>\n<tr>\n<td width=\"208\"><strong>INCI:<\/strong><\/td>\n<td width=\"439\">T\u00e9traisopalmitate d&#039;ascorbyle<\/td>\n<\/tr>\n<tr>\n<td width=\"208\"><strong>Propri\u00e9t\u00e9s:<\/strong><\/td>\n<td width=\"439\">Plus doux et plus stable que le VC, excellente efficacit\u00e9 d&#039;inhibition de l&#039;activit\u00e9 tyrosinase et de r\u00e9duction de la m\u00e9lanine.<\/td>\n<\/tr>\n<tr>\n<td width=\"208\"><strong>Apparence:<\/strong><\/td>\n<td width=\"439\">Liquide incolore \u00e0 jaune p\u00e2le<\/td>\n<\/tr>\n<tr>\n<td width=\"208\"><strong>Posologie recommand\u00e9e :<\/strong><\/td>\n<td width=\"439\">0.5-4.0%<\/td>\n<\/tr>\n<tr>\n<td width=\"208\"><strong>Solubilit\u00e9:<\/strong><\/td>\n<td width=\"439\">Soluble dans l&#039;huile<\/td>\n<\/tr>\n<\/tbody>\n<\/table>\n<\/div>","protected":false},"featured_media":4045,"comment_status":"open","ping_status":"closed","template":"","meta":{"_acf_changed":false,"site-sidebar-layout":"default","site-content-layout":"","ast-site-content-layout":"default","site-content-style":"default","site-sidebar-style":"default","ast-global-header-display":"","ast-banner-title-visibility":"","ast-main-header-display":"","ast-hfb-above-header-display":"","ast-hfb-below-header-display":"","ast-hfb-mobile-header-display":"","site-post-title":"","ast-breadcrumbs-content":"","ast-featured-img":"","footer-sml-layout":"","theme-transparent-header-meta":"default","adv-header-id-meta":"","stick-header-meta":"default","header-above-stick-meta":"","header-main-stick-meta":"","header-below-stick-meta":"","astra-migrate-meta-layouts":"set","ast-page-background-enabled":"default","ast-page-background-meta":{"desktop":{"background-color":"","background-image":"","background-repeat":"repeat","background-position":"center center","background-size":"auto","background-attachment":"scroll","background-type":"","background-media":"","overlay-type":"","overlay-color":"","overlay-opacity":"","overlay-gradient":""},"tablet":{"background-color":"","background-image":"","background-repeat":"repeat","background-position":"center center","background-size":"auto","background-attachment":"scroll","background-type":"","background-media":"","overlay-type":"","overlay-color":"","overlay-opacity":"","overlay-gradient":""},"mobile":{"background-color":"","background-image":"","background-repeat":"repeat","background-position":"center center","background-size":"auto","background-attachment":"scroll","background-type":"","background-media":"","overlay-type":"","overlay-color":"","overlay-opacity":"","overlay-gradient":""}},"ast-content-background-meta":{"desktop":{"background-color":"var(--ast-global-color-5)","background-image":"","background-repeat":"repeat","background-position":"center center","background-size":"auto","background-attachment":"scroll","background-type":"","background-media":"","overlay-type":"","overlay-color":"","overlay-opacity":"","overlay-gradient":""},"tablet":{"background-color":"var(--ast-global-color-5)","background-image":"","background-repeat":"repeat","background-position":"center center","background-size":"auto","background-attachment":"scroll","background-type":"","background-media":"","overlay-type":"","overlay-color":"","overlay-opacity":"","overlay-gradient":""},"mobile":{"background-color":"var(--ast-global-color-5)","background-image":"","background-repeat":"repeat","background-position":"center center","background-size":"auto","background-attachment":"scroll","background-type":"","background-media":"","overlay-type":"","overlay-color":"","overlay-opacity":"","overlay-gradient":""}}},"product_brand":[],"product_cat":[15],"product_tag":[],"class_list":{"0":"post-2239","1":"product","2":"type-product","3":"status-publish","4":"has-post-thumbnail","6":"product_cat-brightening","7":"desktop-align-left","8":"tablet-align-left","9":"mobile-align-left","11":"first","12":"instock","13":"shipping-taxable","14":"product-type-simple"},"acf":[],"_links":{"self":[{"href":"https:\/\/zleyholdings.com\/fr\/wp-json\/wp\/v2\/product\/2239","targetHints":{"allow":["GET"]}}],"collection":[{"href":"https:\/\/zleyholdings.com\/fr\/wp-json\/wp\/v2\/product"}],"about":[{"href":"https:\/\/zleyholdings.com\/fr\/wp-json\/wp\/v2\/types\/product"}],"replies":[{"embeddable":true,"href":"https:\/\/zleyholdings.com\/fr\/wp-json\/wp\/v2\/comments?post=2239"}],"wp:featuredmedia":[{"embeddable":true,"href":"https:\/\/zleyholdings.com\/fr\/wp-json\/wp\/v2\/media\/4045"}],"wp:attachment":[{"href":"https:\/\/zleyholdings.com\/fr\/wp-json\/wp\/v2\/media?parent=2239"}],"wp:term":[{"taxonomy":"product_brand","embeddable":true,"href":"https:\/\/zleyholdings.com\/fr\/wp-json\/wp\/v2\/product_brand?post=2239"},{"taxonomy":"product_cat","embeddable":true,"href":"https:\/\/zleyholdings.com\/fr\/wp-json\/wp\/v2\/product_cat?post=2239"},{"taxonomy":"product_tag","embeddable":true,"href":"https:\/\/zleyholdings.com\/fr\/wp-json\/wp\/v2\/product_tag?post=2239"}],"curies":[{"name":"wp","href":"https:\/\/api.w.org\/{rel}","templated":true}]}}