{"id":2235,"date":"2025-06-17T11:33:39","date_gmt":"2025-06-17T03:33:39","guid":{"rendered":"https:\/\/zleyholdings.com\/?post_type=product&#038;p=2235"},"modified":"2025-09-26T15:34:57","modified_gmt":"2025-09-26T07:34:57","slug":"ferulate-dethyle-2","status":"publish","type":"product","link":"https:\/\/zleyholdings.com\/fr\/produits\/ferulate-dethyle-2\/","title":{"rendered":"ZLEY\u00aeEF"},"content":{"rendered":"<p data-start=\"62\" data-end=\"485\">Le f\u00e9rulate d&#039;\u00e9thyle est un agent multifonctionnel <strong data-start=\"98\" data-end=\"151\">ingr\u00e9dient actif protecteur et \u00e9claircissant de la peau<\/strong>. Il pr\u00e9sente une forte <strong data-start=\"172\" data-end=\"214\">effets antioxydants et bact\u00e9riostatiques<\/strong>, contribuant \u00e0 prot\u00e9ger la peau du stress oxydatif et des dommages environnementaux. De plus, il <strong data-start=\"309\" data-end=\"356\">inhibe la liaison de l&#039;endoth\u00e9line-1 (ET-1)<\/strong> et aide \u00e0 r\u00e9guler <strong data-start=\"376\" data-end=\"404\">prolif\u00e9ration des m\u00e9lanocytes<\/strong>, favorisant un teint plus uniforme et r\u00e9duisant l&#039;apparence de la pigmentation.<\/p>\n<p data-start=\"487\" data-end=\"862\">Cet ingr\u00e9dient est fourni sous forme de <strong data-start=\"520\" data-end=\"552\">poudre blanche \u00e0 presque blanche<\/strong> et est <strong data-start=\"560\" data-end=\"595\">soluble dans l&#039;alcool et l&#039;huile<\/strong>, ce qui le rend polyvalent et peut \u00eatre incorpor\u00e9 dans des s\u00e9rums, des cr\u00e8mes, des lotions et autres formules de soins \u00e0 base d&#039;huile ou d&#039;alcool. Avec une utilisation recommand\u00e9e de <strong data-start=\"748\" data-end=\"760\">0,1\u20130,5%<\/strong>, il offre des avantages \u00e9claircissants et protecteurs efficaces tout en maintenant la stabilit\u00e9 de la formulation.<\/p>","protected":false},"excerpt":{"rendered":"<div class=\"number\">\n<table width=\"622\">\n<tbody>\n<tr>\n<td width=\"208\"><strong>INCI:<\/strong><\/td>\n<td width=\"414\">F\u00e9rulate d&#039;\u00e9thyle<\/td>\n<\/tr>\n<tr>\n<td width=\"208\"><strong>Propri\u00e9t\u00e9s:<\/strong><\/td>\n<td width=\"414\">Bons effets bact\u00e9riostatiques et antioxydants. Inhibe la liaison de l&#039;ET-1 et contr\u00f4le la prolif\u00e9ration des m\u00e9lanocytes.<\/td>\n<\/tr>\n<tr>\n<td width=\"208\"><strong>Apparence:<\/strong><\/td>\n<td width=\"414\">Poudre blanche ou presque blanche<\/td>\n<\/tr>\n<tr>\n<td width=\"208\"><strong>Posologie recommand\u00e9e :<\/strong><\/td>\n<td width=\"414\">0.1-0.5%<\/td>\n<\/tr>\n<tr>\n<td width=\"208\"><strong>Solubilit\u00e9:<\/strong><\/td>\n<td width=\"414\">Soluble dans l&#039;alcool; soluble dans l&#039;huile<\/td>\n<\/tr>\n<\/tbody>\n<\/table>\n<\/div>","protected":false},"featured_media":4023,"comment_status":"open","ping_status":"closed","template":"","meta":{"_acf_changed":false,"site-sidebar-layout":"default","site-content-layout":"","ast-site-content-layout":"default","site-content-style":"default","site-sidebar-style":"default","ast-global-header-display":"","ast-banner-title-visibility":"","ast-main-header-display":"","ast-hfb-above-header-display":"","ast-hfb-below-header-display":"","ast-hfb-mobile-header-display":"","site-post-title":"","ast-breadcrumbs-content":"","ast-featured-img":"","footer-sml-layout":"","theme-transparent-header-meta":"default","adv-header-id-meta":"","stick-header-meta":"default","header-above-stick-meta":"","header-main-stick-meta":"","header-below-stick-meta":"","astra-migrate-meta-layouts":"set","ast-page-background-enabled":"default","ast-page-background-meta":{"desktop":{"background-color":"","background-image":"","background-repeat":"repeat","background-position":"center center","background-size":"auto","background-attachment":"scroll","background-type":"","background-media":"","overlay-type":"","overlay-color":"","overlay-opacity":"","overlay-gradient":""},"tablet":{"background-color":"","background-image":"","background-repeat":"repeat","background-position":"center center","background-size":"auto","background-attachment":"scroll","background-type":"","background-media":"","overlay-type":"","overlay-color":"","overlay-opacity":"","overlay-gradient":""},"mobile":{"background-color":"","background-image":"","background-repeat":"repeat","background-position":"center center","background-size":"auto","background-attachment":"scroll","background-type":"","background-media":"","overlay-type":"","overlay-color":"","overlay-opacity":"","overlay-gradient":""}},"ast-content-background-meta":{"desktop":{"background-color":"var(--ast-global-color-5)","background-image":"","background-repeat":"repeat","background-position":"center center","background-size":"auto","background-attachment":"scroll","background-type":"","background-media":"","overlay-type":"","overlay-color":"","overlay-opacity":"","overlay-gradient":""},"tablet":{"background-color":"var(--ast-global-color-5)","background-image":"","background-repeat":"repeat","background-position":"center center","background-size":"auto","background-attachment":"scroll","background-type":"","background-media":"","overlay-type":"","overlay-color":"","overlay-opacity":"","overlay-gradient":""},"mobile":{"background-color":"var(--ast-global-color-5)","background-image":"","background-repeat":"repeat","background-position":"center center","background-size":"auto","background-attachment":"scroll","background-type":"","background-media":"","overlay-type":"","overlay-color":"","overlay-opacity":"","overlay-gradient":""}}},"product_brand":[],"product_cat":[25],"product_tag":[],"class_list":{"0":"post-2235","1":"product","2":"type-product","3":"status-publish","4":"has-post-thumbnail","6":"product_cat-anti-photoageing","7":"desktop-align-left","8":"tablet-align-left","9":"mobile-align-left","11":"first","12":"instock","13":"shipping-taxable","14":"product-type-simple"},"acf":[],"_links":{"self":[{"href":"https:\/\/zleyholdings.com\/fr\/wp-json\/wp\/v2\/product\/2235","targetHints":{"allow":["GET"]}}],"collection":[{"href":"https:\/\/zleyholdings.com\/fr\/wp-json\/wp\/v2\/product"}],"about":[{"href":"https:\/\/zleyholdings.com\/fr\/wp-json\/wp\/v2\/types\/product"}],"replies":[{"embeddable":true,"href":"https:\/\/zleyholdings.com\/fr\/wp-json\/wp\/v2\/comments?post=2235"}],"wp:featuredmedia":[{"embeddable":true,"href":"https:\/\/zleyholdings.com\/fr\/wp-json\/wp\/v2\/media\/4023"}],"wp:attachment":[{"href":"https:\/\/zleyholdings.com\/fr\/wp-json\/wp\/v2\/media?parent=2235"}],"wp:term":[{"taxonomy":"product_brand","embeddable":true,"href":"https:\/\/zleyholdings.com\/fr\/wp-json\/wp\/v2\/product_brand?post=2235"},{"taxonomy":"product_cat","embeddable":true,"href":"https:\/\/zleyholdings.com\/fr\/wp-json\/wp\/v2\/product_cat?post=2235"},{"taxonomy":"product_tag","embeddable":true,"href":"https:\/\/zleyholdings.com\/fr\/wp-json\/wp\/v2\/product_tag?post=2235"}],"curies":[{"name":"wp","href":"https:\/\/api.w.org\/{rel}","templated":true}]}}