{"id":2232,"date":"2025-06-17T11:11:07","date_gmt":"2025-06-17T03:11:07","guid":{"rendered":"https:\/\/zleyholdings.com\/?post_type=product&#038;p=2232"},"modified":"2025-09-26T16:06:30","modified_gmt":"2025-09-26T08:06:30","slug":"quaternium-73-2","status":"publish","type":"product","link":"https:\/\/zleyholdings.com\/fr\/produits\/quaternium-73-2\/","title":{"rendered":"ZLEY\u00aeQuaternium-73"},"content":{"rendered":"<p data-start=\"61\" data-end=\"354\">Le PQ-73 est un m\u00e9dicament tr\u00e8s efficace <strong data-start=\"97\" data-end=\"140\">ingr\u00e9dient actif anti-acn\u00e9 et anti-s\u00e9bum<\/strong>, con\u00e7u pour aider \u00e0 r\u00e9duire l&#039;exc\u00e8s de s\u00e9bum et pr\u00e9venir la formation d&#039;acn\u00e9. Son action cibl\u00e9e soutient <strong data-start=\"243\" data-end=\"278\">une peau plus claire et d&#039;apparence plus saine<\/strong>, ce qui le rend id\u00e9al pour les formulations destin\u00e9es aux peaux grasses ou \u00e0 tendance acn\u00e9ique.<\/p>\n<p data-start=\"356\" data-end=\"691\">Cet ingr\u00e9dient est fourni sous forme de <strong data-start=\"389\" data-end=\"409\">poudre jaun\u00e2tre<\/strong> et est <strong data-start=\"417\" data-end=\"439\">soluble dans l&#039;alcool<\/strong>, permettant une incorporation facile dans les s\u00e9rums, lotions, toniques et autres soins \u00e0 base d&#039;alcool. Avec une utilisation recommand\u00e9e de <strong data-start=\"570\" data-end=\"585\">0,001\u20130,05%<\/strong>, il offre un contr\u00f4le efficace sur la production de s\u00e9bum et l&#039;acn\u00e9 sans compromettre la stabilit\u00e9 de la formulation.<\/p>","protected":false},"excerpt":{"rendered":"<div class=\"number\">\n<table width=\"622\">\n<tbody>\n<tr>\n<td width=\"208\"><strong>INCI:<\/strong><\/td>\n<td width=\"414\">Quaternium-73<\/td>\n<\/tr>\n<tr>\n<td width=\"208\"><strong>Propri\u00e9t\u00e9s:<\/strong><\/td>\n<td width=\"414\">Contr\u00f4le de l&#039;acn\u00e9 et du s\u00e9bum<\/td>\n<\/tr>\n<tr>\n<td width=\"208\"><strong>Apparence:<\/strong><\/td>\n<td width=\"414\">Poudre jaun\u00e2tre<\/td>\n<\/tr>\n<tr>\n<td width=\"208\"><strong>Posologie recommand\u00e9e :<\/strong><\/td>\n<td width=\"414\">0.001-0.05%<\/td>\n<\/tr>\n<tr>\n<td width=\"208\"><strong>Solubilit\u00e9:<\/strong><\/td>\n<td width=\"414\">Soluble dans l&#039;alcool<\/td>\n<\/tr>\n<\/tbody>\n<\/table>\n<\/div>","protected":false},"featured_media":4037,"comment_status":"open","ping_status":"closed","template":"","meta":{"_acf_changed":false,"site-sidebar-layout":"default","site-content-layout":"","ast-site-content-layout":"default","site-content-style":"default","site-sidebar-style":"default","ast-global-header-display":"","ast-banner-title-visibility":"","ast-main-header-display":"","ast-hfb-above-header-display":"","ast-hfb-below-header-display":"","ast-hfb-mobile-header-display":"","site-post-title":"","ast-breadcrumbs-content":"","ast-featured-img":"","footer-sml-layout":"","theme-transparent-header-meta":"default","adv-header-id-meta":"","stick-header-meta":"default","header-above-stick-meta":"","header-main-stick-meta":"","header-below-stick-meta":"","astra-migrate-meta-layouts":"set","ast-page-background-enabled":"default","ast-page-background-meta":{"desktop":{"background-color":"","background-image":"","background-repeat":"repeat","background-position":"center center","background-size":"auto","background-attachment":"scroll","background-type":"","background-media":"","overlay-type":"","overlay-color":"","overlay-opacity":"","overlay-gradient":""},"tablet":{"background-color":"","background-image":"","background-repeat":"repeat","background-position":"center center","background-size":"auto","background-attachment":"scroll","background-type":"","background-media":"","overlay-type":"","overlay-color":"","overlay-opacity":"","overlay-gradient":""},"mobile":{"background-color":"","background-image":"","background-repeat":"repeat","background-position":"center center","background-size":"auto","background-attachment":"scroll","background-type":"","background-media":"","overlay-type":"","overlay-color":"","overlay-opacity":"","overlay-gradient":""}},"ast-content-background-meta":{"desktop":{"background-color":"var(--ast-global-color-5)","background-image":"","background-repeat":"repeat","background-position":"center center","background-size":"auto","background-attachment":"scroll","background-type":"","background-media":"","overlay-type":"","overlay-color":"","overlay-opacity":"","overlay-gradient":""},"tablet":{"background-color":"var(--ast-global-color-5)","background-image":"","background-repeat":"repeat","background-position":"center center","background-size":"auto","background-attachment":"scroll","background-type":"","background-media":"","overlay-type":"","overlay-color":"","overlay-opacity":"","overlay-gradient":""},"mobile":{"background-color":"var(--ast-global-color-5)","background-image":"","background-repeat":"repeat","background-position":"center center","background-size":"auto","background-attachment":"scroll","background-type":"","background-media":"","overlay-type":"","overlay-color":"","overlay-opacity":"","overlay-gradient":""}}},"product_brand":[],"product_cat":[26],"product_tag":[],"class_list":{"0":"post-2232","1":"product","2":"type-product","3":"status-publish","4":"has-post-thumbnail","6":"product_cat-oil-controlacne","7":"desktop-align-left","8":"tablet-align-left","9":"mobile-align-left","11":"first","12":"instock","13":"shipping-taxable","14":"product-type-simple"},"acf":[],"_links":{"self":[{"href":"https:\/\/zleyholdings.com\/fr\/wp-json\/wp\/v2\/product\/2232","targetHints":{"allow":["GET"]}}],"collection":[{"href":"https:\/\/zleyholdings.com\/fr\/wp-json\/wp\/v2\/product"}],"about":[{"href":"https:\/\/zleyholdings.com\/fr\/wp-json\/wp\/v2\/types\/product"}],"replies":[{"embeddable":true,"href":"https:\/\/zleyholdings.com\/fr\/wp-json\/wp\/v2\/comments?post=2232"}],"wp:featuredmedia":[{"embeddable":true,"href":"https:\/\/zleyholdings.com\/fr\/wp-json\/wp\/v2\/media\/4037"}],"wp:attachment":[{"href":"https:\/\/zleyholdings.com\/fr\/wp-json\/wp\/v2\/media?parent=2232"}],"wp:term":[{"taxonomy":"product_brand","embeddable":true,"href":"https:\/\/zleyholdings.com\/fr\/wp-json\/wp\/v2\/product_brand?post=2232"},{"taxonomy":"product_cat","embeddable":true,"href":"https:\/\/zleyholdings.com\/fr\/wp-json\/wp\/v2\/product_cat?post=2232"},{"taxonomy":"product_tag","embeddable":true,"href":"https:\/\/zleyholdings.com\/fr\/wp-json\/wp\/v2\/product_tag?post=2232"}],"curies":[{"name":"wp","href":"https:\/\/api.w.org\/{rel}","templated":true}]}}