{"id":2227,"date":"2025-06-17T10:44:50","date_gmt":"2025-06-17T02:44:50","guid":{"rendered":"https:\/\/zleyholdings.com\/?post_type=product&#038;p=2227"},"modified":"2025-09-26T15:36:39","modified_gmt":"2025-09-26T07:36:39","slug":"poudre-de-piroctone-olamine","status":"publish","type":"product","link":"https:\/\/zleyholdings.com\/fr\/produits\/poudre-de-piroctone-olamine\/","title":{"rendered":"ZLEY\u00aeBIOCARE-OCT"},"content":{"rendered":"<p data-start=\"65\" data-end=\"483\">La piroctone olamine est un m\u00e9dicament polyvalent <strong data-start=\"98\" data-end=\"149\">ingr\u00e9dient actif antimicrobien et d\u00e9sodorisant<\/strong> couramment utilis\u00e9 dans les produits de soins personnels. Il fournit <strong data-start=\"203\" data-end=\"261\">st\u00e9rilisation efficace, soulagement des d\u00e9mangeaisons et contr\u00f4le des odeurs<\/strong>, ce qui le rend id\u00e9al pour <strong data-start=\"283\" data-end=\"335\">produits de toilette, shampoings et d\u00e9odorants<\/strong>. De plus, il peut servir de <strong data-start=\"369\" data-end=\"410\">alternative aux conservateurs dans les cosm\u00e9tiques<\/strong>, contribuant \u00e0 r\u00e9duire les co\u00fbts de formulation tout en maintenant la s\u00e9curit\u00e9 des produits.<\/p>\n<p data-start=\"485\" data-end=\"782\">Cet ingr\u00e9dient est fourni sous forme de <strong data-start=\"518\" data-end=\"546\">poudre cristalline blanche<\/strong> et est <strong data-start=\"554\" data-end=\"576\">soluble dans l&#039;alcool<\/strong>, permettant une incorporation facile dans une large gamme de formulations. Avec une utilisation recommand\u00e9e de <strong data-start=\"669\" data-end=\"682\">0,01\u20130,5%<\/strong>, il offre des effets antimicrobiens et d\u00e9sodorisants fiables avec une excellente stabilit\u00e9 de formulation.<\/p>","protected":false},"excerpt":{"rendered":"<div class=\"number\">\n<table width=\"647\">\n<tbody>\n<tr>\n<td width=\"208\"><strong>INCI:<\/strong><\/td>\n<td width=\"439\">Piroctone Olamine<\/td>\n<\/tr>\n<tr>\n<td width=\"208\"><strong>Propri\u00e9t\u00e9s:<\/strong><\/td>\n<td width=\"439\">Les propri\u00e9t\u00e9s de st\u00e9rilisation, de soulagement des d\u00e9mangeaisons et de d\u00e9sodorisation sont efficaces dans les produits de toilette, les shampooings et les d\u00e9sodorisants. Ils peuvent \u00e9galement remplacer les conservateurs dans les cosm\u00e9tiques et en r\u00e9duire le co\u00fbt.<\/td>\n<\/tr>\n<tr>\n<td width=\"208\"><strong>Apparence:<\/strong><\/td>\n<td width=\"439\">Poudre cristalline blanche<\/td>\n<\/tr>\n<tr>\n<td width=\"208\"><strong>Posologie recommand\u00e9e :<\/strong><\/td>\n<td width=\"439\">0.01-0.5%<\/td>\n<\/tr>\n<tr>\n<td width=\"208\"><strong>Solubilit\u00e9:<\/strong><\/td>\n<td width=\"439\">Soluble dans l&#039;alcool<\/td>\n<\/tr>\n<\/tbody>\n<\/table>\n<\/div>","protected":false},"featured_media":4078,"comment_status":"open","ping_status":"closed","template":"","meta":{"_acf_changed":false,"site-sidebar-layout":"default","site-content-layout":"","ast-site-content-layout":"default","site-content-style":"default","site-sidebar-style":"default","ast-global-header-display":"","ast-banner-title-visibility":"","ast-main-header-display":"","ast-hfb-above-header-display":"","ast-hfb-below-header-display":"","ast-hfb-mobile-header-display":"","site-post-title":"","ast-breadcrumbs-content":"","ast-featured-img":"","footer-sml-layout":"","theme-transparent-header-meta":"default","adv-header-id-meta":"","stick-header-meta":"default","header-above-stick-meta":"","header-main-stick-meta":"","header-below-stick-meta":"","astra-migrate-meta-layouts":"set","ast-page-background-enabled":"default","ast-page-background-meta":{"desktop":{"background-color":"","background-image":"","background-repeat":"repeat","background-position":"center center","background-size":"auto","background-attachment":"scroll","background-type":"","background-media":"","overlay-type":"","overlay-color":"","overlay-opacity":"","overlay-gradient":""},"tablet":{"background-color":"","background-image":"","background-repeat":"repeat","background-position":"center center","background-size":"auto","background-attachment":"scroll","background-type":"","background-media":"","overlay-type":"","overlay-color":"","overlay-opacity":"","overlay-gradient":""},"mobile":{"background-color":"","background-image":"","background-repeat":"repeat","background-position":"center center","background-size":"auto","background-attachment":"scroll","background-type":"","background-media":"","overlay-type":"","overlay-color":"","overlay-opacity":"","overlay-gradient":""}},"ast-content-background-meta":{"desktop":{"background-color":"var(--ast-global-color-5)","background-image":"","background-repeat":"repeat","background-position":"center center","background-size":"auto","background-attachment":"scroll","background-type":"","background-media":"","overlay-type":"","overlay-color":"","overlay-opacity":"","overlay-gradient":""},"tablet":{"background-color":"var(--ast-global-color-5)","background-image":"","background-repeat":"repeat","background-position":"center center","background-size":"auto","background-attachment":"scroll","background-type":"","background-media":"","overlay-type":"","overlay-color":"","overlay-opacity":"","overlay-gradient":""},"mobile":{"background-color":"var(--ast-global-color-5)","background-image":"","background-repeat":"repeat","background-position":"center center","background-size":"auto","background-attachment":"scroll","background-type":"","background-media":"","overlay-type":"","overlay-color":"","overlay-opacity":"","overlay-gradient":""}}},"product_brand":[],"product_cat":[29],"product_tag":[],"class_list":{"0":"post-2227","1":"product","2":"type-product","3":"status-publish","4":"has-post-thumbnail","6":"product_cat-preservative","7":"desktop-align-left","8":"tablet-align-left","9":"mobile-align-left","11":"first","12":"instock","13":"shipping-taxable","14":"product-type-simple"},"acf":[],"_links":{"self":[{"href":"https:\/\/zleyholdings.com\/fr\/wp-json\/wp\/v2\/product\/2227","targetHints":{"allow":["GET"]}}],"collection":[{"href":"https:\/\/zleyholdings.com\/fr\/wp-json\/wp\/v2\/product"}],"about":[{"href":"https:\/\/zleyholdings.com\/fr\/wp-json\/wp\/v2\/types\/product"}],"replies":[{"embeddable":true,"href":"https:\/\/zleyholdings.com\/fr\/wp-json\/wp\/v2\/comments?post=2227"}],"wp:featuredmedia":[{"embeddable":true,"href":"https:\/\/zleyholdings.com\/fr\/wp-json\/wp\/v2\/media\/4078"}],"wp:attachment":[{"href":"https:\/\/zleyholdings.com\/fr\/wp-json\/wp\/v2\/media?parent=2227"}],"wp:term":[{"taxonomy":"product_brand","embeddable":true,"href":"https:\/\/zleyholdings.com\/fr\/wp-json\/wp\/v2\/product_brand?post=2227"},{"taxonomy":"product_cat","embeddable":true,"href":"https:\/\/zleyholdings.com\/fr\/wp-json\/wp\/v2\/product_cat?post=2227"},{"taxonomy":"product_tag","embeddable":true,"href":"https:\/\/zleyholdings.com\/fr\/wp-json\/wp\/v2\/product_tag?post=2227"}],"curies":[{"name":"wp","href":"https:\/\/api.w.org\/{rel}","templated":true}]}}