{"id":2214,"date":"2025-06-17T10:18:12","date_gmt":"2025-06-17T02:18:12","guid":{"rendered":"https:\/\/zleyholdings.com\/?post_type=product&#038;p=2214"},"modified":"2025-09-26T15:38:57","modified_gmt":"2025-09-26T07:38:57","slug":"acetate-de-resorcinol","status":"publish","type":"product","link":"https:\/\/zleyholdings.com\/fr\/produits\/acetate-de-resorcinol\/","title":{"rendered":"ZLEY\u00aeRA"},"content":{"rendered":"<p data-start=\"66\" data-end=\"375\">L&#039;ac\u00e9tate de r\u00e9sorcinol est un agent hautement efficace <strong data-start=\"107\" data-end=\"143\">ingr\u00e9dient actif ciblant l&#039;acn\u00e9<\/strong> con\u00e7u pour aider \u00e0 r\u00e9duire l&#039;apparition des \u00e9ruptions cutan\u00e9es et favoriser une peau plus nette. <strong data-start=\"226\" data-end=\"264\">double solubilit\u00e9 dans l&#039;huile et l&#039;alcool<\/strong> le rend polyvalent pour une vari\u00e9t\u00e9 de formulations, garantissant une distribution efficace de ses bienfaits anti-acn\u00e9.<\/p>\n<p data-start=\"377\" data-end=\"660\">Fourni en tant que <strong data-start=\"391\" data-end=\"435\">liquide visqueux incolore \u00e0 jaune clair<\/strong>L&#039;ac\u00e9tate de r\u00e9sorcinol peut \u00eatre facilement incorpor\u00e9 dans les s\u00e9rums, lotions, cr\u00e8mes et autres produits de soin. Avec une dose recommand\u00e9e de <strong data-start=\"571\" data-end=\"583\">0,1\u20131,0%<\/strong>, il offre un contr\u00f4le efficace de l&#039;acn\u00e9 tout en maintenant la stabilit\u00e9 de la formulation.<\/p>","protected":false},"excerpt":{"rendered":"<div class=\"number\">\n<table width=\"622\">\n<tbody>\n<tr>\n<td width=\"208\"><strong>INCI:<\/strong><\/td>\n<td width=\"414\">Ac\u00e9tate de r\u00e9sorcinol<\/td>\n<\/tr>\n<tr>\n<td width=\"208\"><strong>Propri\u00e9t\u00e9s:<\/strong><\/td>\n<td width=\"414\">Acn\u00e9<\/td>\n<\/tr>\n<tr>\n<td width=\"208\"><strong>Apparence:<\/strong><\/td>\n<td width=\"414\">Liquide visqueux incolore \u00e0 jaune clair<\/td>\n<\/tr>\n<tr>\n<td width=\"208\"><strong>Posologie recommand\u00e9e :<\/strong><\/td>\n<td width=\"414\">0.1-1.0%<\/td>\n<\/tr>\n<tr>\n<td width=\"208\"><strong>Solubilit\u00e9:<\/strong><\/td>\n<td width=\"414\">Soluble dans l&#039;alcool, soluble dans l&#039;huile<\/td>\n<\/tr>\n<\/tbody>\n<\/table>\n<\/div>","protected":false},"featured_media":4045,"comment_status":"open","ping_status":"closed","template":"","meta":{"_acf_changed":false,"site-sidebar-layout":"default","site-content-layout":"","ast-site-content-layout":"default","site-content-style":"default","site-sidebar-style":"default","ast-global-header-display":"","ast-banner-title-visibility":"","ast-main-header-display":"","ast-hfb-above-header-display":"","ast-hfb-below-header-display":"","ast-hfb-mobile-header-display":"","site-post-title":"","ast-breadcrumbs-content":"","ast-featured-img":"","footer-sml-layout":"","theme-transparent-header-meta":"default","adv-header-id-meta":"","stick-header-meta":"default","header-above-stick-meta":"","header-main-stick-meta":"","header-below-stick-meta":"","astra-migrate-meta-layouts":"set","ast-page-background-enabled":"default","ast-page-background-meta":{"desktop":{"background-color":"","background-image":"","background-repeat":"repeat","background-position":"center center","background-size":"auto","background-attachment":"scroll","background-type":"","background-media":"","overlay-type":"","overlay-color":"","overlay-opacity":"","overlay-gradient":""},"tablet":{"background-color":"","background-image":"","background-repeat":"repeat","background-position":"center center","background-size":"auto","background-attachment":"scroll","background-type":"","background-media":"","overlay-type":"","overlay-color":"","overlay-opacity":"","overlay-gradient":""},"mobile":{"background-color":"","background-image":"","background-repeat":"repeat","background-position":"center center","background-size":"auto","background-attachment":"scroll","background-type":"","background-media":"","overlay-type":"","overlay-color":"","overlay-opacity":"","overlay-gradient":""}},"ast-content-background-meta":{"desktop":{"background-color":"var(--ast-global-color-5)","background-image":"","background-repeat":"repeat","background-position":"center center","background-size":"auto","background-attachment":"scroll","background-type":"","background-media":"","overlay-type":"","overlay-color":"","overlay-opacity":"","overlay-gradient":""},"tablet":{"background-color":"var(--ast-global-color-5)","background-image":"","background-repeat":"repeat","background-position":"center center","background-size":"auto","background-attachment":"scroll","background-type":"","background-media":"","overlay-type":"","overlay-color":"","overlay-opacity":"","overlay-gradient":""},"mobile":{"background-color":"var(--ast-global-color-5)","background-image":"","background-repeat":"repeat","background-position":"center center","background-size":"auto","background-attachment":"scroll","background-type":"","background-media":"","overlay-type":"","overlay-color":"","overlay-opacity":"","overlay-gradient":""}}},"product_brand":[],"product_cat":[26],"product_tag":[],"class_list":{"0":"post-2214","1":"product","2":"type-product","3":"status-publish","4":"has-post-thumbnail","6":"product_cat-oil-controlacne","7":"desktop-align-left","8":"tablet-align-left","9":"mobile-align-left","11":"first","12":"instock","13":"shipping-taxable","14":"product-type-simple"},"acf":[],"_links":{"self":[{"href":"https:\/\/zleyholdings.com\/fr\/wp-json\/wp\/v2\/product\/2214","targetHints":{"allow":["GET"]}}],"collection":[{"href":"https:\/\/zleyholdings.com\/fr\/wp-json\/wp\/v2\/product"}],"about":[{"href":"https:\/\/zleyholdings.com\/fr\/wp-json\/wp\/v2\/types\/product"}],"replies":[{"embeddable":true,"href":"https:\/\/zleyholdings.com\/fr\/wp-json\/wp\/v2\/comments?post=2214"}],"wp:featuredmedia":[{"embeddable":true,"href":"https:\/\/zleyholdings.com\/fr\/wp-json\/wp\/v2\/media\/4045"}],"wp:attachment":[{"href":"https:\/\/zleyholdings.com\/fr\/wp-json\/wp\/v2\/media?parent=2214"}],"wp:term":[{"taxonomy":"product_brand","embeddable":true,"href":"https:\/\/zleyholdings.com\/fr\/wp-json\/wp\/v2\/product_brand?post=2214"},{"taxonomy":"product_cat","embeddable":true,"href":"https:\/\/zleyholdings.com\/fr\/wp-json\/wp\/v2\/product_cat?post=2214"},{"taxonomy":"product_tag","embeddable":true,"href":"https:\/\/zleyholdings.com\/fr\/wp-json\/wp\/v2\/product_tag?post=2214"}],"curies":[{"name":"wp","href":"https:\/\/api.w.org\/{rel}","templated":true}]}}