{"id":2208,"date":"2025-06-17T10:02:44","date_gmt":"2025-06-17T02:02:44","guid":{"rendered":"https:\/\/zleyholdings.com\/?post_type=product&#038;p=2208"},"modified":"2025-09-26T15:40:20","modified_gmt":"2025-09-26T07:40:20","slug":"extrait-de-racine-de-stephania-tetranda-triglyceride-caprylique-et-caprique","status":"publish","type":"product","link":"https:\/\/zleyholdings.com\/fr\/produits\/extrait-de-racine-de-stephania-tetranda-triglyceride-caprylique-et-caprique\/","title":{"rendered":"ZLEY\u00aePE402-HUILE POUR L&#039;ACN\u00c9"},"content":{"rendered":"<p data-start=\"107\" data-end=\"479\">Cette formulation combine <strong data-start=\"133\" data-end=\"164\">Extrait de Stephania Tetrandra<\/strong> avec <strong data-start=\"170\" data-end=\"202\">Triglyc\u00e9ride caprylique\/caprique<\/strong> pour cr\u00e9er un <strong data-start=\"215\" data-end=\"255\">100% ingr\u00e9dient actif d&#039;origine v\u00e9g\u00e9tale<\/strong> connu pour ses <strong data-start=\"270\" data-end=\"319\">propri\u00e9t\u00e9s apaisantes et anti-irritantes naturelles<\/strong>. Il est id\u00e9al pour apaiser les peaux sensibles ou stress\u00e9es, aidant \u00e0 <strong data-start=\"384\" data-end=\"432\">r\u00e9duire les irritations et renforcer le confort cutan\u00e9<\/strong> tout en conservant un profil doux et s\u00fbr.<\/p>\n<p data-start=\"481\" data-end=\"804\">Fourni en tant que <strong data-start=\"495\" data-end=\"527\">liquide transparent incolore<\/strong>, cet ingr\u00e9dient est <strong data-start=\"548\" data-end=\"566\">soluble dans l&#039;huile<\/strong>, ce qui le rend appropri\u00e9 pour \u00eatre incorpor\u00e9 dans les huiles, s\u00e9rums, cr\u00e8mes et autres formules de soins \u00e0 base d&#039;huile. Avec une utilisation recommand\u00e9e de <strong data-start=\"703\" data-end=\"716\">jusqu&#039;\u00e0 90%<\/strong>, il offre des options de formulation flexibles tout en offrant des bienfaits apaisants efficaces.<\/p>","protected":false},"excerpt":{"rendered":"<div class=\"number\">\n<table width=\"667\">\n<tbody>\n<tr>\n<td width=\"208\"><strong>INCI:<\/strong><\/td>\n<td width=\"458\">Extrait de Stephania Tetrandra, triglyc\u00e9ride caprylique\/caprique<\/td>\n<\/tr>\n<tr>\n<td width=\"208\"><strong>Propri\u00e9t\u00e9s:<\/strong><\/td>\n<td width=\"458\">Ingr\u00e9dients d&#039;origine v\u00e9g\u00e9tale 100% aux propri\u00e9t\u00e9s apaisantes et anti-irritantes naturelles.<\/td>\n<\/tr>\n<tr>\n<td width=\"208\"><strong>Apparence:<\/strong><\/td>\n<td width=\"458\">Liquide transparent incolore<\/td>\n<\/tr>\n<tr>\n<td width=\"208\"><strong>Posologie recommand\u00e9e :<\/strong><\/td>\n<td width=\"458\">NMT90%<\/td>\n<\/tr>\n<tr>\n<td width=\"208\"><strong>Solubilit\u00e9:<\/strong><\/td>\n<td width=\"458\">Soluble dans l&#039;huile<\/td>\n<\/tr>\n<\/tbody>\n<\/table>\n<\/div>","protected":false},"featured_media":4045,"comment_status":"open","ping_status":"closed","template":"","meta":{"_acf_changed":false,"site-sidebar-layout":"default","site-content-layout":"","ast-site-content-layout":"default","site-content-style":"default","site-sidebar-style":"default","ast-global-header-display":"","ast-banner-title-visibility":"","ast-main-header-display":"","ast-hfb-above-header-display":"","ast-hfb-below-header-display":"","ast-hfb-mobile-header-display":"","site-post-title":"","ast-breadcrumbs-content":"","ast-featured-img":"","footer-sml-layout":"","theme-transparent-header-meta":"default","adv-header-id-meta":"","stick-header-meta":"default","header-above-stick-meta":"","header-main-stick-meta":"","header-below-stick-meta":"","astra-migrate-meta-layouts":"set","ast-page-background-enabled":"default","ast-page-background-meta":{"desktop":{"background-color":"","background-image":"","background-repeat":"repeat","background-position":"center center","background-size":"auto","background-attachment":"scroll","background-type":"","background-media":"","overlay-type":"","overlay-color":"","overlay-opacity":"","overlay-gradient":""},"tablet":{"background-color":"","background-image":"","background-repeat":"repeat","background-position":"center center","background-size":"auto","background-attachment":"scroll","background-type":"","background-media":"","overlay-type":"","overlay-color":"","overlay-opacity":"","overlay-gradient":""},"mobile":{"background-color":"","background-image":"","background-repeat":"repeat","background-position":"center center","background-size":"auto","background-attachment":"scroll","background-type":"","background-media":"","overlay-type":"","overlay-color":"","overlay-opacity":"","overlay-gradient":""}},"ast-content-background-meta":{"desktop":{"background-color":"var(--ast-global-color-5)","background-image":"","background-repeat":"repeat","background-position":"center center","background-size":"auto","background-attachment":"scroll","background-type":"","background-media":"","overlay-type":"","overlay-color":"","overlay-opacity":"","overlay-gradient":""},"tablet":{"background-color":"var(--ast-global-color-5)","background-image":"","background-repeat":"repeat","background-position":"center center","background-size":"auto","background-attachment":"scroll","background-type":"","background-media":"","overlay-type":"","overlay-color":"","overlay-opacity":"","overlay-gradient":""},"mobile":{"background-color":"var(--ast-global-color-5)","background-image":"","background-repeat":"repeat","background-position":"center center","background-size":"auto","background-attachment":"scroll","background-type":"","background-media":"","overlay-type":"","overlay-color":"","overlay-opacity":"","overlay-gradient":""}}},"product_brand":[],"product_cat":[28],"product_tag":[],"class_list":{"0":"post-2208","1":"product","2":"type-product","3":"status-publish","4":"has-post-thumbnail","6":"product_cat-soothing","7":"desktop-align-left","8":"tablet-align-left","9":"mobile-align-left","11":"first","12":"instock","13":"shipping-taxable","14":"product-type-simple"},"acf":[],"_links":{"self":[{"href":"https:\/\/zleyholdings.com\/fr\/wp-json\/wp\/v2\/product\/2208","targetHints":{"allow":["GET"]}}],"collection":[{"href":"https:\/\/zleyholdings.com\/fr\/wp-json\/wp\/v2\/product"}],"about":[{"href":"https:\/\/zleyholdings.com\/fr\/wp-json\/wp\/v2\/types\/product"}],"replies":[{"embeddable":true,"href":"https:\/\/zleyholdings.com\/fr\/wp-json\/wp\/v2\/comments?post=2208"}],"wp:featuredmedia":[{"embeddable":true,"href":"https:\/\/zleyholdings.com\/fr\/wp-json\/wp\/v2\/media\/4045"}],"wp:attachment":[{"href":"https:\/\/zleyholdings.com\/fr\/wp-json\/wp\/v2\/media?parent=2208"}],"wp:term":[{"taxonomy":"product_brand","embeddable":true,"href":"https:\/\/zleyholdings.com\/fr\/wp-json\/wp\/v2\/product_brand?post=2208"},{"taxonomy":"product_cat","embeddable":true,"href":"https:\/\/zleyholdings.com\/fr\/wp-json\/wp\/v2\/product_cat?post=2208"},{"taxonomy":"product_tag","embeddable":true,"href":"https:\/\/zleyholdings.com\/fr\/wp-json\/wp\/v2\/product_tag?post=2208"}],"curies":[{"name":"wp","href":"https:\/\/api.w.org\/{rel}","templated":true}]}}