{"id":2205,"date":"2025-06-17T09:50:06","date_gmt":"2025-06-17T01:50:06","guid":{"rendered":"https:\/\/zleyholdings.com\/?post_type=product&#038;p=2205"},"modified":"2025-09-26T16:05:27","modified_gmt":"2025-09-26T08:05:27","slug":"kavapiper-methysticum","status":"publish","type":"product","link":"https:\/\/zleyholdings.com\/fr\/produits\/kavapiper-methysticum\/","title":{"rendered":"ZLEY\u00aePE203-KAENDA"},"content":{"rendered":"<p data-start=\"86\" data-end=\"518\">Le KAVA, un ingr\u00e9dient actif d\u00e9riv\u00e9 d&#039;un extrait de racine de kava associ\u00e9 \u00e0 de l&#039;hydroxypropylcyclodextrine, du butyl\u00e8ne glycol et de l&#039;eau, est sp\u00e9cialement formul\u00e9 pour les peaux sensibles. Il inhibe l&#039;expression de TRPV1 et du GABA, att\u00e9nuant rapidement les rougeurs et les irritations et procurant un soulagement durable. Ce liquide jaune, soluble dans l&#039;alcool et l&#039;eau, convient aux s\u00e9rums, lotions et cr\u00e8mes. Le dosage recommand\u00e9 est de 0,2 \u00e0 201 TP3T, apaisant efficacement la peau et assurant la stabilit\u00e9 de la formule.<\/p>","protected":false},"excerpt":{"rendered":"<table width=\"631\">\n<tbody>\n<tr>\n<td width=\"200\"><strong>INCI:<\/strong><\/td>\n<td width=\"431\">Extrait de racine de Piper Methysticum, hydroxypropylcyclodextrine, butyl\u00e8ne glycol, eau<\/td>\n<\/tr>\n<tr>\n<td width=\"200\"><strong>Propri\u00e9t\u00e9s:<\/strong><\/td>\n<td width=\"431\"><strong><em>NEUROCOSM\u00c9TIQUES<br \/>\n<\/em><\/strong>Ingr\u00e9dient d&#039;origine v\u00e9g\u00e9tale qui apaise les peaux sensibles en inhibant l&#039;expression de TRPV1 et du GABA. Soulagement imm\u00e9diat et durable des rougeurs.<\/td>\n<\/tr>\n<tr>\n<td width=\"200\"><strong>Apparence:<\/strong><\/td>\n<td width=\"431\">liquide jaune<\/td>\n<\/tr>\n<tr>\n<td width=\"200\"><strong>Posologie recommand\u00e9e :<\/strong><\/td>\n<td width=\"431\">0.2-20.0%<\/td>\n<\/tr>\n<tr>\n<td width=\"200\"><strong>Solubilit\u00e9:<\/strong><\/td>\n<td width=\"431\">Soluble dans l&#039;alcool, soluble dans l&#039;eau<\/td>\n<\/tr>\n<\/tbody>\n<\/table>\n<p>&nbsp;<\/p>","protected":false},"featured_media":4054,"comment_status":"open","ping_status":"closed","template":"","meta":{"_acf_changed":false,"site-sidebar-layout":"default","site-content-layout":"","ast-site-content-layout":"default","site-content-style":"default","site-sidebar-style":"default","ast-global-header-display":"","ast-banner-title-visibility":"","ast-main-header-display":"","ast-hfb-above-header-display":"","ast-hfb-below-header-display":"","ast-hfb-mobile-header-display":"","site-post-title":"","ast-breadcrumbs-content":"","ast-featured-img":"","footer-sml-layout":"","theme-transparent-header-meta":"default","adv-header-id-meta":"","stick-header-meta":"default","header-above-stick-meta":"","header-main-stick-meta":"","header-below-stick-meta":"","astra-migrate-meta-layouts":"set","ast-page-background-enabled":"default","ast-page-background-meta":{"desktop":{"background-color":"","background-image":"","background-repeat":"repeat","background-position":"center center","background-size":"auto","background-attachment":"scroll","background-type":"","background-media":"","overlay-type":"","overlay-color":"","overlay-opacity":"","overlay-gradient":""},"tablet":{"background-color":"","background-image":"","background-repeat":"repeat","background-position":"center center","background-size":"auto","background-attachment":"scroll","background-type":"","background-media":"","overlay-type":"","overlay-color":"","overlay-opacity":"","overlay-gradient":""},"mobile":{"background-color":"","background-image":"","background-repeat":"repeat","background-position":"center center","background-size":"auto","background-attachment":"scroll","background-type":"","background-media":"","overlay-type":"","overlay-color":"","overlay-opacity":"","overlay-gradient":""}},"ast-content-background-meta":{"desktop":{"background-color":"var(--ast-global-color-5)","background-image":"","background-repeat":"repeat","background-position":"center center","background-size":"auto","background-attachment":"scroll","background-type":"","background-media":"","overlay-type":"","overlay-color":"","overlay-opacity":"","overlay-gradient":""},"tablet":{"background-color":"var(--ast-global-color-5)","background-image":"","background-repeat":"repeat","background-position":"center center","background-size":"auto","background-attachment":"scroll","background-type":"","background-media":"","overlay-type":"","overlay-color":"","overlay-opacity":"","overlay-gradient":""},"mobile":{"background-color":"var(--ast-global-color-5)","background-image":"","background-repeat":"repeat","background-position":"center center","background-size":"auto","background-attachment":"scroll","background-type":"","background-media":"","overlay-type":"","overlay-color":"","overlay-opacity":"","overlay-gradient":""}}},"product_brand":[],"product_cat":[28],"product_tag":[],"class_list":{"0":"post-2205","1":"product","2":"type-product","3":"status-publish","4":"has-post-thumbnail","6":"product_cat-soothing","7":"desktop-align-left","8":"tablet-align-left","9":"mobile-align-left","11":"first","12":"instock","13":"shipping-taxable","14":"product-type-simple"},"acf":[],"_links":{"self":[{"href":"https:\/\/zleyholdings.com\/fr\/wp-json\/wp\/v2\/product\/2205","targetHints":{"allow":["GET"]}}],"collection":[{"href":"https:\/\/zleyholdings.com\/fr\/wp-json\/wp\/v2\/product"}],"about":[{"href":"https:\/\/zleyholdings.com\/fr\/wp-json\/wp\/v2\/types\/product"}],"replies":[{"embeddable":true,"href":"https:\/\/zleyholdings.com\/fr\/wp-json\/wp\/v2\/comments?post=2205"}],"wp:featuredmedia":[{"embeddable":true,"href":"https:\/\/zleyholdings.com\/fr\/wp-json\/wp\/v2\/media\/4054"}],"wp:attachment":[{"href":"https:\/\/zleyholdings.com\/fr\/wp-json\/wp\/v2\/media?parent=2205"}],"wp:term":[{"taxonomy":"product_brand","embeddable":true,"href":"https:\/\/zleyholdings.com\/fr\/wp-json\/wp\/v2\/product_brand?post=2205"},{"taxonomy":"product_cat","embeddable":true,"href":"https:\/\/zleyholdings.com\/fr\/wp-json\/wp\/v2\/product_cat?post=2205"},{"taxonomy":"product_tag","embeddable":true,"href":"https:\/\/zleyholdings.com\/fr\/wp-json\/wp\/v2\/product_tag?post=2205"}],"curies":[{"name":"wp","href":"https:\/\/api.w.org\/{rel}","templated":true}]}}