{"id":2124,"date":"2025-06-11T10:41:18","date_gmt":"2025-06-11T02:41:18","guid":{"rendered":"https:\/\/zleyholdings.com\/?post_type=product&#038;p=2124"},"modified":"2025-09-26T15:42:50","modified_gmt":"2025-09-26T07:42:50","slug":"ethylhexylglycerine","status":"publish","type":"product","link":"https:\/\/zleyholdings.com\/fr\/produits\/ethylhexylglycerine\/","title":{"rendered":"ZLEY\u00aeBIOCARE-ZEHG"},"content":{"rendered":"<p data-start=\"66\" data-end=\"402\">L&#039;\u00e9thylhexylglyc\u00e9rine est un agent multifonctionnel <strong data-start=\"106\" data-end=\"155\">booster de conservation et actif doux pour la peau<\/strong> qui am\u00e9liore l&#039;efficacit\u00e9 des syst\u00e8mes de conservation. <strong data-start=\"211\" data-end=\"301\">r\u00e9duire la tension superficielle des parois cellulaires microbiennes et inhiber l&#039;activit\u00e9 bact\u00e9rienne<\/strong>, il aide les conservateurs \u00e0 agir plus efficacement et plus rapidement, garantissant ainsi une s\u00e9curit\u00e9 du produit plus durable.<\/p>\n<p data-start=\"404\" data-end=\"781\">Fourni en tant que <strong data-start=\"418\" data-end=\"450\">liquide transparent incolore<\/strong>, L&#039;\u00e9thylhexylglyc\u00e9rine est <strong data-start=\"474\" data-end=\"509\">soluble dans l&#039;alcool et l&#039;huile<\/strong>, ce qui le rend adapt\u00e9 \u00e0 une large gamme de formulations, notamment les cr\u00e8mes, s\u00e9rums, lotions et autres produits de soin \u00e0 base d&#039;huile ou d&#039;alcool. Avec une utilisation recommand\u00e9e de <strong data-start=\"678\" data-end=\"690\">0,2\u20132,0%<\/strong>, il offre une am\u00e9lioration efficace de la conservation tout en maintenant la stabilit\u00e9 de la formulation.<\/p>","protected":false},"excerpt":{"rendered":"<div class=\"number\">\n<table width=\"659\">\n<tbody>\n<tr>\n<td width=\"208\"><strong>INCI:<\/strong><\/td>\n<td width=\"451\">\u00c9thylhexylglyc\u00e9rine<\/td>\n<\/tr>\n<tr>\n<td width=\"208\"><strong>Propri\u00e9t\u00e9s:<\/strong><\/td>\n<td width=\"451\">En r\u00e9duisant la tension superficielle de la paroi cellulaire des micro-organismes et les activit\u00e9s bact\u00e9riennes, rendant le syst\u00e8me de conservation plus efficace et plus rapide.<\/td>\n<\/tr>\n<tr>\n<td width=\"208\"><strong>Apparence:<\/strong><\/td>\n<td width=\"451\">Liquide transparent incolore<\/td>\n<\/tr>\n<tr>\n<td width=\"208\"><strong>Posologie recommand\u00e9e :<\/strong><\/td>\n<td width=\"451\">0.2-2.0%<\/td>\n<\/tr>\n<tr>\n<td width=\"208\"><strong>Solubilit\u00e9:<\/strong><\/td>\n<td width=\"451\">Soluble dans l&#039;alcool, soluble dans l&#039;huile<\/td>\n<\/tr>\n<\/tbody>\n<\/table>\n<\/div>","protected":false},"featured_media":4045,"comment_status":"open","ping_status":"closed","template":"","meta":{"_acf_changed":false,"site-sidebar-layout":"default","site-content-layout":"","ast-site-content-layout":"default","site-content-style":"default","site-sidebar-style":"default","ast-global-header-display":"","ast-banner-title-visibility":"","ast-main-header-display":"","ast-hfb-above-header-display":"","ast-hfb-below-header-display":"","ast-hfb-mobile-header-display":"","site-post-title":"","ast-breadcrumbs-content":"","ast-featured-img":"","footer-sml-layout":"","theme-transparent-header-meta":"default","adv-header-id-meta":"","stick-header-meta":"default","header-above-stick-meta":"","header-main-stick-meta":"","header-below-stick-meta":"","astra-migrate-meta-layouts":"set","ast-page-background-enabled":"default","ast-page-background-meta":{"desktop":{"background-color":"","background-image":"","background-repeat":"repeat","background-position":"center center","background-size":"auto","background-attachment":"scroll","background-type":"","background-media":"","overlay-type":"","overlay-color":"","overlay-opacity":"","overlay-gradient":""},"tablet":{"background-color":"","background-image":"","background-repeat":"repeat","background-position":"center center","background-size":"auto","background-attachment":"scroll","background-type":"","background-media":"","overlay-type":"","overlay-color":"","overlay-opacity":"","overlay-gradient":""},"mobile":{"background-color":"","background-image":"","background-repeat":"repeat","background-position":"center center","background-size":"auto","background-attachment":"scroll","background-type":"","background-media":"","overlay-type":"","overlay-color":"","overlay-opacity":"","overlay-gradient":""}},"ast-content-background-meta":{"desktop":{"background-color":"var(--ast-global-color-5)","background-image":"","background-repeat":"repeat","background-position":"center center","background-size":"auto","background-attachment":"scroll","background-type":"","background-media":"","overlay-type":"","overlay-color":"","overlay-opacity":"","overlay-gradient":""},"tablet":{"background-color":"var(--ast-global-color-5)","background-image":"","background-repeat":"repeat","background-position":"center center","background-size":"auto","background-attachment":"scroll","background-type":"","background-media":"","overlay-type":"","overlay-color":"","overlay-opacity":"","overlay-gradient":""},"mobile":{"background-color":"var(--ast-global-color-5)","background-image":"","background-repeat":"repeat","background-position":"center center","background-size":"auto","background-attachment":"scroll","background-type":"","background-media":"","overlay-type":"","overlay-color":"","overlay-opacity":"","overlay-gradient":""}}},"product_brand":[],"product_cat":[29],"product_tag":[],"class_list":{"0":"post-2124","1":"product","2":"type-product","3":"status-publish","4":"has-post-thumbnail","6":"product_cat-preservative","7":"desktop-align-left","8":"tablet-align-left","9":"mobile-align-left","11":"first","12":"instock","13":"shipping-taxable","14":"product-type-simple"},"acf":[],"_links":{"self":[{"href":"https:\/\/zleyholdings.com\/fr\/wp-json\/wp\/v2\/product\/2124","targetHints":{"allow":["GET"]}}],"collection":[{"href":"https:\/\/zleyholdings.com\/fr\/wp-json\/wp\/v2\/product"}],"about":[{"href":"https:\/\/zleyholdings.com\/fr\/wp-json\/wp\/v2\/types\/product"}],"replies":[{"embeddable":true,"href":"https:\/\/zleyholdings.com\/fr\/wp-json\/wp\/v2\/comments?post=2124"}],"wp:featuredmedia":[{"embeddable":true,"href":"https:\/\/zleyholdings.com\/fr\/wp-json\/wp\/v2\/media\/4045"}],"wp:attachment":[{"href":"https:\/\/zleyholdings.com\/fr\/wp-json\/wp\/v2\/media?parent=2124"}],"wp:term":[{"taxonomy":"product_brand","embeddable":true,"href":"https:\/\/zleyholdings.com\/fr\/wp-json\/wp\/v2\/product_brand?post=2124"},{"taxonomy":"product_cat","embeddable":true,"href":"https:\/\/zleyholdings.com\/fr\/wp-json\/wp\/v2\/product_cat?post=2124"},{"taxonomy":"product_tag","embeddable":true,"href":"https:\/\/zleyholdings.com\/fr\/wp-json\/wp\/v2\/product_tag?post=2124"}],"curies":[{"name":"wp","href":"https:\/\/api.w.org\/{rel}","templated":true}]}}