{"id":5364,"date":"2025-08-26T18:06:29","date_gmt":"2025-08-26T10:06:29","guid":{"rendered":"https:\/\/zleyholdings.com\/?page_id=5364"},"modified":"2025-09-11T17:10:37","modified_gmt":"2025-09-11T09:10:37","slug":"historique-de-lentreprise","status":"publish","type":"page","link":"https:\/\/zleyholdings.com\/fr\/historique-de-lentreprise\/","title":{"rendered":"Historique de l&#039;entreprise"},"content":{"rendered":"<div data-elementor-type=\"wp-page\" data-elementor-id=\"5364\" class=\"elementor elementor-5364\" data-elementor-settings=\"{&quot;element_pack_global_tooltip_width&quot;:{&quot;unit&quot;:&quot;px&quot;,&quot;size&quot;:&quot;&quot;,&quot;sizes&quot;:[]},&quot;element_pack_global_tooltip_width_tablet&quot;:{&quot;unit&quot;:&quot;px&quot;,&quot;size&quot;:&quot;&quot;,&quot;sizes&quot;:[]},&quot;element_pack_global_tooltip_width_mobile&quot;:{&quot;unit&quot;:&quot;px&quot;,&quot;size&quot;:&quot;&quot;,&quot;sizes&quot;:[]},&quot;element_pack_global_tooltip_padding&quot;:{&quot;unit&quot;:&quot;px&quot;,&quot;top&quot;:&quot;&quot;,&quot;right&quot;:&quot;&quot;,&quot;bottom&quot;:&quot;&quot;,&quot;left&quot;:&quot;&quot;,&quot;isLinked&quot;:true},&quot;element_pack_global_tooltip_padding_tablet&quot;:{&quot;unit&quot;:&quot;px&quot;,&quot;top&quot;:&quot;&quot;,&quot;right&quot;:&quot;&quot;,&quot;bottom&quot;:&quot;&quot;,&quot;left&quot;:&quot;&quot;,&quot;isLinked&quot;:true},&quot;element_pack_global_tooltip_padding_mobile&quot;:{&quot;unit&quot;:&quot;px&quot;,&quot;top&quot;:&quot;&quot;,&quot;right&quot;:&quot;&quot;,&quot;bottom&quot;:&quot;&quot;,&quot;left&quot;:&quot;&quot;,&quot;isLinked&quot;:true},&quot;element_pack_global_tooltip_border_radius&quot;:{&quot;unit&quot;:&quot;px&quot;,&quot;top&quot;:&quot;&quot;,&quot;right&quot;:&quot;&quot;,&quot;bottom&quot;:&quot;&quot;,&quot;left&quot;:&quot;&quot;,&quot;isLinked&quot;:true},&quot;element_pack_global_tooltip_border_radius_tablet&quot;:{&quot;unit&quot;:&quot;px&quot;,&quot;top&quot;:&quot;&quot;,&quot;right&quot;:&quot;&quot;,&quot;bottom&quot;:&quot;&quot;,&quot;left&quot;:&quot;&quot;,&quot;isLinked&quot;:true},&quot;element_pack_global_tooltip_border_radius_mobile&quot;:{&quot;unit&quot;:&quot;px&quot;,&quot;top&quot;:&quot;&quot;,&quot;right&quot;:&quot;&quot;,&quot;bottom&quot;:&quot;&quot;,&quot;left&quot;:&quot;&quot;,&quot;isLinked&quot;:true}}\" data-elementor-post-type=\"page\">\n\t\t\t\t<div class=\"elementor-element elementor-element-fce3b0f e-con-full e-flex e-con e-parent\" data-id=\"fce3b0f\" data-element_type=\"container\" data-e-type=\"container\" data-settings=\"{&quot;background_background&quot;:&quot;classic&quot;}\">\n\t\t\t\t<div class=\"elementor-element elementor-element-7d6da94 elementor-widget elementor-widget-html\" data-id=\"7d6da94\" data-element_type=\"widget\" data-e-type=\"widget\" data-widget_type=\"html.default\">\n\t\t\t\t<div class=\"elementor-widget-container\">\n\t\t\t\t\t<!-- ===== ZLEY Group History Timeline (HTML + CSS, no JS) ===== -->\r\n<section class=\"zley-timeline\" aria-label=\"Le processus de d\u00e9veloppement historique du groupe ZLEY\">\r\n  <!-- \u7ad6\u6392\u82f1\u6587\u6807\u9898 -->\r\n  <div class=\"zt-title-vertical\">\r\n    LE PROCESSUS DE D\u00c9VELOPPEMENT HISTORIQUE DU GROUPE ZLEY\r\n  <\/div>\r\n\r\n  <!-- \u9876\/\u5e95\u5c0f\u5e74\u4efd -->\r\n  <div class=\"zt-year-cap zt-year-cap--top\">1997<\/div>\r\n  <div class=\"zt-year-cap zt-year-cap--bottom\">2020<\/div>\r\n\r\n  <!-- \u4e2d\u7ebf -->\r\n  <div class=\"zt-axis\" aria-hidden=\"true\"><\/div>\r\n\r\n  <!-- 1997\uff08\u5de6\uff09 -->\r\n  <article class=\"zt-item zt-item--left\" id=\"y1997\">\r\n    <div class=\"zt-spoke\" aria-hidden=\"true\"><\/div>\r\n    <div class=\"zt-dot\" aria-hidden=\"true\"><\/div>\r\n    <header class=\"zt-head\"><h3 class=\"zt-year\">1997<\/h3><\/header>\r\n    <div class=\"zt-body\">\r\n      <figure class=\"zt-figure\">\r\n        <span class=\"zt-ratio\"><img decoding=\"async\" src=\"https:\/\/zleyholdings.com\/wp-content\/uploads\/2025\/09\/\u8d44\u6e90-3.webp\" alt=\"1997, \u00e9tape importante\" title=\"\"><\/span>\r\n      <\/figure>\r\n      <p class=\"zt-desc\">\r\n        M. Chang Shuiping a fond\u00e9 une soci\u00e9t\u00e9 sp\u00e9cialis\u00e9e dans le d\u00e9veloppement de BPC (produits chimiques pharmaceutiques en vrac), tels que le dichlorhydrate de pip\u00e9razine, le chlorhydrate de nicardipine, le chlorhydrate de raloxif\u00e8ne et les produits \u00e0 base d&#039;acide f\u00e9rulique, etc.\r\n      <\/p>\r\n    <\/div>\r\n  <\/article>\r\n\r\n  <!-- 2007\uff08\u53f3\uff09 -->\r\n  <article class=\"zt-item zt-item--right\" id=\"y2007\">\r\n    <div class=\"zt-spoke\" aria-hidden=\"true\"><\/div>\r\n    <div class=\"zt-dot\" aria-hidden=\"true\"><\/div>\r\n    <header class=\"zt-head\"><h3 class=\"zt-year\">2007<\/h3><\/header>\r\n    <div class=\"zt-body\">\r\n      <figure class=\"zt-figure\">\r\n        <span class=\"zt-ratio\"><img decoding=\"async\" src=\"https:\/\/zleyholdings.com\/wp-content\/uploads\/2025\/09\/\u8d44\u6e90-4.webp\" alt=\"\u00c9tape importante de 2007\" title=\"\"><\/span>\r\n      <\/figure>\r\n      <p class=\"zt-desc\">\r\n        Face \u00e0 la demande croissante du march\u00e9, M. Chang a cr\u00e9\u00e9 une usine, couvrant une superficie de plus de 6,59 acres et une capacit\u00e9 de production totale de 8 000 \u00e0 10 000 tonnes par an.\r\n      <\/p>\r\n    <\/div>\r\n  <\/article>\r\n\r\n  <!-- 2008\uff08\u5de6\uff09 -->\r\n<article class=\"zt-item zt-item--left\" id=\"y2008\">\r\n  <div class=\"zt-spoke\" aria-hidden=\"true\"><\/div>\r\n  <div class=\"zt-dot\" aria-hidden=\"true\"><\/div>\r\n  <header class=\"zt-head\"><h3 class=\"zt-year\">2008<\/h3><\/header>\r\n  <div class=\"zt-body\">\r\n    <figure class=\"zt-figure\">\r\n      <span class=\"zt-ratio\">\r\n        <img decoding=\"async\" src=\"https:\/\/zleyholdings.com\/wp-content\/uploads\/2025\/09\/\u8d44\u6e90-5.webp\" alt=\"\u00c9tape importante de 2008\" title=\"\">\r\n      <\/span>\r\n    <\/figure>\r\n    <p class=\"zt-desc\">\r\n      L&#039;entreprise a obtenu successivement les certifications internationales SGS, ISO9001 et GMP (syst\u00e8me de gestion de la qualit\u00e9 des \u00c9tats-Unis). Au fil des ans, elle a investi des centaines de millions de yuans en recherche et d\u00e9veloppement, avec plus de 50 produits phares. Ses produits sont export\u00e9s au Japon, en Europe et dans d&#039;autres pays.\r\n    <\/p>\r\n  <\/div>\r\n<\/article>\r\n\r\n\r\n  <!-- 2015\uff08\u53f3\uff09 -->\r\n  <article class=\"zt-item zt-item--right\" id=\"y2015\">\r\n    <div class=\"zt-spoke\" aria-hidden=\"true\"><\/div>\r\n    <div class=\"zt-dot\" aria-hidden=\"true\"><\/div>\r\n    <header class=\"zt-head\"><h3 class=\"zt-year\">2015<\/h3><\/header>\r\n    <div class=\"zt-body\">\r\n      <figure class=\"zt-figure\">\r\n        <span class=\"zt-ratio\"><img decoding=\"async\" src=\"https:\/\/zleyholdings.com\/wp-content\/uploads\/2025\/09\/\u8d44\u6e90-6.webp\" alt=\"\u00c9tape importante de 2015\" title=\"\"><\/span>\r\n      <\/figure>\r\n      <p class=\"zt-desc\">\r\n        L&#039;entreprise a continu\u00e9 \u00e0 se d\u00e9velopper et l&#039;usine a commenc\u00e9 \u00e0 mettre en place un centre de recherche et d\u00e9veloppement sp\u00e9cial pour les mati\u00e8res premi\u00e8res de soins de la peau.\r\n      <\/p>\r\n    <\/div>\r\n  <\/article>\r\n\r\n  <!-- 2018\uff08\u5de6\uff09 -->\r\n  <article class=\"zt-item zt-item--left\" id=\"y2018\">\r\n    <div class=\"zt-spoke\" aria-hidden=\"true\"><\/div>\r\n    <div class=\"zt-dot\" aria-hidden=\"true\"><\/div>\r\n    <header class=\"zt-head\"><h3 class=\"zt-year\">2018<\/h3><\/header>\r\n    <div class=\"zt-body\">\r\n      <figure class=\"zt-figure\">\r\n        <span class=\"zt-ratio\"><img decoding=\"async\" src=\"https:\/\/zleyholdings.com\/wp-content\/uploads\/2025\/09\/Fkxr1a.tif.webp\" alt=\"\u00c9tape importante de 2018\" title=\"\"><\/span>\r\n      <\/figure>\r\n      <p class=\"zt-desc\">\r\n        Avec la demande croissante du march\u00e9 en produits cosm\u00e9tiques et de soins de la peau, l&#039;usine a encore \u00e9largi la base de production d&#039;ingr\u00e9dients de soins de la peau.\r\n      <\/p>\r\n    <\/div>\r\n  <\/article>\r\n\r\n  <!-- 2020\uff08\u53f3\uff09 -->\r\n  <article class=\"zt-item zt-item--right\" id=\"y2020\">\r\n    <div class=\"zt-spoke\" aria-hidden=\"true\"><\/div>\r\n    <div class=\"zt-dot\" aria-hidden=\"true\"><\/div>\r\n    <header class=\"zt-head\"><h3 class=\"zt-year\">2020<\/h3><\/header>\r\n    <div class=\"zt-body\">\r\n      <figure class=\"zt-figure\">\r\n        <span class=\"zt-ratio\"><img decoding=\"async\" src=\"https:\/\/zleyholdings.com\/wp-content\/uploads\/2025\/09\/\u8d44\u6e90-8.webp\" alt=\"\u00c9tape importante de 2020\" title=\"\"><\/span>\r\n      <\/figure>\r\n      <p class=\"zt-desc\">\r\n        Le groupe ZLEY s&#039;est engag\u00e9 dans l&#039;innovation de conservateurs et de mati\u00e8res premi\u00e8res fonctionnelles pour les industries cosm\u00e9tiques, de nettoyage et de d\u00e9sinfection.\r\n      <\/p>\r\n    <\/div>\r\n  <\/article>\r\n<\/section>\r\n\r\n<style>\r\n\/* ===== \u53d8\u91cf\uff08\u53d6\u7ad9\u70b9\u98ce\u683c & \u6d77\u62a5\u89c6\u89c9\uff09 ===== *\/\r\n.zley-timeline{\r\n  --page-max: 1060px;\r\n  --axis-color: #D7D6DE;         \/* \u4e2d\u7ebf\u7070\uff08\u66f4\u8d34\u8fd1\u6d77\u62a5\uff09 *\/\r\n  --brand: #6B4B91;              \/* \u5e74\u4efd\u7d2b *\/\r\n  --text: #3E3A44;               \/* \u6b63\u6587\u6df1\u7070 *\/\r\n  --muted: #8A8592;              \/* \u6b21\u7ea7\u7070 *\/\r\n  --year-size: clamp(30px, 5vw, 56px);\r\n  --desc-size: 14.5px;\r\n  --line-height: 1.65;\r\n  --gap-y: clamp(36px, 5.6vw, 68px);\r\n  --col-gap: clamp(28px, 6vw, 88px);\r\n  --img-radius: 8px;\r\n  --shadow: 0 6px 20px rgba(0,0,0,.07);\r\n\r\n  position: relative;\r\n  margin: 40px auto;\r\n  padding: 40px 24px 64px;\r\n  max-width: var(--page-max);\r\n  color: var(--text);\r\n  font-family: \"Inter\", system-ui, -apple-system, Segoe UI, Arial, sans-serif;\r\n  font-weight: 400;\r\n  line-height: var(--line-height);\r\n}\r\n\r\n\/* \u4e2d\u7ebf *\/\r\n.zt-axis{\r\n  position: absolute;\r\n  top: 0; bottom: 0;\r\n  left: 50%;\r\n  width: 2px;\r\n  background: var(--axis-color);\r\n  transform: translateX(-1px);\r\n}\r\n\r\n\/* \u7ad6\u6392\u82f1\u6587\u6807\u9898\uff08\u9760\u8fd1\u4e2d\u7ebf\uff0c\u5b57\u8ddd\u66f4\u5927\uff09 *\/\r\n.zt-title-vertical{\r\n  position: absolute;\r\n  top: 50%;\r\n  left: 50%;\r\n  transform: translate(-50%,-50%) rotate(90deg);\r\n  transform-origin: center;\r\n  letter-spacing: .22em;\r\n  color: var(--muted);\r\n  font-weight: 600;\r\n  font-size: 19.5px;\r\n  white-space: nowrap;\r\n}\r\n\r\n\/* \u9876\/\u5e95\u7684\u5c0f\u5e74\u4efd *\/\r\n.zt-year-cap{\r\n  position: absolute;\r\n  left: 50%;\r\n  transform: translateX(-50%);\r\n  color: var(--muted);\r\n  font-size: 12px;\r\n}\r\n.zt-year-cap--top{ top: -6px; }\r\n.zt-year-cap--bottom{ bottom: -6px; }\r\n\r\n\/* \u6bcf\u4e2a\u8282\u70b9\u5bb9\u5668 *\/\r\n.zt-item{\r\n  display: grid;\r\n  grid-template-columns: 1fr 1fr;\r\n  column-gap: var(--col-gap);\r\n  margin-block: var(--gap-y);\r\n  position: relative;\r\n}\r\n\r\n\/* \u5185\u5bb9\u6240\u5728\u5217\uff08\u53e6\u4e00\u5217\u7559\u7ed9\u4e2d\u7ebf\uff09 *\/\r\n.zt-item--left  .zt-head, .zt-item--left  .zt-body{ grid-column: 1; }\r\n.zt-item--right .zt-head, .zt-item--right .zt-body{ grid-column: 2; }\r\n\r\n\/* \u8fde\u7ebf\uff1a\u4ece\u5185\u5bb9\u8fb9\u7f18\u5230\u4e2d\u7ebf\uff0c\u957f\u5ea6\u968f\u5217\u95f4\u8ddd\u81ea\u52a8\u8ba1\u7b97 *\/\r\n.zt-spoke{\r\n  position: absolute;\r\n  top: 30px; \/* \u5bf9\u9f50\u5e74\u4efd\u884c *\/\r\n  width: calc(50% - (var(--col-gap) \/ 2));\r\n  height: 2px;\r\n  background: var(--axis-color);\r\n}\r\n.zt-item--left  .zt-spoke{ right: 50%; }\r\n.zt-item--right .zt-spoke{ left: 50%; }\r\n\r\n\/* \u4e2d\u7ebf\u4e0a\u7684\u5c0f\u5706\u70b9\uff0c\u5e26\u767d\u8272\u73af\u63cf *\/\r\n.zt-dot{\r\n  position: absolute;\r\n  top: 24px;\r\n  left: 50%;\r\n  width: 12px; height: 12px;\r\n  background: #fff;\r\n  border: 2px solid var(--brand);\r\n  border-radius: 50%;\r\n  transform: translate(-50%, 0);\r\n  box-shadow: 0 0 0 5px #fff;\r\n}\r\n\r\n\/* \u5e74\u4efd\u5927\u5b57 *\/\r\n.zt-year{\r\n  margin: 0 0 10px 0;\r\n  color: var(--brand);\r\n  font-weight: 700;                    \/* \u52a0\u7c97 *\/\r\n  font-size: var(--year-size);\r\n  line-height: 1.02;\r\n  letter-spacing: .01em;\r\n}\r\n\r\n\/* \u6b63\u6587\u4e0e\u914d\u56fe *\/\r\n.zt-body{ display: grid; gap: 16px; max-width: 480px; }\r\n.zt-desc{ margin: 0; color: var(--text); font-size: var(--desc-size); }\r\n\r\n\/* \u56fe\u7247\uff1a\u7edf\u4e00\u6bd4\u4f8b\u5bb9\u5668\uff08\u9ed8\u8ba4 2:1\uff0c\u53ef\u628a --ratio \u6539\u4e3a 56.25% \u5373 16:9\uff09 *\/\r\n.zt-figure{ margin: 0; }\r\n.zt-ratio{\r\n  --ratio: 50%;                        \/* 2:1 \u2192 50%\uff1b16:9 \u2192 56.25%\uff1b3:2 \u2192 66.66% *\/\r\n  position: relative;\r\n  display: block;\r\n  width: 100%;\r\n  padding-top: var(--ratio);\r\n  overflow: hidden;\r\n  border-radius: var(--img-radius);\r\n  box-shadow: var(--shadow);\r\n}\r\n.zt-ratio > img{\r\n  position: absolute;\r\n  inset: 0;\r\n  width: 100%; height: 100%;\r\n  object-fit: cover;\r\n  display: block;\r\n}\r\n\r\n\/* \u4e24\u56fe\u5e76\u6392\uff08\u5982\u9700\uff09\uff1a\u6bcf\u5f20\u4e5f\u5305 .zt-ratio\uff0c\u6bd4\u4f8b\u4fdd\u6301\u4e00\u81f4 *\/\r\n.zt-figure--row{\r\n  display: grid;\r\n  grid-template-columns: 1fr 1fr;\r\n  gap: 12px;\r\n}\r\n\r\n\/* ===== \u54cd\u5e94\u5f0f ===== *\/\r\n@media (max-width: 1024px){\r\n  .zt-title-vertical{ display: none; }  \/* \u5e73\u677f\u53ca\u4ee5\u4e0b\u9690\u85cf\u7ad6\u6392\u6807\u9898 *\/\r\n}\r\n\r\n@media (max-width: 780px){\r\n  .zley-timeline{ padding: 24px 16px 40px; }\r\n  .zt-axis{ left: 24px; transform: none; }  \/* \u4e2d\u7ebf\u9760\u5de6 *\/\r\n  .zt-year-cap{ display:none; }\r\n\r\n  .zt-item{\r\n    grid-template-columns: 1fr;\r\n    margin-left: 24px;                  \/* \u7ed9\u4e2d\u7ebf\u7559\u4f4d *\/\r\n  }\r\n  .zt-item--left .zt-head,\r\n  .zt-item--left .zt-body,\r\n  .zt-item--right .zt-head,\r\n  .zt-item--right .zt-body{\r\n    grid-column: 1;\r\n  }\r\n  .zt-spoke{\r\n    left: 24px; right: auto;\r\n    width: 28px;\r\n  }\r\n  .zt-dot{\r\n    left: 24px; transform: none;\r\n  }\r\n  .zt-body{ max-width: none; }\r\n}\r\n<\/style>\r\n\t\t\t\t<\/div>\n\t\t\t\t<\/div>\n\t\t\t\t<\/div>\n\t\t\t\t<\/div>","protected":false},"excerpt":{"rendered":"<p>THE HISTORICAL DEVELOPMENT PROCESS OF ZLEY GROUP 1997 2020 1997 Mr. Chang Shuiping founded a company, which specialized in developing BPC (bulk pharmaceutical chemicals), such as piperazine dihydrochloride, nicardipine hydrochloride, raloxifene hydrochloride, and ferulic acid products, etc. 2007 With the increasing market demand, Mr. Chang established a factory, the plant covering an area of more [&hellip;]<\/p>","protected":false},"author":1,"featured_media":0,"parent":0,"menu_order":0,"comment_status":"closed","ping_status":"closed","template":"","meta":{"_acf_changed":false,"site-sidebar-layout":"no-sidebar","site-content-layout":"page-builder","ast-site-content-layout":"full-width-container","site-content-style":"unboxed","site-sidebar-style":"unboxed","ast-global-header-display":"","ast-banner-title-visibility":"","ast-main-header-display":"","ast-hfb-above-header-display":"","ast-hfb-below-header-display":"","ast-hfb-mobile-header-display":"","site-post-title":"disabled","ast-breadcrumbs-content":"","ast-featured-img":"disabled","footer-sml-layout":"","theme-transparent-header-meta":"","adv-header-id-meta":"","stick-header-meta":"enabled","header-above-stick-meta":"","header-main-stick-meta":"","header-below-stick-meta":"","astra-migrate-meta-layouts":"set","ast-page-background-enabled":"default","ast-page-background-meta":{"desktop":{"background-color":"","background-image":"","background-repeat":"repeat","background-position":"center center","background-size":"auto","background-attachment":"scroll","background-type":"","background-media":"","overlay-type":"","overlay-color":"","overlay-opacity":"","overlay-gradient":""},"tablet":{"background-color":"","background-image":"","background-repeat":"repeat","background-position":"center center","background-size":"auto","background-attachment":"scroll","background-type":"","background-media":"","overlay-type":"","overlay-color":"","overlay-opacity":"","overlay-gradient":""},"mobile":{"background-color":"","background-image":"","background-repeat":"repeat","background-position":"center center","background-size":"auto","background-attachment":"scroll","background-type":"","background-media":"","overlay-type":"","overlay-color":"","overlay-opacity":"","overlay-gradient":""}},"ast-content-background-meta":{"desktop":{"background-color":"var(--ast-global-color-5)","background-image":"","background-repeat":"repeat","background-position":"center center","background-size":"auto","background-attachment":"scroll","background-type":"","background-media":"","overlay-type":"","overlay-color":"","overlay-opacity":"","overlay-gradient":""},"tablet":{"background-color":"var(--ast-global-color-5)","background-image":"","background-repeat":"repeat","background-position":"center center","background-size":"auto","background-attachment":"scroll","background-type":"","background-media":"","overlay-type":"","overlay-color":"","overlay-opacity":"","overlay-gradient":""},"mobile":{"background-color":"var(--ast-global-color-5)","background-image":"","background-repeat":"repeat","background-position":"center center","background-size":"auto","background-attachment":"scroll","background-type":"","background-media":"","overlay-type":"","overlay-color":"","overlay-opacity":"","overlay-gradient":""}},"footnotes":""},"class_list":["post-5364","page","type-page","status-publish","hentry"],"acf":[],"_links":{"self":[{"href":"https:\/\/zleyholdings.com\/fr\/wp-json\/wp\/v2\/pages\/5364","targetHints":{"allow":["GET"]}}],"collection":[{"href":"https:\/\/zleyholdings.com\/fr\/wp-json\/wp\/v2\/pages"}],"about":[{"href":"https:\/\/zleyholdings.com\/fr\/wp-json\/wp\/v2\/types\/page"}],"author":[{"embeddable":true,"href":"https:\/\/zleyholdings.com\/fr\/wp-json\/wp\/v2\/users\/1"}],"replies":[{"embeddable":true,"href":"https:\/\/zleyholdings.com\/fr\/wp-json\/wp\/v2\/comments?post=5364"}],"version-history":[{"count":0,"href":"https:\/\/zleyholdings.com\/fr\/wp-json\/wp\/v2\/pages\/5364\/revisions"}],"wp:attachment":[{"href":"https:\/\/zleyholdings.com\/fr\/wp-json\/wp\/v2\/media?parent=5364"}],"curies":[{"name":"wp","href":"https:\/\/api.w.org\/{rel}","templated":true}]}}