{"id":5306,"date":"2025-08-25T16:50:50","date_gmt":"2025-08-25T08:50:50","guid":{"rendered":"https:\/\/zleyholdings.com\/?page_id=5306"},"modified":"2025-09-11T11:00:55","modified_gmt":"2025-09-11T03:00:55","slug":"nos-installations-2","status":"publish","type":"page","link":"https:\/\/zleyholdings.com\/fr\/nos-installations-2\/","title":{"rendered":"NOTRE QUALIT\u00c9"},"content":{"rendered":"<div data-elementor-type=\"wp-page\" data-elementor-id=\"5306\" class=\"elementor elementor-5306\" data-elementor-settings=\"{&quot;element_pack_global_tooltip_width&quot;:{&quot;unit&quot;:&quot;px&quot;,&quot;size&quot;:&quot;&quot;,&quot;sizes&quot;:[]},&quot;element_pack_global_tooltip_width_tablet&quot;:{&quot;unit&quot;:&quot;px&quot;,&quot;size&quot;:&quot;&quot;,&quot;sizes&quot;:[]},&quot;element_pack_global_tooltip_width_mobile&quot;:{&quot;unit&quot;:&quot;px&quot;,&quot;size&quot;:&quot;&quot;,&quot;sizes&quot;:[]},&quot;element_pack_global_tooltip_padding&quot;:{&quot;unit&quot;:&quot;px&quot;,&quot;top&quot;:&quot;&quot;,&quot;right&quot;:&quot;&quot;,&quot;bottom&quot;:&quot;&quot;,&quot;left&quot;:&quot;&quot;,&quot;isLinked&quot;:true},&quot;element_pack_global_tooltip_padding_tablet&quot;:{&quot;unit&quot;:&quot;px&quot;,&quot;top&quot;:&quot;&quot;,&quot;right&quot;:&quot;&quot;,&quot;bottom&quot;:&quot;&quot;,&quot;left&quot;:&quot;&quot;,&quot;isLinked&quot;:true},&quot;element_pack_global_tooltip_padding_mobile&quot;:{&quot;unit&quot;:&quot;px&quot;,&quot;top&quot;:&quot;&quot;,&quot;right&quot;:&quot;&quot;,&quot;bottom&quot;:&quot;&quot;,&quot;left&quot;:&quot;&quot;,&quot;isLinked&quot;:true},&quot;element_pack_global_tooltip_border_radius&quot;:{&quot;unit&quot;:&quot;px&quot;,&quot;top&quot;:&quot;&quot;,&quot;right&quot;:&quot;&quot;,&quot;bottom&quot;:&quot;&quot;,&quot;left&quot;:&quot;&quot;,&quot;isLinked&quot;:true},&quot;element_pack_global_tooltip_border_radius_tablet&quot;:{&quot;unit&quot;:&quot;px&quot;,&quot;top&quot;:&quot;&quot;,&quot;right&quot;:&quot;&quot;,&quot;bottom&quot;:&quot;&quot;,&quot;left&quot;:&quot;&quot;,&quot;isLinked&quot;:true},&quot;element_pack_global_tooltip_border_radius_mobile&quot;:{&quot;unit&quot;:&quot;px&quot;,&quot;top&quot;:&quot;&quot;,&quot;right&quot;:&quot;&quot;,&quot;bottom&quot;:&quot;&quot;,&quot;left&quot;:&quot;&quot;,&quot;isLinked&quot;:true}}\" data-elementor-post-type=\"page\">\n\t\t\t\t<div class=\"elementor-element elementor-element-31a7443 e-flex e-con-boxed e-con e-parent\" data-id=\"31a7443\" data-element_type=\"container\" data-e-type=\"container\" data-settings=\"{&quot;background_background&quot;:&quot;classic&quot;}\">\n\t\t\t\t\t<div class=\"e-con-inner\">\n\t\t<div class=\"elementor-element elementor-element-7395cfe e-con-full e-flex e-con e-child\" data-id=\"7395cfe\" data-element_type=\"container\" data-e-type=\"container\">\n\t\t\t\t<div class=\"elementor-element elementor-element-b1dcaa7 elementor-widget elementor-widget-heading\" data-id=\"b1dcaa7\" data-element_type=\"widget\" data-e-type=\"widget\" data-widget_type=\"heading.default\">\n\t\t\t\t<div class=\"elementor-widget-container\">\n\t\t\t\t\t<h2 class=\"elementor-heading-title elementor-size-default\">NOTRE QUALIT\u00c9\/<\/h2>\t\t\t\t<\/div>\n\t\t\t\t<\/div>\n\t\t\t\t<\/div>\n\t\t<div class=\"elementor-element elementor-element-dc6b998 e-con-full e-flex e-con e-child\" data-id=\"dc6b998\" data-element_type=\"container\" data-e-type=\"container\">\n\t\t<div class=\"elementor-element elementor-element-0897e8e e-con-full e-flex e-con e-child\" data-id=\"0897e8e\" data-element_type=\"container\" data-e-type=\"container\" data-settings=\"{&quot;background_background&quot;:&quot;classic&quot;}\">\n\t\t\t\t<div class=\"elementor-element elementor-element-3fce088 elementor-widget elementor-widget-image\" data-id=\"3fce088\" data-element_type=\"widget\" data-e-type=\"widget\" data-widget_type=\"image.default\">\n\t\t\t\t<div class=\"elementor-widget-container\">\n\t\t\t\t\t\t\t\t\t\t\t\t\t\t\t<img fetchpriority=\"high\" decoding=\"async\" width=\"1024\" height=\"681\" src=\"https:\/\/zleyholdings.com\/wp-content\/uploads\/2025\/09\/55686c241e89e7294d0697133ed676d1-1024x681.png\" class=\"attachment-large size-large wp-image-6502\" alt=\"\" srcset=\"https:\/\/zleyholdings.com\/wp-content\/uploads\/2025\/09\/55686c241e89e7294d0697133ed676d1-1024x681.png 1024w, https:\/\/zleyholdings.com\/wp-content\/uploads\/2025\/09\/55686c241e89e7294d0697133ed676d1-300x199.png 300w, https:\/\/zleyholdings.com\/wp-content\/uploads\/2025\/09\/55686c241e89e7294d0697133ed676d1-768x511.png 768w, https:\/\/zleyholdings.com\/wp-content\/uploads\/2025\/09\/55686c241e89e7294d0697133ed676d1-600x399.png 600w, https:\/\/zleyholdings.com\/wp-content\/uploads\/2025\/09\/55686c241e89e7294d0697133ed676d1-64x43.png 64w, https:\/\/zleyholdings.com\/wp-content\/uploads\/2025\/09\/55686c241e89e7294d0697133ed676d1.png 1173w\" sizes=\"(max-width: 1024px) 100vw, 1024px\" title=\"\">\t\t\t\t\t\t\t\t\t\t\t\t\t\t\t<\/div>\n\t\t\t\t<\/div>\n\t\t\t\t<div class=\"elementor-element elementor-element-46ad4c5 bdt-icon-type-icon elementor-position-top bdt-icon-effect-none elementor-widget elementor-widget-bdt-advanced-icon-box\" data-id=\"46ad4c5\" data-element_type=\"widget\" data-e-type=\"widget\" data-widget_type=\"bdt-advanced-icon-box.default\">\n\t\t\t\t<div class=\"elementor-widget-container\">\n\t\t\t\t\t\t\t<div class=\"bdt-ep-advanced-icon-box\">\n\n\t\t\t\t\t\t\t\n\t\t\n\t\t\t\t\n\t\t\t<div class=\"bdt-ep-advanced-icon-box-content\">\n\n\t\t\t\t\t\t\t\t\t\n\t\t\t\t\t<h3 class=\"bdt-ep-advanced-icon-box-title ep-title-\">\n\t\t\t\t<span >\n\t\t\t\t\tAQ \t\t\t\t<\/span>\n\t\t\t<\/h3>\n\t\t\n\n\t\t\n\t\t\t\t\t\n\t\t\t\t\n\t\t\t\t\t\t\t\t\t<div class=\"bdt-ep-advanced-icon-box-description\">\n\t\t\t\t\t\t<p>Notre \u00e9quipe d&#039;assurance qualit\u00e9 exp\u00e9riment\u00e9e veille \u00e0 la qualit\u00e9 de nos produits. Un syst\u00e8me complet de gestion de la qualit\u00e9 garantit la conformit\u00e9. Chaque produit est accompagn\u00e9 d&#039;une documentation compl\u00e8te, comprenant les dossiers de production, les rapports d&#039;essais complets, les certificats d&#039;analyse (COA), les fiches de donn\u00e9es de s\u00e9curit\u00e9 (FDS) et les d\u00e9clarations pertinentes.<\/p>\t\t\t\t\t<\/div>\n\t\t\t\t\n\t\t\t\t\t\t\t\t\t<a class=\"bdt-ep-advanced-icon-box-readmore bdt-display-inline-block\">\n\t\t\t\t\t\t\n\t\t\t\t\t\t\t\t\t\t\t<\/a>\n\t\t\t\t\t\t\t<\/div>\n\t\t<\/div>\n\n\t\t\n\t\t\n\t\t\t\t<\/div>\n\t\t\t\t<\/div>\n\t\t\t\t<\/div>\n\t\t\t\t<\/div>\n\t\t<div class=\"elementor-element elementor-element-954823c e-con-full e-flex e-con e-child\" data-id=\"954823c\" data-element_type=\"container\" data-e-type=\"container\" data-settings=\"{&quot;background_background&quot;:&quot;classic&quot;}\">\n\t\t<div class=\"elementor-element elementor-element-963b2fd e-con-full e-flex e-con e-child\" data-id=\"963b2fd\" data-element_type=\"container\" data-e-type=\"container\">\n\t\t\t\t<div class=\"elementor-element elementor-element-7e2f2bf elementor-widget elementor-widget-image\" data-id=\"7e2f2bf\" data-element_type=\"widget\" data-e-type=\"widget\" data-widget_type=\"image.default\">\n\t\t\t\t<div class=\"elementor-widget-container\">\n\t\t\t\t\t\t\t\t\t\t\t\t\t\t\t<img decoding=\"async\" width=\"1024\" height=\"576\" src=\"https:\/\/zleyholdings.com\/wp-content\/uploads\/2025\/08\/3-3-1024x576.png\" class=\"attachment-large size-large wp-image-5180\" alt=\"zone-5\" srcset=\"https:\/\/zleyholdings.com\/wp-content\/uploads\/2025\/08\/3-3-1024x576.png 1024w, https:\/\/zleyholdings.com\/wp-content\/uploads\/2025\/08\/3-3-300x169.png 300w, https:\/\/zleyholdings.com\/wp-content\/uploads\/2025\/08\/3-3-768x432.png 768w, https:\/\/zleyholdings.com\/wp-content\/uploads\/2025\/08\/3-3-1536x864.png 1536w, https:\/\/zleyholdings.com\/wp-content\/uploads\/2025\/08\/3-3-600x338.png 600w, https:\/\/zleyholdings.com\/wp-content\/uploads\/2025\/08\/3-3-64x36.png 64w, https:\/\/zleyholdings.com\/wp-content\/uploads\/2025\/08\/3-3.png 1920w\" sizes=\"(max-width: 1024px) 100vw, 1024px\" title=\"\">\t\t\t\t\t\t\t\t\t\t\t\t\t\t\t<\/div>\n\t\t\t\t<\/div>\n\t\t\t\t<div class=\"elementor-element elementor-element-757f2f3 bdt-icon-type-icon elementor-position-top bdt-icon-effect-none elementor-widget elementor-widget-bdt-advanced-icon-box\" data-id=\"757f2f3\" data-element_type=\"widget\" data-e-type=\"widget\" data-widget_type=\"bdt-advanced-icon-box.default\">\n\t\t\t\t<div class=\"elementor-widget-container\">\n\t\t\t\t\t\t\t<div class=\"bdt-ep-advanced-icon-box\">\n\n\t\t\t\t\t\t\t\n\t\t\n\t\t\t\t\n\t\t\t<div class=\"bdt-ep-advanced-icon-box-content\">\n\n\t\t\t\t\t\t\t\t\t\n\t\t\t\t\t<h3 class=\"bdt-ep-advanced-icon-box-title ep-title-\">\n\t\t\t\t<span >\n\t\t\t\t\tCQ\t\t\t\t<\/span>\n\t\t\t<\/h3>\n\t\t\n\n\t\t\n\t\t\t\t\t\n\t\t\t\t\n\t\t\t\t\t\t\t\t\t<div class=\"bdt-ep-advanced-icon-box-description\">\n\t\t\t\t\t\t<p>Nous disposons d&#039;un laboratoire de contr\u00f4le qualit\u00e9 enti\u00e8rement \u00e9quip\u00e9. Notre centre ind\u00e9pendant de tests et d&#039;\u00e9valuation des fonctionnalit\u00e9s des soins de la peau, d&#039;une superficie de 2\u00a0000 m\u00b2, est construit conform\u00e9ment aux normes de laboratoire P2 d\u00e9finies dans la norme nationale GB19498-2011 relative aux exigences g\u00e9n\u00e9rales de bios\u00e9curit\u00e9 en laboratoire. Ce centre a obtenu la certification CMA et est capable de r\u00e9aliser des inspections compl\u00e8tes, incluant des analyses physico-chimiques, des tests microbiens et des \u00e9valuations sensorielles.<\/p>\t\t\t\t\t<\/div>\n\t\t\t\t\n\t\t\t\t\t\t\t\t\t<a class=\"bdt-ep-advanced-icon-box-readmore bdt-display-inline-block\">\n\t\t\t\t\t\t\n\t\t\t\t\t\t\t\t\t\t\t<\/a>\n\t\t\t\t\t\t\t<\/div>\n\t\t<\/div>\n\n\t\t\n\t\t\n\t\t\t\t<\/div>\n\t\t\t\t<\/div>\n\t\t\t\t<\/div>\n\t\t\t\t<\/div>\n\t\t<div class=\"elementor-element elementor-element-f580e3a e-con-full e-flex e-con e-child\" data-id=\"f580e3a\" data-element_type=\"container\" data-e-type=\"container\" data-settings=\"{&quot;background_background&quot;:&quot;classic&quot;}\">\n\t\t<div class=\"elementor-element elementor-element-0fadd30 e-con-full e-flex e-con e-child\" data-id=\"0fadd30\" data-element_type=\"container\" data-e-type=\"container\">\n\t\t\t\t<div class=\"elementor-element elementor-element-8859fb9 elementor-widget elementor-widget-image\" data-id=\"8859fb9\" data-element_type=\"widget\" data-e-type=\"widget\" data-widget_type=\"image.default\">\n\t\t\t\t<div class=\"elementor-widget-container\">\n\t\t\t\t\t\t\t\t\t\t\t\t\t\t\t<img decoding=\"async\" width=\"1024\" height=\"576\" src=\"https:\/\/zleyholdings.com\/wp-content\/uploads\/2025\/08\/3-2-1024x576.png\" class=\"attachment-large size-large wp-image-5179\" alt=\"zone-5\" srcset=\"https:\/\/zleyholdings.com\/wp-content\/uploads\/2025\/08\/3-2-1024x576.png 1024w, https:\/\/zleyholdings.com\/wp-content\/uploads\/2025\/08\/3-2-300x169.png 300w, https:\/\/zleyholdings.com\/wp-content\/uploads\/2025\/08\/3-2-768x432.png 768w, https:\/\/zleyholdings.com\/wp-content\/uploads\/2025\/08\/3-2-1536x864.png 1536w, https:\/\/zleyholdings.com\/wp-content\/uploads\/2025\/08\/3-2-600x338.png 600w, https:\/\/zleyholdings.com\/wp-content\/uploads\/2025\/08\/3-2-64x36.png 64w, https:\/\/zleyholdings.com\/wp-content\/uploads\/2025\/08\/3-2.png 1920w\" sizes=\"(max-width: 1024px) 100vw, 1024px\" title=\"\">\t\t\t\t\t\t\t\t\t\t\t\t\t\t\t<\/div>\n\t\t\t\t<\/div>\n\t\t\t\t<div class=\"elementor-element elementor-element-bd39e87 bdt-icon-type-icon elementor-position-top bdt-icon-effect-none elementor-widget elementor-widget-bdt-advanced-icon-box\" data-id=\"bd39e87\" data-element_type=\"widget\" data-e-type=\"widget\" data-widget_type=\"bdt-advanced-icon-box.default\">\n\t\t\t\t<div class=\"elementor-widget-container\">\n\t\t\t\t\t\t\t<div class=\"bdt-ep-advanced-icon-box\">\n\n\t\t\t\t\t\t\t\n\t\t\n\t\t\t\t\n\t\t\t<div class=\"bdt-ep-advanced-icon-box-content\">\n\n\t\t\t\t\t\t\t\t\t\n\t\t\t\t\t<h3 class=\"bdt-ep-advanced-icon-box-title ep-title-\">\n\t\t\t\t<span >\n\t\t\t\t\tFOSCTEC\t\t\t\t<\/span>\n\t\t\t<\/h3>\n\t\t\n\n\t\t\n\t\t\t\t\t\n\t\t\t\t\n\t\t\t\t\t\t\t\t\t<div class=\"bdt-ep-advanced-icon-box-description\">\n\t\t\t\t\t\t<p>Nous collaborons avec un institut de test ind\u00e9pendant sp\u00e9cialis\u00e9 dans les cosm\u00e9tiques, les mati\u00e8res premi\u00e8res et les interm\u00e9diaires pharmaceutiques. Cela garantit une v\u00e9rification ind\u00e9pendante gr\u00e2ce \u00e0 des tests complets, incluant des \u00e9valuations chimiques, microbiologiques, de stabilit\u00e9 et fonctionnelles, garantissant ainsi la fiabilit\u00e9 des produits et leur conformit\u00e9 r\u00e9glementaire.<\/p>\t\t\t\t\t<\/div>\n\t\t\t\t\n\t\t\t\t\t\t\t\t\t<a class=\"bdt-ep-advanced-icon-box-readmore bdt-display-inline-block\">\n\t\t\t\t\t\t\n\t\t\t\t\t\t\t\t\t\t\t<\/a>\n\t\t\t\t\t\t\t<\/div>\n\t\t<\/div>\n\n\t\t\n\t\t\n\t\t\t\t<\/div>\n\t\t\t\t<\/div>\n\t\t\t\t<\/div>\n\t\t\t\t<\/div>\n\t\t\t\t\t<\/div>\n\t\t\t\t<\/div>\n\t\t\t\t<\/div>","protected":false},"excerpt":{"rendered":"<p>OUR QUALITY\/ QA We have an experienced QA team dedicated to ensuring product quality. A comprehensive quality management system is in place to guarantee compliance. Each product is supported by complete documentation, including production records, full test reports, COA, SDS, and relevant statements. QC We have a fully equipped QC laboratory. Our independent Skincare Functionality [&hellip;]<\/p>","protected":false},"author":1,"featured_media":0,"parent":0,"menu_order":0,"comment_status":"closed","ping_status":"closed","template":"","meta":{"_acf_changed":false,"site-sidebar-layout":"no-sidebar","site-content-layout":"page-builder","ast-site-content-layout":"full-width-container","site-content-style":"unboxed","site-sidebar-style":"unboxed","ast-global-header-display":"","ast-banner-title-visibility":"","ast-main-header-display":"","ast-hfb-above-header-display":"","ast-hfb-below-header-display":"","ast-hfb-mobile-header-display":"","site-post-title":"disabled","ast-breadcrumbs-content":"","ast-featured-img":"disabled","footer-sml-layout":"","theme-transparent-header-meta":"","adv-header-id-meta":"","stick-header-meta":"default","header-above-stick-meta":"","header-main-stick-meta":"","header-below-stick-meta":"","astra-migrate-meta-layouts":"set","ast-page-background-enabled":"default","ast-page-background-meta":{"desktop":{"background-color":"","background-image":"","background-repeat":"repeat","background-position":"center center","background-size":"auto","background-attachment":"scroll","background-type":"","background-media":"","overlay-type":"","overlay-color":"","overlay-opacity":"","overlay-gradient":""},"tablet":{"background-color":"","background-image":"","background-repeat":"repeat","background-position":"center center","background-size":"auto","background-attachment":"scroll","background-type":"","background-media":"","overlay-type":"","overlay-color":"","overlay-opacity":"","overlay-gradient":""},"mobile":{"background-color":"","background-image":"","background-repeat":"repeat","background-position":"center center","background-size":"auto","background-attachment":"scroll","background-type":"","background-media":"","overlay-type":"","overlay-color":"","overlay-opacity":"","overlay-gradient":""}},"ast-content-background-meta":{"desktop":{"background-color":"var(--ast-global-color-5)","background-image":"","background-repeat":"repeat","background-position":"center center","background-size":"auto","background-attachment":"scroll","background-type":"","background-media":"","overlay-type":"","overlay-color":"","overlay-opacity":"","overlay-gradient":""},"tablet":{"background-color":"var(--ast-global-color-5)","background-image":"","background-repeat":"repeat","background-position":"center center","background-size":"auto","background-attachment":"scroll","background-type":"","background-media":"","overlay-type":"","overlay-color":"","overlay-opacity":"","overlay-gradient":""},"mobile":{"background-color":"var(--ast-global-color-5)","background-image":"","background-repeat":"repeat","background-position":"center center","background-size":"auto","background-attachment":"scroll","background-type":"","background-media":"","overlay-type":"","overlay-color":"","overlay-opacity":"","overlay-gradient":""}},"footnotes":""},"class_list":["post-5306","page","type-page","status-publish","hentry"],"acf":[],"_links":{"self":[{"href":"https:\/\/zleyholdings.com\/fr\/wp-json\/wp\/v2\/pages\/5306","targetHints":{"allow":["GET"]}}],"collection":[{"href":"https:\/\/zleyholdings.com\/fr\/wp-json\/wp\/v2\/pages"}],"about":[{"href":"https:\/\/zleyholdings.com\/fr\/wp-json\/wp\/v2\/types\/page"}],"author":[{"embeddable":true,"href":"https:\/\/zleyholdings.com\/fr\/wp-json\/wp\/v2\/users\/1"}],"replies":[{"embeddable":true,"href":"https:\/\/zleyholdings.com\/fr\/wp-json\/wp\/v2\/comments?post=5306"}],"version-history":[{"count":0,"href":"https:\/\/zleyholdings.com\/fr\/wp-json\/wp\/v2\/pages\/5306\/revisions"}],"wp:attachment":[{"href":"https:\/\/zleyholdings.com\/fr\/wp-json\/wp\/v2\/media?parent=5306"}],"curies":[{"name":"wp","href":"https:\/\/api.w.org\/{rel}","templated":true}]}}