{"id":2639,"date":"2025-06-25T12:00:10","date_gmt":"2025-06-25T04:00:10","guid":{"rendered":"https:\/\/zleyholdings.com\/?page_id=2639"},"modified":"2025-06-25T13:43:42","modified_gmt":"2025-06-25T05:43:42","slug":"politique-de-confidentialite","status":"publish","type":"page","link":"https:\/\/zleyholdings.com\/fr\/politique-de-confidentialite\/","title":{"rendered":"politique de confidentialit\u00e9"},"content":{"rendered":"<div data-elementor-type=\"wp-page\" data-elementor-id=\"2639\" class=\"elementor elementor-2639\" data-elementor-settings=\"{&quot;element_pack_global_tooltip_width&quot;:{&quot;unit&quot;:&quot;px&quot;,&quot;size&quot;:&quot;&quot;,&quot;sizes&quot;:[]},&quot;element_pack_global_tooltip_width_tablet&quot;:{&quot;unit&quot;:&quot;px&quot;,&quot;size&quot;:&quot;&quot;,&quot;sizes&quot;:[]},&quot;element_pack_global_tooltip_width_mobile&quot;:{&quot;unit&quot;:&quot;px&quot;,&quot;size&quot;:&quot;&quot;,&quot;sizes&quot;:[]},&quot;element_pack_global_tooltip_padding&quot;:{&quot;unit&quot;:&quot;px&quot;,&quot;top&quot;:&quot;&quot;,&quot;right&quot;:&quot;&quot;,&quot;bottom&quot;:&quot;&quot;,&quot;left&quot;:&quot;&quot;,&quot;isLinked&quot;:true},&quot;element_pack_global_tooltip_padding_tablet&quot;:{&quot;unit&quot;:&quot;px&quot;,&quot;top&quot;:&quot;&quot;,&quot;right&quot;:&quot;&quot;,&quot;bottom&quot;:&quot;&quot;,&quot;left&quot;:&quot;&quot;,&quot;isLinked&quot;:true},&quot;element_pack_global_tooltip_padding_mobile&quot;:{&quot;unit&quot;:&quot;px&quot;,&quot;top&quot;:&quot;&quot;,&quot;right&quot;:&quot;&quot;,&quot;bottom&quot;:&quot;&quot;,&quot;left&quot;:&quot;&quot;,&quot;isLinked&quot;:true},&quot;element_pack_global_tooltip_border_radius&quot;:{&quot;unit&quot;:&quot;px&quot;,&quot;top&quot;:&quot;&quot;,&quot;right&quot;:&quot;&quot;,&quot;bottom&quot;:&quot;&quot;,&quot;left&quot;:&quot;&quot;,&quot;isLinked&quot;:true},&quot;element_pack_global_tooltip_border_radius_tablet&quot;:{&quot;unit&quot;:&quot;px&quot;,&quot;top&quot;:&quot;&quot;,&quot;right&quot;:&quot;&quot;,&quot;bottom&quot;:&quot;&quot;,&quot;left&quot;:&quot;&quot;,&quot;isLinked&quot;:true},&quot;element_pack_global_tooltip_border_radius_mobile&quot;:{&quot;unit&quot;:&quot;px&quot;,&quot;top&quot;:&quot;&quot;,&quot;right&quot;:&quot;&quot;,&quot;bottom&quot;:&quot;&quot;,&quot;left&quot;:&quot;&quot;,&quot;isLinked&quot;:true}}\" data-elementor-post-type=\"page\">\n\t\t\t\t<div class=\"elementor-element elementor-element-3428455 e-flex e-con-boxed e-con e-parent\" data-id=\"3428455\" data-element_type=\"container\" data-e-type=\"container\">\n\t\t\t\t\t<div class=\"e-con-inner\">\n\t\t\t\t<div class=\"elementor-element elementor-element-3e0e420 elementor-widget elementor-widget-heading\" data-id=\"3e0e420\" data-element_type=\"widget\" data-e-type=\"widget\" data-widget_type=\"heading.default\">\n\t\t\t\t<div class=\"elementor-widget-container\">\n\t\t\t\t\t<h1 class=\"elementor-heading-title elementor-size-default\">politique de confidentialit\u00e9<\/h1>\t\t\t\t<\/div>\n\t\t\t\t<\/div>\n\t\t\t\t<div class=\"elementor-element elementor-element-e7ce641 elementor-widget elementor-widget-breadcrumbs\" data-id=\"e7ce641\" data-element_type=\"widget\" data-e-type=\"widget\" data-widget_type=\"breadcrumbs.default\">\n\t\t\t\t<div class=\"elementor-widget-container\">\n\t\t\t\t\t<nav aria-label=\"chapelure\" class=\"rank-math-breadcrumb\"><p><span class=\"last\">Maison<\/span><\/p><\/nav>\t\t\t\t<\/div>\n\t\t\t\t<\/div>\n\t\t\t\t<div class=\"elementor-element elementor-element-318afc9 elementor-widget elementor-widget-text-editor\" data-id=\"318afc9\" data-element_type=\"widget\" data-e-type=\"widget\" data-widget_type=\"text-editor.default\">\n\t\t\t\t<div class=\"elementor-widget-container\">\n\t\t\t\t\t\t\t\t\t<p>Mis \u00e0 jour le 10 mai 2023<\/p><p>Merci de votre visite ! Nous accordons une grande importance \u00e0 la relation que nous entretenons avec nos clients et accordons une importance primordiale \u00e0 la protection de votre vie priv\u00e9e. La pr\u00e9sente d\u00e9claration de confidentialit\u00e9 de Zleyholdings vise \u00e0 vous informer sur la mani\u00e8re dont nous collectons les informations, les types d&#039;informations que nous collectons et les utilisations potentielles de ces informations. Nous utilisons toutes les ressources et informations disponibles pour am\u00e9liorer continuellement les services que nous vous proposons et mieux comprendre nos pratiques et nos donn\u00e9es marketing. Notre devise est de nous efforcer sans cesse d&#039;\u00eatre le meilleur fournisseur du secteur.<\/p><p>Nous respectons votre vie priv\u00e9e et ne vendons jamais vos informations. Nous tenons \u00e0 ce que vos informations personnelles soient prot\u00e9g\u00e9es contre toute utilisation accidentelle, illicite ou non autoris\u00e9e, destruction, perte, alt\u00e9ration, acc\u00e8s et divulgation. Toute collecte de donn\u00e9es vise \u00e0 am\u00e9liorer nos services, et toute information que nous partageons est limit\u00e9e \u00e0 nos filiales, prestataires de services, plateformes et parties impliqu\u00e9es dans les transactions et interactions qui rendent nos services possibles pour vous, aux agences de publicit\u00e9 et \u00e0 d&#039;autres tiers, notamment \u00e0 des fins de protection des consommateurs. Vous avez le droit de refuser les services auxquels vous n&#039;avez pas consenti, comme la d\u00e9sactivation des e-mails et le refus ou la personnalisation des cookies, entre autres options.<\/p><p>Veuillez lire attentivement cette Politique de confidentialit\u00e9 afin de comprendre nos politiques et pratiques concernant vos informations et la mani\u00e8re dont nous les traitons. Si vous n&#039;\u00eates pas d&#039;accord avec nos politiques et pratiques, n&#039;utilisez pas notre site web. En acc\u00e9dant \u00e0 ce site web ou en l&#039;utilisant, vous acceptez la pr\u00e9sente Politique de confidentialit\u00e9. Nous sommes susceptibles de la r\u00e9viser et de la mettre \u00e0 jour ponctuellement, et toutes les mises \u00e0 jour seront publi\u00e9es sur cette page. Sauf disposition l\u00e9gale contraire, votre utilisation continue de ce site web apr\u00e8s modification vaut acceptation de ces modifications. Veuillez donc consulter r\u00e9guli\u00e8rement la Politique de confidentialit\u00e9 pour prendre connaissance des mises \u00e0 jour. Pour toute question ou pr\u00e9occupation, veuillez nous contacter \u00e0 l&#039;adresse services@zleyholdings.com.<\/p><h2>1. Informations que nous collectons<\/h2><p>Zley Holdings collecte vos informations personnelles lorsque vous naviguez sur notre site web, utilisez nos outils de contact en ligne, nous envoyez des e-mails ou communiquez avec nous de toute autre mani\u00e8re. Ces informations personnelles peuvent inclure, sans s&#039;y limiter, votre nom et vos coordonn\u00e9es, telles que votre nom r\u00e9el, l&#039;adresse de votre entreprise, votre num\u00e9ro de t\u00e9l\u00e9phone, votre adresse IP, votre adresse e-mail et vos num\u00e9ros de bureau.<\/p><h2>2. Comment utilisons-nous vos informations ?<\/h2><p>Vos informations, qu&#039;elles soient publiques ou priv\u00e9es, ne seront ni vendues, ni \u00e9chang\u00e9es, ni transf\u00e9r\u00e9es, ni communiqu\u00e9es \u00e0 une autre soci\u00e9t\u00e9 sans votre consentement, sauf dans les cas sp\u00e9cifi\u00e9s dans la pr\u00e9sente Politique de confidentialit\u00e9. Nous utiliserons vos informations personnelles pour nos int\u00e9r\u00eats l\u00e9gitimes, c&#039;est-\u00e0-dire pour la conduite de nos activit\u00e9s, l&#039;ex\u00e9cution des commandes et le traitement des transactions, ainsi que la gestion et la fourniture de services, notamment\u00a0:<\/p><ul><li>Assurer, maintenir et am\u00e9liorer notre activit\u00e9 ;<\/li><li>G\u00e9rer et vous fournir des services ;<\/li><li>R\u00e9pondre \u00e0 vos questions, pr\u00e9occupations et autres demandes d\u2019assistance\u00a0;<\/li><li>Vous tenir inform\u00e9 des modifications administratives apport\u00e9es \u00e0 notre site Web, y compris les modifications apport\u00e9es \u00e0 nos conditions g\u00e9n\u00e9rales et autres politiques, ainsi que d&#039;autres informations concernant le site Web\u00a0;<\/li><li>Analyser les statistiques du site web, telles que l&#039;utilisation et les exp\u00e9riences, impactant votre navigation. Nous utilisons ces informations pour corriger les bugs et r\u00e9soudre d&#039;autres probl\u00e8mes afin de vous offrir la meilleure exp\u00e9rience de navigation possible.<\/li><li>R\u00e9aliser des \u00e9tudes de march\u00e9, qui alimentent notre strat\u00e9gie marketing et nous permettent de vous proposer une exp\u00e9rience de navigation adapt\u00e9e \u00e0 vos centres d&#039;int\u00e9r\u00eat. Par exemple, nous cr\u00e9ons des profils d&#039;utilisateurs pour vous proposer des communications marketing directes personnalis\u00e9es\u00a0;<\/li><li>Pr\u00e9venir la fraude, les activit\u00e9s criminelles et les utilisations abusives de notre site web. Nous utilisons \u00e9galement ces informations pour emp\u00eacher les revendeurs non autoris\u00e9s d&#039;acc\u00e9der \u00e0 notre site web et pour garantir la s\u00e9curit\u00e9 de ce site web, ainsi que de notre infrastructure\u00a0;<\/li><li>Se conformer aux obligations et proc\u00e9dures l\u00e9gales, et prot\u00e9ger nos droits, notre vie priv\u00e9e, notre s\u00e9curit\u00e9 et nos biens, ainsi que vos droits, votre vie priv\u00e9e, votre s\u00e9curit\u00e9 et vos biens, ainsi que ceux de nos soci\u00e9t\u00e9s affili\u00e9es et de tiers\u00a0;<\/li><li>Nous permettre de publier vos avis, photos, vid\u00e9os et autres contenus ;<\/li><li>Communiquer avec vous, notamment par courriel. Nous pouvons utiliser l&#039;adresse courriel que vous nous fournissez pour le traitement de vos commandes afin de vous envoyer des informations et des mises \u00e0 jour concernant vos commandes, ainsi que des actualit\u00e9s, des mises \u00e0 jour et des informations occasionnelles sur notre entreprise et nos produits et services associ\u00e9s.<\/li><\/ul><h2>3. Comment prot\u00e9geons-nous vos informations ?<\/h2><p>Nous nous engageons \u00e0 prot\u00e9ger votre vie priv\u00e9e lorsque vous utilisez notre site web et lorsque nous collectons des informations vous concernant. Nous prenons la s\u00e9curit\u00e9 de vos informations tr\u00e8s au s\u00e9rieux et mettons en \u0153uvre diverses mesures de s\u00e9curit\u00e9 pour pr\u00e9server la s\u00e9curit\u00e9 de toutes les informations personnelles que vous nous fournissez. Vos informations personnelles sont stock\u00e9es sur des r\u00e9seaux s\u00e9curis\u00e9s et ne sont accessibles qu&#039;\u00e0 un nombre limit\u00e9 de personnes disposant de droits d&#039;acc\u00e8s sp\u00e9cifiques \u00e0 ces syst\u00e8mes et tenues de pr\u00e9server leur confidentialit\u00e9. Lorsque vous acc\u00e9dez \u00e0 vos informations personnelles, nous vous proposons l&#039;utilisation d&#039;un serveur s\u00e9curis\u00e9. Toutes les informations sensibles que vous nous fournissez sont transmises via la technologie SSL (Secure Socket Layer), puis crypt\u00e9es dans nos bases de donn\u00e9es pour \u00eatre accessibles uniquement comme indiqu\u00e9 ci-dessus.<\/p><h2>4. Divulgation \u00e0 des tiers<\/h2><p>Nous ne vendons, n&#039;\u00e9changeons ni ne transf\u00e9rons vos informations personnelles \u00e0 des tiers, sauf pr\u00e9avis, sauf dans les cas d\u00e9crits ci-dessous. Le terme \u00ab\u00a0tiers\u00a0\u00bb n&#039;inclut pas les partenaires d&#039;h\u00e9bergement de sites web ni les autres parties qui nous aident \u00e0 exploiter notre site web, \u00e0 mener nos activit\u00e9s ou \u00e0 vous fournir des services, \u00e0 condition que ces parties acceptent de pr\u00e9server la confidentialit\u00e9 de ces informations. Nous pouvons \u00e9galement divulguer vos informations lorsque nous estimons que cela est n\u00e9cessaire pour respecter la loi, appliquer les politiques de notre site ou prot\u00e9ger nos droits, notre propri\u00e9t\u00e9 ou notre s\u00e9curit\u00e9, ou ceux d&#039;autrui.<\/p><h2>5. Cookies<\/h2><p>Certaines de nos pages web utilisent des cookies. Ces cookies n&#039;endommagent pas votre ordinateur et ne contiennent aucun virus. Ils contribuent \u00e0 rendre notre site web plus convivial, efficace et s\u00e9curis\u00e9. Les cookies sont de petits fichiers texte stock\u00e9s sur votre ordinateur et enregistr\u00e9s par votre navigateur.<\/p><p>Vous pouvez choisir que votre ordinateur vous avertisse \u00e0 chaque fois qu&#039;un cookie est envoy\u00e9, ou vous pouvez choisir de d\u00e9sactiver tous les cookies. Vous pouvez le faire via les param\u00e8tres de votre navigateur. Chaque navigateur \u00e9tant diff\u00e9rent, consultez le menu Aide de votre navigateur pour savoir comment modifier correctement vos cookies. Si vous d\u00e9sactivez les cookies, vous n&#039;aurez pas acc\u00e8s \u00e0 de nombreuses fonctionnalit\u00e9s qui optimisent votre exp\u00e9rience sur le Site et certains de nos services ne fonctionneront pas correctement. Vous pouvez toutefois nous contacter par e-mail ou via le formulaire de contact.<\/p><h2>6. Modifications de notre politique<\/h2><p>Si nous d\u00e9cidons de modifier notre politique de confidentialit\u00e9, nous publierons ces modifications sur cette page web. Ces modifications s&#039;appliqueront uniquement aux informations collect\u00e9es apr\u00e8s la date de modification.<\/p>\t\t\t\t\t\t\t\t<\/div>\n\t\t\t\t<\/div>\n\t\t\t\t\t<\/div>\n\t\t\t\t<\/div>\n\t\t\t\t<\/div>","protected":false},"excerpt":{"rendered":"<p>Privacy Policy Home Updated on May 10, 2023 Thank you for visiting us! We value our relationship with our customers, and we place top priority on your privacy. This privacy notice for Zleyholdings aims to inform you about how we collect information, the types of information we collect, and the potential uses of that information. [&hellip;]<\/p>","protected":false},"author":1,"featured_media":0,"parent":0,"menu_order":0,"comment_status":"closed","ping_status":"closed","template":"","meta":{"_acf_changed":false,"site-sidebar-layout":"no-sidebar","site-content-layout":"page-builder","ast-site-content-layout":"full-width-container","site-content-style":"default","site-sidebar-style":"default","ast-global-header-display":"","ast-banner-title-visibility":"","ast-main-header-display":"","ast-hfb-above-header-display":"","ast-hfb-below-header-display":"","ast-hfb-mobile-header-display":"","site-post-title":"disabled","ast-breadcrumbs-content":"","ast-featured-img":"disabled","footer-sml-layout":"","theme-transparent-header-meta":"","adv-header-id-meta":"","stick-header-meta":"","header-above-stick-meta":"","header-main-stick-meta":"","header-below-stick-meta":"","astra-migrate-meta-layouts":"set","ast-page-background-enabled":"default","ast-page-background-meta":{"desktop":{"background-color":"","background-image":"","background-repeat":"repeat","background-position":"center center","background-size":"auto","background-attachment":"scroll","background-type":"","background-media":"","overlay-type":"","overlay-color":"","overlay-opacity":"","overlay-gradient":""},"tablet":{"background-color":"","background-image":"","background-repeat":"repeat","background-position":"center center","background-size":"auto","background-attachment":"scroll","background-type":"","background-media":"","overlay-type":"","overlay-color":"","overlay-opacity":"","overlay-gradient":""},"mobile":{"background-color":"","background-image":"","background-repeat":"repeat","background-position":"center center","background-size":"auto","background-attachment":"scroll","background-type":"","background-media":"","overlay-type":"","overlay-color":"","overlay-opacity":"","overlay-gradient":""}},"ast-content-background-meta":{"desktop":{"background-color":"var(--ast-global-color-5)","background-image":"","background-repeat":"repeat","background-position":"center center","background-size":"auto","background-attachment":"scroll","background-type":"","background-media":"","overlay-type":"","overlay-color":"","overlay-opacity":"","overlay-gradient":""},"tablet":{"background-color":"var(--ast-global-color-5)","background-image":"","background-repeat":"repeat","background-position":"center center","background-size":"auto","background-attachment":"scroll","background-type":"","background-media":"","overlay-type":"","overlay-color":"","overlay-opacity":"","overlay-gradient":""},"mobile":{"background-color":"var(--ast-global-color-5)","background-image":"","background-repeat":"repeat","background-position":"center center","background-size":"auto","background-attachment":"scroll","background-type":"","background-media":"","overlay-type":"","overlay-color":"","overlay-opacity":"","overlay-gradient":""}},"footnotes":""},"class_list":["post-2639","page","type-page","status-publish","hentry"],"acf":[],"_links":{"self":[{"href":"https:\/\/zleyholdings.com\/fr\/wp-json\/wp\/v2\/pages\/2639","targetHints":{"allow":["GET"]}}],"collection":[{"href":"https:\/\/zleyholdings.com\/fr\/wp-json\/wp\/v2\/pages"}],"about":[{"href":"https:\/\/zleyholdings.com\/fr\/wp-json\/wp\/v2\/types\/page"}],"author":[{"embeddable":true,"href":"https:\/\/zleyholdings.com\/fr\/wp-json\/wp\/v2\/users\/1"}],"replies":[{"embeddable":true,"href":"https:\/\/zleyholdings.com\/fr\/wp-json\/wp\/v2\/comments?post=2639"}],"version-history":[{"count":0,"href":"https:\/\/zleyholdings.com\/fr\/wp-json\/wp\/v2\/pages\/2639\/revisions"}],"wp:attachment":[{"href":"https:\/\/zleyholdings.com\/fr\/wp-json\/wp\/v2\/media?parent=2639"}],"curies":[{"name":"wp","href":"https:\/\/api.w.org\/{rel}","templated":true}]}}