{"id":7311,"date":"2025-10-15T16:20:19","date_gmt":"2025-10-15T08:20:19","guid":{"rendered":"https:\/\/zleyholdings.com\/?post_type=product&#038;p=7311"},"modified":"2025-10-24T17:23:28","modified_gmt":"2025-10-24T09:23:28","slug":"nicardipinhydrochlorid","status":"publish","type":"product","link":"https:\/\/zleyholdings.com\/de\/produkte\/nicardipinhydrochlorid\/","title":{"rendered":"Nicardipinhydrochlorid"},"content":{"rendered":"<p>Synonyme: 1,4-Dihydro-2,6-dimethyl-4-(3-nitrophenyl)-3,5-pyridindicarbons\u00e4ure-3-[2-(N-benzyl-N-methylamino)ethyl]ester-Hydrochlorid<br \/>\nCAS-Nr.: 111441-67-1<br \/>\nMolekularformel: C\u2082\u2086H\u2082\u2089N\u2083O\u2086\u00b7HCl<br \/>\nMolekulargewicht: 515,99 g\/mol<\/p>\n<p>Nicardipinhydrochlorid ist ein Kalziumkanalblocker (CCB), der h\u00e4ufig als Wirkstoff in der Herz-Kreislauf-Therapie eingesetzt wird. Es hemmt den Kalziumioneneinstrom in die glatte Gef\u00e4\u00dfmuskulatur, was zu einer Gef\u00e4\u00dferweiterung und einem Blutdruckabfall f\u00fchrt. Es wird \u00fcblicherweise in Kapseln, Injektionen und Retardtabletten zur Behandlung von Bluthochdruck, Angina Pectoris und anderen Herzerkrankungen eingesetzt.<\/p>","protected":false},"excerpt":{"rendered":"<p>Synonyms: 1,4-Dihydro-2,6-dimethyl-4-(3-nitrophenyl)-3,5-pyridinedicarboxylic acid 3-[2-(N-benzyl-N-methylamino)ethyl] ester hydrochloride CAS No.: 111441-67-1 Molecular Formula: C\u2082\u2086H\u2082\u2089N\u2083O\u2086\u00b7HCl Molecular Weight: 515.99 g\/mol Nicardipine Hydrochloride is a calcium channel blocker (CCB) widely used as an active pharmaceutical ingredient in cardiovascular therapy. It works by inhibiting calcium ion influx into vascular smooth muscle, resulting in vasodilation and reduced blood pressure. It is commonly [&hellip;]<\/p>","protected":false},"featured_media":7380,"comment_status":"open","ping_status":"closed","template":"","meta":{"_acf_changed":false,"site-sidebar-layout":"default","site-content-layout":"","ast-site-content-layout":"default","site-content-style":"default","site-sidebar-style":"default","ast-global-header-display":"","ast-banner-title-visibility":"","ast-main-header-display":"","ast-hfb-above-header-display":"","ast-hfb-below-header-display":"","ast-hfb-mobile-header-display":"","site-post-title":"","ast-breadcrumbs-content":"","ast-featured-img":"","footer-sml-layout":"","theme-transparent-header-meta":"default","adv-header-id-meta":"","stick-header-meta":"default","header-above-stick-meta":"","header-main-stick-meta":"","header-below-stick-meta":"","astra-migrate-meta-layouts":"set","ast-page-background-enabled":"default","ast-page-background-meta":{"desktop":{"background-color":"","background-image":"","background-repeat":"repeat","background-position":"center center","background-size":"auto","background-attachment":"scroll","background-type":"","background-media":"","overlay-type":"","overlay-color":"","overlay-opacity":"","overlay-gradient":""},"tablet":{"background-color":"","background-image":"","background-repeat":"repeat","background-position":"center center","background-size":"auto","background-attachment":"scroll","background-type":"","background-media":"","overlay-type":"","overlay-color":"","overlay-opacity":"","overlay-gradient":""},"mobile":{"background-color":"","background-image":"","background-repeat":"repeat","background-position":"center center","background-size":"auto","background-attachment":"scroll","background-type":"","background-media":"","overlay-type":"","overlay-color":"","overlay-opacity":"","overlay-gradient":""}},"ast-content-background-meta":{"desktop":{"background-color":"var(--ast-global-color-5)","background-image":"","background-repeat":"repeat","background-position":"center center","background-size":"auto","background-attachment":"scroll","background-type":"","background-media":"","overlay-type":"","overlay-color":"","overlay-opacity":"","overlay-gradient":""},"tablet":{"background-color":"var(--ast-global-color-5)","background-image":"","background-repeat":"repeat","background-position":"center center","background-size":"auto","background-attachment":"scroll","background-type":"","background-media":"","overlay-type":"","overlay-color":"","overlay-opacity":"","overlay-gradient":""},"mobile":{"background-color":"var(--ast-global-color-5)","background-image":"","background-repeat":"repeat","background-position":"center center","background-size":"auto","background-attachment":"scroll","background-type":"","background-media":"","overlay-type":"","overlay-color":"","overlay-opacity":"","overlay-gradient":""}}},"product_brand":[],"product_cat":[67],"product_tag":[],"class_list":{"0":"post-7311","1":"product","2":"type-product","3":"status-publish","4":"has-post-thumbnail","6":"product_cat-api","7":"desktop-align-left","8":"tablet-align-left","9":"mobile-align-left","11":"first","12":"instock","13":"shipping-taxable","14":"product-type-simple"},"acf":[],"_links":{"self":[{"href":"https:\/\/zleyholdings.com\/de\/wp-json\/wp\/v2\/product\/7311","targetHints":{"allow":["GET"]}}],"collection":[{"href":"https:\/\/zleyholdings.com\/de\/wp-json\/wp\/v2\/product"}],"about":[{"href":"https:\/\/zleyholdings.com\/de\/wp-json\/wp\/v2\/types\/product"}],"replies":[{"embeddable":true,"href":"https:\/\/zleyholdings.com\/de\/wp-json\/wp\/v2\/comments?post=7311"}],"wp:featuredmedia":[{"embeddable":true,"href":"https:\/\/zleyholdings.com\/de\/wp-json\/wp\/v2\/media\/7380"}],"wp:attachment":[{"href":"https:\/\/zleyholdings.com\/de\/wp-json\/wp\/v2\/media?parent=7311"}],"wp:term":[{"taxonomy":"product_brand","embeddable":true,"href":"https:\/\/zleyholdings.com\/de\/wp-json\/wp\/v2\/product_brand?post=7311"},{"taxonomy":"product_cat","embeddable":true,"href":"https:\/\/zleyholdings.com\/de\/wp-json\/wp\/v2\/product_cat?post=7311"},{"taxonomy":"product_tag","embeddable":true,"href":"https:\/\/zleyholdings.com\/de\/wp-json\/wp\/v2\/product_tag?post=7311"}],"curies":[{"name":"wp","href":"https:\/\/api.w.org\/{rel}","templated":true}]}}